{"id":9974,"date":"2021-08-18T14:16:13","date_gmt":"2021-08-18T18:16:13","guid":{"rendered":"https:\/\/m-a-i.qc.ca\/manolis-antoniou-boulouki-theatre\/"},"modified":"2021-09-22T17:09:38","modified_gmt":"2021-09-22T21:09:38","slug":"manolis-antoniou-boulouki-theatre","status":"publish","type":"page","link":"https:\/\/m-a-i.qc.ca\/en\/manolis-antoniou-boulouki-theatre\/","title":{"rendered":"manolis antoniou (boulouki theatre)"},"content":{"rendered":"[vc_row css_animation=&#8221;fadeIn&#8221;][vc_column][vc_column_text]\n<h2 style=\"text-align: center;\">September 28 to October 9, 2021<\/h2>\n[\/vc_column_text][\/vc_column][\/vc_row][vc_row css_animation=&#8221;fadeIn&#8221;][vc_column][vc_column_text]\n<h1 style=\"text-align: center;\"><span style=\"color: #294b3b;\">THE FUTURE IS ANOTHER COUNTRY<\/span><\/h1>\n[\/vc_column_text][\/vc_column][\/vc_row][vc_row css_animation=&#8221;fadeIn&#8221;][vc_column][vc_single_image image=&#8221;9860&#8243; img_size=&#8221;full&#8221; add_caption=&#8221;yes&#8221; alignment=&#8221;center&#8221; style=&#8221;vc_box_rounded&#8221; css_animation=&#8221;fadeInUp&#8221;][\/vc_column][\/vc_row][vc_row full_width=&#8221;stretch_row&#8221; css_animation=&#8221;fadeIn&#8221; css=&#8221;.vc_custom_1629240370838{background-color: #bcd2cd !important;}&#8221;][vc_column width=&#8221;1\/4&#8243;][vc_column_text]\n<h2 style=\"text-align: right;\">MONTREAL<\/h2>\n<h2 style=\"text-align: right;\">THEATRE<\/h2>\n<h2 style=\"text-align: right;\">PRESENTED IN FRENCH AND ENGLISH<\/h2>\n[\/vc_column_text][vc_column_text]\n<p style=\"text-align: right;\">September 28, 2021: 7:30 p.m.<\/p>\n<p style=\"text-align: right;\">September 29, 2021: 7:30 p.m.<\/p>\n<p style=\"text-align: right;\">September 30, 2021: 7:30 p.m.<\/p>\n<p style=\"text-align: right;\">October 1, 2021: 7:30 p.m.<\/p>\n<p style=\"text-align: right;\">October 2, 2021: 7:30 p.m.<\/p>\n<p style=\"text-align: right;\">October 4, 2021: 7:30 p.m.<\/p>\n<p style=\"text-align: right;\">October 5, 2021: 7:30 p.m.<\/p>\n<p style=\"text-align: right;\">October 6, 2021: 7:30 p.m.<\/p>\n<p style=\"text-align: right;\">October 7, 2021: 7:30 p.m.<\/p>\n<p style=\"text-align: right;\">October 8, 2021: 7:30 p.m.<\/p>\n<p style=\"text-align: right;\">October 9, 2021: 7:30 p.m.<\/p>\n[\/vc_column_text][\/vc_column][vc_column width=&#8221;3\/4&#8243;][vc_column_text]If individualism saturates the present, securing it (but just for some), what will the future be made of? <em><span style=\"color: #294b3b;\"><strong>THE FUTURE IS ANOTHER COUNTRY<\/strong><\/span><\/em> grapples with this question via a single staple: the potato. A storehouse of nutrients and narratives, <span style=\"color: #294b3b;\"><strong>Boulouki Theatre<\/strong><\/span> uses this historically rich root vegetable as a bridge to territory, hospitality, adaptation, settler existence, and the limits of meaning.<\/p>\n<p>Collectively conceived, the resulting work is a kaleidoscopic dinner party of sorts, where scripted and improvised conversations about the origins and preparation of food lead to dialogues about citizenship, identity, immigration, borders, xenophobia, utopia. Inspired by the concept and practice of *philoxenia*\u2014the love of strangers\u2014this event channels communal warmth, togetherness, and uninhibitedness, all whilst holding up a mirror to the polis of Tiohti\u00e1:ke\/Montr\u00e9al.<\/p>\n<p>Boulouki Theatre\u2019s creative universe is defined by themes of cultural difference, accessibility, audience involvement, bringing the outside inside, and the city as a site of stranger-contact.<\/p>\n<hr \/>\n<p><span style=\"color: #294b3b;\">Credits: Performers : Louis-Elyan Martin, Marika Karlsson, Sophie-Th\u00e9r\u00e8se Stone-Richards | Scenography and Lights: \u00d6yk\u00fc \u00d6nder | Costumes: Sophie El-Assaad | Sound design and performance: Nathan Giroux | Stage manager: Ava Bishop | Poster design: Vasilis Dandelis.<\/span>[\/vc_column_text][vc_column_text]\n<p style=\"text-align: left;\">\u2192 <a href=\"https:\/\/www.facebook.com\/events\/3026120044376969\">facebook event<\/a><\/p>\n<p style=\"text-align: left;\">\u2192 <a href=\"https:\/\/www.boulouki.com\">https:\/\/www.boulouki.com<\/a><\/p>\n[\/vc_column_text][\/vc_column][\/vc_row][vc_row content_placement=&#8221;middle&#8221;][vc_column][vc_column_text]\n<p style=\"text-align: center;\"><span style=\"font-size: 14pt;\">With the support of <a href=\"https:\/\/www.colefoundation.ca\/en\/programmes\/intercultural-conversations\/\">Intercultural Conversations-Conversations Interculturelles (IC-CI) de la Fondation Cole <\/a>and MAI&#8217;s residency program.<\/span><\/p>\n[\/vc_column_text][vc_column_text]<a href=\"https:\/\/www.boulouki.com\"><img loading=\"lazy\" decoding=\"async\" class=\"alignnone size-full wp-image-9527 aligncenter\" src=\"https:\/\/m-a-i.qc.ca\/wp-content\/uploads\/2021\/08\/Logo_BOULOUKI_THEATRE-ConvertImage.png\" alt=\"\" width=\"100\" height=\"100\" \/><\/a><a href=\"https:\/\/www.colefoundation.ca\/en\/programmes\/intercultural-conversations\/\"><img loading=\"lazy\" decoding=\"async\" class=\"aligncenter wp-image-9525 size-full\" src=\"https:\/\/m-a-i.qc.ca\/wp-content\/uploads\/2021\/08\/Cole_Foundation_Logo_Couleur_CMYK-ConvertImage.png\" alt=\"\" width=\"187\" height=\"98\" \/><\/a>[\/vc_column_text][\/vc_column][\/vc_row][vc_row full_width=&#8221;stretch_row&#8221; content_placement=&#8221;middle&#8221; css_animation=&#8221;fadeIn&#8221; css=&#8221;.vc_custom_1629307720908{background-color: #294b3b !important;}&#8221;][vc_column][vc_column_text]\n<h1 style=\"text-align: center;\"><span style=\"color: #ffffff;\"><a style=\"color: #ffffff;\" href=\"https:\/\/m-a-i.tuxedobillet.com\/main\/the-future-is-another-country\">buy a ticket<\/a><\/span><\/h1>\n<p style=\"text-align: center;\"><span style=\"color: #ffffff;\"><a style=\"color: #ffffff;\" href=\"https:\/\/m-a-i.qc.ca\/en\/boxoffice\/\">about the box office<\/a><\/span><\/p>\n[\/vc_column_text][\/vc_column][\/vc_row]\n","protected":false},"excerpt":{"rendered":"<p>[vc_row css_animation=&#8221;fadeIn&#8221;][vc_column][vc_column_text] September 28 to October 9, 2021 [\/vc_column_text][\/vc_column][\/vc_row][vc_row css_animation=&#8221;fadeIn&#8221;][vc_column][vc_column_text] THE FUTURE IS ANOTHER COUNTRY [\/vc_column_text][\/vc_column][\/vc_row][vc_row css_animation=&#8221;fadeIn&#8221;][vc_column][vc_single_image image=&#8221;9860&#8243; img_size=&#8221;full&#8221; add_caption=&#8221;yes&#8221; alignment=&#8221;center&#8221; style=&#8221;vc_box_rounded&#8221; css_animation=&#8221;fadeInUp&#8221;][\/vc_column][\/vc_row][vc_row full_width=&#8221;stretch_row&#8221; [&hellip;]<\/p>\n","protected":false},"author":9,"featured_media":0,"parent":0,"menu_order":0,"comment_status":"closed","ping_status":"closed","template":"","meta":{"footnotes":""},"class_list":["post-9974","page","type-page","status-publish","hentry"],"acf":[],"yoast_head":"<!-- This site is optimized with the Yoast SEO plugin v19.13 - https:\/\/yoast.com\/wordpress\/plugins\/seo\/ -->\n<title>Manolis Antoniou (Boulouki Theatre) &mdash; MAI | Montr\u00e9al, arts interculturels<\/title>\n<meta name=\"robots\" content=\"index, follow, max-snippet:-1, max-image-preview:large, max-video-preview:-1\" \/>\n<link rel=\"canonical\" href=\"https:\/\/m-a-i.qc.ca\/en\/manolis-antoniou-boulouki-theatre\/\" \/>\n<meta property=\"og:locale\" content=\"en_US\" \/>\n<meta property=\"og:type\" content=\"article\" \/>\n<meta property=\"og:title\" content=\"Manolis Antoniou (Boulouki Theatre) &mdash; MAI | Montr\u00e9al, arts interculturels\" \/>\n<meta property=\"og:description\" content=\"[vc_row css_animation=&#8221;fadeIn&#8221;][vc_column][vc_column_text] September 28 to October 9, 2021 [\/vc_column_text][\/vc_column][\/vc_row][vc_row css_animation=&#8221;fadeIn&#8221;][vc_column][vc_column_text] THE FUTURE IS ANOTHER COUNTRY [\/vc_column_text][\/vc_column][\/vc_row][vc_row css_animation=&#8221;fadeIn&#8221;][vc_column][vc_single_image image=&#8221;9860&#8243; img_size=&#8221;full&#8221; add_caption=&#8221;yes&#8221; alignment=&#8221;center&#8221; style=&#8221;vc_box_rounded&#8221; css_animation=&#8221;fadeInUp&#8221;][\/vc_column][\/vc_row][vc_row full_width=&#8221;stretch_row&#8221; [&hellip;]\" \/>\n<meta property=\"og:url\" content=\"https:\/\/m-a-i.qc.ca\/en\/manolis-antoniou-boulouki-theatre\/\" \/>\n<meta property=\"og:site_name\" content=\"MAI | Montr\u00e9al, arts interculturels\" \/>\n<meta property=\"article:publisher\" content=\"http:\/\/facebook.com\/mtlartsinter\" \/>\n<meta property=\"article:modified_time\" content=\"2021-09-22T21:09:38+00:00\" \/>\n<meta property=\"og:image\" content=\"https:\/\/m-a-i.qc.ca\/wp-content\/uploads\/2021\/08\/Logo_BOULOUKI_THEATRE-ConvertImage.png\" \/>\n<meta name=\"twitter:card\" content=\"summary_large_image\" \/>\n<meta name=\"twitter:site\" content=\"@mtlartsinter\" \/>\n<meta name=\"twitter:label1\" content=\"Est. reading time\" \/>\n\t<meta name=\"twitter:data1\" content=\"2 minutes\" \/>\n<script type=\"application\/ld+json\" class=\"yoast-schema-graph\">{\"@context\":\"https:\/\/schema.org\",\"@graph\":[{\"@type\":\"WebPage\",\"@id\":\"https:\/\/m-a-i.qc.ca\/en\/manolis-antoniou-boulouki-theatre\/\",\"url\":\"https:\/\/m-a-i.qc.ca\/en\/manolis-antoniou-boulouki-theatre\/\",\"name\":\"Manolis Antoniou (Boulouki Theatre) &mdash; MAI | Montr\u00e9al, arts interculturels\",\"isPartOf\":{\"@id\":\"https:\/\/www.m-a-i.qc.ca\/en\/#website\"},\"datePublished\":\"2021-08-18T18:16:13+00:00\",\"dateModified\":\"2021-09-22T21:09:38+00:00\",\"breadcrumb\":{\"@id\":\"https:\/\/m-a-i.qc.ca\/en\/manolis-antoniou-boulouki-theatre\/#breadcrumb\"},\"inLanguage\":\"en-US\",\"potentialAction\":[{\"@type\":\"ReadAction\",\"target\":[\"https:\/\/m-a-i.qc.ca\/en\/manolis-antoniou-boulouki-theatre\/\"]}]},{\"@type\":\"BreadcrumbList\",\"@id\":\"https:\/\/m-a-i.qc.ca\/en\/manolis-antoniou-boulouki-theatre\/#breadcrumb\",\"itemListElement\":[{\"@type\":\"ListItem\",\"position\":1,\"name\":\"Accueil\",\"item\":\"https:\/\/m-a-i.qc.ca\/en\/\"},{\"@type\":\"ListItem\",\"position\":2,\"name\":\"manolis antoniou (boulouki theatre)\"}]},{\"@type\":\"WebSite\",\"@id\":\"https:\/\/www.m-a-i.qc.ca\/en\/#website\",\"url\":\"https:\/\/www.m-a-i.qc.ca\/en\/\",\"name\":\"MAI | Montr\u00e9al, arts interculturels\",\"description\":\"La perle des arts interculturels au c\u0153ur de Montr\u00e9al. Arts visuels, th\u00e9\u00e2tre, danse, musique et arts interdisciplinaires. + de 40 \u00e9v\u00e8nements par an\",\"publisher\":{\"@id\":\"https:\/\/www.m-a-i.qc.ca\/en\/#organization\"},\"potentialAction\":[{\"@type\":\"SearchAction\",\"target\":{\"@type\":\"EntryPoint\",\"urlTemplate\":\"https:\/\/www.m-a-i.qc.ca\/en\/?s={search_term_string}\"},\"query-input\":\"required name=search_term_string\"}],\"inLanguage\":\"en-US\"},{\"@type\":\"Organization\",\"@id\":\"https:\/\/www.m-a-i.qc.ca\/en\/#organization\",\"name\":\"MAI (Montr\u00e9al, arts interculturels)\",\"url\":\"https:\/\/www.m-a-i.qc.ca\/en\/\",\"logo\":{\"@type\":\"ImageObject\",\"inLanguage\":\"en-US\",\"@id\":\"https:\/\/www.m-a-i.qc.ca\/en\/#\/schema\/logo\/image\/\",\"url\":\"https:\/\/m-a-i.qc.ca\/wp-content\/uploads\/2024\/02\/logo_mai_noir-1.png\",\"contentUrl\":\"https:\/\/m-a-i.qc.ca\/wp-content\/uploads\/2024\/02\/logo_mai_noir-1.png\",\"width\":1152,\"height\":1152,\"caption\":\"MAI (Montr\u00e9al, arts interculturels)\"},\"image\":{\"@id\":\"https:\/\/www.m-a-i.qc.ca\/en\/#\/schema\/logo\/image\/\"},\"sameAs\":[\"http:\/\/instagram.com\/mtlartsinter\",\"http:\/\/linkedin.com\/company\/mtlartsinter\",\"https:\/\/fr.wikipedia.org\/wiki\/Montral_arts_interculturels\",\"http:\/\/facebook.com\/mtlartsinter\",\"https:\/\/twitter.com\/mtlartsinter\"]}]}<\/script>\n<!-- \/ Yoast SEO plugin. -->","yoast_head_json":{"title":"Manolis Antoniou (Boulouki Theatre) &mdash; MAI | Montr\u00e9al, arts interculturels","robots":{"index":"index","follow":"follow","max-snippet":"max-snippet:-1","max-image-preview":"max-image-preview:large","max-video-preview":"max-video-preview:-1"},"canonical":"https:\/\/m-a-i.qc.ca\/en\/manolis-antoniou-boulouki-theatre\/","og_locale":"en_US","og_type":"article","og_title":"Manolis Antoniou (Boulouki Theatre) &mdash; MAI | Montr\u00e9al, arts interculturels","og_description":"[vc_row css_animation=&#8221;fadeIn&#8221;][vc_column][vc_column_text] September 28 to October 9, 2021 [\/vc_column_text][\/vc_column][\/vc_row][vc_row css_animation=&#8221;fadeIn&#8221;][vc_column][vc_column_text] THE FUTURE IS ANOTHER COUNTRY [\/vc_column_text][\/vc_column][\/vc_row][vc_row css_animation=&#8221;fadeIn&#8221;][vc_column][vc_single_image image=&#8221;9860&#8243; img_size=&#8221;full&#8221; add_caption=&#8221;yes&#8221; alignment=&#8221;center&#8221; style=&#8221;vc_box_rounded&#8221; css_animation=&#8221;fadeInUp&#8221;][\/vc_column][\/vc_row][vc_row full_width=&#8221;stretch_row&#8221; [&hellip;]","og_url":"https:\/\/m-a-i.qc.ca\/en\/manolis-antoniou-boulouki-theatre\/","og_site_name":"MAI | Montr\u00e9al, arts interculturels","article_publisher":"http:\/\/facebook.com\/mtlartsinter","article_modified_time":"2021-09-22T21:09:38+00:00","og_image":[{"url":"https:\/\/m-a-i.qc.ca\/wp-content\/uploads\/2021\/08\/Logo_BOULOUKI_THEATRE-ConvertImage.png"}],"twitter_card":"summary_large_image","twitter_site":"@mtlartsinter","twitter_misc":{"Est. reading time":"2 minutes"},"schema":{"@context":"https:\/\/schema.org","@graph":[{"@type":"WebPage","@id":"https:\/\/m-a-i.qc.ca\/en\/manolis-antoniou-boulouki-theatre\/","url":"https:\/\/m-a-i.qc.ca\/en\/manolis-antoniou-boulouki-theatre\/","name":"Manolis Antoniou (Boulouki Theatre) &mdash; MAI | Montr\u00e9al, arts interculturels","isPartOf":{"@id":"https:\/\/www.m-a-i.qc.ca\/en\/#website"},"datePublished":"2021-08-18T18:16:13+00:00","dateModified":"2021-09-22T21:09:38+00:00","breadcrumb":{"@id":"https:\/\/m-a-i.qc.ca\/en\/manolis-antoniou-boulouki-theatre\/#breadcrumb"},"inLanguage":"en-US","potentialAction":[{"@type":"ReadAction","target":["https:\/\/m-a-i.qc.ca\/en\/manolis-antoniou-boulouki-theatre\/"]}]},{"@type":"BreadcrumbList","@id":"https:\/\/m-a-i.qc.ca\/en\/manolis-antoniou-boulouki-theatre\/#breadcrumb","itemListElement":[{"@type":"ListItem","position":1,"name":"Accueil","item":"https:\/\/m-a-i.qc.ca\/en\/"},{"@type":"ListItem","position":2,"name":"manolis antoniou (boulouki theatre)"}]},{"@type":"WebSite","@id":"https:\/\/www.m-a-i.qc.ca\/en\/#website","url":"https:\/\/www.m-a-i.qc.ca\/en\/","name":"MAI | Montr\u00e9al, arts interculturels","description":"La perle des arts interculturels au c\u0153ur de Montr\u00e9al. Arts visuels, th\u00e9\u00e2tre, danse, musique et arts interdisciplinaires. + de 40 \u00e9v\u00e8nements par an","publisher":{"@id":"https:\/\/www.m-a-i.qc.ca\/en\/#organization"},"potentialAction":[{"@type":"SearchAction","target":{"@type":"EntryPoint","urlTemplate":"https:\/\/www.m-a-i.qc.ca\/en\/?s={search_term_string}"},"query-input":"required name=search_term_string"}],"inLanguage":"en-US"},{"@type":"Organization","@id":"https:\/\/www.m-a-i.qc.ca\/en\/#organization","name":"MAI (Montr\u00e9al, arts interculturels)","url":"https:\/\/www.m-a-i.qc.ca\/en\/","logo":{"@type":"ImageObject","inLanguage":"en-US","@id":"https:\/\/www.m-a-i.qc.ca\/en\/#\/schema\/logo\/image\/","url":"https:\/\/m-a-i.qc.ca\/wp-content\/uploads\/2024\/02\/logo_mai_noir-1.png","contentUrl":"https:\/\/m-a-i.qc.ca\/wp-content\/uploads\/2024\/02\/logo_mai_noir-1.png","width":1152,"height":1152,"caption":"MAI (Montr\u00e9al, arts interculturels)"},"image":{"@id":"https:\/\/www.m-a-i.qc.ca\/en\/#\/schema\/logo\/image\/"},"sameAs":["http:\/\/instagram.com\/mtlartsinter","http:\/\/linkedin.com\/company\/mtlartsinter","https:\/\/fr.wikipedia.org\/wiki\/Montral_arts_interculturels","http:\/\/facebook.com\/mtlartsinter","https:\/\/twitter.com\/mtlartsinter"]}]}},"_links":{"self":[{"href":"https:\/\/m-a-i.qc.ca\/en\/wp-json\/wp\/v2\/pages\/9974","targetHints":{"allow":["GET"]}}],"collection":[{"href":"https:\/\/m-a-i.qc.ca\/en\/wp-json\/wp\/v2\/pages"}],"about":[{"href":"https:\/\/m-a-i.qc.ca\/en\/wp-json\/wp\/v2\/types\/page"}],"author":[{"embeddable":true,"href":"https:\/\/m-a-i.qc.ca\/en\/wp-json\/wp\/v2\/users\/9"}],"replies":[{"embeddable":true,"href":"https:\/\/m-a-i.qc.ca\/en\/wp-json\/wp\/v2\/comments?post=9974"}],"version-history":[{"count":12,"href":"https:\/\/m-a-i.qc.ca\/en\/wp-json\/wp\/v2\/pages\/9974\/revisions"}],"predecessor-version":[{"id":10532,"href":"https:\/\/m-a-i.qc.ca\/en\/wp-json\/wp\/v2\/pages\/9974\/revisions\/10532"}],"wp:attachment":[{"href":"https:\/\/m-a-i.qc.ca\/en\/wp-json\/wp\/v2\/media?parent=9974"}],"curies":[{"name":"wp","href":"https:\/\/api.w.org\/{rel}","templated":true}]}}