{"id":9909,"date":"2021-08-18T12:15:20","date_gmt":"2021-08-18T16:15:20","guid":{"rendered":"https:\/\/m-a-i.qc.ca\/montreal-arts-interculturels\/"},"modified":"2023-08-11T13:44:49","modified_gmt":"2023-08-11T17:44:49","slug":"montreal-arts-interculturels","status":"publish","type":"page","link":"https:\/\/m-a-i.qc.ca\/en\/montreal-arts-interculturels\/","title":{"rendered":"montr\u00e9al, arts interculturels"},"content":{"rendered":"[vc_row full_width=&#8221;stretch_row_content_no_spaces&#8221; full_height=&#8221;yes&#8221; columns_placement=&#8221;stretch&#8221; equal_height=&#8221;yes&#8221; content_placement=&#8221;middle&#8221;][vc_column][vc_single_image image=&#8221;15115&#8243; img_size=&#8221;medium&#8221; alignment=&#8221;center&#8221; css_animation=&#8221;fadeIn&#8221;][\/vc_column][\/vc_row][vc_row][vc_column][vc_column_text css_animation=&#8221;fadeIn&#8221;]\n<h2 style=\"text-align: center;\"><span style=\"color: #312684;\"><span style=\"font-family: georgia, palatino, serif;\"><span style=\"font-size: 32px;\">fire guides us. fire destroys us. fire brings us together.<\/span><\/span><\/span><\/h2>\n[\/vc_column_text][\/vc_column][\/vc_row][vc_row css_animation=&#8221;fadeIn&#8221;][vc_column][vc_btn title=&#8221;explore the season&#8221; style=&#8221;custom&#8221; custom_background=&#8221;#312684&#8243; custom_text=&#8221;#ffffff&#8221; shape=&#8221;round&#8221; size=&#8221;lg&#8221; align=&#8221;center&#8221; css_animation=&#8221;fadeIn&#8221; link=&#8221;url:https%3A%2F%2Fwww.m-a-i.qc.ca%2Fen%2Fseason%2Ffire%2F|title:Season%2023.24||&#8221;][vc_separator color=&#8221;custom&#8221; border_width=&#8221;2&#8243; accent_color=&#8221;#fa5c4f&#8221;][vc_column_text css_animation=&#8221;fadeIn&#8221;]\n<h2 style=\"text-align: center;\"><span style=\"color: #312684;\"><b><strong>Launch party: August 24th<\/strong><\/b><\/span><\/h2>\n[\/vc_column_text][vc_btn title=&#8221;RSVP&#8221; style=&#8221;custom&#8221; custom_background=&#8221;#ff0099&#8243; custom_text=&#8221;#ffffff&#8221; shape=&#8221;round&#8221; size=&#8221;lg&#8221; align=&#8221;center&#8221; css_animation=&#8221;fadeIn&#8221; link=&#8221;url:https%3A%2F%2Fwww.facebook.com%2Fevents%2F527118696212418%2F|title:Season%2023.24||&#8221;][\/vc_column][\/vc_row][vc_row][vc_column][vc_separator color=&#8221;custom&#8221; border_width=&#8221;2&#8243; accent_color=&#8221;#fa5c4f&#8221;][vc_column_text css_animation=&#8221;fadeIn&#8221;]\n<h2 style=\"text-align: center;\"><span style=\"color: #312684;\"><a style=\"color: #312684;\" href=\"https:\/\/mailchi.mp\/m-a-i.qc.ca\/infolettre\"><b><strong>subscribe to our newsletter<\/strong><\/b><\/a><\/span><\/h2>\n[\/vc_column_text][vc_separator color=&#8221;custom&#8221; border_width=&#8221;2&#8243; accent_color=&#8221;#fa5c4f&#8221;][\/vc_column][\/vc_row][vc_row][vc_column][\/vc_column][\/vc_row]\n","protected":false},"excerpt":{"rendered":"<p>[vc_row full_width=&#8221;stretch_row_content_no_spaces&#8221; full_height=&#8221;yes&#8221; columns_placement=&#8221;stretch&#8221; equal_height=&#8221;yes&#8221; content_placement=&#8221;middle&#8221;][vc_column][vc_single_image image=&#8221;15115&#8243; img_size=&#8221;medium&#8221; alignment=&#8221;center&#8221; css_animation=&#8221;fadeIn&#8221;][\/vc_column][\/vc_row][vc_row][vc_column][vc_column_text css_animation=&#8221;fadeIn&#8221;] fire guides us. fire destroys us. fire brings us together. [\/vc_column_text][\/vc_column][\/vc_row][vc_row css_animation=&#8221;fadeIn&#8221;][vc_column][vc_btn title=&#8221;explore [&hellip;]<\/p>\n","protected":false},"author":9,"featured_media":0,"parent":0,"menu_order":0,"comment_status":"closed","ping_status":"closed","template":"template-static-page.php","meta":{"footnotes":""},"class_list":["post-9909","page","type-page","status-publish","hentry"],"acf":[],"yoast_head":"<!-- This site is optimized with the Yoast SEO plugin v19.13 - https:\/\/yoast.com\/wordpress\/plugins\/seo\/ -->\n<title>montr\u00e9al, arts interculturels &mdash; MAI | Montr\u00e9al, arts interculturels<\/title>\n<meta name=\"robots\" content=\"index, follow, max-snippet:-1, max-image-preview:large, max-video-preview:-1\" \/>\n<link rel=\"canonical\" href=\"https:\/\/m-a-i.qc.ca\/en\/montreal-arts-interculturels\/\" \/>\n<meta property=\"og:locale\" content=\"en_US\" \/>\n<meta property=\"og:type\" content=\"article\" \/>\n<meta property=\"og:title\" content=\"montr\u00e9al, arts interculturels &mdash; MAI | Montr\u00e9al, arts interculturels\" \/>\n<meta property=\"og:description\" content=\"[vc_row full_width=&#8221;stretch_row_content_no_spaces&#8221; full_height=&#8221;yes&#8221; columns_placement=&#8221;stretch&#8221; equal_height=&#8221;yes&#8221; content_placement=&#8221;middle&#8221;][vc_column][vc_single_image image=&#8221;15115&#8243; img_size=&#8221;medium&#8221; alignment=&#8221;center&#8221; css_animation=&#8221;fadeIn&#8221;][\/vc_column][\/vc_row][vc_row][vc_column][vc_column_text css_animation=&#8221;fadeIn&#8221;] fire guides us. fire destroys us. fire brings us together. [\/vc_column_text][\/vc_column][\/vc_row][vc_row css_animation=&#8221;fadeIn&#8221;][vc_column][vc_btn title=&#8221;explore [&hellip;]\" \/>\n<meta property=\"og:url\" content=\"https:\/\/m-a-i.qc.ca\/en\/montreal-arts-interculturels\/\" \/>\n<meta property=\"og:site_name\" content=\"MAI | Montr\u00e9al, arts interculturels\" \/>\n<meta property=\"article:publisher\" content=\"http:\/\/facebook.com\/mtlartsinter\" \/>\n<meta property=\"article:modified_time\" content=\"2023-08-11T17:44:49+00:00\" \/>\n<meta name=\"twitter:card\" content=\"summary_large_image\" \/>\n<meta name=\"twitter:site\" content=\"@mtlartsinter\" \/>\n<meta name=\"twitter:label1\" content=\"Est. reading time\" \/>\n\t<meta name=\"twitter:data1\" content=\"1 minute\" \/>\n<script type=\"application\/ld+json\" class=\"yoast-schema-graph\">{\"@context\":\"https:\/\/schema.org\",\"@graph\":[{\"@type\":\"WebPage\",\"@id\":\"https:\/\/m-a-i.qc.ca\/en\/montreal-arts-interculturels\/\",\"url\":\"https:\/\/m-a-i.qc.ca\/en\/montreal-arts-interculturels\/\",\"name\":\"montr\u00e9al, arts interculturels &mdash; MAI | Montr\u00e9al, arts interculturels\",\"isPartOf\":{\"@id\":\"https:\/\/www.m-a-i.qc.ca\/en\/#website\"},\"datePublished\":\"2021-08-18T16:15:20+00:00\",\"dateModified\":\"2023-08-11T17:44:49+00:00\",\"breadcrumb\":{\"@id\":\"https:\/\/m-a-i.qc.ca\/en\/montreal-arts-interculturels\/#breadcrumb\"},\"inLanguage\":\"en-US\",\"potentialAction\":[{\"@type\":\"ReadAction\",\"target\":[\"https:\/\/m-a-i.qc.ca\/en\/montreal-arts-interculturels\/\"]}]},{\"@type\":\"BreadcrumbList\",\"@id\":\"https:\/\/m-a-i.qc.ca\/en\/montreal-arts-interculturels\/#breadcrumb\",\"itemListElement\":[{\"@type\":\"ListItem\",\"position\":1,\"name\":\"Accueil\",\"item\":\"https:\/\/m-a-i.qc.ca\/en\/\"},{\"@type\":\"ListItem\",\"position\":2,\"name\":\"montr\u00e9al, arts interculturels\"}]},{\"@type\":\"WebSite\",\"@id\":\"https:\/\/www.m-a-i.qc.ca\/en\/#website\",\"url\":\"https:\/\/www.m-a-i.qc.ca\/en\/\",\"name\":\"MAI | Montr\u00e9al, arts interculturels\",\"description\":\"La perle des arts interculturels au c\u0153ur de Montr\u00e9al. Arts visuels, th\u00e9\u00e2tre, danse, musique et arts interdisciplinaires. + de 40 \u00e9v\u00e8nements par an\",\"publisher\":{\"@id\":\"https:\/\/www.m-a-i.qc.ca\/en\/#organization\"},\"potentialAction\":[{\"@type\":\"SearchAction\",\"target\":{\"@type\":\"EntryPoint\",\"urlTemplate\":\"https:\/\/www.m-a-i.qc.ca\/en\/?s={search_term_string}\"},\"query-input\":\"required name=search_term_string\"}],\"inLanguage\":\"en-US\"},{\"@type\":\"Organization\",\"@id\":\"https:\/\/www.m-a-i.qc.ca\/en\/#organization\",\"name\":\"MAI (Montr\u00e9al, arts interculturels)\",\"url\":\"https:\/\/www.m-a-i.qc.ca\/en\/\",\"logo\":{\"@type\":\"ImageObject\",\"inLanguage\":\"en-US\",\"@id\":\"https:\/\/www.m-a-i.qc.ca\/en\/#\/schema\/logo\/image\/\",\"url\":\"https:\/\/m-a-i.qc.ca\/wp-content\/uploads\/2024\/02\/logo_mai_noir-1.png\",\"contentUrl\":\"https:\/\/m-a-i.qc.ca\/wp-content\/uploads\/2024\/02\/logo_mai_noir-1.png\",\"width\":1152,\"height\":1152,\"caption\":\"MAI (Montr\u00e9al, arts interculturels)\"},\"image\":{\"@id\":\"https:\/\/www.m-a-i.qc.ca\/en\/#\/schema\/logo\/image\/\"},\"sameAs\":[\"http:\/\/instagram.com\/mtlartsinter\",\"http:\/\/linkedin.com\/company\/mtlartsinter\",\"https:\/\/fr.wikipedia.org\/wiki\/Montral_arts_interculturels\",\"http:\/\/facebook.com\/mtlartsinter\",\"https:\/\/twitter.com\/mtlartsinter\"]}]}<\/script>\n<!-- \/ Yoast SEO plugin. -->","yoast_head_json":{"title":"montr\u00e9al, arts interculturels &mdash; MAI | Montr\u00e9al, arts interculturels","robots":{"index":"index","follow":"follow","max-snippet":"max-snippet:-1","max-image-preview":"max-image-preview:large","max-video-preview":"max-video-preview:-1"},"canonical":"https:\/\/m-a-i.qc.ca\/en\/montreal-arts-interculturels\/","og_locale":"en_US","og_type":"article","og_title":"montr\u00e9al, arts interculturels &mdash; MAI | Montr\u00e9al, arts interculturels","og_description":"[vc_row full_width=&#8221;stretch_row_content_no_spaces&#8221; full_height=&#8221;yes&#8221; columns_placement=&#8221;stretch&#8221; equal_height=&#8221;yes&#8221; content_placement=&#8221;middle&#8221;][vc_column][vc_single_image image=&#8221;15115&#8243; img_size=&#8221;medium&#8221; alignment=&#8221;center&#8221; css_animation=&#8221;fadeIn&#8221;][\/vc_column][\/vc_row][vc_row][vc_column][vc_column_text css_animation=&#8221;fadeIn&#8221;] fire guides us. fire destroys us. fire brings us together. [\/vc_column_text][\/vc_column][\/vc_row][vc_row css_animation=&#8221;fadeIn&#8221;][vc_column][vc_btn title=&#8221;explore [&hellip;]","og_url":"https:\/\/m-a-i.qc.ca\/en\/montreal-arts-interculturels\/","og_site_name":"MAI | Montr\u00e9al, arts interculturels","article_publisher":"http:\/\/facebook.com\/mtlartsinter","article_modified_time":"2023-08-11T17:44:49+00:00","twitter_card":"summary_large_image","twitter_site":"@mtlartsinter","twitter_misc":{"Est. reading time":"1 minute"},"schema":{"@context":"https:\/\/schema.org","@graph":[{"@type":"WebPage","@id":"https:\/\/m-a-i.qc.ca\/en\/montreal-arts-interculturels\/","url":"https:\/\/m-a-i.qc.ca\/en\/montreal-arts-interculturels\/","name":"montr\u00e9al, arts interculturels &mdash; MAI | Montr\u00e9al, arts interculturels","isPartOf":{"@id":"https:\/\/www.m-a-i.qc.ca\/en\/#website"},"datePublished":"2021-08-18T16:15:20+00:00","dateModified":"2023-08-11T17:44:49+00:00","breadcrumb":{"@id":"https:\/\/m-a-i.qc.ca\/en\/montreal-arts-interculturels\/#breadcrumb"},"inLanguage":"en-US","potentialAction":[{"@type":"ReadAction","target":["https:\/\/m-a-i.qc.ca\/en\/montreal-arts-interculturels\/"]}]},{"@type":"BreadcrumbList","@id":"https:\/\/m-a-i.qc.ca\/en\/montreal-arts-interculturels\/#breadcrumb","itemListElement":[{"@type":"ListItem","position":1,"name":"Accueil","item":"https:\/\/m-a-i.qc.ca\/en\/"},{"@type":"ListItem","position":2,"name":"montr\u00e9al, arts interculturels"}]},{"@type":"WebSite","@id":"https:\/\/www.m-a-i.qc.ca\/en\/#website","url":"https:\/\/www.m-a-i.qc.ca\/en\/","name":"MAI | Montr\u00e9al, arts interculturels","description":"La perle des arts interculturels au c\u0153ur de Montr\u00e9al. Arts visuels, th\u00e9\u00e2tre, danse, musique et arts interdisciplinaires. + de 40 \u00e9v\u00e8nements par an","publisher":{"@id":"https:\/\/www.m-a-i.qc.ca\/en\/#organization"},"potentialAction":[{"@type":"SearchAction","target":{"@type":"EntryPoint","urlTemplate":"https:\/\/www.m-a-i.qc.ca\/en\/?s={search_term_string}"},"query-input":"required name=search_term_string"}],"inLanguage":"en-US"},{"@type":"Organization","@id":"https:\/\/www.m-a-i.qc.ca\/en\/#organization","name":"MAI (Montr\u00e9al, arts interculturels)","url":"https:\/\/www.m-a-i.qc.ca\/en\/","logo":{"@type":"ImageObject","inLanguage":"en-US","@id":"https:\/\/www.m-a-i.qc.ca\/en\/#\/schema\/logo\/image\/","url":"https:\/\/m-a-i.qc.ca\/wp-content\/uploads\/2024\/02\/logo_mai_noir-1.png","contentUrl":"https:\/\/m-a-i.qc.ca\/wp-content\/uploads\/2024\/02\/logo_mai_noir-1.png","width":1152,"height":1152,"caption":"MAI (Montr\u00e9al, arts interculturels)"},"image":{"@id":"https:\/\/www.m-a-i.qc.ca\/en\/#\/schema\/logo\/image\/"},"sameAs":["http:\/\/instagram.com\/mtlartsinter","http:\/\/linkedin.com\/company\/mtlartsinter","https:\/\/fr.wikipedia.org\/wiki\/Montral_arts_interculturels","http:\/\/facebook.com\/mtlartsinter","https:\/\/twitter.com\/mtlartsinter"]}]}},"_links":{"self":[{"href":"https:\/\/m-a-i.qc.ca\/en\/wp-json\/wp\/v2\/pages\/9909","targetHints":{"allow":["GET"]}}],"collection":[{"href":"https:\/\/m-a-i.qc.ca\/en\/wp-json\/wp\/v2\/pages"}],"about":[{"href":"https:\/\/m-a-i.qc.ca\/en\/wp-json\/wp\/v2\/types\/page"}],"author":[{"embeddable":true,"href":"https:\/\/m-a-i.qc.ca\/en\/wp-json\/wp\/v2\/users\/9"}],"replies":[{"embeddable":true,"href":"https:\/\/m-a-i.qc.ca\/en\/wp-json\/wp\/v2\/comments?post=9909"}],"version-history":[{"count":75,"href":"https:\/\/m-a-i.qc.ca\/en\/wp-json\/wp\/v2\/pages\/9909\/revisions"}],"predecessor-version":[{"id":15119,"href":"https:\/\/m-a-i.qc.ca\/en\/wp-json\/wp\/v2\/pages\/9909\/revisions\/15119"}],"wp:attachment":[{"href":"https:\/\/m-a-i.qc.ca\/en\/wp-json\/wp\/v2\/media?parent=9909"}],"curies":[{"name":"wp","href":"https:\/\/api.w.org\/{rel}","templated":true}]}}