{"id":7928,"date":"2020-10-07T17:27:02","date_gmt":"2020-10-07T21:27:02","guid":{"rendered":"https:\/\/m-a-i.qc.ca\/?page_id=7928"},"modified":"2020-10-20T12:59:10","modified_gmt":"2020-10-20T16:59:10","slug":"mohamad-mustafa-nihayah-alhaj","status":"publish","type":"page","link":"https:\/\/m-a-i.qc.ca\/en\/public-plus\/exhibition\/live-in-palestine\/mohamad-mustafa-nihayah-alhaj\/","title":{"rendered":"mohamad mustafa + nihayah alhaj"},"content":{"rendered":"[vc_row full_width=&#8221;stretch_row&#8221; content_placement=&#8221;middle&#8221; parallax=&#8221;content-moving&#8221; css_animation=&#8221;none&#8221; css=&#8221;.vc_custom_1602093814135{background-color: #000000 !important;}&#8221;][vc_column][\/vc_column][vc_column_text]<div class=\"floating-menu float-menu-2\"><ul class=\"fm-bar\"><li class=\"fm-sub fm-item-2-0\"><div class=\"fm-icon\"><i class=\"fas fa-hand-point-up\"><\/i><\/div><ul><li class=\"fm-item-2-1\"><a href=\"https:\/\/www.m-a-i.qc.ca\/en\/public-plus\/exhibition\/live-in-palestine\/jumana-emil-abboud\/\" target=\"_self\"  data-label=\"show\"><div class=\"fm-icon\"><i class=\"fas fa-external-link-alt\"><\/i><\/div><div class=\"fm-label fm-hold-open\">jumana emil abboud<\/div><\/a><\/li><li class=\"fm-item-2-2\"><a href=\"https:\/\/www.m-a-i.qc.ca\/en\/public-plus\/exhibition\/live-in-palestine\/khalil-al-mozain\" target=\"_self\" ><div class=\"fm-icon\"><i class=\"fas fa-external-link-alt\"><\/i><\/div><div class=\"fm-label\">khalil al-mozain<\/div><\/a><\/li><li class=\"fm-item-2-3\"><a href=\"https:\/\/www.m-a-i.qc.ca\/en\/public-plus\/exhibition\/live-in-palestine\/rana-affo-bishara\" target=\"_self\"  id=\"h2\"><div class=\"fm-icon\"><i class=\"fas fa-external-link-alt\"><\/i><\/div><div class=\"fm-label\">rana affo bishara<\/div><\/a><\/li><li class=\"fm-item-2-4\"><a href=\"https:\/\/www.m-a-i.qc.ca\/public-plus\/exposition\/live-in-palestine\/mohamed-harb\" target=\"_self\"  id=\"h2\"><div class=\"fm-icon\"><i class=\"fas fa-external-link-alt\"><\/i><\/div><div class=\"fm-label\">mohamed harb<\/div><\/a><\/li><li class=\"fm-item-2-5\"><a href=\"\" target=\"_self\"  class=\"https:\/\/www.m-a-i.qc.ca\/en\/public-plus\/exhibition\/live-in-palestine\/mana-mahamid\"><div class=\"fm-icon\"><i class=\"fas fa-external-link-alt\"><\/i><\/div><div class=\"fm-label\">manal mahamid<\/div><\/a><\/li><li class=\"fm-item-2-6\"><a href=\"https:\/\/www.m-a-i.qc.ca\/en\/public-plus\/exhibition\/live-in-palestine\/mohammad-obeidallah\" target=\"_self\" ><div class=\"fm-icon\"><i class=\"fas fa-external-link-alt\"><\/i><\/div><div class=\"fm-label\">mohammad obeidallah<\/div><\/a><\/li><li class=\"fm-item-2-7\"><a href=\"https:\/\/www.m-a-i.qc.ca\/en\/public-plus\/exhibition\/live-in-palestine\/mohammed-musallam\" target=\"_self\" ><div class=\"fm-icon\"><i class=\"fas fa-external-link-alt\"><\/i><\/div><div class=\"fm-label\">mohammed musallam<\/div><\/a><\/li><li class=\"fm-item-2-8\"><a href=\"https:\/\/www.m-a-i.qc.ca\/en\/public-plus\/exhibition\/live-in-palestine\/mohamad-mustafa-nihayah-alhaj\" target=\"_self\"  data-label=\"show\"><div class=\"fm-icon\"><i class=\"fas fa-external-link-alt\"><\/i><\/div><div class=\"fm-label fm-hold-open\">mohamad mustafa + nihayah alhaj<\/div><\/a><\/li><li class=\"fm-item-2-9\"><a href=\"https:\/\/www.m-a-i.qc.ca\/en\/public-plus\/exhibition\/live-in-palestine\/raeda-saadeh\" target=\"_self\" ><div class=\"fm-icon\"><i class=\"fas fa-external-link-alt\"><\/i><\/div><div class=\"fm-label\">raeda saadeh<\/div><\/a><\/li><li class=\"fm-item-2-10\"><a href=\"https:\/\/www.m-a-i.qc.ca\/en\/public-plus\/exposition\/live-in-palestine\/sharif-waked\/\" target=\"_self\" ><div class=\"fm-icon\"><i class=\"fas fa-external-link-alt\"><\/i><\/div><div class=\"fm-label\">sharif waked<\/div><\/a><\/li><\/ul><\/li><li class=\"fm-item-2-11\"><a href=\"https:\/\/www.m-a-i.qc.ca\/en\/public-plus\/exhibition\/live-in-palestine\/screening\" target=\"_self\" ><div class=\"fm-icon\"><i class=\"fas fa-video\"><\/i><\/div><div class=\"fm-label\">screening \/ septembre 25, 2020<\/div><\/a><\/li><li class=\"fm-item-2-12\"><a href=\"https:\/\/www.m-a-i.qc.ca\/en\/public-plus\/exhibition\/live-in-palestine\/\" target=\"_self\"  data-label=\"show\"><div class=\"fm-icon\"><i class=\"fas fa-home\"><\/i><\/div><div class=\"fm-label fm-hold-open\">exhibition homepage<\/div><\/a><\/li><\/ul><\/div>[\/vc_column_text][vc_column_text css_animation=&#8221;none&#8221; el_class=&#8221;.white&#8221;]\n<h1>Mohamad Mustafa (1994)<\/h1>\n<h1>\u0645\u062d\u0645\u062f \u0645\u0635\u0637\u0641\u0649<\/h1>\n<div class=\"sc_player_container1\"><input type=\"button\" id=\"btnplay_69da1d86507a05.79535026\" class=\"myButton_play\" onClick=\"play_mp3('play','69da1d86507a05.79535026','https:\/\/m-a-i.qc.ca\/wp-content\/uploads\/2020\/10\/mohamed-mustafa.mp3','80','false');show_hide('play','69da1d86507a05.79535026');\" \/><input type=\"button\"  id=\"btnstop_69da1d86507a05.79535026\" style=\"display:none\" class=\"myButton_stop\" onClick=\"play_mp3('stop','69da1d86507a05.79535026','','80','false');show_hide('stop','69da1d86507a05.79535026');\" \/><div id=\"sm2-container\"><!-- flash movie ends up here --><\/div><\/div>\n<p>Lives and works in <span style=\"font-weight: 400;\">Bethlehem and <\/span>Ramallah[\/vc_column_text][vc_column_text css_animation=&#8221;none&#8221; css=&#8221;.vc_custom_1603211329445{border-top-width: 2px !important;border-right-width: 2px !important;border-bottom-width: 2px !important;border-left-width: 2px !important;padding-top: 20px !important;padding-right: 20px !important;padding-bottom: 20px !important;padding-left: 20px !important;border-left-color: #ffffff !important;border-left-style: solid !important;border-right-color: #ffffff !important;border-right-style: solid !important;border-top-color: #ffffff !important;border-top-style: solid !important;border-bottom-color: #ffffff !important;border-bottom-style: solid !important;}&#8221; el_class=&#8221;.white&#8221;]<span style=\"font-weight: 400;\">M<strong>ohamad Mustafa<\/strong> is an emerging Palestinian artist whose video and performance work focuses on human rights and identity politics. He graduated from Dar al-Kalima University College of Arts and Culture (Palestine) in 2017 and has already participated in exhibitions both in Palestine and internationally including <\/span><i><span style=\"font-weight: 400;\">Imago Mundi<\/span><\/i><span style=\"font-weight: 400;\"> in New York (United States) in 2016 and 2017 and <\/span><i><span style=\"font-weight: 400;\">What is Home<\/span><\/i><span style=\"font-weight: 400;\"> in Colorado (United States) in 2014. He is also the recipient of the <\/span><span style=\"font-weight: 400;\">Karimeh Abboud Award <\/span><span style=\"font-weight: 400;\">of 2017.<\/span>[\/vc_column_text][vc_column_text css_animation=&#8221;none&#8221; el_class=&#8221;.white&#8221;]\n<h1>Nihayah Alhaj (1992)<\/h1>\n<h1>\u0646\u0647\u0627\u064a\u0647 \u0633\u0639\u0627\u062f\u0647<\/h1>\n<div class=\"sc_player_container1\"><input type=\"button\" id=\"btnplay_69da1d86508190.30867274\" class=\"myButton_play\" onClick=\"play_mp3('play','69da1d86508190.30867274','https:\/\/m-a-i.qc.ca\/wp-content\/uploads\/2020\/10\/nihayah-alhaj.mp3','80','false');show_hide('play','69da1d86508190.30867274');\" \/><input type=\"button\"  id=\"btnstop_69da1d86508190.30867274\" style=\"display:none\" class=\"myButton_stop\" onClick=\"play_mp3('stop','69da1d86508190.30867274','','80','false');show_hide('stop','69da1d86508190.30867274');\" \/><div id=\"sm2-container\"><!-- flash movie ends up here --><\/div><\/div>\n<p>Lives and works in <span style=\"font-weight: 400;\">Bethlehem<\/span>[\/vc_column_text][vc_column_text css_animation=&#8221;none&#8221; css=&#8221;.vc_custom_1603211345029{border-top-width: 2px !important;border-right-width: 2px !important;border-bottom-width: 2px !important;border-left-width: 2px !important;padding-top: 20px !important;padding-right: 20px !important;padding-bottom: 20px !important;padding-left: 20px !important;border-left-color: #ffffff !important;border-left-style: solid !important;border-right-color: #ffffff !important;border-right-style: solid !important;border-top-color: #ffffff !important;border-top-style: solid !important;border-bottom-color: #ffffff !important;border-bottom-style: solid !important;}&#8221; el_class=&#8221;.white&#8221;]<span style=\"font-weight: 400;\">Born in Jordan to a Palestinian father and a Lebanese mother, <strong>Nihayah Alhaj<\/strong> is a recent graduate of Dar al-Kalima University College of Arts and Culture (Palestine) where she focused on photography. In 2016, she was awarded first prize in the Karimeh Abboud Photography Award. Since graduating she has been working as a gallery coordinator for <a href=\"https:\/\/www.babiddeir.ps\/\">Bab IdDeir Art Gallery<\/a> based in Bethlehem (Palestine).<\/span>[\/vc_column_text][\/vc_row][vc_row css_animation=&#8221;none&#8221;][vc_column][vc_column_text]<i>Role Exchange, <\/i><strong>2016<\/strong>[\/vc_column_text][vc_single_image image=&#8221;7776&#8243; img_size=&#8221;full&#8221; add_caption=&#8221;yes&#8221; onclick=&#8221;link_image&#8221; css_animation=&#8221;none&#8221;][vc_column_text]M<span style=\"font-weight: 400;\">ohamad Mustafa and Nihayah Alhaj\u2019s photographs explore the performativity of gender by challenging gendered stereotypes. In <\/span><i><span style=\"font-weight: 400;\">Role Exchange<\/span><\/i><span style=\"font-weight: 400;\">, the two artists exchange traditional wedding roles through dress, poses and postures to draw attention to the ways in which gender is often displayed and performed at wedding rituals. Here the female groom carries her new male bride.<\/span>[\/vc_column_text][vc_single_image image=&#8221;7772&#8243; img_size=&#8221;full&#8221; add_caption=&#8221;yes&#8221; onclick=&#8221;link_image&#8221; css_animation=&#8221;none&#8221;][vc_single_image image=&#8221;7774&#8243; img_size=&#8221;full&#8221; add_caption=&#8221;yes&#8221; onclick=&#8221;link_image&#8221; css_animation=&#8221;none&#8221;][vc_single_image image=&#8221;7770&#8243; img_size=&#8221;full&#8221; add_caption=&#8221;yes&#8221; onclick=&#8221;link_image&#8221; css_animation=&#8221;none&#8221;][\/vc_column][\/vc_row][vc_row][vc_column][vc_column_text]\n[\/vc_column_text][\/vc_column][\/vc_row][vc_section][vc_row full_width=&#8221;stretch_row&#8221; content_placement=&#8221;middle&#8221; parallax=&#8221;content-moving&#8221; css_animation=&#8221;none&#8221; css=&#8221;.vc_custom_1602026166064{background-color: #dd9933 !important;}&#8221; el_class=&#8221;.white&#8221;][vc_column][vc_row_inner][vc_column_inner width=&#8221;1\/2&#8243;][vc_column_text]previous screen[\/vc_column_text][vc_icon icon_fontawesome=&#8221;fa fa-chevron-circle-left&#8221; color=&#8221;white&#8221; size=&#8221;xl&#8221; css_animation=&#8221;fadeInDown&#8221; link=&#8221;url:https%3A%2F%2Fwww.m-a-i.qc.ca%2Fen%2Fpublic-plus%2Fexposition%2Flive-in-palestine%2Fmohammed-musallam%2F|title:Mohammed%20Musallam||&#8221;][\/vc_column_inner][vc_column_inner width=&#8221;1\/2&#8243;][vc_column_text]\n<p style=\"text-align: right;\">next screen<\/p>\n[\/vc_column_text][vc_icon icon_fontawesome=&#8221;fa fa-chevron-circle-right&#8221; color=&#8221;white&#8221; size=&#8221;xl&#8221; align=&#8221;right&#8221; css_animation=&#8221;fadeInDown&#8221; link=&#8221;url:https%3A%2F%2Fwww.m-a-i.qc.ca%2Fen%2Fpublic-plus%2Fexposition%2Flive-in-palestine%2Fraeda-saadeh%2F|title:Raeda%20Saadeh||&#8221;][\/vc_column_inner][\/vc_row_inner][\/vc_column][\/vc_row][\/vc_section]\n","protected":false},"excerpt":{"rendered":"<p>[vc_row full_width=&#8221;stretch_row&#8221; content_placement=&#8221;middle&#8221; parallax=&#8221;content-moving&#8221; css_animation=&#8221;none&#8221; css=&#8221;.vc_custom_1602093814135{background-color: #000000 !important;}&#8221;][vc_column][\/vc_column][vc_column_text][\/vc_column_text][vc_column_text css_animation=&#8221;none&#8221; el_class=&#8221;.white&#8221;] Mohamad Mustafa (1994) \u0645\u062d\u0645\u062f \u0645\u0635\u0637\u0641\u0649 Lives and works in Bethlehem and Ramallah[\/vc_column_text][vc_column_text css_animation=&#8221;none&#8221; css=&#8221;.vc_custom_1603211329445{border-top-width: [&hellip;]<\/p>\n","protected":false},"author":4,"featured_media":0,"parent":7194,"menu_order":0,"comment_status":"closed","ping_status":"closed","template":"","meta":{"footnotes":""},"class_list":["post-7928","page","type-page","status-publish","hentry"],"acf":[],"yoast_head":"<!-- This site is optimized with the Yoast SEO plugin v19.13 - https:\/\/yoast.com\/wordpress\/plugins\/seo\/ -->\n<title>Mohamad Mustafa + Nihayah Alhaj &mdash; MAI | Montr\u00e9al, arts interculturels<\/title>\n<meta name=\"robots\" content=\"index, follow, max-snippet:-1, max-image-preview:large, max-video-preview:-1\" \/>\n<link rel=\"canonical\" href=\"https:\/\/m-a-i.qc.ca\/en\/public-plus\/exhibition\/live-in-palestine\/mohamad-mustafa-nihayah-alhaj\/\" \/>\n<meta property=\"og:locale\" content=\"en_US\" \/>\n<meta property=\"og:type\" content=\"article\" \/>\n<meta property=\"og:title\" content=\"Mohamad Mustafa + Nihayah Alhaj &mdash; MAI | Montr\u00e9al, arts interculturels\" \/>\n<meta property=\"og:description\" content=\"[vc_row full_width=&#8221;stretch_row&#8221; content_placement=&#8221;middle&#8221; parallax=&#8221;content-moving&#8221; css_animation=&#8221;none&#8221; css=&#8221;.vc_custom_1602093814135{background-color: #000000 !important;}&#8221;][vc_column][\/vc_column][vc_column_text][\/vc_column_text][vc_column_text css_animation=&#8221;none&#8221; el_class=&#8221;.white&#8221;] Mohamad Mustafa (1994) \u0645\u062d\u0645\u062f \u0645\u0635\u0637\u0641\u0649 Lives and works in Bethlehem and Ramallah[\/vc_column_text][vc_column_text css_animation=&#8221;none&#8221; css=&#8221;.vc_custom_1603211329445{border-top-width: [&hellip;]\" \/>\n<meta property=\"og:url\" content=\"https:\/\/m-a-i.qc.ca\/en\/public-plus\/exhibition\/live-in-palestine\/mohamad-mustafa-nihayah-alhaj\/\" \/>\n<meta property=\"og:site_name\" content=\"MAI | Montr\u00e9al, arts interculturels\" \/>\n<meta property=\"article:publisher\" content=\"http:\/\/facebook.com\/mtlartsinter\" \/>\n<meta property=\"article:modified_time\" content=\"2020-10-20T16:59:10+00:00\" \/>\n<meta name=\"twitter:card\" content=\"summary_large_image\" \/>\n<meta name=\"twitter:site\" content=\"@mtlartsinter\" \/>\n<meta name=\"twitter:label1\" content=\"Est. reading time\" \/>\n\t<meta name=\"twitter:data1\" content=\"3 minutes\" \/>\n<script type=\"application\/ld+json\" class=\"yoast-schema-graph\">{\"@context\":\"https:\/\/schema.org\",\"@graph\":[{\"@type\":\"WebPage\",\"@id\":\"https:\/\/m-a-i.qc.ca\/en\/public-plus\/exhibition\/live-in-palestine\/mohamad-mustafa-nihayah-alhaj\/\",\"url\":\"https:\/\/m-a-i.qc.ca\/en\/public-plus\/exhibition\/live-in-palestine\/mohamad-mustafa-nihayah-alhaj\/\",\"name\":\"Mohamad Mustafa + Nihayah Alhaj &mdash; MAI | Montr\u00e9al, arts interculturels\",\"isPartOf\":{\"@id\":\"https:\/\/www.m-a-i.qc.ca\/en\/#website\"},\"datePublished\":\"2020-10-07T21:27:02+00:00\",\"dateModified\":\"2020-10-20T16:59:10+00:00\",\"breadcrumb\":{\"@id\":\"https:\/\/m-a-i.qc.ca\/en\/public-plus\/exhibition\/live-in-palestine\/mohamad-mustafa-nihayah-alhaj\/#breadcrumb\"},\"inLanguage\":\"en-US\",\"potentialAction\":[{\"@type\":\"ReadAction\",\"target\":[\"https:\/\/m-a-i.qc.ca\/en\/public-plus\/exhibition\/live-in-palestine\/mohamad-mustafa-nihayah-alhaj\/\"]}]},{\"@type\":\"BreadcrumbList\",\"@id\":\"https:\/\/m-a-i.qc.ca\/en\/public-plus\/exhibition\/live-in-palestine\/mohamad-mustafa-nihayah-alhaj\/#breadcrumb\",\"itemListElement\":[{\"@type\":\"ListItem\",\"position\":1,\"name\":\"Accueil\",\"item\":\"https:\/\/m-a-i.qc.ca\/en\/\"},{\"@type\":\"ListItem\",\"position\":2,\"name\":\"public +\",\"item\":\"https:\/\/m-a-i.qc.ca\/en\/public-plus\/\"},{\"@type\":\"ListItem\",\"position\":3,\"name\":\"exhibition supplement\",\"item\":\"https:\/\/m-a-i.qc.ca\/en\/public-plus\/exhibition\/\"},{\"@type\":\"ListItem\",\"position\":4,\"name\":\"online supplement - exhibition live in palestine\",\"item\":\"https:\/\/m-a-i.qc.ca\/en\/public-plus\/exhibition\/live-in-palestine\/\"},{\"@type\":\"ListItem\",\"position\":5,\"name\":\"mohamad mustafa + nihayah alhaj\"}]},{\"@type\":\"WebSite\",\"@id\":\"https:\/\/www.m-a-i.qc.ca\/en\/#website\",\"url\":\"https:\/\/www.m-a-i.qc.ca\/en\/\",\"name\":\"MAI | Montr\u00e9al, arts interculturels\",\"description\":\"La perle des arts interculturels au c\u0153ur de Montr\u00e9al. Arts visuels, th\u00e9\u00e2tre, danse, musique et arts interdisciplinaires. + de 40 \u00e9v\u00e8nements par an\",\"publisher\":{\"@id\":\"https:\/\/www.m-a-i.qc.ca\/en\/#organization\"},\"potentialAction\":[{\"@type\":\"SearchAction\",\"target\":{\"@type\":\"EntryPoint\",\"urlTemplate\":\"https:\/\/www.m-a-i.qc.ca\/en\/?s={search_term_string}\"},\"query-input\":\"required name=search_term_string\"}],\"inLanguage\":\"en-US\"},{\"@type\":\"Organization\",\"@id\":\"https:\/\/www.m-a-i.qc.ca\/en\/#organization\",\"name\":\"MAI (Montr\u00e9al, arts interculturels)\",\"url\":\"https:\/\/www.m-a-i.qc.ca\/en\/\",\"logo\":{\"@type\":\"ImageObject\",\"inLanguage\":\"en-US\",\"@id\":\"https:\/\/www.m-a-i.qc.ca\/en\/#\/schema\/logo\/image\/\",\"url\":\"https:\/\/m-a-i.qc.ca\/wp-content\/uploads\/2024\/02\/logo_mai_noir-1.png\",\"contentUrl\":\"https:\/\/m-a-i.qc.ca\/wp-content\/uploads\/2024\/02\/logo_mai_noir-1.png\",\"width\":1152,\"height\":1152,\"caption\":\"MAI (Montr\u00e9al, arts interculturels)\"},\"image\":{\"@id\":\"https:\/\/www.m-a-i.qc.ca\/en\/#\/schema\/logo\/image\/\"},\"sameAs\":[\"http:\/\/instagram.com\/mtlartsinter\",\"http:\/\/linkedin.com\/company\/mtlartsinter\",\"https:\/\/fr.wikipedia.org\/wiki\/Montral_arts_interculturels\",\"http:\/\/facebook.com\/mtlartsinter\",\"https:\/\/twitter.com\/mtlartsinter\"]}]}<\/script>\n<!-- \/ Yoast SEO plugin. -->","yoast_head_json":{"title":"Mohamad Mustafa + Nihayah Alhaj &mdash; MAI | Montr\u00e9al, arts interculturels","robots":{"index":"index","follow":"follow","max-snippet":"max-snippet:-1","max-image-preview":"max-image-preview:large","max-video-preview":"max-video-preview:-1"},"canonical":"https:\/\/m-a-i.qc.ca\/en\/public-plus\/exhibition\/live-in-palestine\/mohamad-mustafa-nihayah-alhaj\/","og_locale":"en_US","og_type":"article","og_title":"Mohamad Mustafa + Nihayah Alhaj &mdash; MAI | Montr\u00e9al, arts interculturels","og_description":"[vc_row full_width=&#8221;stretch_row&#8221; content_placement=&#8221;middle&#8221; parallax=&#8221;content-moving&#8221; css_animation=&#8221;none&#8221; css=&#8221;.vc_custom_1602093814135{background-color: #000000 !important;}&#8221;][vc_column][\/vc_column][vc_column_text][\/vc_column_text][vc_column_text css_animation=&#8221;none&#8221; el_class=&#8221;.white&#8221;] Mohamad Mustafa (1994) \u0645\u062d\u0645\u062f \u0645\u0635\u0637\u0641\u0649 Lives and works in Bethlehem and Ramallah[\/vc_column_text][vc_column_text css_animation=&#8221;none&#8221; css=&#8221;.vc_custom_1603211329445{border-top-width: [&hellip;]","og_url":"https:\/\/m-a-i.qc.ca\/en\/public-plus\/exhibition\/live-in-palestine\/mohamad-mustafa-nihayah-alhaj\/","og_site_name":"MAI | Montr\u00e9al, arts interculturels","article_publisher":"http:\/\/facebook.com\/mtlartsinter","article_modified_time":"2020-10-20T16:59:10+00:00","twitter_card":"summary_large_image","twitter_site":"@mtlartsinter","twitter_misc":{"Est. reading time":"3 minutes"},"schema":{"@context":"https:\/\/schema.org","@graph":[{"@type":"WebPage","@id":"https:\/\/m-a-i.qc.ca\/en\/public-plus\/exhibition\/live-in-palestine\/mohamad-mustafa-nihayah-alhaj\/","url":"https:\/\/m-a-i.qc.ca\/en\/public-plus\/exhibition\/live-in-palestine\/mohamad-mustafa-nihayah-alhaj\/","name":"Mohamad Mustafa + Nihayah Alhaj &mdash; MAI | Montr\u00e9al, arts interculturels","isPartOf":{"@id":"https:\/\/www.m-a-i.qc.ca\/en\/#website"},"datePublished":"2020-10-07T21:27:02+00:00","dateModified":"2020-10-20T16:59:10+00:00","breadcrumb":{"@id":"https:\/\/m-a-i.qc.ca\/en\/public-plus\/exhibition\/live-in-palestine\/mohamad-mustafa-nihayah-alhaj\/#breadcrumb"},"inLanguage":"en-US","potentialAction":[{"@type":"ReadAction","target":["https:\/\/m-a-i.qc.ca\/en\/public-plus\/exhibition\/live-in-palestine\/mohamad-mustafa-nihayah-alhaj\/"]}]},{"@type":"BreadcrumbList","@id":"https:\/\/m-a-i.qc.ca\/en\/public-plus\/exhibition\/live-in-palestine\/mohamad-mustafa-nihayah-alhaj\/#breadcrumb","itemListElement":[{"@type":"ListItem","position":1,"name":"Accueil","item":"https:\/\/m-a-i.qc.ca\/en\/"},{"@type":"ListItem","position":2,"name":"public +","item":"https:\/\/m-a-i.qc.ca\/en\/public-plus\/"},{"@type":"ListItem","position":3,"name":"exhibition supplement","item":"https:\/\/m-a-i.qc.ca\/en\/public-plus\/exhibition\/"},{"@type":"ListItem","position":4,"name":"online supplement - exhibition live in palestine","item":"https:\/\/m-a-i.qc.ca\/en\/public-plus\/exhibition\/live-in-palestine\/"},{"@type":"ListItem","position":5,"name":"mohamad mustafa + nihayah alhaj"}]},{"@type":"WebSite","@id":"https:\/\/www.m-a-i.qc.ca\/en\/#website","url":"https:\/\/www.m-a-i.qc.ca\/en\/","name":"MAI | Montr\u00e9al, arts interculturels","description":"La perle des arts interculturels au c\u0153ur de Montr\u00e9al. Arts visuels, th\u00e9\u00e2tre, danse, musique et arts interdisciplinaires. + de 40 \u00e9v\u00e8nements par an","publisher":{"@id":"https:\/\/www.m-a-i.qc.ca\/en\/#organization"},"potentialAction":[{"@type":"SearchAction","target":{"@type":"EntryPoint","urlTemplate":"https:\/\/www.m-a-i.qc.ca\/en\/?s={search_term_string}"},"query-input":"required name=search_term_string"}],"inLanguage":"en-US"},{"@type":"Organization","@id":"https:\/\/www.m-a-i.qc.ca\/en\/#organization","name":"MAI (Montr\u00e9al, arts interculturels)","url":"https:\/\/www.m-a-i.qc.ca\/en\/","logo":{"@type":"ImageObject","inLanguage":"en-US","@id":"https:\/\/www.m-a-i.qc.ca\/en\/#\/schema\/logo\/image\/","url":"https:\/\/m-a-i.qc.ca\/wp-content\/uploads\/2024\/02\/logo_mai_noir-1.png","contentUrl":"https:\/\/m-a-i.qc.ca\/wp-content\/uploads\/2024\/02\/logo_mai_noir-1.png","width":1152,"height":1152,"caption":"MAI (Montr\u00e9al, arts interculturels)"},"image":{"@id":"https:\/\/www.m-a-i.qc.ca\/en\/#\/schema\/logo\/image\/"},"sameAs":["http:\/\/instagram.com\/mtlartsinter","http:\/\/linkedin.com\/company\/mtlartsinter","https:\/\/fr.wikipedia.org\/wiki\/Montral_arts_interculturels","http:\/\/facebook.com\/mtlartsinter","https:\/\/twitter.com\/mtlartsinter"]}]}},"_links":{"self":[{"href":"https:\/\/m-a-i.qc.ca\/en\/wp-json\/wp\/v2\/pages\/7928","targetHints":{"allow":["GET"]}}],"collection":[{"href":"https:\/\/m-a-i.qc.ca\/en\/wp-json\/wp\/v2\/pages"}],"about":[{"href":"https:\/\/m-a-i.qc.ca\/en\/wp-json\/wp\/v2\/types\/page"}],"author":[{"embeddable":true,"href":"https:\/\/m-a-i.qc.ca\/en\/wp-json\/wp\/v2\/users\/4"}],"replies":[{"embeddable":true,"href":"https:\/\/m-a-i.qc.ca\/en\/wp-json\/wp\/v2\/comments?post=7928"}],"version-history":[{"count":12,"href":"https:\/\/m-a-i.qc.ca\/en\/wp-json\/wp\/v2\/pages\/7928\/revisions"}],"predecessor-version":[{"id":8276,"href":"https:\/\/m-a-i.qc.ca\/en\/wp-json\/wp\/v2\/pages\/7928\/revisions\/8276"}],"up":[{"embeddable":true,"href":"https:\/\/m-a-i.qc.ca\/en\/wp-json\/wp\/v2\/pages\/7194"}],"wp:attachment":[{"href":"https:\/\/m-a-i.qc.ca\/en\/wp-json\/wp\/v2\/media?parent=7928"}],"curies":[{"name":"wp","href":"https:\/\/api.w.org\/{rel}","templated":true}]}}