{"id":7926,"date":"2020-10-07T17:25:00","date_gmt":"2020-10-07T21:25:00","guid":{"rendered":"https:\/\/m-a-i.qc.ca\/?page_id=7926"},"modified":"2020-10-20T13:04:38","modified_gmt":"2020-10-20T17:04:38","slug":"sharif-waked","status":"publish","type":"page","link":"https:\/\/m-a-i.qc.ca\/en\/public-plus\/exhibition\/live-in-palestine\/sharif-waked\/","title":{"rendered":"sharif waked"},"content":{"rendered":"[vc_row full_width=&#8221;stretch_row&#8221; content_placement=&#8221;middle&#8221; parallax=&#8221;content-moving&#8221; css_animation=&#8221;none&#8221; css=&#8221;.vc_custom_1602093814135{background-color: #000000 !important;}&#8221;][vc_column][vc_column_text]<div class=\"floating-menu float-menu-2\"><ul class=\"fm-bar\"><li class=\"fm-sub fm-item-2-0\"><div class=\"fm-icon\"><i class=\"fas fa-hand-point-up\"><\/i><\/div><ul><li class=\"fm-item-2-1\"><a href=\"https:\/\/www.m-a-i.qc.ca\/en\/public-plus\/exhibition\/live-in-palestine\/jumana-emil-abboud\/\" target=\"_self\"  data-label=\"show\"><div class=\"fm-icon\"><i class=\"fas fa-external-link-alt\"><\/i><\/div><div class=\"fm-label fm-hold-open\">jumana emil abboud<\/div><\/a><\/li><li class=\"fm-item-2-2\"><a href=\"https:\/\/www.m-a-i.qc.ca\/en\/public-plus\/exhibition\/live-in-palestine\/khalil-al-mozain\" target=\"_self\" ><div class=\"fm-icon\"><i class=\"fas fa-external-link-alt\"><\/i><\/div><div class=\"fm-label\">khalil al-mozain<\/div><\/a><\/li><li class=\"fm-item-2-3\"><a href=\"https:\/\/www.m-a-i.qc.ca\/en\/public-plus\/exhibition\/live-in-palestine\/rana-affo-bishara\" target=\"_self\"  id=\"h2\"><div class=\"fm-icon\"><i class=\"fas fa-external-link-alt\"><\/i><\/div><div class=\"fm-label\">rana affo bishara<\/div><\/a><\/li><li class=\"fm-item-2-4\"><a href=\"https:\/\/www.m-a-i.qc.ca\/public-plus\/exposition\/live-in-palestine\/mohamed-harb\" target=\"_self\"  id=\"h2\"><div class=\"fm-icon\"><i class=\"fas fa-external-link-alt\"><\/i><\/div><div class=\"fm-label\">mohamed harb<\/div><\/a><\/li><li class=\"fm-item-2-5\"><a href=\"\" target=\"_self\"  class=\"https:\/\/www.m-a-i.qc.ca\/en\/public-plus\/exhibition\/live-in-palestine\/mana-mahamid\"><div class=\"fm-icon\"><i class=\"fas fa-external-link-alt\"><\/i><\/div><div class=\"fm-label\">manal mahamid<\/div><\/a><\/li><li class=\"fm-item-2-6\"><a href=\"https:\/\/www.m-a-i.qc.ca\/en\/public-plus\/exhibition\/live-in-palestine\/mohammad-obeidallah\" target=\"_self\" ><div class=\"fm-icon\"><i class=\"fas fa-external-link-alt\"><\/i><\/div><div class=\"fm-label\">mohammad obeidallah<\/div><\/a><\/li><li class=\"fm-item-2-7\"><a href=\"https:\/\/www.m-a-i.qc.ca\/en\/public-plus\/exhibition\/live-in-palestine\/mohammed-musallam\" target=\"_self\" ><div class=\"fm-icon\"><i class=\"fas fa-external-link-alt\"><\/i><\/div><div class=\"fm-label\">mohammed musallam<\/div><\/a><\/li><li class=\"fm-item-2-8\"><a href=\"https:\/\/www.m-a-i.qc.ca\/en\/public-plus\/exhibition\/live-in-palestine\/mohamad-mustafa-nihayah-alhaj\" target=\"_self\"  data-label=\"show\"><div class=\"fm-icon\"><i class=\"fas fa-external-link-alt\"><\/i><\/div><div class=\"fm-label fm-hold-open\">mohamad mustafa + nihayah alhaj<\/div><\/a><\/li><li class=\"fm-item-2-9\"><a href=\"https:\/\/www.m-a-i.qc.ca\/en\/public-plus\/exhibition\/live-in-palestine\/raeda-saadeh\" target=\"_self\" ><div class=\"fm-icon\"><i class=\"fas fa-external-link-alt\"><\/i><\/div><div class=\"fm-label\">raeda saadeh<\/div><\/a><\/li><li class=\"fm-item-2-10\"><a href=\"https:\/\/www.m-a-i.qc.ca\/en\/public-plus\/exposition\/live-in-palestine\/sharif-waked\/\" target=\"_self\" ><div class=\"fm-icon\"><i class=\"fas fa-external-link-alt\"><\/i><\/div><div class=\"fm-label\">sharif waked<\/div><\/a><\/li><\/ul><\/li><li class=\"fm-item-2-11\"><a href=\"https:\/\/www.m-a-i.qc.ca\/en\/public-plus\/exhibition\/live-in-palestine\/screening\" target=\"_self\" ><div class=\"fm-icon\"><i class=\"fas fa-video\"><\/i><\/div><div class=\"fm-label\">screening \/ septembre 25, 2020<\/div><\/a><\/li><li class=\"fm-item-2-12\"><a href=\"https:\/\/www.m-a-i.qc.ca\/en\/public-plus\/exhibition\/live-in-palestine\/\" target=\"_self\"  data-label=\"show\"><div class=\"fm-icon\"><i class=\"fas fa-home\"><\/i><\/div><div class=\"fm-label fm-hold-open\">exhibition homepage<\/div><\/a><\/li><\/ul><\/div>[\/vc_column_text][vc_column_text css_animation=&#8221;none&#8221; el_class=&#8221;.white&#8221;]\n<h1>Sharif Waked (1964)<\/h1>\n<h1 id=\"firstHeading\" class=\"firstHeading\" lang=\"ar\">\u0634\u0631\u064a\u0641 \u0648\u0627\u0643\u062f<\/h1>\n<div class=\"sc_player_container1\"><input type=\"button\" id=\"btnplay_69db740a372287.59470336\" class=\"myButton_play\" onClick=\"play_mp3('play','69db740a372287.59470336','https:\/\/m-a-i.qc.ca\/wp-content\/uploads\/2020\/10\/sharif-waked.mp3','80','false');show_hide('play','69db740a372287.59470336');\" \/><input type=\"button\"  id=\"btnstop_69db740a372287.59470336\" style=\"display:none\" class=\"myButton_stop\" onClick=\"play_mp3('stop','69db740a372287.59470336','','80','false');show_hide('stop','69db740a372287.59470336');\" \/><div id=\"sm2-container\"><!-- flash movie ends up here --><\/div><\/div>\n<p>Lives and work in Ha\u00effa and Nazareth[\/vc_column_text][vc_column_text css_animation=&#8221;none&#8221; css=&#8221;.vc_custom_1603210720247{border-top-width: 2px !important;border-right-width: 2px !important;border-bottom-width: 2px !important;border-left-width: 2px !important;padding-top: 20px !important;padding-right: 20px !important;padding-bottom: 20px !important;padding-left: 20px !important;border-left-color: #ffffff !important;border-left-style: solid !important;border-right-color: #ffffff !important;border-right-style: solid !important;border-top-color: #ffffff !important;border-top-style: solid !important;border-bottom-color: #ffffff !important;border-bottom-style: solid !important;}&#8221; el_class=&#8221;.white&#8221;]<span style=\"font-weight: 400;\"><strong>Sharif Waked<\/strong> was born in Nazareth to a Palestinian refugee family from the village of Mjedil. Through ironic reflections on power and politics, Waked overturns established aesthetic formations and ponders the absurd realities of political conflict. Waked has exhibited at various biennials and museums in the Middle East, Europe and the United States including <\/span><i><span style=\"font-weight: 400;\">Banja Luka Biennial<\/span><\/i><span style=\"font-weight: 400;\"> (Bosnia and Herzegovina); Contemporary Art Centre of South Australia; Queens Museum of Art inNew York (United States); <\/span><i><span style=\"font-weight: 400;\">Sharjah Biennial 9 (<\/span><\/i><span style=\"font-weight: 400;\">United Arab Emirates); Huarte Centro de Arte Contemporneo (Spain); Bluecoat Gallery inLiverpool (England); Artists Space in New York (United States); The Israel Museum in Jerusalem; Meeting Points 5 in Berlin (Germany); The Nobel Peace Centre in Oslo (Norway); <\/span><i><span style=\"font-weight: 400;\">The Seconde Riwaq Biennale<\/span><\/i><span style=\"font-weight: 400;\"> in Ramallah (Palestine); and the Tate Modern in London (England).\u00a0<\/span>[\/vc_column_text][\/vc_column][\/vc_row][vc_row css_animation=&#8221;none&#8221;][vc_column][vc_column_text]<i>Chic Point, <\/i><strong>2003<\/strong>[\/vc_column_text][vc_raw_html]JTNDaWZyYW1lJTIwc3JjJTNEJTIyaHR0cHMlM0ElMkYlMkZwbGF5ZXIudmltZW8uY29tJTJGdmlkZW8lMkY0NjU0NzQ4NjUlMjIlMjB3aWR0aCUzRCUyMjY0MCUyMiUyMGhlaWdodCUzRCUyMjQ4MCUyMiUyMGZyYW1lYm9yZGVyJTNEJTIyMCUyMiUyMGFsbG93JTNEJTIyYXV0b3BsYXklM0IlMjBmdWxsc2NyZWVuJTIyJTIwYWxsb3dmdWxsc2NyZWVuJTNFJTNDJTJGaWZyYW1lJTNFJTBBJTNDYSUyMGhyZWYlM0QlMjJodHRwcyUzQSUyRiUyRnZpbWVvLmNvbSUyRjQwMzUwMDk3JTIyJTNFQ2hpYyUyMFBvaW50JTNDJTJGYSUzRSUyMGZyb20lMjAlM0NhJTIwaHJlZiUzRCUyMmh0dHBzJTNBJTJGJTJGdmltZW8uY29tJTJGdXNlcjEwNzI1OTY1JTIyJTNFU2hhcmlmJTIwV2FrZWQlM0MlMkZhJTNFJTIwb24lMjAlM0NhJTIwaHJlZiUzRCUyMmh0dHBzJTNBJTJGJTJGdmltZW8uY29tJTIyJTNFVmltZW8lM0MlMkZhJTNFLiUzQyUyRnAlM0U=[\/vc_raw_html][vc_column_text]<span style=\"font-weight: 400;\">The most salient feature of Palestinian life has become the Israeli imposed closure. Through hundreds of checkpoints, the Israeli occupation forces curtail people\u2019s movement, and subject them to humiliating surveillance. Today, Israel regards the individual Palestinian body as the most dangerous weapon. In order to pass through checkpoints, Palestinians are forced to lift their clothing and reveal their abdomens, to prove that they are not carrying explosives, that they are not walking human bombs. <\/span><i><span style=\"font-weight: 400;\">Chic Point <\/span><\/i><span style=\"font-weight: 400;\">is a video shot in a fictional location: the occupation catwalk. Employing all the conventional codes of a fashion show, models reveal their abdomens in outfits designed especially for that purpose.<\/span>[\/vc_column_text][vc_single_image image=&#8221;7786&#8243; img_size=&#8221;full&#8221; add_caption=&#8221;yes&#8221; onclick=&#8221;link_image&#8221; css_animation=&#8221;none&#8221;][\/vc_column][\/vc_row][vc_row][vc_column][vc_column_text]\n[\/vc_column_text][\/vc_column][\/vc_row][vc_section][vc_row full_width=&#8221;stretch_row&#8221; content_placement=&#8221;middle&#8221; parallax=&#8221;content-moving&#8221; css_animation=&#8221;none&#8221; css=&#8221;.vc_custom_1602026166064{background-color: #dd9933 !important;}&#8221; el_class=&#8221;.white&#8221;][vc_column][vc_row_inner][vc_column_inner width=&#8221;1\/2&#8243;][vc_column_text]previous screen[\/vc_column_text][vc_icon icon_fontawesome=&#8221;fa fa-chevron-circle-left&#8221; color=&#8221;white&#8221; size=&#8221;xl&#8221; css_animation=&#8221;fadeInDown&#8221; link=&#8221;url:https%3A%2F%2Fwww.m-a-i.qc.ca%2Fen%2Fpublic-plus%2Fexposition%2Flive-in-palestine%2Fraeda-saadeh%2F|title:Raeda%20Saadeh||&#8221;][\/vc_column_inner][vc_column_inner width=&#8221;1\/2&#8243;][vc_column_text]\n<p style=\"text-align: right;\">next screen<\/p>\n[\/vc_column_text][vc_icon icon_fontawesome=&#8221;fa fa-video-camera&#8221; color=&#8221;white&#8221; size=&#8221;xl&#8221; align=&#8221;right&#8221; css_animation=&#8221;fadeInDown&#8221; link=&#8221;url:https%3A%2F%2Fwww.m-a-i.qc.ca%2Fen%2Fpublic-plus%2Fexposition%2Flive-in-palestine%2Fgalerie-video-filmlab-palestine|title:Galerie%20Vid%C3%A9os%20Palestine%20Lab||&#8221;][\/vc_column_inner][\/vc_row_inner][\/vc_column][\/vc_row][\/vc_section]\n","protected":false},"excerpt":{"rendered":"<p>[vc_row full_width=&#8221;stretch_row&#8221; content_placement=&#8221;middle&#8221; parallax=&#8221;content-moving&#8221; css_animation=&#8221;none&#8221; css=&#8221;.vc_custom_1602093814135{background-color: #000000 !important;}&#8221;][vc_column][vc_column_text][\/vc_column_text][vc_column_text css_animation=&#8221;none&#8221; el_class=&#8221;.white&#8221;] Sharif Waked (1964) \u0634\u0631\u064a\u0641 \u0648\u0627\u0643\u062f Lives and work in Ha\u00effa and Nazareth[\/vc_column_text][vc_column_text css_animation=&#8221;none&#8221; css=&#8221;.vc_custom_1603210720247{border-top-width: [&hellip;]<\/p>\n","protected":false},"author":4,"featured_media":0,"parent":7194,"menu_order":0,"comment_status":"closed","ping_status":"closed","template":"","meta":{"footnotes":""},"class_list":["post-7926","page","type-page","status-publish","hentry"],"acf":[],"yoast_head":"<!-- This site is optimized with the Yoast SEO plugin v19.13 - https:\/\/yoast.com\/wordpress\/plugins\/seo\/ -->\n<title>Sharif Waked &mdash; MAI | Montr\u00e9al, arts interculturels<\/title>\n<meta name=\"robots\" content=\"index, follow, max-snippet:-1, max-image-preview:large, max-video-preview:-1\" \/>\n<link rel=\"canonical\" href=\"https:\/\/m-a-i.qc.ca\/en\/public-plus\/exhibition\/live-in-palestine\/sharif-waked\/\" \/>\n<meta property=\"og:locale\" content=\"en_US\" \/>\n<meta property=\"og:type\" content=\"article\" \/>\n<meta property=\"og:title\" content=\"Sharif Waked &mdash; MAI | Montr\u00e9al, arts interculturels\" \/>\n<meta property=\"og:description\" content=\"[vc_row full_width=&#8221;stretch_row&#8221; content_placement=&#8221;middle&#8221; parallax=&#8221;content-moving&#8221; css_animation=&#8221;none&#8221; css=&#8221;.vc_custom_1602093814135{background-color: #000000 !important;}&#8221;][vc_column][vc_column_text][\/vc_column_text][vc_column_text css_animation=&#8221;none&#8221; el_class=&#8221;.white&#8221;] Sharif Waked (1964) \u0634\u0631\u064a\u0641 \u0648\u0627\u0643\u062f Lives and work in Ha\u00effa and Nazareth[\/vc_column_text][vc_column_text css_animation=&#8221;none&#8221; css=&#8221;.vc_custom_1603210720247{border-top-width: [&hellip;]\" \/>\n<meta property=\"og:url\" content=\"https:\/\/m-a-i.qc.ca\/en\/public-plus\/exhibition\/live-in-palestine\/sharif-waked\/\" \/>\n<meta property=\"og:site_name\" content=\"MAI | Montr\u00e9al, arts interculturels\" \/>\n<meta property=\"article:publisher\" content=\"http:\/\/facebook.com\/mtlartsinter\" \/>\n<meta property=\"article:modified_time\" content=\"2020-10-20T17:04:38+00:00\" \/>\n<meta name=\"twitter:card\" content=\"summary_large_image\" \/>\n<meta name=\"twitter:site\" content=\"@mtlartsinter\" \/>\n<meta name=\"twitter:label1\" content=\"Est. reading time\" \/>\n\t<meta name=\"twitter:data1\" content=\"3 minutes\" \/>\n<script type=\"application\/ld+json\" class=\"yoast-schema-graph\">{\"@context\":\"https:\/\/schema.org\",\"@graph\":[{\"@type\":\"WebPage\",\"@id\":\"https:\/\/m-a-i.qc.ca\/en\/public-plus\/exhibition\/live-in-palestine\/sharif-waked\/\",\"url\":\"https:\/\/m-a-i.qc.ca\/en\/public-plus\/exhibition\/live-in-palestine\/sharif-waked\/\",\"name\":\"Sharif Waked &mdash; MAI | Montr\u00e9al, arts interculturels\",\"isPartOf\":{\"@id\":\"https:\/\/www.m-a-i.qc.ca\/en\/#website\"},\"datePublished\":\"2020-10-07T21:25:00+00:00\",\"dateModified\":\"2020-10-20T17:04:38+00:00\",\"breadcrumb\":{\"@id\":\"https:\/\/m-a-i.qc.ca\/en\/public-plus\/exhibition\/live-in-palestine\/sharif-waked\/#breadcrumb\"},\"inLanguage\":\"en-US\",\"potentialAction\":[{\"@type\":\"ReadAction\",\"target\":[\"https:\/\/m-a-i.qc.ca\/en\/public-plus\/exhibition\/live-in-palestine\/sharif-waked\/\"]}]},{\"@type\":\"BreadcrumbList\",\"@id\":\"https:\/\/m-a-i.qc.ca\/en\/public-plus\/exhibition\/live-in-palestine\/sharif-waked\/#breadcrumb\",\"itemListElement\":[{\"@type\":\"ListItem\",\"position\":1,\"name\":\"Accueil\",\"item\":\"https:\/\/m-a-i.qc.ca\/en\/\"},{\"@type\":\"ListItem\",\"position\":2,\"name\":\"public +\",\"item\":\"https:\/\/m-a-i.qc.ca\/en\/public-plus\/\"},{\"@type\":\"ListItem\",\"position\":3,\"name\":\"exhibition supplement\",\"item\":\"https:\/\/m-a-i.qc.ca\/en\/public-plus\/exhibition\/\"},{\"@type\":\"ListItem\",\"position\":4,\"name\":\"online supplement - exhibition live in palestine\",\"item\":\"https:\/\/m-a-i.qc.ca\/en\/public-plus\/exhibition\/live-in-palestine\/\"},{\"@type\":\"ListItem\",\"position\":5,\"name\":\"sharif waked\"}]},{\"@type\":\"WebSite\",\"@id\":\"https:\/\/www.m-a-i.qc.ca\/en\/#website\",\"url\":\"https:\/\/www.m-a-i.qc.ca\/en\/\",\"name\":\"MAI | Montr\u00e9al, arts interculturels\",\"description\":\"La perle des arts interculturels au c\u0153ur de Montr\u00e9al. Arts visuels, th\u00e9\u00e2tre, danse, musique et arts interdisciplinaires. + de 40 \u00e9v\u00e8nements par an\",\"publisher\":{\"@id\":\"https:\/\/www.m-a-i.qc.ca\/en\/#organization\"},\"potentialAction\":[{\"@type\":\"SearchAction\",\"target\":{\"@type\":\"EntryPoint\",\"urlTemplate\":\"https:\/\/www.m-a-i.qc.ca\/en\/?s={search_term_string}\"},\"query-input\":\"required name=search_term_string\"}],\"inLanguage\":\"en-US\"},{\"@type\":\"Organization\",\"@id\":\"https:\/\/www.m-a-i.qc.ca\/en\/#organization\",\"name\":\"MAI (Montr\u00e9al, arts interculturels)\",\"url\":\"https:\/\/www.m-a-i.qc.ca\/en\/\",\"logo\":{\"@type\":\"ImageObject\",\"inLanguage\":\"en-US\",\"@id\":\"https:\/\/www.m-a-i.qc.ca\/en\/#\/schema\/logo\/image\/\",\"url\":\"https:\/\/m-a-i.qc.ca\/wp-content\/uploads\/2024\/02\/logo_mai_noir-1.png\",\"contentUrl\":\"https:\/\/m-a-i.qc.ca\/wp-content\/uploads\/2024\/02\/logo_mai_noir-1.png\",\"width\":1152,\"height\":1152,\"caption\":\"MAI (Montr\u00e9al, arts interculturels)\"},\"image\":{\"@id\":\"https:\/\/www.m-a-i.qc.ca\/en\/#\/schema\/logo\/image\/\"},\"sameAs\":[\"http:\/\/instagram.com\/mtlartsinter\",\"http:\/\/linkedin.com\/company\/mtlartsinter\",\"https:\/\/fr.wikipedia.org\/wiki\/Montral_arts_interculturels\",\"http:\/\/facebook.com\/mtlartsinter\",\"https:\/\/twitter.com\/mtlartsinter\"]}]}<\/script>\n<!-- \/ Yoast SEO plugin. -->","yoast_head_json":{"title":"Sharif Waked &mdash; MAI | Montr\u00e9al, arts interculturels","robots":{"index":"index","follow":"follow","max-snippet":"max-snippet:-1","max-image-preview":"max-image-preview:large","max-video-preview":"max-video-preview:-1"},"canonical":"https:\/\/m-a-i.qc.ca\/en\/public-plus\/exhibition\/live-in-palestine\/sharif-waked\/","og_locale":"en_US","og_type":"article","og_title":"Sharif Waked &mdash; MAI | Montr\u00e9al, arts interculturels","og_description":"[vc_row full_width=&#8221;stretch_row&#8221; content_placement=&#8221;middle&#8221; parallax=&#8221;content-moving&#8221; css_animation=&#8221;none&#8221; css=&#8221;.vc_custom_1602093814135{background-color: #000000 !important;}&#8221;][vc_column][vc_column_text][\/vc_column_text][vc_column_text css_animation=&#8221;none&#8221; el_class=&#8221;.white&#8221;] Sharif Waked (1964) \u0634\u0631\u064a\u0641 \u0648\u0627\u0643\u062f Lives and work in Ha\u00effa and Nazareth[\/vc_column_text][vc_column_text css_animation=&#8221;none&#8221; css=&#8221;.vc_custom_1603210720247{border-top-width: [&hellip;]","og_url":"https:\/\/m-a-i.qc.ca\/en\/public-plus\/exhibition\/live-in-palestine\/sharif-waked\/","og_site_name":"MAI | Montr\u00e9al, arts interculturels","article_publisher":"http:\/\/facebook.com\/mtlartsinter","article_modified_time":"2020-10-20T17:04:38+00:00","twitter_card":"summary_large_image","twitter_site":"@mtlartsinter","twitter_misc":{"Est. reading time":"3 minutes"},"schema":{"@context":"https:\/\/schema.org","@graph":[{"@type":"WebPage","@id":"https:\/\/m-a-i.qc.ca\/en\/public-plus\/exhibition\/live-in-palestine\/sharif-waked\/","url":"https:\/\/m-a-i.qc.ca\/en\/public-plus\/exhibition\/live-in-palestine\/sharif-waked\/","name":"Sharif Waked &mdash; MAI | Montr\u00e9al, arts interculturels","isPartOf":{"@id":"https:\/\/www.m-a-i.qc.ca\/en\/#website"},"datePublished":"2020-10-07T21:25:00+00:00","dateModified":"2020-10-20T17:04:38+00:00","breadcrumb":{"@id":"https:\/\/m-a-i.qc.ca\/en\/public-plus\/exhibition\/live-in-palestine\/sharif-waked\/#breadcrumb"},"inLanguage":"en-US","potentialAction":[{"@type":"ReadAction","target":["https:\/\/m-a-i.qc.ca\/en\/public-plus\/exhibition\/live-in-palestine\/sharif-waked\/"]}]},{"@type":"BreadcrumbList","@id":"https:\/\/m-a-i.qc.ca\/en\/public-plus\/exhibition\/live-in-palestine\/sharif-waked\/#breadcrumb","itemListElement":[{"@type":"ListItem","position":1,"name":"Accueil","item":"https:\/\/m-a-i.qc.ca\/en\/"},{"@type":"ListItem","position":2,"name":"public +","item":"https:\/\/m-a-i.qc.ca\/en\/public-plus\/"},{"@type":"ListItem","position":3,"name":"exhibition supplement","item":"https:\/\/m-a-i.qc.ca\/en\/public-plus\/exhibition\/"},{"@type":"ListItem","position":4,"name":"online supplement - exhibition live in palestine","item":"https:\/\/m-a-i.qc.ca\/en\/public-plus\/exhibition\/live-in-palestine\/"},{"@type":"ListItem","position":5,"name":"sharif waked"}]},{"@type":"WebSite","@id":"https:\/\/www.m-a-i.qc.ca\/en\/#website","url":"https:\/\/www.m-a-i.qc.ca\/en\/","name":"MAI | Montr\u00e9al, arts interculturels","description":"La perle des arts interculturels au c\u0153ur de Montr\u00e9al. Arts visuels, th\u00e9\u00e2tre, danse, musique et arts interdisciplinaires. + de 40 \u00e9v\u00e8nements par an","publisher":{"@id":"https:\/\/www.m-a-i.qc.ca\/en\/#organization"},"potentialAction":[{"@type":"SearchAction","target":{"@type":"EntryPoint","urlTemplate":"https:\/\/www.m-a-i.qc.ca\/en\/?s={search_term_string}"},"query-input":"required name=search_term_string"}],"inLanguage":"en-US"},{"@type":"Organization","@id":"https:\/\/www.m-a-i.qc.ca\/en\/#organization","name":"MAI (Montr\u00e9al, arts interculturels)","url":"https:\/\/www.m-a-i.qc.ca\/en\/","logo":{"@type":"ImageObject","inLanguage":"en-US","@id":"https:\/\/www.m-a-i.qc.ca\/en\/#\/schema\/logo\/image\/","url":"https:\/\/m-a-i.qc.ca\/wp-content\/uploads\/2024\/02\/logo_mai_noir-1.png","contentUrl":"https:\/\/m-a-i.qc.ca\/wp-content\/uploads\/2024\/02\/logo_mai_noir-1.png","width":1152,"height":1152,"caption":"MAI (Montr\u00e9al, arts interculturels)"},"image":{"@id":"https:\/\/www.m-a-i.qc.ca\/en\/#\/schema\/logo\/image\/"},"sameAs":["http:\/\/instagram.com\/mtlartsinter","http:\/\/linkedin.com\/company\/mtlartsinter","https:\/\/fr.wikipedia.org\/wiki\/Montral_arts_interculturels","http:\/\/facebook.com\/mtlartsinter","https:\/\/twitter.com\/mtlartsinter"]}]}},"_links":{"self":[{"href":"https:\/\/m-a-i.qc.ca\/en\/wp-json\/wp\/v2\/pages\/7926","targetHints":{"allow":["GET"]}}],"collection":[{"href":"https:\/\/m-a-i.qc.ca\/en\/wp-json\/wp\/v2\/pages"}],"about":[{"href":"https:\/\/m-a-i.qc.ca\/en\/wp-json\/wp\/v2\/types\/page"}],"author":[{"embeddable":true,"href":"https:\/\/m-a-i.qc.ca\/en\/wp-json\/wp\/v2\/users\/4"}],"replies":[{"embeddable":true,"href":"https:\/\/m-a-i.qc.ca\/en\/wp-json\/wp\/v2\/comments?post=7926"}],"version-history":[{"count":7,"href":"https:\/\/m-a-i.qc.ca\/en\/wp-json\/wp\/v2\/pages\/7926\/revisions"}],"predecessor-version":[{"id":8302,"href":"https:\/\/m-a-i.qc.ca\/en\/wp-json\/wp\/v2\/pages\/7926\/revisions\/8302"}],"up":[{"embeddable":true,"href":"https:\/\/m-a-i.qc.ca\/en\/wp-json\/wp\/v2\/pages\/7194"}],"wp:attachment":[{"href":"https:\/\/m-a-i.qc.ca\/en\/wp-json\/wp\/v2\/media?parent=7926"}],"curies":[{"name":"wp","href":"https:\/\/api.w.org\/{rel}","templated":true}]}}