{"id":7914,"date":"2020-10-07T18:11:14","date_gmt":"2020-10-07T22:11:14","guid":{"rendered":"https:\/\/m-a-i.qc.ca\/?page_id=7914"},"modified":"2020-10-20T12:50:30","modified_gmt":"2020-10-20T16:50:30","slug":"raeda-saadeh","status":"publish","type":"page","link":"https:\/\/m-a-i.qc.ca\/en\/public-plus\/exhibition\/live-in-palestine\/raeda-saadeh\/","title":{"rendered":"raeda saadeh"},"content":{"rendered":"[vc_row full_width=&#8221;stretch_row&#8221; content_placement=&#8221;middle&#8221; parallax=&#8221;content-moving&#8221; css_animation=&#8221;none&#8221; css=&#8221;.vc_custom_1602093814135{background-color: #000000 !important;}&#8221;][vc_column][vc_column_text]<div class=\"floating-menu float-menu-2\"><ul class=\"fm-bar\"><li class=\"fm-sub fm-item-2-0\"><div class=\"fm-icon\"><i class=\"fas fa-hand-point-up\"><\/i><\/div><ul><li class=\"fm-item-2-1\"><a href=\"https:\/\/www.m-a-i.qc.ca\/en\/public-plus\/exhibition\/live-in-palestine\/jumana-emil-abboud\/\" target=\"_self\"  data-label=\"show\"><div class=\"fm-icon\"><i class=\"fas fa-external-link-alt\"><\/i><\/div><div class=\"fm-label fm-hold-open\">jumana emil abboud<\/div><\/a><\/li><li class=\"fm-item-2-2\"><a href=\"https:\/\/www.m-a-i.qc.ca\/en\/public-plus\/exhibition\/live-in-palestine\/khalil-al-mozain\" target=\"_self\" ><div class=\"fm-icon\"><i class=\"fas fa-external-link-alt\"><\/i><\/div><div class=\"fm-label\">khalil al-mozain<\/div><\/a><\/li><li class=\"fm-item-2-3\"><a href=\"https:\/\/www.m-a-i.qc.ca\/en\/public-plus\/exhibition\/live-in-palestine\/rana-affo-bishara\" target=\"_self\"  id=\"h2\"><div class=\"fm-icon\"><i class=\"fas fa-external-link-alt\"><\/i><\/div><div class=\"fm-label\">rana affo bishara<\/div><\/a><\/li><li class=\"fm-item-2-4\"><a href=\"https:\/\/www.m-a-i.qc.ca\/public-plus\/exposition\/live-in-palestine\/mohamed-harb\" target=\"_self\"  id=\"h2\"><div class=\"fm-icon\"><i class=\"fas fa-external-link-alt\"><\/i><\/div><div class=\"fm-label\">mohamed harb<\/div><\/a><\/li><li class=\"fm-item-2-5\"><a href=\"\" target=\"_self\"  class=\"https:\/\/www.m-a-i.qc.ca\/en\/public-plus\/exhibition\/live-in-palestine\/mana-mahamid\"><div class=\"fm-icon\"><i class=\"fas fa-external-link-alt\"><\/i><\/div><div class=\"fm-label\">manal mahamid<\/div><\/a><\/li><li class=\"fm-item-2-6\"><a href=\"https:\/\/www.m-a-i.qc.ca\/en\/public-plus\/exhibition\/live-in-palestine\/mohammad-obeidallah\" target=\"_self\" ><div class=\"fm-icon\"><i class=\"fas fa-external-link-alt\"><\/i><\/div><div class=\"fm-label\">mohammad obeidallah<\/div><\/a><\/li><li class=\"fm-item-2-7\"><a href=\"https:\/\/www.m-a-i.qc.ca\/en\/public-plus\/exhibition\/live-in-palestine\/mohammed-musallam\" target=\"_self\" ><div class=\"fm-icon\"><i class=\"fas fa-external-link-alt\"><\/i><\/div><div class=\"fm-label\">mohammed musallam<\/div><\/a><\/li><li class=\"fm-item-2-8\"><a href=\"https:\/\/www.m-a-i.qc.ca\/en\/public-plus\/exhibition\/live-in-palestine\/mohamad-mustafa-nihayah-alhaj\" target=\"_self\"  data-label=\"show\"><div class=\"fm-icon\"><i class=\"fas fa-external-link-alt\"><\/i><\/div><div class=\"fm-label fm-hold-open\">mohamad mustafa + nihayah alhaj<\/div><\/a><\/li><li class=\"fm-item-2-9\"><a href=\"https:\/\/www.m-a-i.qc.ca\/en\/public-plus\/exhibition\/live-in-palestine\/raeda-saadeh\" target=\"_self\" ><div class=\"fm-icon\"><i class=\"fas fa-external-link-alt\"><\/i><\/div><div class=\"fm-label\">raeda saadeh<\/div><\/a><\/li><li class=\"fm-item-2-10\"><a href=\"https:\/\/www.m-a-i.qc.ca\/en\/public-plus\/exposition\/live-in-palestine\/sharif-waked\/\" target=\"_self\" ><div class=\"fm-icon\"><i class=\"fas fa-external-link-alt\"><\/i><\/div><div class=\"fm-label\">sharif waked<\/div><\/a><\/li><\/ul><\/li><li class=\"fm-item-2-11\"><a href=\"https:\/\/www.m-a-i.qc.ca\/en\/public-plus\/exhibition\/live-in-palestine\/screening\" target=\"_self\" ><div class=\"fm-icon\"><i class=\"fas fa-video\"><\/i><\/div><div class=\"fm-label\">screening \/ septembre 25, 2020<\/div><\/a><\/li><li class=\"fm-item-2-12\"><a href=\"https:\/\/www.m-a-i.qc.ca\/en\/public-plus\/exhibition\/live-in-palestine\/\" target=\"_self\"  data-label=\"show\"><div class=\"fm-icon\"><i class=\"fas fa-home\"><\/i><\/div><div class=\"fm-label fm-hold-open\">exhibition homepage<\/div><\/a><\/li><\/ul><\/div>[\/vc_column_text][vc_column_text css_animation=&#8221;none&#8221; el_class=&#8221;.white&#8221;]\n<h1>Raeda Saadeh (1977)<\/h1>\n<h1 id=\"firstHeading\" class=\"firstHeading\" lang=\"ar\">\u0631\u0627\u0626\u062f\u0629 \u0633\u0639\u0627\u062f\u0629<\/h1>\n<div class=\"sc_player_container1\"><input type=\"button\" id=\"btnplay_69f9acc08bb6b5.03756272\" class=\"myButton_play\" onClick=\"play_mp3('play','69f9acc08bb6b5.03756272','https:\/\/m-a-i.qc.ca\/wp-content\/uploads\/2020\/10\/raeda-saadeh.mp3','80','false');show_hide('play','69f9acc08bb6b5.03756272');\" \/><input type=\"button\"  id=\"btnstop_69f9acc08bb6b5.03756272\" style=\"display:none\" class=\"myButton_stop\" onClick=\"play_mp3('stop','69f9acc08bb6b5.03756272','','80','false');show_hide('stop','69f9acc08bb6b5.03756272');\" \/><div id=\"sm2-container\"><!-- flash movie ends up here --><\/div><\/div>\n<p>Lives and work in Jerusalem[\/vc_column_text][vc_column_text css_animation=&#8221;none&#8221; css=&#8221;.vc_custom_1603211532549{border-top-width: 2px !important;border-right-width: 2px !important;border-bottom-width: 2px !important;border-left-width: 2px !important;padding-top: 20px !important;padding-right: 20px !important;padding-bottom: 20px !important;padding-left: 20px !important;border-left-color: #ffffff !important;border-left-style: solid !important;border-right-color: #ffffff !important;border-right-style: solid !important;border-top-color: #ffffff !important;border-top-style: solid !important;border-bottom-color: #ffffff !important;border-bottom-style: solid !important;}&#8221; el_class=&#8221;.white&#8221;]<span style=\"font-weight: 400;\">Raeda Saadeh was born in Um El Fahem and received her BFA and MFA from Bezalel Academy of Arts and Design in Jerusalem. She was the winner of the first Young Artist of the Year Award organized by the A.M.Qattan Foundation in 2000. Her work in photography, performance and video has been exhibited widely internationally in Europe and the US. Recent exhibitions include <\/span><i><span style=\"font-weight: 400;\">Re-Orientations <\/span><\/i><span style=\"font-weight: 400;\">at the European Parliament in Brussels (Belgium); <\/span><i><span style=\"font-weight: 400;\">No Man\u2019s Land <\/span><\/i><span style=\"font-weight: 400;\">at the GEMAK Museum in The Hague (Holland); <\/span><i><span style=\"font-weight: 400;\">In Transit <\/span><\/i><span style=\"font-weight: 400;\">at the House of World Culture in Berlin (Germany); <\/span><i><span style=\"font-weight: 400;\">Biennal Cuvee <\/span><\/i><span style=\"font-weight: 400;\">at OK Centre in Lens (Austria); <\/span><i><span style=\"font-weight: 400;\">Infr\u2019action Festival of Performance Art <\/span><\/i><span style=\"font-weight: 400;\">in S\u00e8te (France), and <\/span><i><span style=\"font-weight: 400;\">About Time 2 <\/span><\/i><span style=\"font-weight: 400;\">in Kunstmuseum (Denmark).<\/span>[\/vc_column_text][vc_message message_box_style=&#8221;solid&#8221; message_box_color=&#8221;orange&#8221; icon_fontawesome=&#8221;fa fa-long-arrow-down&#8221;]<i>One Day,<\/i> 2013.[\/vc_message][\/vc_column][\/vc_row][vc_row full_width=&#8221;stretch_row_content_no_spaces&#8221; full_height=&#8221;yes&#8221; content_placement=&#8221;middle&#8221; parallax=&#8221;content-moving-fade&#8221; parallax_image=&#8221;7778&#8243; css=&#8221;.vc_custom_1602003216814{padding-top: 700px !important;padding-bottom: 850px !important;}&#8221;][vc_column][\/vc_column][\/vc_row][vc_row css_animation=&#8221;none&#8221;][vc_column][vc_column_text]<i>One Day, <\/i><strong>2013<\/strong>[\/vc_column_text][vc_column_text]In <em>One Day<\/em>, <span style=\"font-weight: 400;\">Raeda Saadeh engages in the Sysiphian task of trying to move the wall that separates Israel and Palestine. Yet the title brings hope that maybe one day this might be possible.<\/span><\/p>\n[\/vc_column_text][vc_column_text]<i>Penelope, <\/i><strong>2010<\/strong>[\/vc_column_text][vc_raw_html]JTNDZGl2JTIwY2xhc3MlM0QlMjJmYi1wb3N0JTIyJTIwZGF0YS1ocmVmJTNEJTIyaHR0cHMlM0ElMkYlMkZ3d3cuZmFjZWJvb2suY29tJTJGcGhvdG8lMkYlM0ZmYmlkJTNENjU4NTgyODE0MTY1MDk4JTIyJTIwZGF0YS1zaG93LXRleHQlM0QlMjJ0cnVlJTIyJTIwZGF0YS13aWR0aCUzRCUyMiUyMiUzRSUzQ2Jsb2NrcXVvdGUlMjBjaXRlJTNEJTIyaHR0cHMlM0ElMkYlMkZ3d3cuZmFjZWJvb2suY29tJTJGcGhvdG8ucGhwJTNGZmJpZCUzRDY1ODU4MjgxNDE2NTA5OCUyNmFtcCUzQnNldCUzRGEuMTAzMDEyODIzMDU1NDM2JTI2YW1wJTNCdHlwZSUzRDMlMjIlMjBjbGFzcyUzRCUyMmZiLXhmYm1sLXBhcnNlLWlnbm9yZSUyMiUzRVB1YmxpJUMzJUE5ZSUyMHBhciUyMCUzQ2ElMjBocmVmJTNEJTIyaHR0cHMlM0ElMkYlMkZ3d3cuZmFjZWJvb2suY29tJTJGcmFlZGEuc2FhZGVoJTIyJTNFUmFlZGElMjBTYWFkZWglM0MlMkZhJTNFJTIwc3VyJTI2bmJzcCUzQiUzQ2ElMjBocmVmJTNEJTIyaHR0cHMlM0ElMkYlMkZ3d3cuZmFjZWJvb2suY29tJTJGcGhvdG8ucGhwJTNGZmJpZCUzRDY1ODU4MjgxNDE2NTA5OCUyNmFtcCUzQnNldCUzRGEuMTAzMDEyODIzMDU1NDM2JTI2YW1wJTNCdHlwZSUzRDMlMjIlM0VMdW5kaSUyMDMwJTIwc2VwdGVtYnJlJTIwMjAxMyUzQyUyRmElM0UlM0MlMkZibG9ja3F1b3RlJTNFJTNDJTJGZGl2JTNFJTBBJTNDZmlnY2FwdGlvbiUyMGNsYXNzJTNEJTIydmNfZmlndXJlLWNhcHRpb24lMjIlM0VSYWVkYSUyMFNhYWRlaCUyQyUyMCUzQ2VtJTNFUGVuZWxvcGUlMkMlM0MlMkZlbSUzRSUyMDIwMTAuJTIwJUMyJUE5JTIwQXJ0aXN0JTI3cyUyMEZhY2Vib29rJTIwUGFnZSUyMGludGVncmF0aW9uJTNDJTJGZmlnY2FwdGlvbiUzRQ==[\/vc_raw_html][vc_column_text]P<i><span style=\"font-weight: 400;\">enelope<\/span><\/i><span style=\"font-weight: 400;\">, from her series <\/span><i><span style=\"font-weight: 400;\">Fairy Tales<\/span><\/i><span style=\"font-weight: 400;\">, is the heroine of Greek mythology knitting a giant ball of wool in a dreamy state, sitting on a field of ruins in Beit Hanina in East Jerusalem. This anachronistic montage, featuring a mythical heroine in a contemporary setting, shows us that as places, times and contexts change, the recurrence of conflict, injustice and oppression remains.<\/span>[\/vc_column_text][vc_column_text]<i>Vacuum, <\/i><strong>2007<\/strong>[\/vc_column_text][vc_raw_html]JTNDZGl2JTIwY2xhc3MlM0QlMjJmYi1wb3N0JTIyJTIwZGF0YS1ocmVmJTNEJTIyaHR0cHMlM0ElMkYlMkZ3d3cuZmFjZWJvb2suY29tJTJGMTgyNjQ3MjgxODM1JTJGcGhvdG9zJTJGYS40MTIwMTIwMzY4MzUlMkY0MTIwMTUzMTE4MzUlMjIlMjBkYXRhLXNob3ctdGV4dCUzRCUyMnRydWUlMjIlMjBkYXRhLXdpZHRoJTNEJTIyJTIyJTNFJTNDYmxvY2txdW90ZSUyMGNpdGUlM0QlMjJodHRwcyUzQSUyRiUyRmZyLWZyLmZhY2Vib29rLmNvbSUyRjE4MjY0NzI4MTgzNSUyRnBob3RvcyUyRmEuNDEyMDEyMDM2ODM1JTJGNDEyMDE1MzExODM1JTJGJTNGdHlwZSUzRDMlMjIlMjBjbGFzcyUzRCUyMmZiLXhmYm1sLXBhcnNlLWlnbm9yZSUyMiUzRVB1YmxpJUMzJUE5ZSUyMHBhciUyMCUzQ2ElMjBocmVmJTNEJTIyaHR0cHMlM0ElMkYlMkZ3d3cuZmFjZWJvb2suY29tJTJGUmFlZGEtU2FhZGVoLTE4MjY0NzI4MTgzNSUyRiUyMiUzRVJhZWRhJTIwU2FhZGVoJTNDJTJGYSUzRSUyMHN1ciUyNm5ic3AlM0IlM0NhJTIwaHJlZiUzRCUyMmh0dHBzJTNBJTJGJTJGZnItZnIuZmFjZWJvb2suY29tJTJGMTgyNjQ3MjgxODM1JTJGcGhvdG9zJTJGYS40MTIwMTIwMzY4MzUlMkY0MTIwMTUzMTE4MzUlMkYlM0Z0eXBlJTNEMyUyMiUzRU1lcmNyZWRpJTIwMTQlMjBqdWlsbGV0JTIwMjAxMCUzQyUyRmElM0UlM0MlMkZibG9ja3F1b3RlJTNFJTNDJTJGZGl2JTNFJTBBJTNDZmlnY2FwdGlvbiUyMGNsYXNzJTNEJTIydmNfZmlndXJlLWNhcHRpb24lMjIlM0VSYWVkYSUyMFNhYWRlaCUyQyUzQ2VtJTNFJTIwVmFjdXVtJTJDJTNDJTJGZW0lM0UlMjAlMjAyMDA3LiUyMCVDMiVBOSUyMEFydGlzdCUyN3MlMjBGYWNlYm9vayUyMFBhZ2UlMjBpbnRlZ3JhdGlvbiUzQyUyRmZpZ2NhcHRpb24lM0U=[\/vc_raw_html][vc_column_text]<span style=\"font-weight: 400;\">In the photograph <\/span><i><span style=\"font-weight: 400;\">Vacuum<\/span><\/i><span style=\"font-weight: 400;\">, the artist vacuums a desert mountain between Jericho and the Dead Sea. The vanity and absurdity of the gesture, referring to the hero of Greek mythology Sisyphus, refers to life in Palestine. Through the beauty of these images, the artist seems to dramatize the condition of the Palestinian woman lost in this landscape, overwhelmed by the presence of the world.\u00a0<\/span>[\/vc_column_text][vc_column_text]<i>Crossroads, <\/i><strong>2003<\/strong>[\/vc_column_text][vc_raw_html]JTNDZGl2JTIwY2xhc3MlM0QlMjJmYi1wb3N0JTIyJTIwZGF0YS1ocmVmJTNEJTIyaHR0cHMlM0ElMkYlMkZ3d3cuZmFjZWJvb2suY29tJTJGMTgyNjQ3MjgxODM1JTJGcGhvdG9zJTJGYS40MTIwMTIwMzY4MzUlMkY0MTIwMTQzMTY4MzUlMjIlMjBkYXRhLXNob3ctdGV4dCUzRCUyMnRydWUlMjIlMjBkYXRhLXdpZHRoJTNEJTIyJTIyJTNFJTNDYmxvY2txdW90ZSUyMGNpdGUlM0QlMjJodHRwcyUzQSUyRiUyRmZyLWZyLmZhY2Vib29rLmNvbSUyRjE4MjY0NzI4MTgzNSUyRnBob3RvcyUyRmEuNDEyMDEyMDM2ODM1JTJGNDEyMDE0MzE2ODM1JTJGJTNGdHlwZSUzRDMlMjIlMjBjbGFzcyUzRCUyMmZiLXhmYm1sLXBhcnNlLWlnbm9yZSUyMiUzRVB1YmxpJUMzJUE5ZSUyMHBhciUyMCUzQ2ElMjBocmVmJTNEJTIyaHR0cHMlM0ElMkYlMkZ3d3cuZmFjZWJvb2suY29tJTJGUmFlZGEtU2FhZGVoLTE4MjY0NzI4MTgzNSUyRiUyMiUzRVJhZWRhJTIwU2FhZGVoJTNDJTJGYSUzRSUyMHN1ciUyNm5ic3AlM0IlM0NhJTIwaHJlZiUzRCUyMmh0dHBzJTNBJTJGJTJGZnItZnIuZmFjZWJvb2suY29tJTJGMTgyNjQ3MjgxODM1JTJGcGhvdG9zJTJGYS40MTIwMTIwMzY4MzUlMkY0MTIwMTQzMTY4MzUlMkYlM0Z0eXBlJTNEMyUyMiUzRU1lcmNyZWRpJTIwMTQlMjBqdWlsbGV0JTIwMjAxMCUzQyUyRmElM0UlM0MlMkZibG9ja3F1b3RlJTNFJTNDJTJGZGl2JTNFJTBBJTNDZmlnY2FwdGlvbiUyMGNsYXNzJTNEJTIydmNfZmlndXJlLWNhcHRpb24lMjIlM0VSYWVkYSUyMFNhYWRlaCUyQyUyMCUzQ2VtJTNFQ3Jvc3Nyb2FkcyUyQyUzQyUyRmVtJTNFJTIwMjAwMy4lMjAlQzIlQTklMjBBcnRpc3QlMjdzJTIwRmFjZWJvb2slMjBQYWdlJTIwaW50ZWdyYXRpb24lM0MlMkZmaWdjYXB0aW9uJTNF[\/vc_raw_html][vc_column_text]<span style=\"font-weight: 400;\">The self-portrait <\/span><i><span style=\"font-weight: 400;\">Crossroads <\/span><\/i><span style=\"font-weight: 400;\">shows the artist standing on her doorstep, a suitcase at her side, her foot stuck in a concrete block immobilized as a symbol of the occupying force.<\/span>[\/vc_column_text][\/vc_column][\/vc_row][vc_section][vc_row full_width=&#8221;stretch_row&#8221; content_placement=&#8221;middle&#8221; parallax=&#8221;content-moving&#8221; css_animation=&#8221;none&#8221; css=&#8221;.vc_custom_1602026166064{background-color: #dd9933 !important;}&#8221; el_class=&#8221;.white&#8221;][vc_column][vc_row_inner][vc_column_inner width=&#8221;1\/2&#8243;][vc_column_text]previous screen[\/vc_column_text][vc_icon icon_fontawesome=&#8221;fa fa-chevron-circle-left&#8221; color=&#8221;white&#8221; size=&#8221;xl&#8221; css_animation=&#8221;fadeInDown&#8221; link=&#8221;url:https%3A%2F%2Fwww.m-a-i.qc.ca%2Fen%2Fpublic-plus%2Fexposition%2Flive-in-palestine%2Fmohamad-mustafa-nihayah-alhaj%2F|title:Mohamad%20Mustafa%20%2B%20Nihayah%20Alhaj||&#8221;][\/vc_column_inner][vc_column_inner width=&#8221;1\/2&#8243;][vc_column_text]\n<p style=\"text-align: right;\">next screen<\/p>\n[\/vc_column_text][vc_icon icon_fontawesome=&#8221;fa fa-chevron-circle-right&#8221; color=&#8221;white&#8221; size=&#8221;xl&#8221; align=&#8221;right&#8221; css_animation=&#8221;fadeInDown&#8221; link=&#8221;url:https%3A%2F%2Fwww.m-a-i.qc.ca%2Fen%2Fpublic-plus%2Fexposition%2Flive-in-palestine%2Fsharif-waked%2F|title:Sharif%20Waked||&#8221;][\/vc_column_inner][\/vc_row_inner][\/vc_column][\/vc_row][\/vc_section]\n","protected":false},"excerpt":{"rendered":"<p>[vc_row full_width=&#8221;stretch_row&#8221; content_placement=&#8221;middle&#8221; parallax=&#8221;content-moving&#8221; css_animation=&#8221;none&#8221; css=&#8221;.vc_custom_1602093814135{background-color: #000000 !important;}&#8221;][vc_column][vc_column_text][\/vc_column_text][vc_column_text css_animation=&#8221;none&#8221; el_class=&#8221;.white&#8221;] Raeda Saadeh (1977) \u0631\u0627\u0626\u062f\u0629 \u0633\u0639\u0627\u062f\u0629 Lives and work in Jerusalem[\/vc_column_text][vc_column_text css_animation=&#8221;none&#8221; css=&#8221;.vc_custom_1603211532549{border-top-width: 2px !important;border-right-width: [&hellip;]<\/p>\n","protected":false},"author":4,"featured_media":0,"parent":7194,"menu_order":0,"comment_status":"closed","ping_status":"closed","template":"","meta":{"footnotes":""},"class_list":["post-7914","page","type-page","status-publish","hentry"],"acf":[],"yoast_head":"<!-- This site is optimized with the Yoast SEO plugin v19.13 - https:\/\/yoast.com\/wordpress\/plugins\/seo\/ -->\n<title>Raeda Saadeh &mdash; MAI | Montr\u00e9al, arts interculturels<\/title>\n<meta name=\"robots\" content=\"index, follow, max-snippet:-1, max-image-preview:large, max-video-preview:-1\" \/>\n<link rel=\"canonical\" href=\"https:\/\/m-a-i.qc.ca\/en\/public-plus\/exhibition\/live-in-palestine\/raeda-saadeh\/\" \/>\n<meta property=\"og:locale\" content=\"en_US\" \/>\n<meta property=\"og:type\" content=\"article\" \/>\n<meta property=\"og:title\" content=\"Raeda Saadeh &mdash; MAI | Montr\u00e9al, arts interculturels\" \/>\n<meta property=\"og:description\" content=\"[vc_row full_width=&#8221;stretch_row&#8221; content_placement=&#8221;middle&#8221; parallax=&#8221;content-moving&#8221; css_animation=&#8221;none&#8221; css=&#8221;.vc_custom_1602093814135{background-color: #000000 !important;}&#8221;][vc_column][vc_column_text][\/vc_column_text][vc_column_text css_animation=&#8221;none&#8221; el_class=&#8221;.white&#8221;] Raeda Saadeh (1977) \u0631\u0627\u0626\u062f\u0629 \u0633\u0639\u0627\u062f\u0629 Lives and work in Jerusalem[\/vc_column_text][vc_column_text css_animation=&#8221;none&#8221; css=&#8221;.vc_custom_1603211532549{border-top-width: 2px !important;border-right-width: [&hellip;]\" \/>\n<meta property=\"og:url\" content=\"https:\/\/m-a-i.qc.ca\/en\/public-plus\/exhibition\/live-in-palestine\/raeda-saadeh\/\" \/>\n<meta property=\"og:site_name\" content=\"MAI | Montr\u00e9al, arts interculturels\" \/>\n<meta property=\"article:publisher\" content=\"http:\/\/facebook.com\/mtlartsinter\" \/>\n<meta property=\"article:modified_time\" content=\"2020-10-20T16:50:30+00:00\" \/>\n<meta name=\"twitter:card\" content=\"summary_large_image\" \/>\n<meta name=\"twitter:site\" content=\"@mtlartsinter\" \/>\n<meta name=\"twitter:label1\" content=\"Est. reading time\" \/>\n\t<meta name=\"twitter:data1\" content=\"5 minutes\" \/>\n<script type=\"application\/ld+json\" class=\"yoast-schema-graph\">{\"@context\":\"https:\/\/schema.org\",\"@graph\":[{\"@type\":\"WebPage\",\"@id\":\"https:\/\/m-a-i.qc.ca\/en\/public-plus\/exhibition\/live-in-palestine\/raeda-saadeh\/\",\"url\":\"https:\/\/m-a-i.qc.ca\/en\/public-plus\/exhibition\/live-in-palestine\/raeda-saadeh\/\",\"name\":\"Raeda Saadeh &mdash; MAI | Montr\u00e9al, arts interculturels\",\"isPartOf\":{\"@id\":\"https:\/\/www.m-a-i.qc.ca\/en\/#website\"},\"datePublished\":\"2020-10-07T22:11:14+00:00\",\"dateModified\":\"2020-10-20T16:50:30+00:00\",\"breadcrumb\":{\"@id\":\"https:\/\/m-a-i.qc.ca\/en\/public-plus\/exhibition\/live-in-palestine\/raeda-saadeh\/#breadcrumb\"},\"inLanguage\":\"en-US\",\"potentialAction\":[{\"@type\":\"ReadAction\",\"target\":[\"https:\/\/m-a-i.qc.ca\/en\/public-plus\/exhibition\/live-in-palestine\/raeda-saadeh\/\"]}]},{\"@type\":\"BreadcrumbList\",\"@id\":\"https:\/\/m-a-i.qc.ca\/en\/public-plus\/exhibition\/live-in-palestine\/raeda-saadeh\/#breadcrumb\",\"itemListElement\":[{\"@type\":\"ListItem\",\"position\":1,\"name\":\"Accueil\",\"item\":\"https:\/\/m-a-i.qc.ca\/en\/\"},{\"@type\":\"ListItem\",\"position\":2,\"name\":\"public +\",\"item\":\"https:\/\/m-a-i.qc.ca\/en\/public-plus\/\"},{\"@type\":\"ListItem\",\"position\":3,\"name\":\"exhibition supplement\",\"item\":\"https:\/\/m-a-i.qc.ca\/en\/public-plus\/exhibition\/\"},{\"@type\":\"ListItem\",\"position\":4,\"name\":\"online supplement - exhibition live in palestine\",\"item\":\"https:\/\/m-a-i.qc.ca\/en\/public-plus\/exhibition\/live-in-palestine\/\"},{\"@type\":\"ListItem\",\"position\":5,\"name\":\"raeda saadeh\"}]},{\"@type\":\"WebSite\",\"@id\":\"https:\/\/www.m-a-i.qc.ca\/en\/#website\",\"url\":\"https:\/\/www.m-a-i.qc.ca\/en\/\",\"name\":\"MAI | Montr\u00e9al, arts interculturels\",\"description\":\"La perle des arts interculturels au c\u0153ur de Montr\u00e9al. Arts visuels, th\u00e9\u00e2tre, danse, musique et arts interdisciplinaires. + de 40 \u00e9v\u00e8nements par an\",\"publisher\":{\"@id\":\"https:\/\/www.m-a-i.qc.ca\/en\/#organization\"},\"potentialAction\":[{\"@type\":\"SearchAction\",\"target\":{\"@type\":\"EntryPoint\",\"urlTemplate\":\"https:\/\/www.m-a-i.qc.ca\/en\/?s={search_term_string}\"},\"query-input\":\"required name=search_term_string\"}],\"inLanguage\":\"en-US\"},{\"@type\":\"Organization\",\"@id\":\"https:\/\/www.m-a-i.qc.ca\/en\/#organization\",\"name\":\"MAI (Montr\u00e9al, arts interculturels)\",\"url\":\"https:\/\/www.m-a-i.qc.ca\/en\/\",\"logo\":{\"@type\":\"ImageObject\",\"inLanguage\":\"en-US\",\"@id\":\"https:\/\/www.m-a-i.qc.ca\/en\/#\/schema\/logo\/image\/\",\"url\":\"https:\/\/m-a-i.qc.ca\/wp-content\/uploads\/2024\/02\/logo_mai_noir-1.png\",\"contentUrl\":\"https:\/\/m-a-i.qc.ca\/wp-content\/uploads\/2024\/02\/logo_mai_noir-1.png\",\"width\":1152,\"height\":1152,\"caption\":\"MAI (Montr\u00e9al, arts interculturels)\"},\"image\":{\"@id\":\"https:\/\/www.m-a-i.qc.ca\/en\/#\/schema\/logo\/image\/\"},\"sameAs\":[\"http:\/\/instagram.com\/mtlartsinter\",\"http:\/\/linkedin.com\/company\/mtlartsinter\",\"https:\/\/fr.wikipedia.org\/wiki\/Montral_arts_interculturels\",\"http:\/\/facebook.com\/mtlartsinter\",\"https:\/\/twitter.com\/mtlartsinter\"]}]}<\/script>\n<!-- \/ Yoast SEO plugin. -->","yoast_head_json":{"title":"Raeda Saadeh &mdash; MAI | Montr\u00e9al, arts interculturels","robots":{"index":"index","follow":"follow","max-snippet":"max-snippet:-1","max-image-preview":"max-image-preview:large","max-video-preview":"max-video-preview:-1"},"canonical":"https:\/\/m-a-i.qc.ca\/en\/public-plus\/exhibition\/live-in-palestine\/raeda-saadeh\/","og_locale":"en_US","og_type":"article","og_title":"Raeda Saadeh &mdash; MAI | Montr\u00e9al, arts interculturels","og_description":"[vc_row full_width=&#8221;stretch_row&#8221; content_placement=&#8221;middle&#8221; parallax=&#8221;content-moving&#8221; css_animation=&#8221;none&#8221; css=&#8221;.vc_custom_1602093814135{background-color: #000000 !important;}&#8221;][vc_column][vc_column_text][\/vc_column_text][vc_column_text css_animation=&#8221;none&#8221; el_class=&#8221;.white&#8221;] Raeda Saadeh (1977) \u0631\u0627\u0626\u062f\u0629 \u0633\u0639\u0627\u062f\u0629 Lives and work in Jerusalem[\/vc_column_text][vc_column_text css_animation=&#8221;none&#8221; css=&#8221;.vc_custom_1603211532549{border-top-width: 2px !important;border-right-width: [&hellip;]","og_url":"https:\/\/m-a-i.qc.ca\/en\/public-plus\/exhibition\/live-in-palestine\/raeda-saadeh\/","og_site_name":"MAI | Montr\u00e9al, arts interculturels","article_publisher":"http:\/\/facebook.com\/mtlartsinter","article_modified_time":"2020-10-20T16:50:30+00:00","twitter_card":"summary_large_image","twitter_site":"@mtlartsinter","twitter_misc":{"Est. reading time":"5 minutes"},"schema":{"@context":"https:\/\/schema.org","@graph":[{"@type":"WebPage","@id":"https:\/\/m-a-i.qc.ca\/en\/public-plus\/exhibition\/live-in-palestine\/raeda-saadeh\/","url":"https:\/\/m-a-i.qc.ca\/en\/public-plus\/exhibition\/live-in-palestine\/raeda-saadeh\/","name":"Raeda Saadeh &mdash; MAI | Montr\u00e9al, arts interculturels","isPartOf":{"@id":"https:\/\/www.m-a-i.qc.ca\/en\/#website"},"datePublished":"2020-10-07T22:11:14+00:00","dateModified":"2020-10-20T16:50:30+00:00","breadcrumb":{"@id":"https:\/\/m-a-i.qc.ca\/en\/public-plus\/exhibition\/live-in-palestine\/raeda-saadeh\/#breadcrumb"},"inLanguage":"en-US","potentialAction":[{"@type":"ReadAction","target":["https:\/\/m-a-i.qc.ca\/en\/public-plus\/exhibition\/live-in-palestine\/raeda-saadeh\/"]}]},{"@type":"BreadcrumbList","@id":"https:\/\/m-a-i.qc.ca\/en\/public-plus\/exhibition\/live-in-palestine\/raeda-saadeh\/#breadcrumb","itemListElement":[{"@type":"ListItem","position":1,"name":"Accueil","item":"https:\/\/m-a-i.qc.ca\/en\/"},{"@type":"ListItem","position":2,"name":"public +","item":"https:\/\/m-a-i.qc.ca\/en\/public-plus\/"},{"@type":"ListItem","position":3,"name":"exhibition supplement","item":"https:\/\/m-a-i.qc.ca\/en\/public-plus\/exhibition\/"},{"@type":"ListItem","position":4,"name":"online supplement - exhibition live in palestine","item":"https:\/\/m-a-i.qc.ca\/en\/public-plus\/exhibition\/live-in-palestine\/"},{"@type":"ListItem","position":5,"name":"raeda saadeh"}]},{"@type":"WebSite","@id":"https:\/\/www.m-a-i.qc.ca\/en\/#website","url":"https:\/\/www.m-a-i.qc.ca\/en\/","name":"MAI | Montr\u00e9al, arts interculturels","description":"La perle des arts interculturels au c\u0153ur de Montr\u00e9al. Arts visuels, th\u00e9\u00e2tre, danse, musique et arts interdisciplinaires. + de 40 \u00e9v\u00e8nements par an","publisher":{"@id":"https:\/\/www.m-a-i.qc.ca\/en\/#organization"},"potentialAction":[{"@type":"SearchAction","target":{"@type":"EntryPoint","urlTemplate":"https:\/\/www.m-a-i.qc.ca\/en\/?s={search_term_string}"},"query-input":"required name=search_term_string"}],"inLanguage":"en-US"},{"@type":"Organization","@id":"https:\/\/www.m-a-i.qc.ca\/en\/#organization","name":"MAI (Montr\u00e9al, arts interculturels)","url":"https:\/\/www.m-a-i.qc.ca\/en\/","logo":{"@type":"ImageObject","inLanguage":"en-US","@id":"https:\/\/www.m-a-i.qc.ca\/en\/#\/schema\/logo\/image\/","url":"https:\/\/m-a-i.qc.ca\/wp-content\/uploads\/2024\/02\/logo_mai_noir-1.png","contentUrl":"https:\/\/m-a-i.qc.ca\/wp-content\/uploads\/2024\/02\/logo_mai_noir-1.png","width":1152,"height":1152,"caption":"MAI (Montr\u00e9al, arts interculturels)"},"image":{"@id":"https:\/\/www.m-a-i.qc.ca\/en\/#\/schema\/logo\/image\/"},"sameAs":["http:\/\/instagram.com\/mtlartsinter","http:\/\/linkedin.com\/company\/mtlartsinter","https:\/\/fr.wikipedia.org\/wiki\/Montral_arts_interculturels","http:\/\/facebook.com\/mtlartsinter","https:\/\/twitter.com\/mtlartsinter"]}]}},"_links":{"self":[{"href":"https:\/\/m-a-i.qc.ca\/en\/wp-json\/wp\/v2\/pages\/7914","targetHints":{"allow":["GET"]}}],"collection":[{"href":"https:\/\/m-a-i.qc.ca\/en\/wp-json\/wp\/v2\/pages"}],"about":[{"href":"https:\/\/m-a-i.qc.ca\/en\/wp-json\/wp\/v2\/types\/page"}],"author":[{"embeddable":true,"href":"https:\/\/m-a-i.qc.ca\/en\/wp-json\/wp\/v2\/users\/4"}],"replies":[{"embeddable":true,"href":"https:\/\/m-a-i.qc.ca\/en\/wp-json\/wp\/v2\/comments?post=7914"}],"version-history":[{"count":12,"href":"https:\/\/m-a-i.qc.ca\/en\/wp-json\/wp\/v2\/pages\/7914\/revisions"}],"predecessor-version":[{"id":8300,"href":"https:\/\/m-a-i.qc.ca\/en\/wp-json\/wp\/v2\/pages\/7914\/revisions\/8300"}],"up":[{"embeddable":true,"href":"https:\/\/m-a-i.qc.ca\/en\/wp-json\/wp\/v2\/pages\/7194"}],"wp:attachment":[{"href":"https:\/\/m-a-i.qc.ca\/en\/wp-json\/wp\/v2\/media?parent=7914"}],"curies":[{"name":"wp","href":"https:\/\/api.w.org\/{rel}","templated":true}]}}