{"id":7807,"date":"2020-10-07T17:02:28","date_gmt":"2020-10-07T21:02:28","guid":{"rendered":"https:\/\/m-a-i.qc.ca\/?page_id=7807"},"modified":"2020-10-20T10:30:35","modified_gmt":"2020-10-20T14:30:35","slug":"manal-mahamid","status":"publish","type":"page","link":"https:\/\/m-a-i.qc.ca\/en\/public-plus\/exhibition\/live-in-palestine\/manal-mahamid\/","title":{"rendered":"manal mahamid"},"content":{"rendered":"[vc_row full_width=&#8221;stretch_row&#8221; content_placement=&#8221;middle&#8221; parallax=&#8221;content-moving&#8221; css_animation=&#8221;none&#8221; css=&#8221;.vc_custom_1602093814135{background-color: #000000 !important;}&#8221;][vc_column][vc_column_text]<div class=\"floating-menu float-menu-2\"><ul class=\"fm-bar\"><li class=\"fm-sub fm-item-2-0\"><div class=\"fm-icon\"><i class=\"fas fa-hand-point-up\"><\/i><\/div><ul><li class=\"fm-item-2-1\"><a href=\"https:\/\/www.m-a-i.qc.ca\/en\/public-plus\/exhibition\/live-in-palestine\/jumana-emil-abboud\/\" target=\"_self\"  data-label=\"show\"><div class=\"fm-icon\"><i class=\"fas fa-external-link-alt\"><\/i><\/div><div class=\"fm-label fm-hold-open\">jumana emil abboud<\/div><\/a><\/li><li class=\"fm-item-2-2\"><a href=\"https:\/\/www.m-a-i.qc.ca\/en\/public-plus\/exhibition\/live-in-palestine\/khalil-al-mozain\" target=\"_self\" ><div class=\"fm-icon\"><i class=\"fas fa-external-link-alt\"><\/i><\/div><div class=\"fm-label\">khalil al-mozain<\/div><\/a><\/li><li class=\"fm-item-2-3\"><a href=\"https:\/\/www.m-a-i.qc.ca\/en\/public-plus\/exhibition\/live-in-palestine\/rana-affo-bishara\" target=\"_self\"  id=\"h2\"><div class=\"fm-icon\"><i class=\"fas fa-external-link-alt\"><\/i><\/div><div class=\"fm-label\">rana affo bishara<\/div><\/a><\/li><li class=\"fm-item-2-4\"><a href=\"https:\/\/www.m-a-i.qc.ca\/public-plus\/exposition\/live-in-palestine\/mohamed-harb\" target=\"_self\"  id=\"h2\"><div class=\"fm-icon\"><i class=\"fas fa-external-link-alt\"><\/i><\/div><div class=\"fm-label\">mohamed harb<\/div><\/a><\/li><li class=\"fm-item-2-5\"><a href=\"\" target=\"_self\"  class=\"https:\/\/www.m-a-i.qc.ca\/en\/public-plus\/exhibition\/live-in-palestine\/mana-mahamid\"><div class=\"fm-icon\"><i class=\"fas fa-external-link-alt\"><\/i><\/div><div class=\"fm-label\">manal mahamid<\/div><\/a><\/li><li class=\"fm-item-2-6\"><a href=\"https:\/\/www.m-a-i.qc.ca\/en\/public-plus\/exhibition\/live-in-palestine\/mohammad-obeidallah\" target=\"_self\" ><div class=\"fm-icon\"><i class=\"fas fa-external-link-alt\"><\/i><\/div><div class=\"fm-label\">mohammad obeidallah<\/div><\/a><\/li><li class=\"fm-item-2-7\"><a href=\"https:\/\/www.m-a-i.qc.ca\/en\/public-plus\/exhibition\/live-in-palestine\/mohammed-musallam\" target=\"_self\" ><div class=\"fm-icon\"><i class=\"fas fa-external-link-alt\"><\/i><\/div><div class=\"fm-label\">mohammed musallam<\/div><\/a><\/li><li class=\"fm-item-2-8\"><a href=\"https:\/\/www.m-a-i.qc.ca\/en\/public-plus\/exhibition\/live-in-palestine\/mohamad-mustafa-nihayah-alhaj\" target=\"_self\"  data-label=\"show\"><div class=\"fm-icon\"><i class=\"fas fa-external-link-alt\"><\/i><\/div><div class=\"fm-label fm-hold-open\">mohamad mustafa + nihayah alhaj<\/div><\/a><\/li><li class=\"fm-item-2-9\"><a href=\"https:\/\/www.m-a-i.qc.ca\/en\/public-plus\/exhibition\/live-in-palestine\/raeda-saadeh\" target=\"_self\" ><div class=\"fm-icon\"><i class=\"fas fa-external-link-alt\"><\/i><\/div><div class=\"fm-label\">raeda saadeh<\/div><\/a><\/li><li class=\"fm-item-2-10\"><a href=\"https:\/\/www.m-a-i.qc.ca\/en\/public-plus\/exposition\/live-in-palestine\/sharif-waked\/\" target=\"_self\" ><div class=\"fm-icon\"><i class=\"fas fa-external-link-alt\"><\/i><\/div><div class=\"fm-label\">sharif waked<\/div><\/a><\/li><\/ul><\/li><li class=\"fm-item-2-11\"><a href=\"https:\/\/www.m-a-i.qc.ca\/en\/public-plus\/exhibition\/live-in-palestine\/screening\" target=\"_self\" ><div class=\"fm-icon\"><i class=\"fas fa-video\"><\/i><\/div><div class=\"fm-label\">screening \/ septembre 25, 2020<\/div><\/a><\/li><li class=\"fm-item-2-12\"><a href=\"https:\/\/www.m-a-i.qc.ca\/en\/public-plus\/exhibition\/live-in-palestine\/\" target=\"_self\"  data-label=\"show\"><div class=\"fm-icon\"><i class=\"fas fa-home\"><\/i><\/div><div class=\"fm-label fm-hold-open\">exhibition homepage<\/div><\/a><\/li><\/ul><\/div>[\/vc_column_text][vc_column_text css_animation=&#8221;none&#8221; el_class=&#8221;.white&#8221;]\n<h1 class=\"title\">Manal Mahamid<\/h1>\n<h1 class=\"title\">\u0645\u0646\u0627\u0644 \u0645\u062d\u0627\u0645\u064a\u062f<\/h1>\n<div class=\"sc_player_container1\"><input type=\"button\" id=\"btnplay_69f9c1d17073e2.94185727\" class=\"myButton_play\" onClick=\"play_mp3('play','69f9c1d17073e2.94185727','https:\/\/m-a-i.qc.ca\/wp-content\/uploads\/2020\/10\/manal-mahamid.mp3','80','false');show_hide('play','69f9c1d17073e2.94185727');\" \/><input type=\"button\"  id=\"btnstop_69f9c1d17073e2.94185727\" style=\"display:none\" class=\"myButton_stop\" onClick=\"play_mp3('stop','69f9c1d17073e2.94185727','','80','false');show_hide('stop','69f9c1d17073e2.94185727');\" \/><div id=\"sm2-container\"><!-- flash movie ends up here --><\/div><\/div>\n<p>Lives and works in Ha\u00effa[\/vc_column_text][vc_column_text css_animation=&#8221;none&#8221; css=&#8221;.vc_custom_1602188807070{border-top-width: 2px !important;border-right-width: 2px !important;border-bottom-width: 2px !important;border-left-width: 2px !important;padding-top: 20px !important;padding-right: 20px !important;padding-bottom: 20px !important;padding-left: 20px !important;border-left-color: #ffffff !important;border-left-style: solid !important;border-right-color: #ffffff !important;border-right-style: solid !important;border-top-color: #ffffff !important;border-top-style: solid !important;border-bottom-color: #ffffff !important;border-bottom-style: solid !important;}&#8221; el_class=&#8221;.white&#8221;]<span style=\"font-weight: 400;\"><strong>Manal Mahamid<\/strong> was born in Moawia. She holds a Master\u2019s in Fine Arts at the University of Haifa as well as a degree in Museology and Curating from the University of Tel Aviv. Mahamid works across multiple mediums, including video, installation, painting and photography often exploring the relationship between historical facts, their narration and interpretation. Daily life often becomes the inspiration for extended research into histories and identities. Mahamid was shortlisted for the A.M Qattan Young Artist of the Year Award in 2002. She is a recipient of the 2007 Delfina Foundation\u2019s Resident Artist Award as part of the Riwaq Biennale (Palestine). Mahamid has participated in many art residencies including Delfina Foundation in London (England) and Townhouse Gallery in Cairo (Egypt). She has participated in over 50 group exhibitions.<\/span>[\/vc_column_text][vc_btn title=&#8221;Website \u23e4 Manal Mahamid&#8221; style=&#8221;flat&#8221; shape=&#8221;square&#8221; size=&#8221;lg&#8221; i_icon_fontawesome=&#8221;fa fa-external-link&#8221; add_icon=&#8221;true&#8221; link=&#8221;url:http%3A%2F%2Fmanalmahamid.com%2F||target:%20_blank|&#8221;][vc_message message_box_style=&#8221;solid&#8221; message_box_color=&#8221;orange&#8221; icon_fontawesome=&#8221;fa fa-long-arrow-down&#8221;]<em>Fine Dust<\/em>, 2007. \u00a9 Youtube channel of the artist.[\/vc_message][\/vc_column][\/vc_row][vc_row full_width=&#8221;stretch_row_content&#8221; full_height=&#8221;yes&#8221; content_placement=&#8221;middle&#8221; video_bg=&#8221;yes&#8221; video_bg_url=&#8221;https:\/\/www.youtube.com\/watch?v=WAhucPLaFr4&#8243; css=&#8221;.vc_custom_1601929581681{padding-top: 250px !important;padding-bottom: 250px !important;}&#8221;][vc_column][\/vc_column][\/vc_row][vc_row css_animation=&#8221;none&#8221;][vc_column][vc_column_text]<span style=\"font-weight: 400;\"><strong>Manal Mahamid<\/strong>\u2019s video <\/span><i><span style=\"font-weight: 400;\">Fine Dust <\/span><\/i><span style=\"font-weight: 400;\">examines the relationship between land, life, and settler colonialism. Holding a three-legged Palestinian gazelle, the artist traces the landscape of Palestine, running through its rich and varied topography. Its idea began with her encounter with a gazelle in an Israeli zoo, labeled \u201cPalestinian gazelle\u201d in English and Arabic. The creature suffered an amputation in one of his legs. When Mahamid returned to visit the gazelle, she found him moved to a Palestinian zoo in the West Bank. She then began her research and representation of the Palestinian gazelle as a symbol and metaphor of the conditions of the country, using various media, including sculpture and video. This Palestinian gazelle has great significance in Palestinian culture; it is found in literature, poetry, song, as well as in visual art.<\/span>[\/vc_column_text][\/vc_column][\/vc_row][vc_section][vc_row full_width=&#8221;stretch_row&#8221; content_placement=&#8221;middle&#8221; parallax=&#8221;content-moving&#8221; css_animation=&#8221;none&#8221; css=&#8221;.vc_custom_1602026166064{background-color: #dd9933 !important;}&#8221; el_class=&#8221;.white&#8221;][vc_column][vc_row_inner][vc_column_inner width=&#8221;1\/2&#8243;][vc_column_text]previous screen[\/vc_column_text][vc_icon icon_fontawesome=&#8221;fa fa-chevron-circle-left&#8221; color=&#8221;white&#8221; size=&#8221;xl&#8221; css_animation=&#8221;fadeInDown&#8221; link=&#8221;url:https%3A%2F%2Fwww.m-a-i.qc.ca%2Fen%2Fpublic-plus%2Fexhibition%2Flive-in-palestine%2Fmohamed-harb%2F|title:Mohamed%20Harb||&#8221;][\/vc_column_inner][vc_column_inner width=&#8221;1\/2&#8243;][vc_column_text]\n<p style=\"text-align: right;\">next screen<\/p>\n[\/vc_column_text][vc_icon icon_fontawesome=&#8221;fa fa-chevron-circle-right&#8221; color=&#8221;white&#8221; size=&#8221;xl&#8221; align=&#8221;right&#8221; css_animation=&#8221;fadeInDown&#8221; link=&#8221;url:https%3A%2F%2Fwww.m-a-i.qc.ca%2Fen%2Fpublic-plus%2Fexhibition%2Flive-in-palestine%2Fmohammad-obeidallah%2F|title:Mohammad%20Obeidallah||&#8221;][\/vc_column_inner][\/vc_row_inner][\/vc_column][\/vc_row][\/vc_section]\n","protected":false},"excerpt":{"rendered":"<p>[vc_row full_width=&#8221;stretch_row&#8221; content_placement=&#8221;middle&#8221; parallax=&#8221;content-moving&#8221; css_animation=&#8221;none&#8221; css=&#8221;.vc_custom_1602093814135{background-color: #000000 !important;}&#8221;][vc_column][vc_column_text][\/vc_column_text][vc_column_text css_animation=&#8221;none&#8221; el_class=&#8221;.white&#8221;] Manal Mahamid \u0645\u0646\u0627\u0644 \u0645\u062d\u0627\u0645\u064a\u062f Lives and works in Ha\u00effa[\/vc_column_text][vc_column_text css_animation=&#8221;none&#8221; css=&#8221;.vc_custom_1602188807070{border-top-width: 2px !important;border-right-width: 2px [&hellip;]<\/p>\n","protected":false},"author":4,"featured_media":0,"parent":7194,"menu_order":0,"comment_status":"closed","ping_status":"closed","template":"","meta":{"footnotes":""},"class_list":["post-7807","page","type-page","status-publish","hentry"],"acf":[],"yoast_head":"<!-- This site is optimized with the Yoast SEO plugin v19.13 - https:\/\/yoast.com\/wordpress\/plugins\/seo\/ -->\n<title>Manal Mahamid &mdash; MAI | Montr\u00e9al, arts interculturels<\/title>\n<meta name=\"robots\" content=\"index, follow, max-snippet:-1, max-image-preview:large, max-video-preview:-1\" \/>\n<link rel=\"canonical\" href=\"https:\/\/m-a-i.qc.ca\/en\/public-plus\/exhibition\/live-in-palestine\/manal-mahamid\/\" \/>\n<meta property=\"og:locale\" content=\"en_US\" \/>\n<meta property=\"og:type\" content=\"article\" \/>\n<meta property=\"og:title\" content=\"Manal Mahamid &mdash; MAI | Montr\u00e9al, arts interculturels\" \/>\n<meta property=\"og:description\" content=\"[vc_row full_width=&#8221;stretch_row&#8221; content_placement=&#8221;middle&#8221; parallax=&#8221;content-moving&#8221; css_animation=&#8221;none&#8221; css=&#8221;.vc_custom_1602093814135{background-color: #000000 !important;}&#8221;][vc_column][vc_column_text][\/vc_column_text][vc_column_text css_animation=&#8221;none&#8221; el_class=&#8221;.white&#8221;] Manal Mahamid \u0645\u0646\u0627\u0644 \u0645\u062d\u0627\u0645\u064a\u062f Lives and works in Ha\u00effa[\/vc_column_text][vc_column_text css_animation=&#8221;none&#8221; css=&#8221;.vc_custom_1602188807070{border-top-width: 2px !important;border-right-width: 2px [&hellip;]\" \/>\n<meta property=\"og:url\" content=\"https:\/\/m-a-i.qc.ca\/en\/public-plus\/exhibition\/live-in-palestine\/manal-mahamid\/\" \/>\n<meta property=\"og:site_name\" content=\"MAI | Montr\u00e9al, arts interculturels\" \/>\n<meta property=\"article:publisher\" content=\"http:\/\/facebook.com\/mtlartsinter\" \/>\n<meta property=\"article:modified_time\" content=\"2020-10-20T14:30:35+00:00\" \/>\n<meta name=\"twitter:card\" content=\"summary_large_image\" \/>\n<meta name=\"twitter:site\" content=\"@mtlartsinter\" \/>\n<meta name=\"twitter:label1\" content=\"Est. reading time\" \/>\n\t<meta name=\"twitter:data1\" content=\"3 minutes\" \/>\n<script type=\"application\/ld+json\" class=\"yoast-schema-graph\">{\"@context\":\"https:\/\/schema.org\",\"@graph\":[{\"@type\":\"WebPage\",\"@id\":\"https:\/\/m-a-i.qc.ca\/en\/public-plus\/exhibition\/live-in-palestine\/manal-mahamid\/\",\"url\":\"https:\/\/m-a-i.qc.ca\/en\/public-plus\/exhibition\/live-in-palestine\/manal-mahamid\/\",\"name\":\"Manal Mahamid &mdash; MAI | Montr\u00e9al, arts interculturels\",\"isPartOf\":{\"@id\":\"https:\/\/www.m-a-i.qc.ca\/en\/#website\"},\"datePublished\":\"2020-10-07T21:02:28+00:00\",\"dateModified\":\"2020-10-20T14:30:35+00:00\",\"breadcrumb\":{\"@id\":\"https:\/\/m-a-i.qc.ca\/en\/public-plus\/exhibition\/live-in-palestine\/manal-mahamid\/#breadcrumb\"},\"inLanguage\":\"en-US\",\"potentialAction\":[{\"@type\":\"ReadAction\",\"target\":[\"https:\/\/m-a-i.qc.ca\/en\/public-plus\/exhibition\/live-in-palestine\/manal-mahamid\/\"]}]},{\"@type\":\"BreadcrumbList\",\"@id\":\"https:\/\/m-a-i.qc.ca\/en\/public-plus\/exhibition\/live-in-palestine\/manal-mahamid\/#breadcrumb\",\"itemListElement\":[{\"@type\":\"ListItem\",\"position\":1,\"name\":\"Accueil\",\"item\":\"https:\/\/m-a-i.qc.ca\/en\/\"},{\"@type\":\"ListItem\",\"position\":2,\"name\":\"public +\",\"item\":\"https:\/\/m-a-i.qc.ca\/en\/public-plus\/\"},{\"@type\":\"ListItem\",\"position\":3,\"name\":\"exhibition supplement\",\"item\":\"https:\/\/m-a-i.qc.ca\/en\/public-plus\/exhibition\/\"},{\"@type\":\"ListItem\",\"position\":4,\"name\":\"online supplement - exhibition live in palestine\",\"item\":\"https:\/\/m-a-i.qc.ca\/en\/public-plus\/exhibition\/live-in-palestine\/\"},{\"@type\":\"ListItem\",\"position\":5,\"name\":\"manal mahamid\"}]},{\"@type\":\"WebSite\",\"@id\":\"https:\/\/www.m-a-i.qc.ca\/en\/#website\",\"url\":\"https:\/\/www.m-a-i.qc.ca\/en\/\",\"name\":\"MAI | Montr\u00e9al, arts interculturels\",\"description\":\"La perle des arts interculturels au c\u0153ur de Montr\u00e9al. Arts visuels, th\u00e9\u00e2tre, danse, musique et arts interdisciplinaires. + de 40 \u00e9v\u00e8nements par an\",\"publisher\":{\"@id\":\"https:\/\/www.m-a-i.qc.ca\/en\/#organization\"},\"potentialAction\":[{\"@type\":\"SearchAction\",\"target\":{\"@type\":\"EntryPoint\",\"urlTemplate\":\"https:\/\/www.m-a-i.qc.ca\/en\/?s={search_term_string}\"},\"query-input\":\"required name=search_term_string\"}],\"inLanguage\":\"en-US\"},{\"@type\":\"Organization\",\"@id\":\"https:\/\/www.m-a-i.qc.ca\/en\/#organization\",\"name\":\"MAI (Montr\u00e9al, arts interculturels)\",\"url\":\"https:\/\/www.m-a-i.qc.ca\/en\/\",\"logo\":{\"@type\":\"ImageObject\",\"inLanguage\":\"en-US\",\"@id\":\"https:\/\/www.m-a-i.qc.ca\/en\/#\/schema\/logo\/image\/\",\"url\":\"https:\/\/m-a-i.qc.ca\/wp-content\/uploads\/2024\/02\/logo_mai_noir-1.png\",\"contentUrl\":\"https:\/\/m-a-i.qc.ca\/wp-content\/uploads\/2024\/02\/logo_mai_noir-1.png\",\"width\":1152,\"height\":1152,\"caption\":\"MAI (Montr\u00e9al, arts interculturels)\"},\"image\":{\"@id\":\"https:\/\/www.m-a-i.qc.ca\/en\/#\/schema\/logo\/image\/\"},\"sameAs\":[\"http:\/\/instagram.com\/mtlartsinter\",\"http:\/\/linkedin.com\/company\/mtlartsinter\",\"https:\/\/fr.wikipedia.org\/wiki\/Montral_arts_interculturels\",\"http:\/\/facebook.com\/mtlartsinter\",\"https:\/\/twitter.com\/mtlartsinter\"]}]}<\/script>\n<!-- \/ Yoast SEO plugin. -->","yoast_head_json":{"title":"Manal Mahamid &mdash; MAI | Montr\u00e9al, arts interculturels","robots":{"index":"index","follow":"follow","max-snippet":"max-snippet:-1","max-image-preview":"max-image-preview:large","max-video-preview":"max-video-preview:-1"},"canonical":"https:\/\/m-a-i.qc.ca\/en\/public-plus\/exhibition\/live-in-palestine\/manal-mahamid\/","og_locale":"en_US","og_type":"article","og_title":"Manal Mahamid &mdash; MAI | Montr\u00e9al, arts interculturels","og_description":"[vc_row full_width=&#8221;stretch_row&#8221; content_placement=&#8221;middle&#8221; parallax=&#8221;content-moving&#8221; css_animation=&#8221;none&#8221; css=&#8221;.vc_custom_1602093814135{background-color: #000000 !important;}&#8221;][vc_column][vc_column_text][\/vc_column_text][vc_column_text css_animation=&#8221;none&#8221; el_class=&#8221;.white&#8221;] Manal Mahamid \u0645\u0646\u0627\u0644 \u0645\u062d\u0627\u0645\u064a\u062f Lives and works in Ha\u00effa[\/vc_column_text][vc_column_text css_animation=&#8221;none&#8221; css=&#8221;.vc_custom_1602188807070{border-top-width: 2px !important;border-right-width: 2px [&hellip;]","og_url":"https:\/\/m-a-i.qc.ca\/en\/public-plus\/exhibition\/live-in-palestine\/manal-mahamid\/","og_site_name":"MAI | Montr\u00e9al, arts interculturels","article_publisher":"http:\/\/facebook.com\/mtlartsinter","article_modified_time":"2020-10-20T14:30:35+00:00","twitter_card":"summary_large_image","twitter_site":"@mtlartsinter","twitter_misc":{"Est. reading time":"3 minutes"},"schema":{"@context":"https:\/\/schema.org","@graph":[{"@type":"WebPage","@id":"https:\/\/m-a-i.qc.ca\/en\/public-plus\/exhibition\/live-in-palestine\/manal-mahamid\/","url":"https:\/\/m-a-i.qc.ca\/en\/public-plus\/exhibition\/live-in-palestine\/manal-mahamid\/","name":"Manal Mahamid &mdash; MAI | Montr\u00e9al, arts interculturels","isPartOf":{"@id":"https:\/\/www.m-a-i.qc.ca\/en\/#website"},"datePublished":"2020-10-07T21:02:28+00:00","dateModified":"2020-10-20T14:30:35+00:00","breadcrumb":{"@id":"https:\/\/m-a-i.qc.ca\/en\/public-plus\/exhibition\/live-in-palestine\/manal-mahamid\/#breadcrumb"},"inLanguage":"en-US","potentialAction":[{"@type":"ReadAction","target":["https:\/\/m-a-i.qc.ca\/en\/public-plus\/exhibition\/live-in-palestine\/manal-mahamid\/"]}]},{"@type":"BreadcrumbList","@id":"https:\/\/m-a-i.qc.ca\/en\/public-plus\/exhibition\/live-in-palestine\/manal-mahamid\/#breadcrumb","itemListElement":[{"@type":"ListItem","position":1,"name":"Accueil","item":"https:\/\/m-a-i.qc.ca\/en\/"},{"@type":"ListItem","position":2,"name":"public +","item":"https:\/\/m-a-i.qc.ca\/en\/public-plus\/"},{"@type":"ListItem","position":3,"name":"exhibition supplement","item":"https:\/\/m-a-i.qc.ca\/en\/public-plus\/exhibition\/"},{"@type":"ListItem","position":4,"name":"online supplement - exhibition live in palestine","item":"https:\/\/m-a-i.qc.ca\/en\/public-plus\/exhibition\/live-in-palestine\/"},{"@type":"ListItem","position":5,"name":"manal mahamid"}]},{"@type":"WebSite","@id":"https:\/\/www.m-a-i.qc.ca\/en\/#website","url":"https:\/\/www.m-a-i.qc.ca\/en\/","name":"MAI | Montr\u00e9al, arts interculturels","description":"La perle des arts interculturels au c\u0153ur de Montr\u00e9al. Arts visuels, th\u00e9\u00e2tre, danse, musique et arts interdisciplinaires. + de 40 \u00e9v\u00e8nements par an","publisher":{"@id":"https:\/\/www.m-a-i.qc.ca\/en\/#organization"},"potentialAction":[{"@type":"SearchAction","target":{"@type":"EntryPoint","urlTemplate":"https:\/\/www.m-a-i.qc.ca\/en\/?s={search_term_string}"},"query-input":"required name=search_term_string"}],"inLanguage":"en-US"},{"@type":"Organization","@id":"https:\/\/www.m-a-i.qc.ca\/en\/#organization","name":"MAI (Montr\u00e9al, arts interculturels)","url":"https:\/\/www.m-a-i.qc.ca\/en\/","logo":{"@type":"ImageObject","inLanguage":"en-US","@id":"https:\/\/www.m-a-i.qc.ca\/en\/#\/schema\/logo\/image\/","url":"https:\/\/m-a-i.qc.ca\/wp-content\/uploads\/2024\/02\/logo_mai_noir-1.png","contentUrl":"https:\/\/m-a-i.qc.ca\/wp-content\/uploads\/2024\/02\/logo_mai_noir-1.png","width":1152,"height":1152,"caption":"MAI (Montr\u00e9al, arts interculturels)"},"image":{"@id":"https:\/\/www.m-a-i.qc.ca\/en\/#\/schema\/logo\/image\/"},"sameAs":["http:\/\/instagram.com\/mtlartsinter","http:\/\/linkedin.com\/company\/mtlartsinter","https:\/\/fr.wikipedia.org\/wiki\/Montral_arts_interculturels","http:\/\/facebook.com\/mtlartsinter","https:\/\/twitter.com\/mtlartsinter"]}]}},"_links":{"self":[{"href":"https:\/\/m-a-i.qc.ca\/en\/wp-json\/wp\/v2\/pages\/7807","targetHints":{"allow":["GET"]}}],"collection":[{"href":"https:\/\/m-a-i.qc.ca\/en\/wp-json\/wp\/v2\/pages"}],"about":[{"href":"https:\/\/m-a-i.qc.ca\/en\/wp-json\/wp\/v2\/types\/page"}],"author":[{"embeddable":true,"href":"https:\/\/m-a-i.qc.ca\/en\/wp-json\/wp\/v2\/users\/4"}],"replies":[{"embeddable":true,"href":"https:\/\/m-a-i.qc.ca\/en\/wp-json\/wp\/v2\/comments?post=7807"}],"version-history":[{"count":16,"href":"https:\/\/m-a-i.qc.ca\/en\/wp-json\/wp\/v2\/pages\/7807\/revisions"}],"predecessor-version":[{"id":8266,"href":"https:\/\/m-a-i.qc.ca\/en\/wp-json\/wp\/v2\/pages\/7807\/revisions\/8266"}],"up":[{"embeddable":true,"href":"https:\/\/m-a-i.qc.ca\/en\/wp-json\/wp\/v2\/pages\/7194"}],"wp:attachment":[{"href":"https:\/\/m-a-i.qc.ca\/en\/wp-json\/wp\/v2\/media?parent=7807"}],"curies":[{"name":"wp","href":"https:\/\/api.w.org\/{rel}","templated":true}]}}