{"id":7799,"date":"2020-10-06T18:41:06","date_gmt":"2020-10-06T22:41:06","guid":{"rendered":"https:\/\/m-a-i.qc.ca\/?page_id=7799"},"modified":"2020-10-20T09:44:48","modified_gmt":"2020-10-20T13:44:48","slug":"jumana-emil-abboud","status":"publish","type":"page","link":"https:\/\/m-a-i.qc.ca\/en\/public-plus\/exhibition\/live-in-palestine\/jumana-emil-abboud\/","title":{"rendered":"jumana emil abboud"},"content":{"rendered":"[vc_section][vc_row full_width=&#8221;stretch_row&#8221; content_placement=&#8221;middle&#8221; parallax=&#8221;content-moving&#8221; css_animation=&#8221;none&#8221; css=&#8221;.vc_custom_1602093814135{background-color: #000000 !important;}&#8221;][vc_column][vc_column_text]<div class=\"floating-menu float-menu-2\"><ul class=\"fm-bar\"><li class=\"fm-sub fm-item-2-0\"><div class=\"fm-icon\"><i class=\"fas fa-hand-point-up\"><\/i><\/div><ul><li class=\"fm-item-2-1\"><a href=\"https:\/\/www.m-a-i.qc.ca\/en\/public-plus\/exhibition\/live-in-palestine\/jumana-emil-abboud\/\" target=\"_self\"  data-label=\"show\"><div class=\"fm-icon\"><i class=\"fas fa-external-link-alt\"><\/i><\/div><div class=\"fm-label fm-hold-open\">jumana emil abboud<\/div><\/a><\/li><li class=\"fm-item-2-2\"><a href=\"https:\/\/www.m-a-i.qc.ca\/en\/public-plus\/exhibition\/live-in-palestine\/khalil-al-mozain\" target=\"_self\" ><div class=\"fm-icon\"><i class=\"fas fa-external-link-alt\"><\/i><\/div><div class=\"fm-label\">khalil al-mozain<\/div><\/a><\/li><li class=\"fm-item-2-3\"><a href=\"https:\/\/www.m-a-i.qc.ca\/en\/public-plus\/exhibition\/live-in-palestine\/rana-affo-bishara\" target=\"_self\"  id=\"h2\"><div class=\"fm-icon\"><i class=\"fas fa-external-link-alt\"><\/i><\/div><div class=\"fm-label\">rana affo bishara<\/div><\/a><\/li><li class=\"fm-item-2-4\"><a href=\"https:\/\/www.m-a-i.qc.ca\/public-plus\/exposition\/live-in-palestine\/mohamed-harb\" target=\"_self\"  id=\"h2\"><div class=\"fm-icon\"><i class=\"fas fa-external-link-alt\"><\/i><\/div><div class=\"fm-label\">mohamed harb<\/div><\/a><\/li><li class=\"fm-item-2-5\"><a href=\"\" target=\"_self\"  class=\"https:\/\/www.m-a-i.qc.ca\/en\/public-plus\/exhibition\/live-in-palestine\/mana-mahamid\"><div class=\"fm-icon\"><i class=\"fas fa-external-link-alt\"><\/i><\/div><div class=\"fm-label\">manal mahamid<\/div><\/a><\/li><li class=\"fm-item-2-6\"><a href=\"https:\/\/www.m-a-i.qc.ca\/en\/public-plus\/exhibition\/live-in-palestine\/mohammad-obeidallah\" target=\"_self\" ><div class=\"fm-icon\"><i class=\"fas fa-external-link-alt\"><\/i><\/div><div class=\"fm-label\">mohammad obeidallah<\/div><\/a><\/li><li class=\"fm-item-2-7\"><a href=\"https:\/\/www.m-a-i.qc.ca\/en\/public-plus\/exhibition\/live-in-palestine\/mohammed-musallam\" target=\"_self\" ><div class=\"fm-icon\"><i class=\"fas fa-external-link-alt\"><\/i><\/div><div class=\"fm-label\">mohammed musallam<\/div><\/a><\/li><li class=\"fm-item-2-8\"><a href=\"https:\/\/www.m-a-i.qc.ca\/en\/public-plus\/exhibition\/live-in-palestine\/mohamad-mustafa-nihayah-alhaj\" target=\"_self\"  data-label=\"show\"><div class=\"fm-icon\"><i class=\"fas fa-external-link-alt\"><\/i><\/div><div class=\"fm-label fm-hold-open\">mohamad mustafa + nihayah alhaj<\/div><\/a><\/li><li class=\"fm-item-2-9\"><a href=\"https:\/\/www.m-a-i.qc.ca\/en\/public-plus\/exhibition\/live-in-palestine\/raeda-saadeh\" target=\"_self\" ><div class=\"fm-icon\"><i class=\"fas fa-external-link-alt\"><\/i><\/div><div class=\"fm-label\">raeda saadeh<\/div><\/a><\/li><li class=\"fm-item-2-10\"><a href=\"https:\/\/www.m-a-i.qc.ca\/en\/public-plus\/exposition\/live-in-palestine\/sharif-waked\/\" target=\"_self\" ><div class=\"fm-icon\"><i class=\"fas fa-external-link-alt\"><\/i><\/div><div class=\"fm-label\">sharif waked<\/div><\/a><\/li><\/ul><\/li><li class=\"fm-item-2-11\"><a href=\"https:\/\/www.m-a-i.qc.ca\/en\/public-plus\/exhibition\/live-in-palestine\/screening\" target=\"_self\" ><div class=\"fm-icon\"><i class=\"fas fa-video\"><\/i><\/div><div class=\"fm-label\">screening \/ septembre 25, 2020<\/div><\/a><\/li><li class=\"fm-item-2-12\"><a href=\"https:\/\/www.m-a-i.qc.ca\/en\/public-plus\/exhibition\/live-in-palestine\/\" target=\"_self\"  data-label=\"show\"><div class=\"fm-icon\"><i class=\"fas fa-home\"><\/i><\/div><div class=\"fm-label fm-hold-open\">exhibition homepage<\/div><\/a><\/li><\/ul><\/div>[\/vc_column_text][vc_column_text css_animation=&#8221;none&#8221; el_class=&#8221;.white&#8221;]\n<h1>Jumana Emil Abboud (1971)<\/h1>\n<h1 id=\"firstHeading\" class=\"firstHeading\" lang=\"ar\">\u062c\u0645\u0627\u0646\u0629 \u0625\u0645\u064a\u0644 \u0639\u0628\u0648\u062f<\/h1>\n<div class=\"sc_player_container1\"><input type=\"button\" id=\"btnplay_6a06e2e6ba1372.62377146\" class=\"myButton_play\" onClick=\"play_mp3('play','6a06e2e6ba1372.62377146','https:\/\/m-a-i.qc.ca\/wp-content\/uploads\/2020\/10\/jumana_emil_abboud.mp3','80','false');show_hide('play','6a06e2e6ba1372.62377146');\" \/><input type=\"button\"  id=\"btnstop_6a06e2e6ba1372.62377146\" style=\"display:none\" class=\"myButton_stop\" onClick=\"play_mp3('stop','6a06e2e6ba1372.62377146','','80','false');show_hide('stop','6a06e2e6ba1372.62377146');\" \/><div id=\"sm2-container\"><!-- flash movie ends up here --><\/div><\/div>\nLives and works in Jerusalem[\/vc_column_text][vc_column_text css_animation=&#8221;none&#8221; css=&#8221;.vc_custom_1602181516358{border-top-width: 2px !important;border-right-width: 2px !important;border-bottom-width: 2px !important;border-left-width: 2px !important;padding-top: 20px !important;padding-right: 20px !important;padding-bottom: 20px !important;padding-left: 20px !important;border-left-color: #ffffff !important;border-left-style: solid !important;border-right-color: #ffffff !important;border-right-style: solid !important;border-top-color: #ffffff !important;border-top-style: solid !important;border-bottom-color: #ffffff !important;border-bottom-style: solid !important;}&#8221; el_class=&#8221;.white&#8221;]<strong>Jumana Emil Abboud<\/strong> engages drawing, video, performance, objects, and text to navigate themes of memory, loss, and resilience. Abboud has participated in numerous international group exhibitions including exhibitions in France, Jordan, Norway, Austria, Palestine and Spain. Her solo exhibitions include <em>Haunted Springs and Water Demons in Palestine<\/em> at Kunstraum (England); <em>BALTIC <\/em>at Gateshead (England); <em>O whale don\u2019t swallow our moon! <\/em>at Khalil Sakakini Cultural Center in 2016; <em>The Horse, the Bird, the Tree and Stone <\/em>at Ume\u00e5 (Sweden) in 2017; <em>The pomegranate and the sleeping ghoul <\/em>at Darat Al Funun \u2014 Khalid Shoman Foundation (Jordan) in 2017; in addition to the 53rd and 56th Biennale di Venezia (Italy) in 2009 and 2015; <em>Qalandiya International <\/em>in Palestine in 2012 and 2016; <em>Sharjah Biennial 13: Tamawuj <\/em>in Ramallah (Palestine); <em>Living Together Performance Festival <\/em>at MOAD DADE College in Miami (United States); and <em>BMW TATE LIVE EXHIBITION<\/em>, <em>10 Days 6 Nights <\/em>at Tate Modern (England) in 2018.[\/vc_column_text][vc_message message_box_style=&#8221;solid&#8221; message_box_color=&#8221;orange&#8221; icon_fontawesome=&#8221;fa fa-long-arrow-down&#8221;]Capture of the original work, on the left.<em> An Untitled Life-Drawing, 2007.\u00a0<\/em>[\/vc_message][\/vc_column][\/vc_row][vc_row full_width=&#8221;stretch_row_content_no_spaces&#8221; full_height=&#8221;yes&#8221; content_placement=&#8221;middle&#8221; parallax=&#8221;content-moving-fade&#8221; parallax_image=&#8221;7197&#8243; css=&#8221;.vc_custom_1601673775388{padding-top: 250px !important;padding-bottom: 250px !important;}&#8221;][vc_column][\/vc_column][\/vc_row][vc_row css_animation=&#8221;none&#8221;][vc_column width=&#8221;1\/2&#8243;][vc_column_text]\n<h3><em>AN UNTITLED LIFE-DRAWING<\/em>, 2007<\/h3>\n[\/vc_column_text][vc_column_text]Originally commissioned for the 9th Lyon Biennial in 2007, Jumana Emil Abboud\u2019s three-channel video <em>An<\/em> <em>Untitled Life-Drawing <\/em>brings together videos of the objects and people encountered in daily life. These are juxtaposed with videos documenting the writing and drawing of these same objects. As a kind of mimetic, semiotic experiment, Abboud\u2019s video offers us fragments of life in a way that asks us to think about forms of representation. Yet the video moves beyond a mere exercise in conceptual play between language and the visual \u2014 beyond a collection of objects as an archive. The video offers us markers and memories of objects associated with her lost Palestinian homeland.[\/vc_column_text][\/vc_column][vc_column css_animation=&#8221;none&#8221; width=&#8221;1\/2&#8243;][vc_single_image image=&#8221;7398&#8243; img_size=&#8221;full&#8221; add_caption=&#8221;yes&#8221; onclick=&#8221;link_image&#8221; css_animation=&#8221;none&#8221;][vc_single_image image=&#8221;7212&#8243; img_size=&#8221;full&#8221; add_caption=&#8221;yes&#8221; onclick=&#8221;link_image&#8221; css_animation=&#8221;none&#8221;][\/vc_column][\/vc_row][\/vc_section][vc_section][vc_row full_width=&#8221;stretch_row&#8221; content_placement=&#8221;middle&#8221; parallax=&#8221;content-moving&#8221; css_animation=&#8221;none&#8221; css=&#8221;.vc_custom_1602026166064{background-color: #dd9933 !important;}&#8221; el_class=&#8221;.white&#8221;][vc_column][vc_row_inner][vc_column_inner width=&#8221;1\/2&#8243;][vc_column_text]exhibition homepage[\/vc_column_text][vc_icon icon_fontawesome=&#8221;fa fa-home&#8221; color=&#8221;white&#8221; size=&#8221;xl&#8221; css_animation=&#8221;fadeInDown&#8221; link=&#8221;url:https%3A%2F%2Fwww.m-a-i.qc.ca%2Fen%2Fpublic-plus%2Fexhibition%2Flive-in-palestine%2F|title:Live%20In%20Palestine||&#8221;][\/vc_column_inner][vc_column_inner width=&#8221;1\/2&#8243;][vc_column_text]\n<p style=\"text-align: right;\">next screen<\/p>\n[\/vc_column_text][vc_icon icon_fontawesome=&#8221;fa fa-chevron-circle-right&#8221; color=&#8221;white&#8221; size=&#8221;xl&#8221; align=&#8221;right&#8221; css_animation=&#8221;fadeInDown&#8221; link=&#8221;url:https%3A%2F%2Fwww.m-a-i.qc.ca%2Fen%2Fpublic-plus%2Fexhibition%2Flive-in-palestine%2Fkhalil-al-mozain%2F|title:Khalil%20Al-Mozain||&#8221;][\/vc_column_inner][\/vc_row_inner][\/vc_column][\/vc_row][\/vc_section]\n","protected":false},"excerpt":{"rendered":"<p>[vc_section][vc_row full_width=&#8221;stretch_row&#8221; content_placement=&#8221;middle&#8221; parallax=&#8221;content-moving&#8221; css_animation=&#8221;none&#8221; css=&#8221;.vc_custom_1602093814135{background-color: #000000 !important;}&#8221;][vc_column][vc_column_text][\/vc_column_text][vc_column_text css_animation=&#8221;none&#8221; el_class=&#8221;.white&#8221;] Jumana Emil Abboud (1971) \u062c\u0645\u0627\u0646\u0629 \u0625\u0645\u064a\u0644 \u0639\u0628\u0648\u062f Lives and works in Jerusalem[\/vc_column_text][vc_column_text css_animation=&#8221;none&#8221; css=&#8221;.vc_custom_1602181516358{border-top-width: [&hellip;]<\/p>\n","protected":false},"author":4,"featured_media":0,"parent":7194,"menu_order":0,"comment_status":"closed","ping_status":"closed","template":"","meta":{"footnotes":""},"class_list":["post-7799","page","type-page","status-publish","hentry"],"acf":[],"yoast_head":"<!-- This site is optimized with the Yoast SEO plugin v19.13 - https:\/\/yoast.com\/wordpress\/plugins\/seo\/ -->\n<title>Jumana Emil Abboud &mdash; MAI | Montr\u00e9al, arts interculturels<\/title>\n<meta name=\"robots\" content=\"index, follow, max-snippet:-1, max-image-preview:large, max-video-preview:-1\" \/>\n<link rel=\"canonical\" href=\"https:\/\/m-a-i.qc.ca\/en\/public-plus\/exhibition\/live-in-palestine\/jumana-emil-abboud\/\" \/>\n<meta property=\"og:locale\" content=\"en_US\" \/>\n<meta property=\"og:type\" content=\"article\" \/>\n<meta property=\"og:title\" content=\"Jumana Emil Abboud &mdash; MAI | Montr\u00e9al, arts interculturels\" \/>\n<meta property=\"og:description\" content=\"[vc_section][vc_row full_width=&#8221;stretch_row&#8221; content_placement=&#8221;middle&#8221; parallax=&#8221;content-moving&#8221; css_animation=&#8221;none&#8221; css=&#8221;.vc_custom_1602093814135{background-color: #000000 !important;}&#8221;][vc_column][vc_column_text][\/vc_column_text][vc_column_text css_animation=&#8221;none&#8221; el_class=&#8221;.white&#8221;] Jumana Emil Abboud (1971) \u062c\u0645\u0627\u0646\u0629 \u0625\u0645\u064a\u0644 \u0639\u0628\u0648\u062f Lives and works in Jerusalem[\/vc_column_text][vc_column_text css_animation=&#8221;none&#8221; css=&#8221;.vc_custom_1602181516358{border-top-width: [&hellip;]\" \/>\n<meta property=\"og:url\" content=\"https:\/\/m-a-i.qc.ca\/en\/public-plus\/exhibition\/live-in-palestine\/jumana-emil-abboud\/\" \/>\n<meta property=\"og:site_name\" content=\"MAI | Montr\u00e9al, arts interculturels\" \/>\n<meta property=\"article:publisher\" content=\"http:\/\/facebook.com\/mtlartsinter\" \/>\n<meta property=\"article:modified_time\" content=\"2020-10-20T13:44:48+00:00\" \/>\n<meta name=\"twitter:card\" content=\"summary_large_image\" \/>\n<meta name=\"twitter:site\" content=\"@mtlartsinter\" \/>\n<meta name=\"twitter:label1\" content=\"Est. reading time\" \/>\n\t<meta name=\"twitter:data1\" content=\"3 minutes\" \/>\n<script type=\"application\/ld+json\" class=\"yoast-schema-graph\">{\"@context\":\"https:\/\/schema.org\",\"@graph\":[{\"@type\":\"WebPage\",\"@id\":\"https:\/\/m-a-i.qc.ca\/en\/public-plus\/exhibition\/live-in-palestine\/jumana-emil-abboud\/\",\"url\":\"https:\/\/m-a-i.qc.ca\/en\/public-plus\/exhibition\/live-in-palestine\/jumana-emil-abboud\/\",\"name\":\"Jumana Emil Abboud &mdash; MAI | Montr\u00e9al, arts interculturels\",\"isPartOf\":{\"@id\":\"https:\/\/www.m-a-i.qc.ca\/en\/#website\"},\"datePublished\":\"2020-10-06T22:41:06+00:00\",\"dateModified\":\"2020-10-20T13:44:48+00:00\",\"breadcrumb\":{\"@id\":\"https:\/\/m-a-i.qc.ca\/en\/public-plus\/exhibition\/live-in-palestine\/jumana-emil-abboud\/#breadcrumb\"},\"inLanguage\":\"en-US\",\"potentialAction\":[{\"@type\":\"ReadAction\",\"target\":[\"https:\/\/m-a-i.qc.ca\/en\/public-plus\/exhibition\/live-in-palestine\/jumana-emil-abboud\/\"]}]},{\"@type\":\"BreadcrumbList\",\"@id\":\"https:\/\/m-a-i.qc.ca\/en\/public-plus\/exhibition\/live-in-palestine\/jumana-emil-abboud\/#breadcrumb\",\"itemListElement\":[{\"@type\":\"ListItem\",\"position\":1,\"name\":\"Accueil\",\"item\":\"https:\/\/m-a-i.qc.ca\/en\/\"},{\"@type\":\"ListItem\",\"position\":2,\"name\":\"public +\",\"item\":\"https:\/\/m-a-i.qc.ca\/en\/public-plus\/\"},{\"@type\":\"ListItem\",\"position\":3,\"name\":\"exhibition supplement\",\"item\":\"https:\/\/m-a-i.qc.ca\/en\/public-plus\/exhibition\/\"},{\"@type\":\"ListItem\",\"position\":4,\"name\":\"online supplement - exhibition live in palestine\",\"item\":\"https:\/\/m-a-i.qc.ca\/en\/public-plus\/exhibition\/live-in-palestine\/\"},{\"@type\":\"ListItem\",\"position\":5,\"name\":\"jumana emil abboud\"}]},{\"@type\":\"WebSite\",\"@id\":\"https:\/\/www.m-a-i.qc.ca\/en\/#website\",\"url\":\"https:\/\/www.m-a-i.qc.ca\/en\/\",\"name\":\"MAI | Montr\u00e9al, arts interculturels\",\"description\":\"La perle des arts interculturels au c\u0153ur de Montr\u00e9al. Arts visuels, th\u00e9\u00e2tre, danse, musique et arts interdisciplinaires. + de 40 \u00e9v\u00e8nements par an\",\"publisher\":{\"@id\":\"https:\/\/www.m-a-i.qc.ca\/en\/#organization\"},\"potentialAction\":[{\"@type\":\"SearchAction\",\"target\":{\"@type\":\"EntryPoint\",\"urlTemplate\":\"https:\/\/www.m-a-i.qc.ca\/en\/?s={search_term_string}\"},\"query-input\":\"required name=search_term_string\"}],\"inLanguage\":\"en-US\"},{\"@type\":\"Organization\",\"@id\":\"https:\/\/www.m-a-i.qc.ca\/en\/#organization\",\"name\":\"MAI (Montr\u00e9al, arts interculturels)\",\"url\":\"https:\/\/www.m-a-i.qc.ca\/en\/\",\"logo\":{\"@type\":\"ImageObject\",\"inLanguage\":\"en-US\",\"@id\":\"https:\/\/www.m-a-i.qc.ca\/en\/#\/schema\/logo\/image\/\",\"url\":\"https:\/\/m-a-i.qc.ca\/wp-content\/uploads\/2024\/02\/logo_mai_noir-1.png\",\"contentUrl\":\"https:\/\/m-a-i.qc.ca\/wp-content\/uploads\/2024\/02\/logo_mai_noir-1.png\",\"width\":1152,\"height\":1152,\"caption\":\"MAI (Montr\u00e9al, arts interculturels)\"},\"image\":{\"@id\":\"https:\/\/www.m-a-i.qc.ca\/en\/#\/schema\/logo\/image\/\"},\"sameAs\":[\"http:\/\/instagram.com\/mtlartsinter\",\"http:\/\/linkedin.com\/company\/mtlartsinter\",\"https:\/\/fr.wikipedia.org\/wiki\/Montral_arts_interculturels\",\"http:\/\/facebook.com\/mtlartsinter\",\"https:\/\/twitter.com\/mtlartsinter\"]}]}<\/script>\n<!-- \/ Yoast SEO plugin. -->","yoast_head_json":{"title":"Jumana Emil Abboud &mdash; MAI | Montr\u00e9al, arts interculturels","robots":{"index":"index","follow":"follow","max-snippet":"max-snippet:-1","max-image-preview":"max-image-preview:large","max-video-preview":"max-video-preview:-1"},"canonical":"https:\/\/m-a-i.qc.ca\/en\/public-plus\/exhibition\/live-in-palestine\/jumana-emil-abboud\/","og_locale":"en_US","og_type":"article","og_title":"Jumana Emil Abboud &mdash; MAI | Montr\u00e9al, arts interculturels","og_description":"[vc_section][vc_row full_width=&#8221;stretch_row&#8221; content_placement=&#8221;middle&#8221; parallax=&#8221;content-moving&#8221; css_animation=&#8221;none&#8221; css=&#8221;.vc_custom_1602093814135{background-color: #000000 !important;}&#8221;][vc_column][vc_column_text][\/vc_column_text][vc_column_text css_animation=&#8221;none&#8221; el_class=&#8221;.white&#8221;] Jumana Emil Abboud (1971) \u062c\u0645\u0627\u0646\u0629 \u0625\u0645\u064a\u0644 \u0639\u0628\u0648\u062f Lives and works in Jerusalem[\/vc_column_text][vc_column_text css_animation=&#8221;none&#8221; css=&#8221;.vc_custom_1602181516358{border-top-width: [&hellip;]","og_url":"https:\/\/m-a-i.qc.ca\/en\/public-plus\/exhibition\/live-in-palestine\/jumana-emil-abboud\/","og_site_name":"MAI | Montr\u00e9al, arts interculturels","article_publisher":"http:\/\/facebook.com\/mtlartsinter","article_modified_time":"2020-10-20T13:44:48+00:00","twitter_card":"summary_large_image","twitter_site":"@mtlartsinter","twitter_misc":{"Est. reading time":"3 minutes"},"schema":{"@context":"https:\/\/schema.org","@graph":[{"@type":"WebPage","@id":"https:\/\/m-a-i.qc.ca\/en\/public-plus\/exhibition\/live-in-palestine\/jumana-emil-abboud\/","url":"https:\/\/m-a-i.qc.ca\/en\/public-plus\/exhibition\/live-in-palestine\/jumana-emil-abboud\/","name":"Jumana Emil Abboud &mdash; MAI | Montr\u00e9al, arts interculturels","isPartOf":{"@id":"https:\/\/www.m-a-i.qc.ca\/en\/#website"},"datePublished":"2020-10-06T22:41:06+00:00","dateModified":"2020-10-20T13:44:48+00:00","breadcrumb":{"@id":"https:\/\/m-a-i.qc.ca\/en\/public-plus\/exhibition\/live-in-palestine\/jumana-emil-abboud\/#breadcrumb"},"inLanguage":"en-US","potentialAction":[{"@type":"ReadAction","target":["https:\/\/m-a-i.qc.ca\/en\/public-plus\/exhibition\/live-in-palestine\/jumana-emil-abboud\/"]}]},{"@type":"BreadcrumbList","@id":"https:\/\/m-a-i.qc.ca\/en\/public-plus\/exhibition\/live-in-palestine\/jumana-emil-abboud\/#breadcrumb","itemListElement":[{"@type":"ListItem","position":1,"name":"Accueil","item":"https:\/\/m-a-i.qc.ca\/en\/"},{"@type":"ListItem","position":2,"name":"public +","item":"https:\/\/m-a-i.qc.ca\/en\/public-plus\/"},{"@type":"ListItem","position":3,"name":"exhibition supplement","item":"https:\/\/m-a-i.qc.ca\/en\/public-plus\/exhibition\/"},{"@type":"ListItem","position":4,"name":"online supplement - exhibition live in palestine","item":"https:\/\/m-a-i.qc.ca\/en\/public-plus\/exhibition\/live-in-palestine\/"},{"@type":"ListItem","position":5,"name":"jumana emil abboud"}]},{"@type":"WebSite","@id":"https:\/\/www.m-a-i.qc.ca\/en\/#website","url":"https:\/\/www.m-a-i.qc.ca\/en\/","name":"MAI | Montr\u00e9al, arts interculturels","description":"La perle des arts interculturels au c\u0153ur de Montr\u00e9al. Arts visuels, th\u00e9\u00e2tre, danse, musique et arts interdisciplinaires. + de 40 \u00e9v\u00e8nements par an","publisher":{"@id":"https:\/\/www.m-a-i.qc.ca\/en\/#organization"},"potentialAction":[{"@type":"SearchAction","target":{"@type":"EntryPoint","urlTemplate":"https:\/\/www.m-a-i.qc.ca\/en\/?s={search_term_string}"},"query-input":"required name=search_term_string"}],"inLanguage":"en-US"},{"@type":"Organization","@id":"https:\/\/www.m-a-i.qc.ca\/en\/#organization","name":"MAI (Montr\u00e9al, arts interculturels)","url":"https:\/\/www.m-a-i.qc.ca\/en\/","logo":{"@type":"ImageObject","inLanguage":"en-US","@id":"https:\/\/www.m-a-i.qc.ca\/en\/#\/schema\/logo\/image\/","url":"https:\/\/m-a-i.qc.ca\/wp-content\/uploads\/2024\/02\/logo_mai_noir-1.png","contentUrl":"https:\/\/m-a-i.qc.ca\/wp-content\/uploads\/2024\/02\/logo_mai_noir-1.png","width":1152,"height":1152,"caption":"MAI (Montr\u00e9al, arts interculturels)"},"image":{"@id":"https:\/\/www.m-a-i.qc.ca\/en\/#\/schema\/logo\/image\/"},"sameAs":["http:\/\/instagram.com\/mtlartsinter","http:\/\/linkedin.com\/company\/mtlartsinter","https:\/\/fr.wikipedia.org\/wiki\/Montral_arts_interculturels","http:\/\/facebook.com\/mtlartsinter","https:\/\/twitter.com\/mtlartsinter"]}]}},"_links":{"self":[{"href":"https:\/\/m-a-i.qc.ca\/en\/wp-json\/wp\/v2\/pages\/7799","targetHints":{"allow":["GET"]}}],"collection":[{"href":"https:\/\/m-a-i.qc.ca\/en\/wp-json\/wp\/v2\/pages"}],"about":[{"href":"https:\/\/m-a-i.qc.ca\/en\/wp-json\/wp\/v2\/types\/page"}],"author":[{"embeddable":true,"href":"https:\/\/m-a-i.qc.ca\/en\/wp-json\/wp\/v2\/users\/4"}],"replies":[{"embeddable":true,"href":"https:\/\/m-a-i.qc.ca\/en\/wp-json\/wp\/v2\/comments?post=7799"}],"version-history":[{"count":8,"href":"https:\/\/m-a-i.qc.ca\/en\/wp-json\/wp\/v2\/pages\/7799\/revisions"}],"predecessor-version":[{"id":8251,"href":"https:\/\/m-a-i.qc.ca\/en\/wp-json\/wp\/v2\/pages\/7799\/revisions\/8251"}],"up":[{"embeddable":true,"href":"https:\/\/m-a-i.qc.ca\/en\/wp-json\/wp\/v2\/pages\/7194"}],"wp:attachment":[{"href":"https:\/\/m-a-i.qc.ca\/en\/wp-json\/wp\/v2\/media?parent=7799"}],"curies":[{"name":"wp","href":"https:\/\/api.w.org\/{rel}","templated":true}]}}