{"id":224,"date":"2018-07-05T15:10:21","date_gmt":"2018-07-05T19:10:21","guid":{"rendered":"http:\/\/m-a-i.qc.ca\/?page_id=224"},"modified":"2022-11-09T16:00:51","modified_gmt":"2022-11-09T21:00:51","slug":"contact","status":"publish","type":"page","link":"https:\/\/m-a-i.qc.ca\/en\/contact\/","title":{"rendered":"contact"},"content":{"rendered":"","protected":false},"excerpt":{"rendered":"","protected":false},"author":1,"featured_media":2102,"parent":0,"menu_order":8,"comment_status":"closed","ping_status":"closed","template":"template-static-page.php","meta":{"footnotes":""},"class_list":["post-224","page","type-page","status-publish","has-post-thumbnail","hentry"],"acf":[],"yoast_head":"<!-- This site is optimized with the Yoast SEO plugin v19.13 - https:\/\/yoast.com\/wordpress\/plugins\/seo\/ -->\n<title>Contact &mdash; MAI | Montr\u00e9al, arts interculturels<\/title>\n<meta name=\"robots\" content=\"index, follow, max-snippet:-1, max-image-preview:large, max-video-preview:-1\" \/>\n<link rel=\"canonical\" href=\"https:\/\/m-a-i.qc.ca\/en\/contact\/\" \/>\n<meta property=\"og:locale\" content=\"en_US\" \/>\n<meta property=\"og:type\" content=\"article\" \/>\n<meta property=\"og:title\" content=\"Contact &mdash; MAI | Montr\u00e9al, arts interculturels\" \/>\n<meta property=\"og:url\" content=\"https:\/\/m-a-i.qc.ca\/en\/contact\/\" \/>\n<meta property=\"og:site_name\" content=\"MAI | Montr\u00e9al, arts interculturels\" \/>\n<meta property=\"article:publisher\" content=\"http:\/\/facebook.com\/mtlartsinter\" \/>\n<meta property=\"article:modified_time\" content=\"2022-11-09T21:00:51+00:00\" \/>\n<meta property=\"og:image\" content=\"https:\/\/m-a-i.qc.ca\/wp-content\/uploads\/2018\/08\/strathearn-mai_IMG_8193.jpg\" \/>\n\t<meta property=\"og:image:width\" content=\"5184\" \/>\n\t<meta property=\"og:image:height\" content=\"2407\" \/>\n\t<meta property=\"og:image:type\" content=\"image\/jpeg\" \/>\n<meta name=\"twitter:card\" content=\"summary_large_image\" \/>\n<meta name=\"twitter:site\" content=\"@mtlartsinter\" \/>\n<script type=\"application\/ld+json\" class=\"yoast-schema-graph\">{\"@context\":\"https:\/\/schema.org\",\"@graph\":[{\"@type\":\"WebPage\",\"@id\":\"https:\/\/m-a-i.qc.ca\/en\/contact\/\",\"url\":\"https:\/\/m-a-i.qc.ca\/en\/contact\/\",\"name\":\"Contact &mdash; MAI | Montr\u00e9al, arts interculturels\",\"isPartOf\":{\"@id\":\"https:\/\/www.m-a-i.qc.ca\/en\/#website\"},\"datePublished\":\"2018-07-05T19:10:21+00:00\",\"dateModified\":\"2022-11-09T21:00:51+00:00\",\"breadcrumb\":{\"@id\":\"https:\/\/m-a-i.qc.ca\/en\/contact\/#breadcrumb\"},\"inLanguage\":\"en-US\",\"potentialAction\":[{\"@type\":\"ReadAction\",\"target\":[\"https:\/\/m-a-i.qc.ca\/en\/contact\/\"]}]},{\"@type\":\"BreadcrumbList\",\"@id\":\"https:\/\/m-a-i.qc.ca\/en\/contact\/#breadcrumb\",\"itemListElement\":[{\"@type\":\"ListItem\",\"position\":1,\"name\":\"Accueil\",\"item\":\"https:\/\/m-a-i.qc.ca\/en\/\"},{\"@type\":\"ListItem\",\"position\":2,\"name\":\"contact\"}]},{\"@type\":\"WebSite\",\"@id\":\"https:\/\/www.m-a-i.qc.ca\/en\/#website\",\"url\":\"https:\/\/www.m-a-i.qc.ca\/en\/\",\"name\":\"MAI | Montr\u00e9al, arts interculturels\",\"description\":\"La perle des arts interculturels au c\u0153ur de Montr\u00e9al. Arts visuels, th\u00e9\u00e2tre, danse, musique et arts interdisciplinaires. + de 40 \u00e9v\u00e8nements par an\",\"publisher\":{\"@id\":\"https:\/\/www.m-a-i.qc.ca\/en\/#organization\"},\"potentialAction\":[{\"@type\":\"SearchAction\",\"target\":{\"@type\":\"EntryPoint\",\"urlTemplate\":\"https:\/\/www.m-a-i.qc.ca\/en\/?s={search_term_string}\"},\"query-input\":\"required name=search_term_string\"}],\"inLanguage\":\"en-US\"},{\"@type\":\"Organization\",\"@id\":\"https:\/\/www.m-a-i.qc.ca\/en\/#organization\",\"name\":\"MAI (Montr\u00e9al, arts interculturels)\",\"url\":\"https:\/\/www.m-a-i.qc.ca\/en\/\",\"logo\":{\"@type\":\"ImageObject\",\"inLanguage\":\"en-US\",\"@id\":\"https:\/\/www.m-a-i.qc.ca\/en\/#\/schema\/logo\/image\/\",\"url\":\"https:\/\/m-a-i.qc.ca\/wp-content\/uploads\/2024\/02\/logo_mai_noir-1.png\",\"contentUrl\":\"https:\/\/m-a-i.qc.ca\/wp-content\/uploads\/2024\/02\/logo_mai_noir-1.png\",\"width\":1152,\"height\":1152,\"caption\":\"MAI (Montr\u00e9al, arts interculturels)\"},\"image\":{\"@id\":\"https:\/\/www.m-a-i.qc.ca\/en\/#\/schema\/logo\/image\/\"},\"sameAs\":[\"http:\/\/instagram.com\/mtlartsinter\",\"http:\/\/linkedin.com\/company\/mtlartsinter\",\"https:\/\/fr.wikipedia.org\/wiki\/Montral_arts_interculturels\",\"http:\/\/facebook.com\/mtlartsinter\",\"https:\/\/twitter.com\/mtlartsinter\"]}]}<\/script>\n<!-- \/ Yoast SEO plugin. -->","yoast_head_json":{"title":"Contact &mdash; MAI | Montr\u00e9al, arts interculturels","robots":{"index":"index","follow":"follow","max-snippet":"max-snippet:-1","max-image-preview":"max-image-preview:large","max-video-preview":"max-video-preview:-1"},"canonical":"https:\/\/m-a-i.qc.ca\/en\/contact\/","og_locale":"en_US","og_type":"article","og_title":"Contact &mdash; MAI | Montr\u00e9al, arts interculturels","og_url":"https:\/\/m-a-i.qc.ca\/en\/contact\/","og_site_name":"MAI | Montr\u00e9al, arts interculturels","article_publisher":"http:\/\/facebook.com\/mtlartsinter","article_modified_time":"2022-11-09T21:00:51+00:00","og_image":[{"width":5184,"height":2407,"url":"https:\/\/m-a-i.qc.ca\/wp-content\/uploads\/2018\/08\/strathearn-mai_IMG_8193.jpg","type":"image\/jpeg"}],"twitter_card":"summary_large_image","twitter_site":"@mtlartsinter","schema":{"@context":"https:\/\/schema.org","@graph":[{"@type":"WebPage","@id":"https:\/\/m-a-i.qc.ca\/en\/contact\/","url":"https:\/\/m-a-i.qc.ca\/en\/contact\/","name":"Contact &mdash; MAI | Montr\u00e9al, arts interculturels","isPartOf":{"@id":"https:\/\/www.m-a-i.qc.ca\/en\/#website"},"datePublished":"2018-07-05T19:10:21+00:00","dateModified":"2022-11-09T21:00:51+00:00","breadcrumb":{"@id":"https:\/\/m-a-i.qc.ca\/en\/contact\/#breadcrumb"},"inLanguage":"en-US","potentialAction":[{"@type":"ReadAction","target":["https:\/\/m-a-i.qc.ca\/en\/contact\/"]}]},{"@type":"BreadcrumbList","@id":"https:\/\/m-a-i.qc.ca\/en\/contact\/#breadcrumb","itemListElement":[{"@type":"ListItem","position":1,"name":"Accueil","item":"https:\/\/m-a-i.qc.ca\/en\/"},{"@type":"ListItem","position":2,"name":"contact"}]},{"@type":"WebSite","@id":"https:\/\/www.m-a-i.qc.ca\/en\/#website","url":"https:\/\/www.m-a-i.qc.ca\/en\/","name":"MAI | Montr\u00e9al, arts interculturels","description":"La perle des arts interculturels au c\u0153ur de Montr\u00e9al. Arts visuels, th\u00e9\u00e2tre, danse, musique et arts interdisciplinaires. + de 40 \u00e9v\u00e8nements par an","publisher":{"@id":"https:\/\/www.m-a-i.qc.ca\/en\/#organization"},"potentialAction":[{"@type":"SearchAction","target":{"@type":"EntryPoint","urlTemplate":"https:\/\/www.m-a-i.qc.ca\/en\/?s={search_term_string}"},"query-input":"required name=search_term_string"}],"inLanguage":"en-US"},{"@type":"Organization","@id":"https:\/\/www.m-a-i.qc.ca\/en\/#organization","name":"MAI (Montr\u00e9al, arts interculturels)","url":"https:\/\/www.m-a-i.qc.ca\/en\/","logo":{"@type":"ImageObject","inLanguage":"en-US","@id":"https:\/\/www.m-a-i.qc.ca\/en\/#\/schema\/logo\/image\/","url":"https:\/\/m-a-i.qc.ca\/wp-content\/uploads\/2024\/02\/logo_mai_noir-1.png","contentUrl":"https:\/\/m-a-i.qc.ca\/wp-content\/uploads\/2024\/02\/logo_mai_noir-1.png","width":1152,"height":1152,"caption":"MAI (Montr\u00e9al, arts interculturels)"},"image":{"@id":"https:\/\/www.m-a-i.qc.ca\/en\/#\/schema\/logo\/image\/"},"sameAs":["http:\/\/instagram.com\/mtlartsinter","http:\/\/linkedin.com\/company\/mtlartsinter","https:\/\/fr.wikipedia.org\/wiki\/Montral_arts_interculturels","http:\/\/facebook.com\/mtlartsinter","https:\/\/twitter.com\/mtlartsinter"]}]}},"_links":{"self":[{"href":"https:\/\/m-a-i.qc.ca\/en\/wp-json\/wp\/v2\/pages\/224","targetHints":{"allow":["GET"]}}],"collection":[{"href":"https:\/\/m-a-i.qc.ca\/en\/wp-json\/wp\/v2\/pages"}],"about":[{"href":"https:\/\/m-a-i.qc.ca\/en\/wp-json\/wp\/v2\/types\/page"}],"author":[{"embeddable":true,"href":"https:\/\/m-a-i.qc.ca\/en\/wp-json\/wp\/v2\/users\/1"}],"replies":[{"embeddable":true,"href":"https:\/\/m-a-i.qc.ca\/en\/wp-json\/wp\/v2\/comments?post=224"}],"version-history":[{"count":13,"href":"https:\/\/m-a-i.qc.ca\/en\/wp-json\/wp\/v2\/pages\/224\/revisions"}],"predecessor-version":[{"id":13697,"href":"https:\/\/m-a-i.qc.ca\/en\/wp-json\/wp\/v2\/pages\/224\/revisions\/13697"}],"wp:featuredmedia":[{"embeddable":true,"href":"https:\/\/m-a-i.qc.ca\/en\/wp-json\/wp\/v2\/media\/2102"}],"wp:attachment":[{"href":"https:\/\/m-a-i.qc.ca\/en\/wp-json\/wp\/v2\/media?parent=224"}],"curies":[{"name":"wp","href":"https:\/\/api.w.org\/{rel}","templated":true}]}}