{"id":16907,"date":"2024-08-10T10:38:41","date_gmt":"2024-08-10T14:38:41","guid":{"rendered":"https:\/\/m-a-i.qc.ca\/?page_id=16907"},"modified":"2025-03-06T16:40:01","modified_gmt":"2025-03-06T21:40:01","slug":"talkbacks","status":"publish","type":"page","link":"https:\/\/m-a-i.qc.ca\/en\/talkbacks\/","title":{"rendered":"talkbacks"},"content":{"rendered":"[vc_row][vc_column][vc_column_text]<span style=\"font-weight: 400;\"><strong>Post-show conversations<\/strong> offer moments of intimate encounter between the artists and the public. Discussions usually take place <span style=\"text-decoration: underline;\">after the Friday evening performance<\/span> and are moderated by a person chosen by the artist. It is also an opportunity for the public to ask questions to the artistic team.<\/span>[\/vc_column_text][vc_empty_space height=&#8221;40px&#8221;][\/vc_column][\/vc_row][vc_row][vc_column][vc_separator color=&#8221;custom&#8221; accent_color=&#8221;#e5007d&#8221;][vc_column_text]\n<h2 style=\"text-align: center;\"><span style=\"font-size: 24pt;\"><b>Season 24.25 talkbacks schedule<\/b><\/span><\/h2>\n[\/vc_column_text][vc_separator color=&#8221;custom&#8221; accent_color=&#8221;#e5007d&#8221;][vc_column_text]\n<p><span style=\"font-size: 14pt;\"><span style=\"font-weight: 400;\"><strong>\u2014 <a href=\"https:\/\/m-a-i.qc.ca\/evenement\/the-conditions\/\"><em>The Conditions<\/em><\/a> by Lucy M. May | Looumms<\/strong><br \/>\n<strong>Wednesday <\/strong><strong>November 13, 2024<br \/>\n<\/strong>Hosted by Hanako Hoshimi-Caines, one of the show&#8217;s dramaturg<\/span><\/span><\/p>\n<p><span style=\"font-size: 14pt;\"><strong>\u2014 <a href=\"https:\/\/m-a-i.qc.ca\/evenement\/traceable\/\"><em>Traceable<\/em><\/a> by Nubian N\u00e9n\u00e9<\/strong><br \/>\n<strong>Friday January 17, 2025<br \/>\n<\/strong>Hosted by Alex Spicey Land\u00e9, co-curator of MAI&#8217;s 25th anniversary season<\/span><\/p>\n<p><span style=\"font-size: 14pt;\"><strong>\u2014 <a href=\"https:\/\/m-a-i.qc.ca\/evenement\/anxiety\/\"><em>Anxiety<\/em><\/a> by Simik Komaksiutiksak<\/strong><br \/>\n<strong>Friday January <\/strong><strong>31, 2025<br \/>\n<\/strong>Hosted by Camille Lariv\u00e9e, MAI&#8217;s executive and artistic director<\/span><\/p>\n<p><span style=\"font-size: 14pt;\"><span style=\"font-weight: 400;\"><strong>\u2014\u00a0<a href=\"https:\/\/m-a-i.qc.ca\/evenement\/those-roots-within\/\"><em>Those Roots Within<\/em><\/a> by Hodan Youssouf, Alida Esmail and Sophia Wright<\/strong><br \/>\n<b>Friday February <\/b><strong>28, 2025<br \/>\n<\/strong>Hosted by Jo-Ann Bryan<br \/>\n<em>**ASL + LSQ interpreted<\/em><\/span><\/span><\/p>\n<p><span style=\"font-size: 14pt;\"><strong>\u2014 <a href=\"https:\/\/m-a-i.qc.ca\/evenement\/guang-yin\/\"><em>\u300a{\u5149 (\u9670 | \u5f71)}\u4e4b\u221e\u300b\u2500\u2500 [Gu\u0101ng Y\u012bn] : The lightest dark is darker than the darkest light<\/em><\/a> by Nien Tzu Weng<\/strong><br \/>\n<strong>Friday April 11, 2025 <\/strong><\/span><\/p>\n<p><span style=\"font-size: 14pt;\"><strong>\u2014 <a href=\"https:\/\/m-a-i.qc.ca\/evenement\/drip-or-drown\/\"><em>Drip or Drown<\/em><\/a> by Jai Nitai Lotus<\/strong><br \/>\n<strong>Friday May 30 + Saturday May 31, 2025 <\/strong><br \/>\n<\/span><\/p>\n<p><span style=\"font-size: 14pt;\"><strong>\u2014 <a href=\"https:\/\/m-a-i.qc.ca\/evenement\/face_rider\/\"><em>FACE RIDER<\/em><\/a> by Fran Chudnoff + Driftnote + Angela Cabrera<\/strong><br \/>\n<strong>Friday June 20, 2025 <\/strong><br \/>\n<\/span>[\/vc_column_text][\/vc_column][\/vc_row]\n","protected":false},"excerpt":{"rendered":"<p>[vc_row][vc_column][vc_column_text]Post-show conversations offer moments of intimate encounter between the artists and the public. Discussions usually take place after the Friday evening performance and are [&hellip;]<\/p>\n","protected":false},"author":17,"featured_media":12629,"parent":0,"menu_order":0,"comment_status":"closed","ping_status":"closed","template":"","meta":{"footnotes":""},"class_list":["post-16907","page","type-page","status-publish","has-post-thumbnail","hentry"],"acf":[],"yoast_head":"<!-- This site is optimized with the Yoast SEO plugin v19.13 - https:\/\/yoast.com\/wordpress\/plugins\/seo\/ -->\n<title>Talkbacks &mdash; MAI | Montr\u00e9al, arts interculturels<\/title>\n<meta name=\"robots\" content=\"index, follow, max-snippet:-1, max-image-preview:large, max-video-preview:-1\" \/>\n<link rel=\"canonical\" href=\"https:\/\/m-a-i.qc.ca\/en\/talkbacks\/\" \/>\n<meta property=\"og:locale\" content=\"en_US\" \/>\n<meta property=\"og:type\" content=\"article\" \/>\n<meta property=\"og:title\" content=\"Talkbacks &mdash; MAI | Montr\u00e9al, arts interculturels\" \/>\n<meta property=\"og:description\" content=\"[vc_row][vc_column][vc_column_text]Post-show conversations offer moments of intimate encounter between the artists and the public. Discussions usually take place after the Friday evening performance and are [&hellip;]\" \/>\n<meta property=\"og:url\" content=\"https:\/\/m-a-i.qc.ca\/en\/talkbacks\/\" \/>\n<meta property=\"og:site_name\" content=\"MAI | Montr\u00e9al, arts interculturels\" \/>\n<meta property=\"article:publisher\" content=\"http:\/\/facebook.com\/mtlartsinter\" \/>\n<meta property=\"article:modified_time\" content=\"2025-03-06T21:40:01+00:00\" \/>\n<meta property=\"og:image\" content=\"https:\/\/m-a-i.qc.ca\/wp-content\/uploads\/2022\/07\/Discussion-apres-la-discussion-2.png\" \/>\n\t<meta property=\"og:image:width\" content=\"690\" \/>\n\t<meta property=\"og:image:height\" content=\"380\" \/>\n\t<meta property=\"og:image:type\" content=\"image\/png\" \/>\n<meta name=\"twitter:card\" content=\"summary_large_image\" \/>\n<meta name=\"twitter:site\" content=\"@mtlartsinter\" \/>\n<meta name=\"twitter:label1\" content=\"Est. reading time\" \/>\n\t<meta name=\"twitter:data1\" content=\"1 minute\" \/>\n<script type=\"application\/ld+json\" class=\"yoast-schema-graph\">{\"@context\":\"https:\/\/schema.org\",\"@graph\":[{\"@type\":\"WebPage\",\"@id\":\"https:\/\/m-a-i.qc.ca\/en\/talkbacks\/\",\"url\":\"https:\/\/m-a-i.qc.ca\/en\/talkbacks\/\",\"name\":\"Talkbacks &mdash; MAI | Montr\u00e9al, arts interculturels\",\"isPartOf\":{\"@id\":\"https:\/\/www.m-a-i.qc.ca\/en\/#website\"},\"datePublished\":\"2024-08-10T14:38:41+00:00\",\"dateModified\":\"2025-03-06T21:40:01+00:00\",\"breadcrumb\":{\"@id\":\"https:\/\/m-a-i.qc.ca\/en\/talkbacks\/#breadcrumb\"},\"inLanguage\":\"en-US\",\"potentialAction\":[{\"@type\":\"ReadAction\",\"target\":[\"https:\/\/m-a-i.qc.ca\/en\/talkbacks\/\"]}]},{\"@type\":\"BreadcrumbList\",\"@id\":\"https:\/\/m-a-i.qc.ca\/en\/talkbacks\/#breadcrumb\",\"itemListElement\":[{\"@type\":\"ListItem\",\"position\":1,\"name\":\"Accueil\",\"item\":\"https:\/\/m-a-i.qc.ca\/en\/\"},{\"@type\":\"ListItem\",\"position\":2,\"name\":\"talkbacks\"}]},{\"@type\":\"WebSite\",\"@id\":\"https:\/\/www.m-a-i.qc.ca\/en\/#website\",\"url\":\"https:\/\/www.m-a-i.qc.ca\/en\/\",\"name\":\"MAI | Montr\u00e9al, arts interculturels\",\"description\":\"La perle des arts interculturels au c\u0153ur de Montr\u00e9al. Arts visuels, th\u00e9\u00e2tre, danse, musique et arts interdisciplinaires. + de 40 \u00e9v\u00e8nements par an\",\"publisher\":{\"@id\":\"https:\/\/www.m-a-i.qc.ca\/en\/#organization\"},\"potentialAction\":[{\"@type\":\"SearchAction\",\"target\":{\"@type\":\"EntryPoint\",\"urlTemplate\":\"https:\/\/www.m-a-i.qc.ca\/en\/?s={search_term_string}\"},\"query-input\":\"required name=search_term_string\"}],\"inLanguage\":\"en-US\"},{\"@type\":\"Organization\",\"@id\":\"https:\/\/www.m-a-i.qc.ca\/en\/#organization\",\"name\":\"MAI (Montr\u00e9al, arts interculturels)\",\"url\":\"https:\/\/www.m-a-i.qc.ca\/en\/\",\"logo\":{\"@type\":\"ImageObject\",\"inLanguage\":\"en-US\",\"@id\":\"https:\/\/www.m-a-i.qc.ca\/en\/#\/schema\/logo\/image\/\",\"url\":\"https:\/\/m-a-i.qc.ca\/wp-content\/uploads\/2024\/02\/logo_mai_noir-1.png\",\"contentUrl\":\"https:\/\/m-a-i.qc.ca\/wp-content\/uploads\/2024\/02\/logo_mai_noir-1.png\",\"width\":1152,\"height\":1152,\"caption\":\"MAI (Montr\u00e9al, arts interculturels)\"},\"image\":{\"@id\":\"https:\/\/www.m-a-i.qc.ca\/en\/#\/schema\/logo\/image\/\"},\"sameAs\":[\"http:\/\/instagram.com\/mtlartsinter\",\"http:\/\/linkedin.com\/company\/mtlartsinter\",\"https:\/\/fr.wikipedia.org\/wiki\/Montral_arts_interculturels\",\"http:\/\/facebook.com\/mtlartsinter\",\"https:\/\/twitter.com\/mtlartsinter\"]}]}<\/script>\n<!-- \/ Yoast SEO plugin. -->","yoast_head_json":{"title":"Talkbacks &mdash; MAI | Montr\u00e9al, arts interculturels","robots":{"index":"index","follow":"follow","max-snippet":"max-snippet:-1","max-image-preview":"max-image-preview:large","max-video-preview":"max-video-preview:-1"},"canonical":"https:\/\/m-a-i.qc.ca\/en\/talkbacks\/","og_locale":"en_US","og_type":"article","og_title":"Talkbacks &mdash; MAI | Montr\u00e9al, arts interculturels","og_description":"[vc_row][vc_column][vc_column_text]Post-show conversations offer moments of intimate encounter between the artists and the public. Discussions usually take place after the Friday evening performance and are [&hellip;]","og_url":"https:\/\/m-a-i.qc.ca\/en\/talkbacks\/","og_site_name":"MAI | Montr\u00e9al, arts interculturels","article_publisher":"http:\/\/facebook.com\/mtlartsinter","article_modified_time":"2025-03-06T21:40:01+00:00","og_image":[{"width":690,"height":380,"url":"https:\/\/m-a-i.qc.ca\/wp-content\/uploads\/2022\/07\/Discussion-apres-la-discussion-2.png","type":"image\/png"}],"twitter_card":"summary_large_image","twitter_site":"@mtlartsinter","twitter_misc":{"Est. reading time":"1 minute"},"schema":{"@context":"https:\/\/schema.org","@graph":[{"@type":"WebPage","@id":"https:\/\/m-a-i.qc.ca\/en\/talkbacks\/","url":"https:\/\/m-a-i.qc.ca\/en\/talkbacks\/","name":"Talkbacks &mdash; MAI | Montr\u00e9al, arts interculturels","isPartOf":{"@id":"https:\/\/www.m-a-i.qc.ca\/en\/#website"},"datePublished":"2024-08-10T14:38:41+00:00","dateModified":"2025-03-06T21:40:01+00:00","breadcrumb":{"@id":"https:\/\/m-a-i.qc.ca\/en\/talkbacks\/#breadcrumb"},"inLanguage":"en-US","potentialAction":[{"@type":"ReadAction","target":["https:\/\/m-a-i.qc.ca\/en\/talkbacks\/"]}]},{"@type":"BreadcrumbList","@id":"https:\/\/m-a-i.qc.ca\/en\/talkbacks\/#breadcrumb","itemListElement":[{"@type":"ListItem","position":1,"name":"Accueil","item":"https:\/\/m-a-i.qc.ca\/en\/"},{"@type":"ListItem","position":2,"name":"talkbacks"}]},{"@type":"WebSite","@id":"https:\/\/www.m-a-i.qc.ca\/en\/#website","url":"https:\/\/www.m-a-i.qc.ca\/en\/","name":"MAI | Montr\u00e9al, arts interculturels","description":"La perle des arts interculturels au c\u0153ur de Montr\u00e9al. Arts visuels, th\u00e9\u00e2tre, danse, musique et arts interdisciplinaires. + de 40 \u00e9v\u00e8nements par an","publisher":{"@id":"https:\/\/www.m-a-i.qc.ca\/en\/#organization"},"potentialAction":[{"@type":"SearchAction","target":{"@type":"EntryPoint","urlTemplate":"https:\/\/www.m-a-i.qc.ca\/en\/?s={search_term_string}"},"query-input":"required name=search_term_string"}],"inLanguage":"en-US"},{"@type":"Organization","@id":"https:\/\/www.m-a-i.qc.ca\/en\/#organization","name":"MAI (Montr\u00e9al, arts interculturels)","url":"https:\/\/www.m-a-i.qc.ca\/en\/","logo":{"@type":"ImageObject","inLanguage":"en-US","@id":"https:\/\/www.m-a-i.qc.ca\/en\/#\/schema\/logo\/image\/","url":"https:\/\/m-a-i.qc.ca\/wp-content\/uploads\/2024\/02\/logo_mai_noir-1.png","contentUrl":"https:\/\/m-a-i.qc.ca\/wp-content\/uploads\/2024\/02\/logo_mai_noir-1.png","width":1152,"height":1152,"caption":"MAI (Montr\u00e9al, arts interculturels)"},"image":{"@id":"https:\/\/www.m-a-i.qc.ca\/en\/#\/schema\/logo\/image\/"},"sameAs":["http:\/\/instagram.com\/mtlartsinter","http:\/\/linkedin.com\/company\/mtlartsinter","https:\/\/fr.wikipedia.org\/wiki\/Montral_arts_interculturels","http:\/\/facebook.com\/mtlartsinter","https:\/\/twitter.com\/mtlartsinter"]}]}},"_links":{"self":[{"href":"https:\/\/m-a-i.qc.ca\/en\/wp-json\/wp\/v2\/pages\/16907","targetHints":{"allow":["GET"]}}],"collection":[{"href":"https:\/\/m-a-i.qc.ca\/en\/wp-json\/wp\/v2\/pages"}],"about":[{"href":"https:\/\/m-a-i.qc.ca\/en\/wp-json\/wp\/v2\/types\/page"}],"author":[{"embeddable":true,"href":"https:\/\/m-a-i.qc.ca\/en\/wp-json\/wp\/v2\/users\/17"}],"replies":[{"embeddable":true,"href":"https:\/\/m-a-i.qc.ca\/en\/wp-json\/wp\/v2\/comments?post=16907"}],"version-history":[{"count":8,"href":"https:\/\/m-a-i.qc.ca\/en\/wp-json\/wp\/v2\/pages\/16907\/revisions"}],"predecessor-version":[{"id":18306,"href":"https:\/\/m-a-i.qc.ca\/en\/wp-json\/wp\/v2\/pages\/16907\/revisions\/18306"}],"wp:featuredmedia":[{"embeddable":true,"href":"https:\/\/m-a-i.qc.ca\/en\/wp-json\/wp\/v2\/media\/12629"}],"wp:attachment":[{"href":"https:\/\/m-a-i.qc.ca\/en\/wp-json\/wp\/v2\/media?parent=16907"}],"curies":[{"name":"wp","href":"https:\/\/api.w.org\/{rel}","templated":true}]}}