{"id":13476,"date":"2022-10-04T23:12:07","date_gmt":"2022-10-05T03:12:07","guid":{"rendered":"https:\/\/m-a-i.qc.ca\/?page_id=13476"},"modified":"2022-10-25T16:31:10","modified_gmt":"2022-10-25T20:31:10","slug":"offer-of-employment-artistic-and-executive-director","status":"publish","type":"page","link":"https:\/\/m-a-i.qc.ca\/en\/offer-of-employment-artistic-and-executive-director\/","title":{"rendered":"offer of employment\u2014 artistic and executive director"},"content":{"rendered":"<p><span style=\"font-weight: 400;\">Offer of Employment: Artistic and Executive Director\u00a0<\/span><\/p>\n<p><span style=\"font-weight: 400;\">Montr\u00e9al, arts interculturels (MAI) invites seasoned and creative individuals to join its team.\u00a0<\/span><\/p>\n<p><span style=\"font-weight: 400;\">Closing date: October 31, 2022\u00a0<\/span><\/p>\n<p><span style=\"font-weight: 400;\">Start of work: As early as possible\u00a0<\/span><\/p>\n<p><b>About the MAI (Montr\u00e9al, Arts Interculturels)\u00a0<\/b><\/p>\n<p><span style=\"font-weight: 400;\">Established in 1999, the MAI advocates for, and supports the development, creation, presentation and\u00a0 promotion of intercultural arts (hybrid arts created through a blending of forms, genres, styles,\u00a0 disciplines and languages) for diversified audiences.\u00a0<\/span><\/p>\n<p><span style=\"font-weight: 400;\">The MAI offers programs that catalyze conversations about intercultural, intergenerational,\u00a0 interdisciplinary arts, and related themes; promoting community and intercultural exchanges which\u00a0 transcend gender, race, class, ability, sexual orientation, religion, age, language or other such sectarian\u00a0 axes of identity, marked and unmarked.\u00a0<\/span><\/p>\n<p><span style=\"font-weight: 400;\">For further information, please consult the MAI website: <\/span><span style=\"font-weight: 400;\">https:\/\/m-a-i.qc.ca\/en\/about\/<\/span><\/p>\n<hr \/>\n<p><b>About the Position\u00a0<\/b><\/p>\n<p><span style=\"font-weight: 400;\">Reporting to the Board of Directors, the Artistic and Executive Director is responsible for overall artistic\u00a0 direction, operational management and oversight at the MAI.\u00a0<\/span><\/p>\n<p><span style=\"font-weight: 400;\">The director\u2019s role is to provide a coherent and stimulating vision for all MAI activities. They are responsible for programming in the three spaces that make up the MAI (the theatre, the gallery and\u00a0 the caf\u00e9) in consultation with the various artistic advisers. They direct, delegate, control and\u00a0 coordinate programming and production activities.\u00a0<\/span><\/p>\n<p><span style=\"font-weight: 400;\">The director ensures the smooth running of operational activities. They administer the operating\u00a0 budgets and see to the adequate funding of the organization. As such, they must liaise and follow up\u00a0 on files with the organization&#8217;s various partners (funders, artists and stakeholders in the artistic\u00a0 community, representatives of cultural communities, partners in the various boroughs, etc.).\u00a0<\/span><\/p>\n<p><span style=\"font-weight: 400;\">The director recruits and manages staff, while taking responsibility for management of the\u00a0 organization&#8217;s operations.<\/span><\/p>\n<hr \/>\n<p><span style=\"font-size: 14pt;\"><b>Responsibilities\u00a0<\/b><\/span><\/p>\n<p><b>Finance\u00a0<\/b><\/p>\n<p><span style=\"font-weight: 400;\">\u25aa <\/span><span style=\"font-weight: 400;\">Drafting of grant applications and management of agreements with funding agencies and partners.\u00a0<\/span><\/p>\n<p><b>Human Resources\u00a0<\/b><\/p>\n<p><span style=\"font-weight: 400;\">\u25aa <\/span><span style=\"font-weight: 400;\">Recruitment and management of human resources.\u00a0<\/span><\/p>\n<p><b>Management\u00a0<\/b><\/p>\n<p><span style=\"font-weight: 400;\">\u25aa <\/span><span style=\"font-weight: 400;\">Financial and administrative coordination and monitoring of the MAI;\u00a0<\/span><\/p>\n<p><span style=\"font-weight: 400;\">\u25aa <\/span><span style=\"font-weight: 400;\">Preparation of various ad hoc and annual administrative and financial reports.\u00a0<\/span><\/p>\n<p><b>Corporate work\u00a0<\/b><\/p>\n<p><span style=\"font-weight: 400;\">\u25aa <\/span><span style=\"font-weight: 400;\">Collaboration with the members of the board of directors;\u00a0<\/span><\/p>\n<p><span style=\"font-weight: 400;\">\u25aa <\/span><span style=\"font-weight: 400;\">Preparation and follow-up for meetings of the Board of Directors and General Meetings.\u00a0<\/span><\/p>\n<p><b>Consultation, support and community animation\u00a0<\/b><\/p>\n<p><span style=\"font-weight: 400;\">\u25aa <\/span><span style=\"font-weight: 400;\">Represent the MAI and the Regroupement during consultations with political, governmental,\u00a0 artistic and intercultural circles; liaise with the Board as needed;\u00a0<\/span><\/p>\n<p><span style=\"font-weight: 400;\">\u25aa <\/span><span style=\"font-weight: 400;\">Recruitment of external partners, in the various boroughs.\u00a0<\/span><\/p>\n<p><span style=\"font-size: 14pt;\"><b>Artistic Direction\u00a0<\/b><\/span><\/p>\n<p><b>Artistic direction\u00a0<\/b><\/p>\n<p><span style=\"font-weight: 400;\">\u25aa <\/span><span style=\"font-weight: 400;\">Establishment and maintenance of general artistic directions for programming at the MAI and\u00a0 externally, as well as strategic activities relating to the development of audiences, networking and\u00a0 support for the community.\u00a0<\/span><\/p>\n<p><b>Programming\u00a0<\/b><\/p>\n<p><span style=\"font-weight: 400;\">\u25aa <\/span><span style=\"font-weight: 400;\">Balanced programming of all disciplines presented at the MAI, reflecting intercultural practices and\u00a0 the activities of artists and organizations (established, mid-career and emerging) from different\u00a0 cultural communities;\u00a0<\/span><\/p>\n<p><span style=\"font-weight: 400;\">\u25aa <\/span><span style=\"font-weight: 400;\">Development of the MAI programming schedule (with the Technical Director, based on available\u00a0 resources);\u00a0<\/span><\/p>\n<p><span style=\"font-weight: 400;\">\u25aa <\/span><span style=\"font-weight: 400;\">Development of terms of agreements with artists, conditions, remuneration etc.\u00a0<\/span><\/p>\n<p><b>Consulting and prospecting\u00a0<\/b><\/p>\n<p><span style=\"font-weight: 400;\">\u25aa <\/span><span style=\"font-weight: 400;\">Prospecting for projects and call for proposals to artists and arts organizations (performances and\u00a0 exhibitions).<\/span><\/p>\n<hr \/>\n<p><b>Requirements \/ Qualifications\u00a0<\/b><\/p>\n<p><span style=\"font-weight: 400;\">\u25aa <\/span><span style=\"font-weight: 400;\">Excellent command of French and English, both oral and written;\u00a0<\/span><\/p>\n<p><span style=\"font-weight: 400;\">\u25aa <\/span><span style=\"font-weight: 400;\">At least 2 years\u2019 experience in artistic direction;\u00a0<\/span><\/p>\n<p><span style=\"font-weight: 400;\">\u25aa <\/span><span style=\"font-weight: 400;\">Proficiency in MS Office suite software or similar;\u00a0<\/span><\/p>\n<p><span style=\"font-weight: 400;\">\u25aa <\/span><span style=\"font-weight: 400;\">Availability during the day, Premiere evenings, and weekends, according to the schedule of events; <\/span><\/p>\n<p><span style=\"font-weight: 400;\">\u25aa <\/span><span style=\"font-weight: 400;\">Good knowledge of multidisciplinary arts;\u00a0<\/span><\/p>\n<p><span style=\"font-weight: 400;\">\u25aa <\/span><span style=\"font-weight: 400;\">A university degree in a field related to the position will be considered an asset.\u00a0<\/span><\/p>\n<p><b>Required skills\u00a0<\/b><\/p>\n<p><span style=\"font-weight: 400;\">\u25aa <\/span><span style=\"font-weight: 400;\">Ability to manage human and creative resources;\u00a0<\/span><\/p>\n<p><span style=\"font-weight: 400;\">\u25aa <\/span><span style=\"font-weight: 400;\">Ability to cultivate and maintain a positive and engaging team culture;\u00a0<\/span><\/p>\n<p><span style=\"font-weight: 400;\">\u25aa <\/span><span style=\"font-weight: 400;\">Excellent verbal and written communication skills;\u00a0<\/span><\/p>\n<p><span style=\"font-weight: 400;\">\u25aa <\/span><span style=\"font-weight: 400;\">Autonomy\/Sense of organization;\u00a0<\/span><\/p>\n<p><span style=\"font-weight: 400;\">\u25aa <\/span><span style=\"font-weight: 400;\">Ability to work on several projects simultaneously;\u00a0<\/span><\/p>\n<p><span style=\"font-weight: 400;\">\u25aa <\/span><span style=\"font-weight: 400;\">Proven problem-solving skills;\u00a0<\/span><\/p>\n<p><span style=\"font-weight: 400;\">\u25aa <\/span><span style=\"font-weight: 400;\">Flexibility;\u00a0<\/span><\/p>\n<p><span style=\"font-weight: 400;\">\u25aa <\/span><span style=\"font-weight: 400;\">Curiosity and ongoing interest in the artistic environment and new practices.\u00a0<\/span><\/p>\n<p><b>Compensation\/Working conditions\u00a0<\/b><\/p>\n<p><span style=\"font-weight: 400;\">\u25aa <\/span><span style=\"font-weight: 400;\">Salary range $62K-$68K annually commensurate with experience, reviewed annually; <\/span><\/p>\n<p><span style=\"font-weight: 400;\">\u25aa <\/span><span style=\"font-weight: 400;\">Expense account for prospection activities (e.g. travel);\u00a0<\/span><\/p>\n<p><span style=\"font-weight: 400;\">\u25aa <\/span><span style=\"font-weight: 400;\">Schedule from Monday to Friday 10am to 6pm \/ 35 hours\/week, opening nights, special events and\u00a0 administrative meetings;\u00a0<\/span><\/p>\n<p><span style=\"font-weight: 400;\">\u25aa <\/span><span style=\"font-weight: 400;\">Five (5) weeks paid vacation;\u00a0<\/span><\/p>\n<p><span style=\"font-weight: 400;\">\u25aa <\/span><span style=\"font-weight: 400;\">Salary according to experience.\u00a0<\/span><\/p>\n<p>&nbsp;<\/p>\n<p><span style=\"font-weight: 400;\">* Important: To apply, please send:\u00a0<\/span><\/p>\n<p><span style=\"font-weight: 400;\">\u25aa <\/span><span style=\"font-weight: 400;\">Your resume, and\u00a0<\/span><\/p>\n<p><span style=\"font-weight: 400;\">\u25aa <\/span><span style=\"font-weight: 400;\">A cover letter\u00a0<\/span><\/p>\n<p><span style=\"font-weight: 400;\">to the attention of Himmat Singh Shinhat\u00a0<\/span><\/p>\n<p><span style=\"font-weight: 400;\">Interim Artistic and General Director\u00a0<\/span><\/p>\n<p><span style=\"font-weight: 400;\">dg@m-a-i.qc.ca<\/span><span style=\"font-weight: 400;\">\u00a0<\/span><\/p>\n<p><span style=\"font-weight: 400;\">Only applications accompanied by a CV and a letter of interest will be considered. We thank all\u00a0 applicants for their interest in this position, but only those whose applications are considered will be\u00a0 contacted.\u00a0<\/span><\/p>\n<p><span style=\"font-weight: 400;\">The MAI is committed to having a competent workforce that reflects the diversity of the Quebec \/\u00a0 Canadian population. We promote employment equity and encourage you to indicate in your job\u00a0 application if you belong to one of the target groups: women, racialized persons, Aboriginal peoples\u00a0 and persons with disabilities.\u00a0<\/span><\/p>\n<p><span style=\"font-weight: 400;\">Please note that this job posting will remain open until the position is filled.<\/span><\/p>\n","protected":false},"excerpt":{"rendered":"<p>Offer of Employment: Artistic and Executive Director\u00a0 Montr\u00e9al, arts interculturels (MAI) invites seasoned and creative individuals to join its team.\u00a0 Closing date: October 31, [&hellip;]<\/p>\n","protected":false},"author":25,"featured_media":2102,"parent":0,"menu_order":0,"comment_status":"closed","ping_status":"closed","template":"","meta":{"footnotes":""},"class_list":["post-13476","page","type-page","status-publish","has-post-thumbnail","hentry"],"acf":[],"yoast_head":"<!-- This site is optimized with the Yoast SEO plugin v19.13 - https:\/\/yoast.com\/wordpress\/plugins\/seo\/ -->\n<title>Offer of Employment\u2014 Artistic and Executive Director &mdash; MAI | Montr\u00e9al, arts interculturels<\/title>\n<meta name=\"robots\" content=\"index, follow, max-snippet:-1, max-image-preview:large, max-video-preview:-1\" \/>\n<link rel=\"canonical\" href=\"https:\/\/m-a-i.qc.ca\/en\/offer-of-employment-artistic-and-executive-director\/\" \/>\n<meta property=\"og:locale\" content=\"en_US\" \/>\n<meta property=\"og:type\" content=\"article\" \/>\n<meta property=\"og:title\" content=\"Offer of Employment\u2014 Artistic and Executive Director &mdash; MAI | Montr\u00e9al, arts interculturels\" \/>\n<meta property=\"og:description\" content=\"Offer of Employment: Artistic and Executive Director\u00a0 Montr\u00e9al, arts interculturels (MAI) invites seasoned and creative individuals to join its team.\u00a0 Closing date: October 31, [&hellip;]\" \/>\n<meta property=\"og:url\" content=\"https:\/\/m-a-i.qc.ca\/en\/offer-of-employment-artistic-and-executive-director\/\" \/>\n<meta property=\"og:site_name\" content=\"MAI | Montr\u00e9al, arts interculturels\" \/>\n<meta property=\"article:publisher\" content=\"http:\/\/facebook.com\/mtlartsinter\" \/>\n<meta property=\"article:modified_time\" content=\"2022-10-25T20:31:10+00:00\" \/>\n<meta property=\"og:image\" content=\"https:\/\/m-a-i.qc.ca\/wp-content\/uploads\/2018\/08\/strathearn-mai_IMG_8193.jpg\" \/>\n\t<meta property=\"og:image:width\" content=\"5184\" \/>\n\t<meta property=\"og:image:height\" content=\"2407\" \/>\n\t<meta property=\"og:image:type\" content=\"image\/jpeg\" \/>\n<meta name=\"twitter:card\" content=\"summary_large_image\" \/>\n<meta name=\"twitter:site\" content=\"@mtlartsinter\" \/>\n<meta name=\"twitter:label1\" content=\"Est. reading time\" \/>\n\t<meta name=\"twitter:data1\" content=\"5 minutes\" \/>\n<script type=\"application\/ld+json\" class=\"yoast-schema-graph\">{\"@context\":\"https:\/\/schema.org\",\"@graph\":[{\"@type\":\"WebPage\",\"@id\":\"https:\/\/m-a-i.qc.ca\/en\/offer-of-employment-artistic-and-executive-director\/\",\"url\":\"https:\/\/m-a-i.qc.ca\/en\/offer-of-employment-artistic-and-executive-director\/\",\"name\":\"Offer of Employment\u2014 Artistic and Executive Director &mdash; MAI | Montr\u00e9al, arts interculturels\",\"isPartOf\":{\"@id\":\"https:\/\/www.m-a-i.qc.ca\/en\/#website\"},\"datePublished\":\"2022-10-05T03:12:07+00:00\",\"dateModified\":\"2022-10-25T20:31:10+00:00\",\"breadcrumb\":{\"@id\":\"https:\/\/m-a-i.qc.ca\/en\/offer-of-employment-artistic-and-executive-director\/#breadcrumb\"},\"inLanguage\":\"en-US\",\"potentialAction\":[{\"@type\":\"ReadAction\",\"target\":[\"https:\/\/m-a-i.qc.ca\/en\/offer-of-employment-artistic-and-executive-director\/\"]}]},{\"@type\":\"BreadcrumbList\",\"@id\":\"https:\/\/m-a-i.qc.ca\/en\/offer-of-employment-artistic-and-executive-director\/#breadcrumb\",\"itemListElement\":[{\"@type\":\"ListItem\",\"position\":1,\"name\":\"Accueil\",\"item\":\"https:\/\/m-a-i.qc.ca\/en\/\"},{\"@type\":\"ListItem\",\"position\":2,\"name\":\"offer of employment\u2014 artistic and executive director\"}]},{\"@type\":\"WebSite\",\"@id\":\"https:\/\/www.m-a-i.qc.ca\/en\/#website\",\"url\":\"https:\/\/www.m-a-i.qc.ca\/en\/\",\"name\":\"MAI | Montr\u00e9al, arts interculturels\",\"description\":\"La perle des arts interculturels au c\u0153ur de Montr\u00e9al. Arts visuels, th\u00e9\u00e2tre, danse, musique et arts interdisciplinaires. + de 40 \u00e9v\u00e8nements par an\",\"publisher\":{\"@id\":\"https:\/\/www.m-a-i.qc.ca\/en\/#organization\"},\"potentialAction\":[{\"@type\":\"SearchAction\",\"target\":{\"@type\":\"EntryPoint\",\"urlTemplate\":\"https:\/\/www.m-a-i.qc.ca\/en\/?s={search_term_string}\"},\"query-input\":\"required name=search_term_string\"}],\"inLanguage\":\"en-US\"},{\"@type\":\"Organization\",\"@id\":\"https:\/\/www.m-a-i.qc.ca\/en\/#organization\",\"name\":\"MAI (Montr\u00e9al, arts interculturels)\",\"url\":\"https:\/\/www.m-a-i.qc.ca\/en\/\",\"logo\":{\"@type\":\"ImageObject\",\"inLanguage\":\"en-US\",\"@id\":\"https:\/\/www.m-a-i.qc.ca\/en\/#\/schema\/logo\/image\/\",\"url\":\"https:\/\/m-a-i.qc.ca\/wp-content\/uploads\/2024\/02\/logo_mai_noir-1.png\",\"contentUrl\":\"https:\/\/m-a-i.qc.ca\/wp-content\/uploads\/2024\/02\/logo_mai_noir-1.png\",\"width\":1152,\"height\":1152,\"caption\":\"MAI (Montr\u00e9al, arts interculturels)\"},\"image\":{\"@id\":\"https:\/\/www.m-a-i.qc.ca\/en\/#\/schema\/logo\/image\/\"},\"sameAs\":[\"http:\/\/instagram.com\/mtlartsinter\",\"http:\/\/linkedin.com\/company\/mtlartsinter\",\"https:\/\/fr.wikipedia.org\/wiki\/Montral_arts_interculturels\",\"http:\/\/facebook.com\/mtlartsinter\",\"https:\/\/twitter.com\/mtlartsinter\"]}]}<\/script>\n<!-- \/ Yoast SEO plugin. -->","yoast_head_json":{"title":"Offer of Employment\u2014 Artistic and Executive Director &mdash; MAI | Montr\u00e9al, arts interculturels","robots":{"index":"index","follow":"follow","max-snippet":"max-snippet:-1","max-image-preview":"max-image-preview:large","max-video-preview":"max-video-preview:-1"},"canonical":"https:\/\/m-a-i.qc.ca\/en\/offer-of-employment-artistic-and-executive-director\/","og_locale":"en_US","og_type":"article","og_title":"Offer of Employment\u2014 Artistic and Executive Director &mdash; MAI | Montr\u00e9al, arts interculturels","og_description":"Offer of Employment: Artistic and Executive Director\u00a0 Montr\u00e9al, arts interculturels (MAI) invites seasoned and creative individuals to join its team.\u00a0 Closing date: October 31, [&hellip;]","og_url":"https:\/\/m-a-i.qc.ca\/en\/offer-of-employment-artistic-and-executive-director\/","og_site_name":"MAI | Montr\u00e9al, arts interculturels","article_publisher":"http:\/\/facebook.com\/mtlartsinter","article_modified_time":"2022-10-25T20:31:10+00:00","og_image":[{"width":5184,"height":2407,"url":"https:\/\/m-a-i.qc.ca\/wp-content\/uploads\/2018\/08\/strathearn-mai_IMG_8193.jpg","type":"image\/jpeg"}],"twitter_card":"summary_large_image","twitter_site":"@mtlartsinter","twitter_misc":{"Est. reading time":"5 minutes"},"schema":{"@context":"https:\/\/schema.org","@graph":[{"@type":"WebPage","@id":"https:\/\/m-a-i.qc.ca\/en\/offer-of-employment-artistic-and-executive-director\/","url":"https:\/\/m-a-i.qc.ca\/en\/offer-of-employment-artistic-and-executive-director\/","name":"Offer of Employment\u2014 Artistic and Executive Director &mdash; MAI | Montr\u00e9al, arts interculturels","isPartOf":{"@id":"https:\/\/www.m-a-i.qc.ca\/en\/#website"},"datePublished":"2022-10-05T03:12:07+00:00","dateModified":"2022-10-25T20:31:10+00:00","breadcrumb":{"@id":"https:\/\/m-a-i.qc.ca\/en\/offer-of-employment-artistic-and-executive-director\/#breadcrumb"},"inLanguage":"en-US","potentialAction":[{"@type":"ReadAction","target":["https:\/\/m-a-i.qc.ca\/en\/offer-of-employment-artistic-and-executive-director\/"]}]},{"@type":"BreadcrumbList","@id":"https:\/\/m-a-i.qc.ca\/en\/offer-of-employment-artistic-and-executive-director\/#breadcrumb","itemListElement":[{"@type":"ListItem","position":1,"name":"Accueil","item":"https:\/\/m-a-i.qc.ca\/en\/"},{"@type":"ListItem","position":2,"name":"offer of employment\u2014 artistic and executive director"}]},{"@type":"WebSite","@id":"https:\/\/www.m-a-i.qc.ca\/en\/#website","url":"https:\/\/www.m-a-i.qc.ca\/en\/","name":"MAI | Montr\u00e9al, arts interculturels","description":"La perle des arts interculturels au c\u0153ur de Montr\u00e9al. Arts visuels, th\u00e9\u00e2tre, danse, musique et arts interdisciplinaires. + de 40 \u00e9v\u00e8nements par an","publisher":{"@id":"https:\/\/www.m-a-i.qc.ca\/en\/#organization"},"potentialAction":[{"@type":"SearchAction","target":{"@type":"EntryPoint","urlTemplate":"https:\/\/www.m-a-i.qc.ca\/en\/?s={search_term_string}"},"query-input":"required name=search_term_string"}],"inLanguage":"en-US"},{"@type":"Organization","@id":"https:\/\/www.m-a-i.qc.ca\/en\/#organization","name":"MAI (Montr\u00e9al, arts interculturels)","url":"https:\/\/www.m-a-i.qc.ca\/en\/","logo":{"@type":"ImageObject","inLanguage":"en-US","@id":"https:\/\/www.m-a-i.qc.ca\/en\/#\/schema\/logo\/image\/","url":"https:\/\/m-a-i.qc.ca\/wp-content\/uploads\/2024\/02\/logo_mai_noir-1.png","contentUrl":"https:\/\/m-a-i.qc.ca\/wp-content\/uploads\/2024\/02\/logo_mai_noir-1.png","width":1152,"height":1152,"caption":"MAI (Montr\u00e9al, arts interculturels)"},"image":{"@id":"https:\/\/www.m-a-i.qc.ca\/en\/#\/schema\/logo\/image\/"},"sameAs":["http:\/\/instagram.com\/mtlartsinter","http:\/\/linkedin.com\/company\/mtlartsinter","https:\/\/fr.wikipedia.org\/wiki\/Montral_arts_interculturels","http:\/\/facebook.com\/mtlartsinter","https:\/\/twitter.com\/mtlartsinter"]}]}},"_links":{"self":[{"href":"https:\/\/m-a-i.qc.ca\/en\/wp-json\/wp\/v2\/pages\/13476","targetHints":{"allow":["GET"]}}],"collection":[{"href":"https:\/\/m-a-i.qc.ca\/en\/wp-json\/wp\/v2\/pages"}],"about":[{"href":"https:\/\/m-a-i.qc.ca\/en\/wp-json\/wp\/v2\/types\/page"}],"author":[{"embeddable":true,"href":"https:\/\/m-a-i.qc.ca\/en\/wp-json\/wp\/v2\/users\/25"}],"replies":[{"embeddable":true,"href":"https:\/\/m-a-i.qc.ca\/en\/wp-json\/wp\/v2\/comments?post=13476"}],"version-history":[{"count":6,"href":"https:\/\/m-a-i.qc.ca\/en\/wp-json\/wp\/v2\/pages\/13476\/revisions"}],"predecessor-version":[{"id":13653,"href":"https:\/\/m-a-i.qc.ca\/en\/wp-json\/wp\/v2\/pages\/13476\/revisions\/13653"}],"wp:featuredmedia":[{"embeddable":true,"href":"https:\/\/m-a-i.qc.ca\/en\/wp-json\/wp\/v2\/media\/2102"}],"wp:attachment":[{"href":"https:\/\/m-a-i.qc.ca\/en\/wp-json\/wp\/v2\/media?parent=13476"}],"curies":[{"name":"wp","href":"https:\/\/api.w.org\/{rel}","templated":true}]}}