{"id":13129,"date":"2022-07-24T17:16:45","date_gmt":"2022-07-24T21:16:45","guid":{"rendered":"https:\/\/m-a-i.qc.ca\/?page_id=13129"},"modified":"2023-06-22T12:15:28","modified_gmt":"2023-06-22T16:15:28","slug":"phosphos","status":"publish","type":"page","link":"https:\/\/m-a-i.qc.ca\/en\/phosphos\/","title":{"rendered":"paul chambers"},"content":{"rendered":"[vc_row css_animation=&#8221;fadeIn&#8221;][vc_column][vc_column_text]\n<h2 style=\"text-align: center;\">June 1st to 29th, 2023<\/h2>\n[\/vc_column_text][\/vc_column][\/vc_row][vc_row css_animation=&#8221;fadeIn&#8221;][vc_column][vc_column_text]\n<h1 style=\"text-align: center;\"><span style=\"color: #71588d;\">PHOSPHOS<\/span><\/h1>\n[\/vc_column_text][\/vc_column][\/vc_row][vc_row css_animation=&#8221;fadeIn&#8221;][vc_column][vc_single_image image=&#8221;13132&#8243; img_size=&#8221;full&#8221; add_caption=&#8221;yes&#8221; alignment=&#8221;center&#8221; style=&#8221;vc_box_rounded&#8221; css_animation=&#8221;fadeInUp&#8221;][\/vc_column][\/vc_row][vc_row full_width=&#8221;stretch_row&#8221; css_animation=&#8221;fadeIn&#8221; css=&#8221;.vc_custom_1657826602548{background-color: #ffffff !important;}&#8221;][vc_column width=&#8221;1\/4&#8243;][vc_column_text]\n<h2 style=\"text-align: right;\"><span style=\"font-size: 14pt;\">Tiotia:ke \/ Mooniyang \/ Montreal<\/span><\/h2>\n<h2 style=\"text-align: right;\"><span style=\"font-size: 14pt;\">Installation \/ Performance \/ Music, Theater, Dance <\/span><\/h2>\n[\/vc_column_text][vc_column_text]\n<p style=\"text-align: right;\">June 1st to 29th, 2023<\/p>\n<p style=\"text-align: right;\">Vernissage: June 1st, 5pm to 7pm<\/p>\n[\/vc_column_text][\/vc_column][vc_column width=&#8221;3\/4&#8243;][vc_column_text]In <span style=\"color: #71588d;\"><em><strong>PHOSPHOS<\/strong><\/em><\/span>, Montr\u00e9al-based lighting designer, visual artist, and educator <span style=\"color: #71588d;\"><strong>Paul Chambers<\/strong><\/span> looks to reimagine the use of lighting in live stage arts. Challenging the codes of theatrical practice, Chambers creates lighting installations that question how we perceive light when we are immersed in it. <span style=\"color: #71588d;\"><em><strong>PHOSPHOS<\/strong><\/em><\/span> makes space for lighting that is tangible and communicative. Chambers accomplishes this through creating a haptic experience that places the viewer inside a dimly lit space where their vision is heightened, giving them access to very subtle changes, making them more vulnerable and receptive. A space in which our eyes question the legitimacy of what we are seeing. This visual arts installation \/ immersive space will be activated by artists of different disciplines, in collaboration with the MAI.<\/p>\n<div>\n[vc_toggle title=&#8221;credits&#8221;]<span style=\"font-weight: 400;\">Design &amp; Direction: Paul Chambers | Soundscape Composer: Jesse Peter Ash | Scenic Objects Design: Sophie El Assaad \/ Nalo Soyini Bruce | Production Manager: Claire Bourdin |Artistic Advisors: Tim Rodrigues + David-Alexandre Chabot<\/span><\/p>\n<p><span style=\"font-weight: 400;\">Contributing Artists: Jesse Peter Ash, Sophie El Assaad, Camil Bellefleur, Nalo Soyini Bruce, Angie Cheng, Stacey D\u00e9silier, Annie Gagnon, Robin P. Gould, Lael Stellick, Radwan Ghazi Moumneh, Tim Rodrigues, Bettina Szabo, Peter Trosztmer, Benjamin Kamino<\/span><\/p>\n<p><span style=\"font-weight: 400;\">A CHA Collective production.<\/span><\/p>\n<p><span style=\"font-weight: 400;\">Created with the support of La Chapelle Sc\u00e8nes Contemporaines (as part of Laboratoires, Montr\u00e9al 2020) and the Festival TransAm\u00e9riques (as part of Respirations du FTA).<\/span><\/p>\n[\/vc_toggle]\n<\/div>\n<div>\n<h3 style=\"text-align: left;\">Free entrance<\/h3>\n<h3 style=\"text-align: left;\">From Tuesday to Saturday from 12pm to 6pm<\/h3>\n<p><span style=\"font-size: 14pt;\"><strong>*The gallery will be closed on June 23rd and 24th, 2023.<\/strong><\/span><\/p>\n<\/div>\n<div>\n<hr \/>\n<\/div>\n<div><strong>Activities related to the exhibition:\u00a0<\/strong><\/div>\n<div>\n<p><em><strong>June 1st, 2023:<br \/>\n<\/strong><\/em>\u2022 5pm to 7pm \u2192 vernissage with performances by Radwan Ghazi Moumneh at 6pm and spontaneous performances by Angie Cheng, Annie Gagnon, and Lael Stellick<\/p>\n<\/div>\n<p><strong><em>June 3rd, 2023:<br \/>\n<\/em><\/strong>\u2022 12pm-2pm \u2192 Guided visit in LSQ with Maxime Laflamme<br \/>\n\u2022 15h30-17h30 \u2192 Guided visit in ASL with Jennifer Roberts and Brooke Nancekivell<\/p>\n<div>\n<p><strong><em>June 6th, 2023 :<br \/>\n<\/em><\/strong>\u2022 5pm-9pm \u2192 Performance night with Robin P. Gould, Lael Stellik, Camil Bellefleur, Peter Trosztmer, and Bettina Szabo<\/p>\n<p><em><strong>June 10th, 2023:<br \/>\n<\/strong><\/em>\u2022 12:30pm-1:30pm \u2192 Guided visit adapted for families with Josepha Dumas (French). Free registration <a href=\"https:\/\/docs.google.com\/forms\/d\/e\/1FAIpQLSfmGhAqtrCQBp9uHw4fU95IQYpzt0BpHXIH7NzbjDGrUqVTVA\/viewform\">here<\/a>.<br \/>\n\u2022 1:00pm-2:00pm \u2192 Guided visit adapted for families with Josepha Dumas (English). Free registration <a href=\"https:\/\/docs.google.com\/forms\/d\/e\/1FAIpQLSfmGhAqtrCQBp9uHw4fU95IQYpzt0BpHXIH7NzbjDGrUqVTVA\/viewform\">here<\/a>.<\/p>\n<p><em><strong>June 15th, 2023:<br \/>\n<\/strong><\/em>\u2022 6pm-7pm \u2192 Gallery tour with the artist<br \/>\n\u2022 7pm-8pm \u2192 Artist talk moderated by Tiffanie Boffa<\/p>\n<p><strong><em>June 17th, 2023:<br \/>\n<\/em><\/strong>\u2022 2pm-4pm \u2192 Guided visit with the artist with art therapist Laurence Gagnon<\/p>\n<\/div>\n<p>&nbsp;<\/p>\n","protected":false},"excerpt":{"rendered":"<p>[vc_row css_animation=&#8221;fadeIn&#8221;][vc_column][vc_column_text] June 1st to 29th, 2023 [\/vc_column_text][\/vc_column][\/vc_row][vc_row css_animation=&#8221;fadeIn&#8221;][vc_column][vc_column_text] PHOSPHOS [\/vc_column_text][\/vc_column][\/vc_row][vc_row css_animation=&#8221;fadeIn&#8221;][vc_column][vc_single_image image=&#8221;13132&#8243; img_size=&#8221;full&#8221; add_caption=&#8221;yes&#8221; alignment=&#8221;center&#8221; style=&#8221;vc_box_rounded&#8221; css_animation=&#8221;fadeInUp&#8221;][\/vc_column][\/vc_row][vc_row full_width=&#8221;stretch_row&#8221; css_animation=&#8221;fadeIn&#8221; css=&#8221;.vc_custom_1657826602548{background-color: #ffffff !important;}&#8221;][vc_column width=&#8221;1\/4&#8243;][vc_column_text] [&hellip;]<\/p>\n","protected":false},"author":17,"featured_media":0,"parent":0,"menu_order":0,"comment_status":"closed","ping_status":"closed","template":"","meta":{"footnotes":""},"class_list":["post-13129","page","type-page","status-publish","hentry"],"acf":[],"yoast_head":"<!-- This site is optimized with the Yoast SEO plugin v19.13 - https:\/\/yoast.com\/wordpress\/plugins\/seo\/ -->\n<title>Paul Chambers &mdash; MAI | Montr\u00e9al, arts interculturels<\/title>\n<meta name=\"robots\" content=\"index, follow, max-snippet:-1, max-image-preview:large, max-video-preview:-1\" \/>\n<link rel=\"canonical\" href=\"https:\/\/m-a-i.qc.ca\/en\/phosphos\/\" \/>\n<meta property=\"og:locale\" content=\"en_US\" \/>\n<meta property=\"og:type\" content=\"article\" \/>\n<meta property=\"og:title\" content=\"Paul Chambers &mdash; MAI | Montr\u00e9al, arts interculturels\" \/>\n<meta property=\"og:description\" content=\"[vc_row css_animation=&#8221;fadeIn&#8221;][vc_column][vc_column_text] June 1st to 29th, 2023 [\/vc_column_text][\/vc_column][\/vc_row][vc_row css_animation=&#8221;fadeIn&#8221;][vc_column][vc_column_text] PHOSPHOS [\/vc_column_text][\/vc_column][\/vc_row][vc_row css_animation=&#8221;fadeIn&#8221;][vc_column][vc_single_image image=&#8221;13132&#8243; img_size=&#8221;full&#8221; add_caption=&#8221;yes&#8221; alignment=&#8221;center&#8221; style=&#8221;vc_box_rounded&#8221; css_animation=&#8221;fadeInUp&#8221;][\/vc_column][\/vc_row][vc_row full_width=&#8221;stretch_row&#8221; css_animation=&#8221;fadeIn&#8221; css=&#8221;.vc_custom_1657826602548{background-color: #ffffff !important;}&#8221;][vc_column width=&#8221;1\/4&#8243;][vc_column_text] [&hellip;]\" \/>\n<meta property=\"og:url\" content=\"https:\/\/m-a-i.qc.ca\/en\/phosphos\/\" \/>\n<meta property=\"og:site_name\" content=\"MAI | Montr\u00e9al, arts interculturels\" \/>\n<meta property=\"article:publisher\" content=\"http:\/\/facebook.com\/mtlartsinter\" \/>\n<meta property=\"article:modified_time\" content=\"2023-06-22T16:15:28+00:00\" \/>\n<meta name=\"twitter:card\" content=\"summary_large_image\" \/>\n<meta name=\"twitter:site\" content=\"@mtlartsinter\" \/>\n<meta name=\"twitter:label1\" content=\"Est. reading time\" \/>\n\t<meta name=\"twitter:data1\" content=\"1 minute\" \/>\n<script type=\"application\/ld+json\" class=\"yoast-schema-graph\">{\"@context\":\"https:\/\/schema.org\",\"@graph\":[{\"@type\":\"WebPage\",\"@id\":\"https:\/\/m-a-i.qc.ca\/en\/phosphos\/\",\"url\":\"https:\/\/m-a-i.qc.ca\/en\/phosphos\/\",\"name\":\"Paul Chambers &mdash; MAI | Montr\u00e9al, arts interculturels\",\"isPartOf\":{\"@id\":\"https:\/\/www.m-a-i.qc.ca\/en\/#website\"},\"datePublished\":\"2022-07-24T21:16:45+00:00\",\"dateModified\":\"2023-06-22T16:15:28+00:00\",\"breadcrumb\":{\"@id\":\"https:\/\/m-a-i.qc.ca\/en\/phosphos\/#breadcrumb\"},\"inLanguage\":\"en-US\",\"potentialAction\":[{\"@type\":\"ReadAction\",\"target\":[\"https:\/\/m-a-i.qc.ca\/en\/phosphos\/\"]}]},{\"@type\":\"BreadcrumbList\",\"@id\":\"https:\/\/m-a-i.qc.ca\/en\/phosphos\/#breadcrumb\",\"itemListElement\":[{\"@type\":\"ListItem\",\"position\":1,\"name\":\"Accueil\",\"item\":\"https:\/\/m-a-i.qc.ca\/en\/\"},{\"@type\":\"ListItem\",\"position\":2,\"name\":\"paul chambers\"}]},{\"@type\":\"WebSite\",\"@id\":\"https:\/\/www.m-a-i.qc.ca\/en\/#website\",\"url\":\"https:\/\/www.m-a-i.qc.ca\/en\/\",\"name\":\"MAI | Montr\u00e9al, arts interculturels\",\"description\":\"La perle des arts interculturels au c\u0153ur de Montr\u00e9al. Arts visuels, th\u00e9\u00e2tre, danse, musique et arts interdisciplinaires. + de 40 \u00e9v\u00e8nements par an\",\"publisher\":{\"@id\":\"https:\/\/www.m-a-i.qc.ca\/en\/#organization\"},\"potentialAction\":[{\"@type\":\"SearchAction\",\"target\":{\"@type\":\"EntryPoint\",\"urlTemplate\":\"https:\/\/www.m-a-i.qc.ca\/en\/?s={search_term_string}\"},\"query-input\":\"required name=search_term_string\"}],\"inLanguage\":\"en-US\"},{\"@type\":\"Organization\",\"@id\":\"https:\/\/www.m-a-i.qc.ca\/en\/#organization\",\"name\":\"MAI (Montr\u00e9al, arts interculturels)\",\"url\":\"https:\/\/www.m-a-i.qc.ca\/en\/\",\"logo\":{\"@type\":\"ImageObject\",\"inLanguage\":\"en-US\",\"@id\":\"https:\/\/www.m-a-i.qc.ca\/en\/#\/schema\/logo\/image\/\",\"url\":\"https:\/\/m-a-i.qc.ca\/wp-content\/uploads\/2024\/02\/logo_mai_noir-1.png\",\"contentUrl\":\"https:\/\/m-a-i.qc.ca\/wp-content\/uploads\/2024\/02\/logo_mai_noir-1.png\",\"width\":1152,\"height\":1152,\"caption\":\"MAI (Montr\u00e9al, arts interculturels)\"},\"image\":{\"@id\":\"https:\/\/www.m-a-i.qc.ca\/en\/#\/schema\/logo\/image\/\"},\"sameAs\":[\"http:\/\/instagram.com\/mtlartsinter\",\"http:\/\/linkedin.com\/company\/mtlartsinter\",\"https:\/\/fr.wikipedia.org\/wiki\/Montral_arts_interculturels\",\"http:\/\/facebook.com\/mtlartsinter\",\"https:\/\/twitter.com\/mtlartsinter\"]}]}<\/script>\n<!-- \/ Yoast SEO plugin. -->","yoast_head_json":{"title":"Paul Chambers &mdash; MAI | Montr\u00e9al, arts interculturels","robots":{"index":"index","follow":"follow","max-snippet":"max-snippet:-1","max-image-preview":"max-image-preview:large","max-video-preview":"max-video-preview:-1"},"canonical":"https:\/\/m-a-i.qc.ca\/en\/phosphos\/","og_locale":"en_US","og_type":"article","og_title":"Paul Chambers &mdash; MAI | Montr\u00e9al, arts interculturels","og_description":"[vc_row css_animation=&#8221;fadeIn&#8221;][vc_column][vc_column_text] June 1st to 29th, 2023 [\/vc_column_text][\/vc_column][\/vc_row][vc_row css_animation=&#8221;fadeIn&#8221;][vc_column][vc_column_text] PHOSPHOS [\/vc_column_text][\/vc_column][\/vc_row][vc_row css_animation=&#8221;fadeIn&#8221;][vc_column][vc_single_image image=&#8221;13132&#8243; img_size=&#8221;full&#8221; add_caption=&#8221;yes&#8221; alignment=&#8221;center&#8221; style=&#8221;vc_box_rounded&#8221; css_animation=&#8221;fadeInUp&#8221;][\/vc_column][\/vc_row][vc_row full_width=&#8221;stretch_row&#8221; css_animation=&#8221;fadeIn&#8221; css=&#8221;.vc_custom_1657826602548{background-color: #ffffff !important;}&#8221;][vc_column width=&#8221;1\/4&#8243;][vc_column_text] [&hellip;]","og_url":"https:\/\/m-a-i.qc.ca\/en\/phosphos\/","og_site_name":"MAI | Montr\u00e9al, arts interculturels","article_publisher":"http:\/\/facebook.com\/mtlartsinter","article_modified_time":"2023-06-22T16:15:28+00:00","twitter_card":"summary_large_image","twitter_site":"@mtlartsinter","twitter_misc":{"Est. reading time":"1 minute"},"schema":{"@context":"https:\/\/schema.org","@graph":[{"@type":"WebPage","@id":"https:\/\/m-a-i.qc.ca\/en\/phosphos\/","url":"https:\/\/m-a-i.qc.ca\/en\/phosphos\/","name":"Paul Chambers &mdash; MAI | Montr\u00e9al, arts interculturels","isPartOf":{"@id":"https:\/\/www.m-a-i.qc.ca\/en\/#website"},"datePublished":"2022-07-24T21:16:45+00:00","dateModified":"2023-06-22T16:15:28+00:00","breadcrumb":{"@id":"https:\/\/m-a-i.qc.ca\/en\/phosphos\/#breadcrumb"},"inLanguage":"en-US","potentialAction":[{"@type":"ReadAction","target":["https:\/\/m-a-i.qc.ca\/en\/phosphos\/"]}]},{"@type":"BreadcrumbList","@id":"https:\/\/m-a-i.qc.ca\/en\/phosphos\/#breadcrumb","itemListElement":[{"@type":"ListItem","position":1,"name":"Accueil","item":"https:\/\/m-a-i.qc.ca\/en\/"},{"@type":"ListItem","position":2,"name":"paul chambers"}]},{"@type":"WebSite","@id":"https:\/\/www.m-a-i.qc.ca\/en\/#website","url":"https:\/\/www.m-a-i.qc.ca\/en\/","name":"MAI | Montr\u00e9al, arts interculturels","description":"La perle des arts interculturels au c\u0153ur de Montr\u00e9al. Arts visuels, th\u00e9\u00e2tre, danse, musique et arts interdisciplinaires. + de 40 \u00e9v\u00e8nements par an","publisher":{"@id":"https:\/\/www.m-a-i.qc.ca\/en\/#organization"},"potentialAction":[{"@type":"SearchAction","target":{"@type":"EntryPoint","urlTemplate":"https:\/\/www.m-a-i.qc.ca\/en\/?s={search_term_string}"},"query-input":"required name=search_term_string"}],"inLanguage":"en-US"},{"@type":"Organization","@id":"https:\/\/www.m-a-i.qc.ca\/en\/#organization","name":"MAI (Montr\u00e9al, arts interculturels)","url":"https:\/\/www.m-a-i.qc.ca\/en\/","logo":{"@type":"ImageObject","inLanguage":"en-US","@id":"https:\/\/www.m-a-i.qc.ca\/en\/#\/schema\/logo\/image\/","url":"https:\/\/m-a-i.qc.ca\/wp-content\/uploads\/2024\/02\/logo_mai_noir-1.png","contentUrl":"https:\/\/m-a-i.qc.ca\/wp-content\/uploads\/2024\/02\/logo_mai_noir-1.png","width":1152,"height":1152,"caption":"MAI (Montr\u00e9al, arts interculturels)"},"image":{"@id":"https:\/\/www.m-a-i.qc.ca\/en\/#\/schema\/logo\/image\/"},"sameAs":["http:\/\/instagram.com\/mtlartsinter","http:\/\/linkedin.com\/company\/mtlartsinter","https:\/\/fr.wikipedia.org\/wiki\/Montral_arts_interculturels","http:\/\/facebook.com\/mtlartsinter","https:\/\/twitter.com\/mtlartsinter"]}]}},"_links":{"self":[{"href":"https:\/\/m-a-i.qc.ca\/en\/wp-json\/wp\/v2\/pages\/13129","targetHints":{"allow":["GET"]}}],"collection":[{"href":"https:\/\/m-a-i.qc.ca\/en\/wp-json\/wp\/v2\/pages"}],"about":[{"href":"https:\/\/m-a-i.qc.ca\/en\/wp-json\/wp\/v2\/types\/page"}],"author":[{"embeddable":true,"href":"https:\/\/m-a-i.qc.ca\/en\/wp-json\/wp\/v2\/users\/17"}],"replies":[{"embeddable":true,"href":"https:\/\/m-a-i.qc.ca\/en\/wp-json\/wp\/v2\/comments?post=13129"}],"version-history":[{"count":22,"href":"https:\/\/m-a-i.qc.ca\/en\/wp-json\/wp\/v2\/pages\/13129\/revisions"}],"predecessor-version":[{"id":14609,"href":"https:\/\/m-a-i.qc.ca\/en\/wp-json\/wp\/v2\/pages\/13129\/revisions\/14609"}],"wp:attachment":[{"href":"https:\/\/m-a-i.qc.ca\/en\/wp-json\/wp\/v2\/media?parent=13129"}],"curies":[{"name":"wp","href":"https:\/\/api.w.org\/{rel}","templated":true}]}}