{"id":13086,"date":"2022-07-24T11:57:59","date_gmt":"2022-07-24T15:57:59","guid":{"rendered":"https:\/\/m-a-i.qc.ca\/?page_id=13086"},"modified":"2023-02-20T12:31:22","modified_gmt":"2023-02-20T17:31:22","slug":"because-you-never-asked","status":"publish","type":"page","link":"https:\/\/m-a-i.qc.ca\/en\/because-you-never-asked\/","title":{"rendered":"roger white, helen simard"},"content":{"rendered":"[vc_row css_animation=&#8221;fadeIn&#8221;][vc_column][vc_column_text]\n<h2 style=\"text-align: center;\">April 19 to 22, 2023<\/h2>\n[\/vc_column_text][\/vc_column][\/vc_row][vc_row css_animation=&#8221;fadeIn&#8221;][vc_column][vc_column_text]\n<h1 style=\"text-align: center;\"><span style=\"color: #71588d;\">Because You Never Asked<\/span><\/h1>\n[\/vc_column_text][\/vc_column][\/vc_row][vc_row css_animation=&#8221;fadeIn&#8221;][vc_column][vc_single_image image=&#8221;14344&#8243; img_size=&#8221;full&#8221; add_caption=&#8221;yes&#8221; alignment=&#8221;center&#8221; style=&#8221;vc_box_rounded&#8221; css_animation=&#8221;fadeInUp&#8221;][\/vc_column][\/vc_row][vc_row full_width=&#8221;stretch_row&#8221; css_animation=&#8221;fadeIn&#8221; css=&#8221;.vc_custom_1657826602548{background-color: #ffffff !important;}&#8221;][vc_column width=&#8221;1\/4&#8243;][vc_column_text]\n<h2 style=\"text-align: right;\"><span style=\"font-size: 14pt;\">Tiotia:ke \/ Mooniyang \/ Montr\u00e9al<\/span><\/h2>\n<h2 style=\"text-align: right;\"><span style=\"font-size: 14pt;\">Interdisciplinairy \/ Sound \/ Dance<\/span><\/h2>\n<h2 style=\"text-align: right;\"><span style=\"font-size: 14pt;\">Presented in English<\/span><\/h2>\n[\/vc_column_text][vc_column_text]\n<p style=\"text-align: right;\">April 19, 2023: 7:30pm<\/p>\n<p style=\"text-align: right;\">April 20, 2023: 7:30pm<\/p>\n<p style=\"text-align: right;\">April 21, 2023: 7:30pm<\/p>\n<p style=\"text-align: right;\">April 22, 2023: 7:30pm<\/p>\n[\/vc_column_text][\/vc_column][vc_column width=&#8221;3\/4&#8243;][vc_column_text]\n<p style=\"text-align: left;\"><span style=\"color: #71588d;\"><em><strong>Because You Never Asked<\/strong><\/em><\/span> is a dreamlike realm where historical fact meets auto-fictional storytelling in a multilayered, intergenerational experience. Based on discussions between musician, composer, and record producer <span style=\"color: #71588d;\"><strong>Roger White<\/strong><\/span> and his grandmother, Marianna Clark (n\u00e9e Goldmann), about her experiences fleeing Nazi Germany and arriving in the UK as a refugee, the piece combines texts mined from diaries and letters that Marianna wrote in her late teens and early 20s with the recordings of her speaking in her 90s. The story unfolds simultaneously on two different timelines, merging past and present, to explore how memories are constructed and reconstructed over time. <span style=\"color: #71588d;\"><em><strong>Because You Never Asked<\/strong><\/em><\/span> is an archive of complex family history. One that is innocently painful, na\u00efvely complex, and beautifully tragic.<\/p>\n<p style=\"text-align: left;\">With <span style=\"color: #71588d;\"><strong>Helen Simard<\/strong><\/span>\u2019s choreography, performed by David Albert-Toth, Marie L\u00e9v\u00eaque, Brianna Lombardo, and Maxine Segalowitz.<\/p>\n<p>A <a href=\"https:\/\/www.wafdcreations.com\/\">We All Fall Down Interdisciplinary Creations<\/a> production.[\/vc_column_text][vc_column_text]\n<p style=\"text-align: center;\"><a class=\"theme_button\" href=\"https:\/\/m-a-i.tuxedobillet.com\/main\/because-you-never-asked\" target=\"_blank\" rel=\"noopener noreferrer\">box office<b><\/b><\/a><\/p>\n[\/vc_column_text][vc_separator][vc_toggle title=&#8221;credits&#8221;]Performers: David Albert-Toth, Brianna Lombardo, Maxine Segalowitz, Marie L\u00e9v\u00eaque | Technical Director and Lighting Designer : Tiffanie Boffa | Choreographer: Helen Simard | Rehearsal Director: Nindy Banks | Costume Designer: Tricia Crivellaro[\/vc_toggle][\/vc_column][\/vc_row]\n","protected":false},"excerpt":{"rendered":"<p>[vc_row css_animation=&#8221;fadeIn&#8221;][vc_column][vc_column_text] April 19 to 22, 2023 [\/vc_column_text][\/vc_column][\/vc_row][vc_row css_animation=&#8221;fadeIn&#8221;][vc_column][vc_column_text] Because You Never Asked [\/vc_column_text][\/vc_column][\/vc_row][vc_row css_animation=&#8221;fadeIn&#8221;][vc_column][vc_single_image image=&#8221;14344&#8243; img_size=&#8221;full&#8221; add_caption=&#8221;yes&#8221; alignment=&#8221;center&#8221; style=&#8221;vc_box_rounded&#8221; css_animation=&#8221;fadeInUp&#8221;][\/vc_column][\/vc_row][vc_row full_width=&#8221;stretch_row&#8221; css_animation=&#8221;fadeIn&#8221; css=&#8221;.vc_custom_1657826602548{background-color: [&hellip;]<\/p>\n","protected":false},"author":17,"featured_media":0,"parent":0,"menu_order":0,"comment_status":"closed","ping_status":"closed","template":"","meta":{"footnotes":""},"class_list":["post-13086","page","type-page","status-publish","hentry"],"acf":[],"yoast_head":"<!-- This site is optimized with the Yoast SEO plugin v19.13 - https:\/\/yoast.com\/wordpress\/plugins\/seo\/ -->\n<title>Roger White, Helen Simard &mdash; MAI | Montr\u00e9al, arts interculturels<\/title>\n<meta name=\"robots\" content=\"index, follow, max-snippet:-1, max-image-preview:large, max-video-preview:-1\" \/>\n<link rel=\"canonical\" href=\"https:\/\/m-a-i.qc.ca\/en\/because-you-never-asked\/\" \/>\n<meta property=\"og:locale\" content=\"en_US\" \/>\n<meta property=\"og:type\" content=\"article\" \/>\n<meta property=\"og:title\" content=\"Roger White, Helen Simard &mdash; MAI | Montr\u00e9al, arts interculturels\" \/>\n<meta property=\"og:description\" content=\"[vc_row css_animation=&#8221;fadeIn&#8221;][vc_column][vc_column_text] April 19 to 22, 2023 [\/vc_column_text][\/vc_column][\/vc_row][vc_row css_animation=&#8221;fadeIn&#8221;][vc_column][vc_column_text] Because You Never Asked [\/vc_column_text][\/vc_column][\/vc_row][vc_row css_animation=&#8221;fadeIn&#8221;][vc_column][vc_single_image image=&#8221;14344&#8243; img_size=&#8221;full&#8221; add_caption=&#8221;yes&#8221; alignment=&#8221;center&#8221; style=&#8221;vc_box_rounded&#8221; css_animation=&#8221;fadeInUp&#8221;][\/vc_column][\/vc_row][vc_row full_width=&#8221;stretch_row&#8221; css_animation=&#8221;fadeIn&#8221; css=&#8221;.vc_custom_1657826602548{background-color: [&hellip;]\" \/>\n<meta property=\"og:url\" content=\"https:\/\/m-a-i.qc.ca\/en\/because-you-never-asked\/\" \/>\n<meta property=\"og:site_name\" content=\"MAI | Montr\u00e9al, arts interculturels\" \/>\n<meta property=\"article:publisher\" content=\"http:\/\/facebook.com\/mtlartsinter\" \/>\n<meta property=\"article:modified_time\" content=\"2023-02-20T17:31:22+00:00\" \/>\n<meta name=\"twitter:card\" content=\"summary_large_image\" \/>\n<meta name=\"twitter:site\" content=\"@mtlartsinter\" \/>\n<meta name=\"twitter:label1\" content=\"Est. reading time\" \/>\n\t<meta name=\"twitter:data1\" content=\"2 minutes\" \/>\n<script type=\"application\/ld+json\" class=\"yoast-schema-graph\">{\"@context\":\"https:\/\/schema.org\",\"@graph\":[{\"@type\":\"WebPage\",\"@id\":\"https:\/\/m-a-i.qc.ca\/en\/because-you-never-asked\/\",\"url\":\"https:\/\/m-a-i.qc.ca\/en\/because-you-never-asked\/\",\"name\":\"Roger White, Helen Simard &mdash; MAI | Montr\u00e9al, arts interculturels\",\"isPartOf\":{\"@id\":\"https:\/\/www.m-a-i.qc.ca\/en\/#website\"},\"datePublished\":\"2022-07-24T15:57:59+00:00\",\"dateModified\":\"2023-02-20T17:31:22+00:00\",\"breadcrumb\":{\"@id\":\"https:\/\/m-a-i.qc.ca\/en\/because-you-never-asked\/#breadcrumb\"},\"inLanguage\":\"en-US\",\"potentialAction\":[{\"@type\":\"ReadAction\",\"target\":[\"https:\/\/m-a-i.qc.ca\/en\/because-you-never-asked\/\"]}]},{\"@type\":\"BreadcrumbList\",\"@id\":\"https:\/\/m-a-i.qc.ca\/en\/because-you-never-asked\/#breadcrumb\",\"itemListElement\":[{\"@type\":\"ListItem\",\"position\":1,\"name\":\"Accueil\",\"item\":\"https:\/\/m-a-i.qc.ca\/en\/\"},{\"@type\":\"ListItem\",\"position\":2,\"name\":\"roger white, helen simard\"}]},{\"@type\":\"WebSite\",\"@id\":\"https:\/\/www.m-a-i.qc.ca\/en\/#website\",\"url\":\"https:\/\/www.m-a-i.qc.ca\/en\/\",\"name\":\"MAI | Montr\u00e9al, arts interculturels\",\"description\":\"La perle des arts interculturels au c\u0153ur de Montr\u00e9al. Arts visuels, th\u00e9\u00e2tre, danse, musique et arts interdisciplinaires. + de 40 \u00e9v\u00e8nements par an\",\"publisher\":{\"@id\":\"https:\/\/www.m-a-i.qc.ca\/en\/#organization\"},\"potentialAction\":[{\"@type\":\"SearchAction\",\"target\":{\"@type\":\"EntryPoint\",\"urlTemplate\":\"https:\/\/www.m-a-i.qc.ca\/en\/?s={search_term_string}\"},\"query-input\":\"required name=search_term_string\"}],\"inLanguage\":\"en-US\"},{\"@type\":\"Organization\",\"@id\":\"https:\/\/www.m-a-i.qc.ca\/en\/#organization\",\"name\":\"MAI (Montr\u00e9al, arts interculturels)\",\"url\":\"https:\/\/www.m-a-i.qc.ca\/en\/\",\"logo\":{\"@type\":\"ImageObject\",\"inLanguage\":\"en-US\",\"@id\":\"https:\/\/www.m-a-i.qc.ca\/en\/#\/schema\/logo\/image\/\",\"url\":\"https:\/\/m-a-i.qc.ca\/wp-content\/uploads\/2024\/02\/logo_mai_noir-1.png\",\"contentUrl\":\"https:\/\/m-a-i.qc.ca\/wp-content\/uploads\/2024\/02\/logo_mai_noir-1.png\",\"width\":1152,\"height\":1152,\"caption\":\"MAI (Montr\u00e9al, arts interculturels)\"},\"image\":{\"@id\":\"https:\/\/www.m-a-i.qc.ca\/en\/#\/schema\/logo\/image\/\"},\"sameAs\":[\"http:\/\/instagram.com\/mtlartsinter\",\"http:\/\/linkedin.com\/company\/mtlartsinter\",\"https:\/\/fr.wikipedia.org\/wiki\/Montral_arts_interculturels\",\"http:\/\/facebook.com\/mtlartsinter\",\"https:\/\/twitter.com\/mtlartsinter\"]}]}<\/script>\n<!-- \/ Yoast SEO plugin. -->","yoast_head_json":{"title":"Roger White, Helen Simard &mdash; MAI | Montr\u00e9al, arts interculturels","robots":{"index":"index","follow":"follow","max-snippet":"max-snippet:-1","max-image-preview":"max-image-preview:large","max-video-preview":"max-video-preview:-1"},"canonical":"https:\/\/m-a-i.qc.ca\/en\/because-you-never-asked\/","og_locale":"en_US","og_type":"article","og_title":"Roger White, Helen Simard &mdash; MAI | Montr\u00e9al, arts interculturels","og_description":"[vc_row css_animation=&#8221;fadeIn&#8221;][vc_column][vc_column_text] April 19 to 22, 2023 [\/vc_column_text][\/vc_column][\/vc_row][vc_row css_animation=&#8221;fadeIn&#8221;][vc_column][vc_column_text] Because You Never Asked [\/vc_column_text][\/vc_column][\/vc_row][vc_row css_animation=&#8221;fadeIn&#8221;][vc_column][vc_single_image image=&#8221;14344&#8243; img_size=&#8221;full&#8221; add_caption=&#8221;yes&#8221; alignment=&#8221;center&#8221; style=&#8221;vc_box_rounded&#8221; css_animation=&#8221;fadeInUp&#8221;][\/vc_column][\/vc_row][vc_row full_width=&#8221;stretch_row&#8221; css_animation=&#8221;fadeIn&#8221; css=&#8221;.vc_custom_1657826602548{background-color: [&hellip;]","og_url":"https:\/\/m-a-i.qc.ca\/en\/because-you-never-asked\/","og_site_name":"MAI | Montr\u00e9al, arts interculturels","article_publisher":"http:\/\/facebook.com\/mtlartsinter","article_modified_time":"2023-02-20T17:31:22+00:00","twitter_card":"summary_large_image","twitter_site":"@mtlartsinter","twitter_misc":{"Est. reading time":"2 minutes"},"schema":{"@context":"https:\/\/schema.org","@graph":[{"@type":"WebPage","@id":"https:\/\/m-a-i.qc.ca\/en\/because-you-never-asked\/","url":"https:\/\/m-a-i.qc.ca\/en\/because-you-never-asked\/","name":"Roger White, Helen Simard &mdash; MAI | Montr\u00e9al, arts interculturels","isPartOf":{"@id":"https:\/\/www.m-a-i.qc.ca\/en\/#website"},"datePublished":"2022-07-24T15:57:59+00:00","dateModified":"2023-02-20T17:31:22+00:00","breadcrumb":{"@id":"https:\/\/m-a-i.qc.ca\/en\/because-you-never-asked\/#breadcrumb"},"inLanguage":"en-US","potentialAction":[{"@type":"ReadAction","target":["https:\/\/m-a-i.qc.ca\/en\/because-you-never-asked\/"]}]},{"@type":"BreadcrumbList","@id":"https:\/\/m-a-i.qc.ca\/en\/because-you-never-asked\/#breadcrumb","itemListElement":[{"@type":"ListItem","position":1,"name":"Accueil","item":"https:\/\/m-a-i.qc.ca\/en\/"},{"@type":"ListItem","position":2,"name":"roger white, helen simard"}]},{"@type":"WebSite","@id":"https:\/\/www.m-a-i.qc.ca\/en\/#website","url":"https:\/\/www.m-a-i.qc.ca\/en\/","name":"MAI | Montr\u00e9al, arts interculturels","description":"La perle des arts interculturels au c\u0153ur de Montr\u00e9al. Arts visuels, th\u00e9\u00e2tre, danse, musique et arts interdisciplinaires. + de 40 \u00e9v\u00e8nements par an","publisher":{"@id":"https:\/\/www.m-a-i.qc.ca\/en\/#organization"},"potentialAction":[{"@type":"SearchAction","target":{"@type":"EntryPoint","urlTemplate":"https:\/\/www.m-a-i.qc.ca\/en\/?s={search_term_string}"},"query-input":"required name=search_term_string"}],"inLanguage":"en-US"},{"@type":"Organization","@id":"https:\/\/www.m-a-i.qc.ca\/en\/#organization","name":"MAI (Montr\u00e9al, arts interculturels)","url":"https:\/\/www.m-a-i.qc.ca\/en\/","logo":{"@type":"ImageObject","inLanguage":"en-US","@id":"https:\/\/www.m-a-i.qc.ca\/en\/#\/schema\/logo\/image\/","url":"https:\/\/m-a-i.qc.ca\/wp-content\/uploads\/2024\/02\/logo_mai_noir-1.png","contentUrl":"https:\/\/m-a-i.qc.ca\/wp-content\/uploads\/2024\/02\/logo_mai_noir-1.png","width":1152,"height":1152,"caption":"MAI (Montr\u00e9al, arts interculturels)"},"image":{"@id":"https:\/\/www.m-a-i.qc.ca\/en\/#\/schema\/logo\/image\/"},"sameAs":["http:\/\/instagram.com\/mtlartsinter","http:\/\/linkedin.com\/company\/mtlartsinter","https:\/\/fr.wikipedia.org\/wiki\/Montral_arts_interculturels","http:\/\/facebook.com\/mtlartsinter","https:\/\/twitter.com\/mtlartsinter"]}]}},"_links":{"self":[{"href":"https:\/\/m-a-i.qc.ca\/en\/wp-json\/wp\/v2\/pages\/13086","targetHints":{"allow":["GET"]}}],"collection":[{"href":"https:\/\/m-a-i.qc.ca\/en\/wp-json\/wp\/v2\/pages"}],"about":[{"href":"https:\/\/m-a-i.qc.ca\/en\/wp-json\/wp\/v2\/types\/page"}],"author":[{"embeddable":true,"href":"https:\/\/m-a-i.qc.ca\/en\/wp-json\/wp\/v2\/users\/17"}],"replies":[{"embeddable":true,"href":"https:\/\/m-a-i.qc.ca\/en\/wp-json\/wp\/v2\/comments?post=13086"}],"version-history":[{"count":5,"href":"https:\/\/m-a-i.qc.ca\/en\/wp-json\/wp\/v2\/pages\/13086\/revisions"}],"predecessor-version":[{"id":14347,"href":"https:\/\/m-a-i.qc.ca\/en\/wp-json\/wp\/v2\/pages\/13086\/revisions\/14347"}],"wp:attachment":[{"href":"https:\/\/m-a-i.qc.ca\/en\/wp-json\/wp\/v2\/media?parent=13086"}],"curies":[{"name":"wp","href":"https:\/\/api.w.org\/{rel}","templated":true}]}}