{"id":13043,"date":"2022-07-22T16:42:56","date_gmt":"2022-07-22T20:42:56","guid":{"rendered":"https:\/\/m-a-i.qc.ca\/?page_id=13043"},"modified":"2023-01-20T14:59:34","modified_gmt":"2023-01-20T19:59:34","slug":"queerdo-love-cabaret","status":"publish","type":"page","link":"https:\/\/m-a-i.qc.ca\/en\/queerdo-love-cabaret\/","title":{"rendered":"bijuriya + hercusleaze and many more!"},"content":{"rendered":"[vc_row css_animation=&#8221;fadeIn&#8221;][vc_column][vc_column_text]\n<h2 style=\"text-align: center;\">February 16th, 2023<\/h2>\n[\/vc_column_text][\/vc_column][\/vc_row][vc_row css_animation=&#8221;fadeIn&#8221;][vc_column][vc_column_text]\n<h1 style=\"text-align: center;\"><span style=\"color: #71588d;\">3 Queer Happenings \/ The Queerdo Love Cabaret<\/span><\/h1>\n[\/vc_column_text][\/vc_column][\/vc_row][vc_row css_animation=&#8221;fadeIn&#8221;][vc_column][vc_single_image image=&#8221;14114&#8243; img_size=&#8221;full&#8221; add_caption=&#8221;yes&#8221; alignment=&#8221;center&#8221; style=&#8221;vc_box_rounded&#8221; css_animation=&#8221;fadeInUp&#8221; title=&#8221;photo: Kinga Michalska&#8221;][\/vc_column][\/vc_row][vc_row full_width=&#8221;stretch_row&#8221; css_animation=&#8221;fadeIn&#8221; css=&#8221;.vc_custom_1657826602548{background-color: #ffffff !important;}&#8221;][vc_column width=&#8221;1\/4&#8243;][vc_column_text]\n<h2 style=\"text-align: right;\"><span style=\"font-size: 14pt;\">Tiotia:ke \/ Mooniyang \/ Montreal<\/span><\/h2>\n<h2 style=\"text-align: right;\"><span style=\"font-size: 14pt;\">Drag<\/span><\/h2>\n[\/vc_column_text][vc_column_text]\n<p style=\"text-align: right;\">February 16, 2023: 8:00pm &#8211; doors at 7:30pm<\/p>\n[\/vc_column_text][\/vc_column][vc_column width=&#8221;3\/4&#8243;][vc_column_text]Hosted by <strong>Bijuriya<\/strong> and <strong>HercuSleaze<\/strong>, a cabaret of queerdo excellence! Featuring Manny Dingo, Miami Minx, Phoenix Inana, Uncle Marly, Ad\u2019horrible, Jaqq Strapp and La Roseline, Kajol and Korra AnarchKey.<\/p>\n<p>and many more! Come happen with us.[\/vc_column_text][vc_toggle title=&#8221;featuring&#8221;]\n<ul>\n<li><strong>Bijuriya<\/strong>, a drag artist and musician, inspired by her South Asian culture and appreciated for her proud, festive, wacky, and critical outlook on Bollywood and other elements of Desi culture!<\/li>\n<li><strong>HercuSleaze<\/strong>, Canada\u2019s most recognized drag king\u2014both as a contestant on season 1 of OutTV\u2019s \u201cCall Me Mother,\u201d and from his Instagram\u2014one of the top ten drag king accounts in the world!<\/li>\n<li><strong>Phoenix Inana<\/strong>, an Egyptian performance artist whose work strives to represent North African spirituality and identity, as well as queering and reclaiming bellydance arts from the grip of Western orientalism!<\/li>\n<li><strong>Uncle Marly<\/strong>, whose performances thematise body love, empowerment, gender bending, and sexuality, whilst showcasing their Afro-Caribbean roots!<\/li>\n<li><strong>Ad&#8217;horrible<\/strong>, a Chinese non-binary drag artist, who has confused audiences internationally &#8211; because of the one time they went to Ohio. They aim to show the weirder and spookier side of drag while dismantling preconceived ideas of gender in relation to drag presentation.<\/li>\n<li><strong>Jaqq Strapp<\/strong>, a filthy yank who lives for the finer things.<\/li>\n<li><strong>Kajol<\/strong>, named after the 90&#8217;s Bollywood diva, KAJOL is your not-so-regular South Asian ,musical theatre loving, queer drag creature! She uses drag to explore her hybrid identity and loves to tell stories through her performances. Said Kah-Jol. Jol&#8230;Like Jolene&#8230;Jolene, JOLene, JOLEEEEN.<\/li>\n<li><strong>Korra AnarchKey<\/strong>, here to share the spirit of alternative culture and youthful rebellion! Whether its being a rock&#8217;n&#8217;roll princess or an abstract entity, she is here to show you a different side to human reality. Are you ready for the rise of AnarchKey?<\/li>\n<li><strong>Manny Dingo<\/strong>, Hails from Haliwood, Nova Scotia. He has been performing since 2015 and recently started taking up space in Toronto. He is a powerhouse performer mixing gymnastics with vogue and waccking.<\/li>\n<li><strong>Miami Minx<\/strong>, originally from Florida, Miami Minx has been performing since 2017 in Montreal all across Canada down to South Florida. Miami often performs at burlesque cabaret The Wiggle Room and speakeasy bar Le 4eme Mur, combining classic burlesque with a dash of raunch. His exuberant stage presence and high energy result in a fire-cracker performance of sexiness, hi-glamour, and comedy.<\/li>\n<\/ul>\n[\/vc_toggle][vc_column_text]3 Queer Happenings is a celebration of unbridled artistic expression through live music, drag, performance art, and burlesque. A mini-festival for our community to experience queer joy. Oh, and we\u2019re throwing a ball!<\/p>\n<p>Discover the other events in this series :<br \/>\n\u279e <a href=\"https:\/\/m-a-i.qc.ca\/en\/bijuriya-big-sissy\/\">Cosmic Drag-Pop Double Feature<\/a> on February 17th<br \/>\n\u279e <a href=\"https:\/\/m-a-i.qc.ca\/en\/future-lovers-ball\/\">The Future Lovers Ball<\/a> on February 18th[\/vc_column_text][vc_column_text]\n<p style=\"text-align: center;\"><a class=\"theme_button\" href=\"https:\/\/m-a-i.tuxedobillet.com\/main\/the-queerdo-love-cabaret\" target=\"_blank\" rel=\"noopener noreferrer\">box office<b><\/b><\/a><\/p>\n[\/vc_column_text][vc_column_text]\n<p style=\"text-align: left;\">Presented as part of Queer Performance Camp, in partnership with\u00a0<a href=\"https:\/\/lachapelle.org\/\">LaChapelle Sc\u00e8nes contemporaines<\/a>\u00a0and\u00a0<a href=\"https:\/\/www.studio303.ca\/\">Studio 303.<\/a><\/p>\n<p><img loading=\"lazy\" decoding=\"async\" class=\"wp-image-13994 aligncenter\" src=\"https:\/\/m-a-i.qc.ca\/wp-content\/uploads\/2022\/12\/IMG_0578-680x680.png\" alt=\"\" width=\"191\" height=\"191\" srcset=\"https:\/\/m-a-i.qc.ca\/wp-content\/uploads\/2022\/12\/IMG_0578-680x680.png 680w, https:\/\/m-a-i.qc.ca\/wp-content\/uploads\/2022\/12\/IMG_0578-1920x1920.png 1920w, https:\/\/m-a-i.qc.ca\/wp-content\/uploads\/2022\/12\/IMG_0578-158x158.png 158w, https:\/\/m-a-i.qc.ca\/wp-content\/uploads\/2022\/12\/IMG_0578-768x768.png 768w, https:\/\/m-a-i.qc.ca\/wp-content\/uploads\/2022\/12\/IMG_0578-1536x1536.png 1536w, https:\/\/m-a-i.qc.ca\/wp-content\/uploads\/2022\/12\/IMG_0578-2048x2048.png 2048w, https:\/\/m-a-i.qc.ca\/wp-content\/uploads\/2022\/12\/IMG_0578-780x780.png 780w\" sizes=\"auto, (max-width: 191px) 100vw, 191px\" \/><\/p>\n<p><img loading=\"lazy\" decoding=\"async\" class=\"size-full wp-image-1345 aligncenter\" src=\"https:\/\/m-a-i.qc.ca\/wp-content\/uploads\/2018\/08\/logo-LaChapelleScenesContemporaines-100-e1534300655207.png\" alt=\"\" width=\"168\" height=\"55\" \/><\/p>\n<p><img loading=\"lazy\" decoding=\"async\" class=\"size-full wp-image-1363 aligncenter\" src=\"https:\/\/m-a-i.qc.ca\/wp-content\/uploads\/2018\/08\/STUDIO303LOGO-100-e1534300388152.png\" alt=\"Studio 303\" width=\"103\" height=\"50\" \/>[\/vc_column_text][vc_separator][vc_toggle title=&#8221;credits&#8221;]\n<div>Hosts and performers : Bijuriya, BiG SiSSY, Uncle Marly, HercuSleaze, Pheonix Inanna<br \/>\nFeaturing : Manny Dingo, Miami Minx, Phoenix Inana, Uncle Marly, Ad\u2019horrible, Jaqq Strapp and La Roseline, Kajol and Korra AnarchKey.<\/div>\n<p>Co-produced by MAI (Montr\u00e9al, arts interculturels).[\/vc_toggle][\/vc_column][\/vc_row]\n","protected":false},"excerpt":{"rendered":"<p>[vc_row css_animation=&#8221;fadeIn&#8221;][vc_column][vc_column_text] February 16th, 2023 [\/vc_column_text][\/vc_column][\/vc_row][vc_row css_animation=&#8221;fadeIn&#8221;][vc_column][vc_column_text] 3 Queer Happenings \/ The Queerdo Love Cabaret [\/vc_column_text][\/vc_column][\/vc_row][vc_row css_animation=&#8221;fadeIn&#8221;][vc_column][vc_single_image image=&#8221;14114&#8243; img_size=&#8221;full&#8221; add_caption=&#8221;yes&#8221; alignment=&#8221;center&#8221; style=&#8221;vc_box_rounded&#8221; css_animation=&#8221;fadeInUp&#8221; title=&#8221;photo: [&hellip;]<\/p>\n","protected":false},"author":17,"featured_media":0,"parent":0,"menu_order":0,"comment_status":"closed","ping_status":"closed","template":"","meta":{"footnotes":""},"class_list":["post-13043","page","type-page","status-publish","hentry"],"acf":[],"yoast_head":"<!-- This site is optimized with the Yoast SEO plugin v19.13 - https:\/\/yoast.com\/wordpress\/plugins\/seo\/ -->\n<title>Bijuriya + HercuSleaze and many more! &mdash; MAI | Montr\u00e9al, arts interculturels<\/title>\n<meta name=\"robots\" content=\"index, follow, max-snippet:-1, max-image-preview:large, max-video-preview:-1\" \/>\n<link rel=\"canonical\" href=\"https:\/\/m-a-i.qc.ca\/en\/queerdo-love-cabaret\/\" \/>\n<meta property=\"og:locale\" content=\"en_US\" \/>\n<meta property=\"og:type\" content=\"article\" \/>\n<meta property=\"og:title\" content=\"Bijuriya + HercuSleaze and many more! &mdash; MAI | Montr\u00e9al, arts interculturels\" \/>\n<meta property=\"og:description\" content=\"[vc_row css_animation=&#8221;fadeIn&#8221;][vc_column][vc_column_text] February 16th, 2023 [\/vc_column_text][\/vc_column][\/vc_row][vc_row css_animation=&#8221;fadeIn&#8221;][vc_column][vc_column_text] 3 Queer Happenings \/ The Queerdo Love Cabaret [\/vc_column_text][\/vc_column][\/vc_row][vc_row css_animation=&#8221;fadeIn&#8221;][vc_column][vc_single_image image=&#8221;14114&#8243; img_size=&#8221;full&#8221; add_caption=&#8221;yes&#8221; alignment=&#8221;center&#8221; style=&#8221;vc_box_rounded&#8221; css_animation=&#8221;fadeInUp&#8221; title=&#8221;photo: [&hellip;]\" \/>\n<meta property=\"og:url\" content=\"https:\/\/m-a-i.qc.ca\/en\/queerdo-love-cabaret\/\" \/>\n<meta property=\"og:site_name\" content=\"MAI | Montr\u00e9al, arts interculturels\" \/>\n<meta property=\"article:publisher\" content=\"http:\/\/facebook.com\/mtlartsinter\" \/>\n<meta property=\"article:modified_time\" content=\"2023-01-20T19:59:34+00:00\" \/>\n<meta property=\"og:image\" content=\"https:\/\/m-a-i.qc.ca\/wp-content\/uploads\/2022\/12\/IMG_0578-680x680.png\" \/>\n<meta name=\"twitter:card\" content=\"summary_large_image\" \/>\n<meta name=\"twitter:site\" content=\"@mtlartsinter\" \/>\n<meta name=\"twitter:label1\" content=\"Est. reading time\" \/>\n\t<meta name=\"twitter:data1\" content=\"4 minutes\" \/>\n<script type=\"application\/ld+json\" class=\"yoast-schema-graph\">{\"@context\":\"https:\/\/schema.org\",\"@graph\":[{\"@type\":\"WebPage\",\"@id\":\"https:\/\/m-a-i.qc.ca\/en\/queerdo-love-cabaret\/\",\"url\":\"https:\/\/m-a-i.qc.ca\/en\/queerdo-love-cabaret\/\",\"name\":\"Bijuriya + HercuSleaze and many more! &mdash; MAI | Montr\u00e9al, arts interculturels\",\"isPartOf\":{\"@id\":\"https:\/\/www.m-a-i.qc.ca\/en\/#website\"},\"datePublished\":\"2022-07-22T20:42:56+00:00\",\"dateModified\":\"2023-01-20T19:59:34+00:00\",\"breadcrumb\":{\"@id\":\"https:\/\/m-a-i.qc.ca\/en\/queerdo-love-cabaret\/#breadcrumb\"},\"inLanguage\":\"en-US\",\"potentialAction\":[{\"@type\":\"ReadAction\",\"target\":[\"https:\/\/m-a-i.qc.ca\/en\/queerdo-love-cabaret\/\"]}]},{\"@type\":\"BreadcrumbList\",\"@id\":\"https:\/\/m-a-i.qc.ca\/en\/queerdo-love-cabaret\/#breadcrumb\",\"itemListElement\":[{\"@type\":\"ListItem\",\"position\":1,\"name\":\"Accueil\",\"item\":\"https:\/\/m-a-i.qc.ca\/en\/\"},{\"@type\":\"ListItem\",\"position\":2,\"name\":\"bijuriya + hercusleaze and many more!\"}]},{\"@type\":\"WebSite\",\"@id\":\"https:\/\/www.m-a-i.qc.ca\/en\/#website\",\"url\":\"https:\/\/www.m-a-i.qc.ca\/en\/\",\"name\":\"MAI | Montr\u00e9al, arts interculturels\",\"description\":\"La perle des arts interculturels au c\u0153ur de Montr\u00e9al. Arts visuels, th\u00e9\u00e2tre, danse, musique et arts interdisciplinaires. + de 40 \u00e9v\u00e8nements par an\",\"publisher\":{\"@id\":\"https:\/\/www.m-a-i.qc.ca\/en\/#organization\"},\"potentialAction\":[{\"@type\":\"SearchAction\",\"target\":{\"@type\":\"EntryPoint\",\"urlTemplate\":\"https:\/\/www.m-a-i.qc.ca\/en\/?s={search_term_string}\"},\"query-input\":\"required name=search_term_string\"}],\"inLanguage\":\"en-US\"},{\"@type\":\"Organization\",\"@id\":\"https:\/\/www.m-a-i.qc.ca\/en\/#organization\",\"name\":\"MAI (Montr\u00e9al, arts interculturels)\",\"url\":\"https:\/\/www.m-a-i.qc.ca\/en\/\",\"logo\":{\"@type\":\"ImageObject\",\"inLanguage\":\"en-US\",\"@id\":\"https:\/\/www.m-a-i.qc.ca\/en\/#\/schema\/logo\/image\/\",\"url\":\"https:\/\/m-a-i.qc.ca\/wp-content\/uploads\/2024\/02\/logo_mai_noir-1.png\",\"contentUrl\":\"https:\/\/m-a-i.qc.ca\/wp-content\/uploads\/2024\/02\/logo_mai_noir-1.png\",\"width\":1152,\"height\":1152,\"caption\":\"MAI (Montr\u00e9al, arts interculturels)\"},\"image\":{\"@id\":\"https:\/\/www.m-a-i.qc.ca\/en\/#\/schema\/logo\/image\/\"},\"sameAs\":[\"http:\/\/instagram.com\/mtlartsinter\",\"http:\/\/linkedin.com\/company\/mtlartsinter\",\"https:\/\/fr.wikipedia.org\/wiki\/Montral_arts_interculturels\",\"http:\/\/facebook.com\/mtlartsinter\",\"https:\/\/twitter.com\/mtlartsinter\"]}]}<\/script>\n<!-- \/ Yoast SEO plugin. -->","yoast_head_json":{"title":"Bijuriya + HercuSleaze and many more! &mdash; MAI | Montr\u00e9al, arts interculturels","robots":{"index":"index","follow":"follow","max-snippet":"max-snippet:-1","max-image-preview":"max-image-preview:large","max-video-preview":"max-video-preview:-1"},"canonical":"https:\/\/m-a-i.qc.ca\/en\/queerdo-love-cabaret\/","og_locale":"en_US","og_type":"article","og_title":"Bijuriya + HercuSleaze and many more! &mdash; MAI | Montr\u00e9al, arts interculturels","og_description":"[vc_row css_animation=&#8221;fadeIn&#8221;][vc_column][vc_column_text] February 16th, 2023 [\/vc_column_text][\/vc_column][\/vc_row][vc_row css_animation=&#8221;fadeIn&#8221;][vc_column][vc_column_text] 3 Queer Happenings \/ The Queerdo Love Cabaret [\/vc_column_text][\/vc_column][\/vc_row][vc_row css_animation=&#8221;fadeIn&#8221;][vc_column][vc_single_image image=&#8221;14114&#8243; img_size=&#8221;full&#8221; add_caption=&#8221;yes&#8221; alignment=&#8221;center&#8221; style=&#8221;vc_box_rounded&#8221; css_animation=&#8221;fadeInUp&#8221; title=&#8221;photo: [&hellip;]","og_url":"https:\/\/m-a-i.qc.ca\/en\/queerdo-love-cabaret\/","og_site_name":"MAI | Montr\u00e9al, arts interculturels","article_publisher":"http:\/\/facebook.com\/mtlartsinter","article_modified_time":"2023-01-20T19:59:34+00:00","og_image":[{"url":"https:\/\/m-a-i.qc.ca\/wp-content\/uploads\/2022\/12\/IMG_0578-680x680.png"}],"twitter_card":"summary_large_image","twitter_site":"@mtlartsinter","twitter_misc":{"Est. reading time":"4 minutes"},"schema":{"@context":"https:\/\/schema.org","@graph":[{"@type":"WebPage","@id":"https:\/\/m-a-i.qc.ca\/en\/queerdo-love-cabaret\/","url":"https:\/\/m-a-i.qc.ca\/en\/queerdo-love-cabaret\/","name":"Bijuriya + HercuSleaze and many more! &mdash; MAI | Montr\u00e9al, arts interculturels","isPartOf":{"@id":"https:\/\/www.m-a-i.qc.ca\/en\/#website"},"datePublished":"2022-07-22T20:42:56+00:00","dateModified":"2023-01-20T19:59:34+00:00","breadcrumb":{"@id":"https:\/\/m-a-i.qc.ca\/en\/queerdo-love-cabaret\/#breadcrumb"},"inLanguage":"en-US","potentialAction":[{"@type":"ReadAction","target":["https:\/\/m-a-i.qc.ca\/en\/queerdo-love-cabaret\/"]}]},{"@type":"BreadcrumbList","@id":"https:\/\/m-a-i.qc.ca\/en\/queerdo-love-cabaret\/#breadcrumb","itemListElement":[{"@type":"ListItem","position":1,"name":"Accueil","item":"https:\/\/m-a-i.qc.ca\/en\/"},{"@type":"ListItem","position":2,"name":"bijuriya + hercusleaze and many more!"}]},{"@type":"WebSite","@id":"https:\/\/www.m-a-i.qc.ca\/en\/#website","url":"https:\/\/www.m-a-i.qc.ca\/en\/","name":"MAI | Montr\u00e9al, arts interculturels","description":"La perle des arts interculturels au c\u0153ur de Montr\u00e9al. Arts visuels, th\u00e9\u00e2tre, danse, musique et arts interdisciplinaires. + de 40 \u00e9v\u00e8nements par an","publisher":{"@id":"https:\/\/www.m-a-i.qc.ca\/en\/#organization"},"potentialAction":[{"@type":"SearchAction","target":{"@type":"EntryPoint","urlTemplate":"https:\/\/www.m-a-i.qc.ca\/en\/?s={search_term_string}"},"query-input":"required name=search_term_string"}],"inLanguage":"en-US"},{"@type":"Organization","@id":"https:\/\/www.m-a-i.qc.ca\/en\/#organization","name":"MAI (Montr\u00e9al, arts interculturels)","url":"https:\/\/www.m-a-i.qc.ca\/en\/","logo":{"@type":"ImageObject","inLanguage":"en-US","@id":"https:\/\/www.m-a-i.qc.ca\/en\/#\/schema\/logo\/image\/","url":"https:\/\/m-a-i.qc.ca\/wp-content\/uploads\/2024\/02\/logo_mai_noir-1.png","contentUrl":"https:\/\/m-a-i.qc.ca\/wp-content\/uploads\/2024\/02\/logo_mai_noir-1.png","width":1152,"height":1152,"caption":"MAI (Montr\u00e9al, arts interculturels)"},"image":{"@id":"https:\/\/www.m-a-i.qc.ca\/en\/#\/schema\/logo\/image\/"},"sameAs":["http:\/\/instagram.com\/mtlartsinter","http:\/\/linkedin.com\/company\/mtlartsinter","https:\/\/fr.wikipedia.org\/wiki\/Montral_arts_interculturels","http:\/\/facebook.com\/mtlartsinter","https:\/\/twitter.com\/mtlartsinter"]}]}},"_links":{"self":[{"href":"https:\/\/m-a-i.qc.ca\/en\/wp-json\/wp\/v2\/pages\/13043","targetHints":{"allow":["GET"]}}],"collection":[{"href":"https:\/\/m-a-i.qc.ca\/en\/wp-json\/wp\/v2\/pages"}],"about":[{"href":"https:\/\/m-a-i.qc.ca\/en\/wp-json\/wp\/v2\/types\/page"}],"author":[{"embeddable":true,"href":"https:\/\/m-a-i.qc.ca\/en\/wp-json\/wp\/v2\/users\/17"}],"replies":[{"embeddable":true,"href":"https:\/\/m-a-i.qc.ca\/en\/wp-json\/wp\/v2\/comments?post=13043"}],"version-history":[{"count":20,"href":"https:\/\/m-a-i.qc.ca\/en\/wp-json\/wp\/v2\/pages\/13043\/revisions"}],"predecessor-version":[{"id":14247,"href":"https:\/\/m-a-i.qc.ca\/en\/wp-json\/wp\/v2\/pages\/13043\/revisions\/14247"}],"wp:attachment":[{"href":"https:\/\/m-a-i.qc.ca\/en\/wp-json\/wp\/v2\/media?parent=13043"}],"curies":[{"name":"wp","href":"https:\/\/api.w.org\/{rel}","templated":true}]}}