{"id":13033,"date":"2022-07-22T15:57:44","date_gmt":"2022-07-22T19:57:44","guid":{"rendered":"https:\/\/m-a-i.qc.ca\/?page_id=13033"},"modified":"2022-12-20T10:42:44","modified_gmt":"2022-12-20T15:42:44","slug":"halal-ivo","status":"publish","type":"page","link":"https:\/\/m-a-i.qc.ca\/en\/halal-ivo\/","title":{"rendered":"ivo dimchev"},"content":{"rendered":"[vc_row css_animation=&#8221;fadeIn&#8221;][vc_column][vc_column_text]\n<h2 style=\"text-align: center;\">February 6 and 7, 2023<\/h2>\n[\/vc_column_text][\/vc_column][\/vc_row][vc_row css_animation=&#8221;fadeIn&#8221;][vc_column][vc_column_text]\n<h1 style=\"text-align: center;\"><span style=\"color: #71588d;\">HALAL<\/span><\/h1>\n[\/vc_column_text][\/vc_column][\/vc_row][vc_row css_animation=&#8221;fadeIn&#8221;][vc_column][vc_single_image image=&#8221;13036&#8243; img_size=&#8221;full&#8221; add_caption=&#8221;yes&#8221; alignment=&#8221;center&#8221; style=&#8221;vc_box_rounded&#8221; css_animation=&#8221;fadeInUp&#8221;][\/vc_column][\/vc_row][vc_row full_width=&#8221;stretch_row&#8221; css_animation=&#8221;fadeIn&#8221; css=&#8221;.vc_custom_1657826602548{background-color: #ffffff !important;}&#8221;][vc_column width=&#8221;1\/4&#8243;][vc_column_text]\n<h2 style=\"text-align: right;\"><span style=\"font-size: 14pt;\">Sofia (Bulgaria)<\/span><\/h2>\n<h2 style=\"text-align: right;\"><span style=\"font-size: 14pt;\">Music \/ Performance<\/span><\/h2>\n<h2 style=\"text-align: right;\"><span style=\"font-size: 14pt;\">Presented in\u00a0English and Bulgarian<\/span><\/h2>\n[\/vc_column_text][vc_column_text]\n<p style=\"text-align: right;\">February 6, 2023: 7:30pm<\/p>\n<p style=\"text-align: right;\">February 7, 2023: 7:30pm<\/p>\n[\/vc_column_text][\/vc_column][vc_column width=&#8221;3\/4&#8243;][vc_column_text]\n<p style=\"text-align: left;\"><span style=\"color: #71588d;\"><strong>Ivo Dimchev<\/strong><\/span> used to be the performer parents wanted to protect their kids from, now his angelic songs are the ones they play their babies to sleep with. Known as an irreverent and provocative performance artist, the chameleon-like queer Bulgarian choreographer, performer, and activist has recently been exploring the universe of sound. Musical research is now the core of his practice, with lyrics that weave a dark poetry around the listener. His is equal parts carnal and sweet, capricious and elegant. With a stage presence oscillating between rock star and \u201cprima donna,\u201d Dimchev rips out your heart and licks it before leading you onto the club dance floor. In <span style=\"color: #71588d;\"><em><strong>HALAL<\/strong><\/em><\/span>, Dimchev presents songs from his older albums as well as songs written during the pandemic\u2014angelic in tone but dirty in content. Truly a master of performance, Dimchev\u2019s emotional voice will move even the coldest of creatures.<\/p>\n[\/vc_column_text][vc_column_text]\n<p style=\"text-align: center;\"><a class=\"theme_button\" href=\"https:\/\/m-a-i.tuxedobillet.com\/main\/halal\" target=\"_blank\" rel=\"noopener noreferrer\">box office<b><\/b><\/a><\/p>\n[\/vc_column_text][vc_column_text]\n<p style=\"text-align: left;\">Presented as part of Queer Performance Camp, in partnership with\u00a0<a href=\"https:\/\/lachapelle.org\/\">LaChapelle Sc\u00e8nes contemporaines<\/a>\u00a0and\u00a0<a href=\"https:\/\/www.studio303.ca\/\">Studio 303.<\/a><\/p>\n<p><img loading=\"lazy\" decoding=\"async\" class=\"wp-image-13994 aligncenter\" src=\"https:\/\/m-a-i.qc.ca\/wp-content\/uploads\/2022\/12\/IMG_0578-680x680.png\" alt=\"\" width=\"175\" height=\"196\" \/><\/p>\n<p><img loading=\"lazy\" decoding=\"async\" class=\"size-full wp-image-1345 aligncenter\" src=\"https:\/\/m-a-i.qc.ca\/wp-content\/uploads\/2018\/08\/logo-LaChapelleScenesContemporaines-100-e1534300655207.png\" alt=\"\" width=\"168\" height=\"55\" \/><\/p>\n<p><img loading=\"lazy\" decoding=\"async\" class=\"size-full wp-image-1363 aligncenter\" src=\"https:\/\/m-a-i.qc.ca\/wp-content\/uploads\/2018\/08\/STUDIO303LOGO-100-e1534300388152.png\" alt=\"Studio 303\" width=\"103\" height=\"50\" \/>[\/vc_column_text][vc_separator][vc_toggle title=&#8221;credit&#8221;]Music and text: Ivo Dimchev | Music Production: Georgy Linev, Sash &amp; Blazh, Ivo Dimchev | Production: Humarts Foundation (Sofia &#8211; Bulgaria) | Management and Distribution: Something Great (Berlin &#8211; Germany)[\/vc_toggle][vc_toggle title=&#8221;about the box office&#8221;]\n<h2 style=\"text-align: center;\">rates 22.23<\/h2>\n<p style=\"text-align: center;\"><strong>regular | $28<\/strong><\/p>\n<p style=\"text-align: center;\"><strong>reduced | $22<\/strong> \u2013 seniors (65 and more) &amp; students: upon presentation of a valid justification document. the discount applies to one (1) person and is not cumulative.<\/p>\n<p style=\"text-align: center;\"><strong>junior &amp; groups | $16<\/strong> \u2013 14 years old and under, or group of ten (10) and more.<\/p>\n<p style=\"text-align: center;\"><strong>music | $22<\/strong><\/p>\n<p style=\"text-align: center;\"><strong>accompanying person | $0<\/strong> \u2013 accompanying persons for spectators with a disability. contact the box office for more information.<\/p>\n<p style=\"text-align: center;\"><strong>passeport 4\/4 | $68<\/strong>\u00a0\u2013 four (4) performances of your choice for $68 instead of $112! one (1) ticket per person per performance. all four (4) performances must be booked in the same transaction. the passport is valid for the 21.22 programming only.<\/p>\n<p style=\"text-align: center;\"><strong><a class=\"theme_button\" href=\"https:\/\/m-a-i.tuxedobillet.com\/main\/passeport\" target=\"_blank\" rel=\"noopener noreferrer\">buy a passeport 4\/4<\/a><\/strong><\/p>\n[\/vc_toggle][\/vc_column][\/vc_row]\n","protected":false},"excerpt":{"rendered":"<p>[vc_row css_animation=&#8221;fadeIn&#8221;][vc_column][vc_column_text] February 6 and 7, 2023 [\/vc_column_text][\/vc_column][\/vc_row][vc_row css_animation=&#8221;fadeIn&#8221;][vc_column][vc_column_text] HALAL [\/vc_column_text][\/vc_column][\/vc_row][vc_row css_animation=&#8221;fadeIn&#8221;][vc_column][vc_single_image image=&#8221;13036&#8243; img_size=&#8221;full&#8221; add_caption=&#8221;yes&#8221; alignment=&#8221;center&#8221; style=&#8221;vc_box_rounded&#8221; css_animation=&#8221;fadeInUp&#8221;][\/vc_column][\/vc_row][vc_row full_width=&#8221;stretch_row&#8221; css_animation=&#8221;fadeIn&#8221; css=&#8221;.vc_custom_1657826602548{background-color: #ffffff !important;}&#8221;][vc_column width=&#8221;1\/4&#8243;][vc_column_text] [&hellip;]<\/p>\n","protected":false},"author":17,"featured_media":0,"parent":0,"menu_order":0,"comment_status":"closed","ping_status":"closed","template":"","meta":{"footnotes":""},"class_list":["post-13033","page","type-page","status-publish","hentry"],"acf":[],"yoast_head":"<!-- This site is optimized with the Yoast SEO plugin v19.13 - https:\/\/yoast.com\/wordpress\/plugins\/seo\/ -->\n<title>Ivo Dimchev &mdash; MAI | Montr\u00e9al, arts interculturels<\/title>\n<meta name=\"robots\" content=\"index, follow, max-snippet:-1, max-image-preview:large, max-video-preview:-1\" \/>\n<link rel=\"canonical\" href=\"https:\/\/m-a-i.qc.ca\/en\/halal-ivo\/\" \/>\n<meta property=\"og:locale\" content=\"en_US\" \/>\n<meta property=\"og:type\" content=\"article\" \/>\n<meta property=\"og:title\" content=\"Ivo Dimchev &mdash; MAI | Montr\u00e9al, arts interculturels\" \/>\n<meta property=\"og:description\" content=\"[vc_row css_animation=&#8221;fadeIn&#8221;][vc_column][vc_column_text] February 6 and 7, 2023 [\/vc_column_text][\/vc_column][\/vc_row][vc_row css_animation=&#8221;fadeIn&#8221;][vc_column][vc_column_text] HALAL [\/vc_column_text][\/vc_column][\/vc_row][vc_row css_animation=&#8221;fadeIn&#8221;][vc_column][vc_single_image image=&#8221;13036&#8243; img_size=&#8221;full&#8221; add_caption=&#8221;yes&#8221; alignment=&#8221;center&#8221; style=&#8221;vc_box_rounded&#8221; css_animation=&#8221;fadeInUp&#8221;][\/vc_column][\/vc_row][vc_row full_width=&#8221;stretch_row&#8221; css_animation=&#8221;fadeIn&#8221; css=&#8221;.vc_custom_1657826602548{background-color: #ffffff !important;}&#8221;][vc_column width=&#8221;1\/4&#8243;][vc_column_text] [&hellip;]\" \/>\n<meta property=\"og:url\" content=\"https:\/\/m-a-i.qc.ca\/en\/halal-ivo\/\" \/>\n<meta property=\"og:site_name\" content=\"MAI | Montr\u00e9al, arts interculturels\" \/>\n<meta property=\"article:publisher\" content=\"http:\/\/facebook.com\/mtlartsinter\" \/>\n<meta property=\"article:modified_time\" content=\"2022-12-20T15:42:44+00:00\" \/>\n<meta property=\"og:image\" content=\"https:\/\/m-a-i.qc.ca\/wp-content\/uploads\/2022\/12\/IMG_0578-680x680.png\" \/>\n<meta name=\"twitter:card\" content=\"summary_large_image\" \/>\n<meta name=\"twitter:site\" content=\"@mtlartsinter\" \/>\n<meta name=\"twitter:label1\" content=\"Est. reading time\" \/>\n\t<meta name=\"twitter:data1\" content=\"3 minutes\" \/>\n<script type=\"application\/ld+json\" class=\"yoast-schema-graph\">{\"@context\":\"https:\/\/schema.org\",\"@graph\":[{\"@type\":\"WebPage\",\"@id\":\"https:\/\/m-a-i.qc.ca\/en\/halal-ivo\/\",\"url\":\"https:\/\/m-a-i.qc.ca\/en\/halal-ivo\/\",\"name\":\"Ivo Dimchev &mdash; MAI | Montr\u00e9al, arts interculturels\",\"isPartOf\":{\"@id\":\"https:\/\/www.m-a-i.qc.ca\/en\/#website\"},\"datePublished\":\"2022-07-22T19:57:44+00:00\",\"dateModified\":\"2022-12-20T15:42:44+00:00\",\"breadcrumb\":{\"@id\":\"https:\/\/m-a-i.qc.ca\/en\/halal-ivo\/#breadcrumb\"},\"inLanguage\":\"en-US\",\"potentialAction\":[{\"@type\":\"ReadAction\",\"target\":[\"https:\/\/m-a-i.qc.ca\/en\/halal-ivo\/\"]}]},{\"@type\":\"BreadcrumbList\",\"@id\":\"https:\/\/m-a-i.qc.ca\/en\/halal-ivo\/#breadcrumb\",\"itemListElement\":[{\"@type\":\"ListItem\",\"position\":1,\"name\":\"Accueil\",\"item\":\"https:\/\/m-a-i.qc.ca\/en\/\"},{\"@type\":\"ListItem\",\"position\":2,\"name\":\"ivo dimchev\"}]},{\"@type\":\"WebSite\",\"@id\":\"https:\/\/www.m-a-i.qc.ca\/en\/#website\",\"url\":\"https:\/\/www.m-a-i.qc.ca\/en\/\",\"name\":\"MAI | Montr\u00e9al, arts interculturels\",\"description\":\"La perle des arts interculturels au c\u0153ur de Montr\u00e9al. Arts visuels, th\u00e9\u00e2tre, danse, musique et arts interdisciplinaires. + de 40 \u00e9v\u00e8nements par an\",\"publisher\":{\"@id\":\"https:\/\/www.m-a-i.qc.ca\/en\/#organization\"},\"potentialAction\":[{\"@type\":\"SearchAction\",\"target\":{\"@type\":\"EntryPoint\",\"urlTemplate\":\"https:\/\/www.m-a-i.qc.ca\/en\/?s={search_term_string}\"},\"query-input\":\"required name=search_term_string\"}],\"inLanguage\":\"en-US\"},{\"@type\":\"Organization\",\"@id\":\"https:\/\/www.m-a-i.qc.ca\/en\/#organization\",\"name\":\"MAI (Montr\u00e9al, arts interculturels)\",\"url\":\"https:\/\/www.m-a-i.qc.ca\/en\/\",\"logo\":{\"@type\":\"ImageObject\",\"inLanguage\":\"en-US\",\"@id\":\"https:\/\/www.m-a-i.qc.ca\/en\/#\/schema\/logo\/image\/\",\"url\":\"https:\/\/m-a-i.qc.ca\/wp-content\/uploads\/2024\/02\/logo_mai_noir-1.png\",\"contentUrl\":\"https:\/\/m-a-i.qc.ca\/wp-content\/uploads\/2024\/02\/logo_mai_noir-1.png\",\"width\":1152,\"height\":1152,\"caption\":\"MAI (Montr\u00e9al, arts interculturels)\"},\"image\":{\"@id\":\"https:\/\/www.m-a-i.qc.ca\/en\/#\/schema\/logo\/image\/\"},\"sameAs\":[\"http:\/\/instagram.com\/mtlartsinter\",\"http:\/\/linkedin.com\/company\/mtlartsinter\",\"https:\/\/fr.wikipedia.org\/wiki\/Montral_arts_interculturels\",\"http:\/\/facebook.com\/mtlartsinter\",\"https:\/\/twitter.com\/mtlartsinter\"]}]}<\/script>\n<!-- \/ Yoast SEO plugin. -->","yoast_head_json":{"title":"Ivo Dimchev &mdash; MAI | Montr\u00e9al, arts interculturels","robots":{"index":"index","follow":"follow","max-snippet":"max-snippet:-1","max-image-preview":"max-image-preview:large","max-video-preview":"max-video-preview:-1"},"canonical":"https:\/\/m-a-i.qc.ca\/en\/halal-ivo\/","og_locale":"en_US","og_type":"article","og_title":"Ivo Dimchev &mdash; MAI | Montr\u00e9al, arts interculturels","og_description":"[vc_row css_animation=&#8221;fadeIn&#8221;][vc_column][vc_column_text] February 6 and 7, 2023 [\/vc_column_text][\/vc_column][\/vc_row][vc_row css_animation=&#8221;fadeIn&#8221;][vc_column][vc_column_text] HALAL [\/vc_column_text][\/vc_column][\/vc_row][vc_row css_animation=&#8221;fadeIn&#8221;][vc_column][vc_single_image image=&#8221;13036&#8243; img_size=&#8221;full&#8221; add_caption=&#8221;yes&#8221; alignment=&#8221;center&#8221; style=&#8221;vc_box_rounded&#8221; css_animation=&#8221;fadeInUp&#8221;][\/vc_column][\/vc_row][vc_row full_width=&#8221;stretch_row&#8221; css_animation=&#8221;fadeIn&#8221; css=&#8221;.vc_custom_1657826602548{background-color: #ffffff !important;}&#8221;][vc_column width=&#8221;1\/4&#8243;][vc_column_text] [&hellip;]","og_url":"https:\/\/m-a-i.qc.ca\/en\/halal-ivo\/","og_site_name":"MAI | Montr\u00e9al, arts interculturels","article_publisher":"http:\/\/facebook.com\/mtlartsinter","article_modified_time":"2022-12-20T15:42:44+00:00","og_image":[{"url":"https:\/\/m-a-i.qc.ca\/wp-content\/uploads\/2022\/12\/IMG_0578-680x680.png"}],"twitter_card":"summary_large_image","twitter_site":"@mtlartsinter","twitter_misc":{"Est. reading time":"3 minutes"},"schema":{"@context":"https:\/\/schema.org","@graph":[{"@type":"WebPage","@id":"https:\/\/m-a-i.qc.ca\/en\/halal-ivo\/","url":"https:\/\/m-a-i.qc.ca\/en\/halal-ivo\/","name":"Ivo Dimchev &mdash; MAI | Montr\u00e9al, arts interculturels","isPartOf":{"@id":"https:\/\/www.m-a-i.qc.ca\/en\/#website"},"datePublished":"2022-07-22T19:57:44+00:00","dateModified":"2022-12-20T15:42:44+00:00","breadcrumb":{"@id":"https:\/\/m-a-i.qc.ca\/en\/halal-ivo\/#breadcrumb"},"inLanguage":"en-US","potentialAction":[{"@type":"ReadAction","target":["https:\/\/m-a-i.qc.ca\/en\/halal-ivo\/"]}]},{"@type":"BreadcrumbList","@id":"https:\/\/m-a-i.qc.ca\/en\/halal-ivo\/#breadcrumb","itemListElement":[{"@type":"ListItem","position":1,"name":"Accueil","item":"https:\/\/m-a-i.qc.ca\/en\/"},{"@type":"ListItem","position":2,"name":"ivo dimchev"}]},{"@type":"WebSite","@id":"https:\/\/www.m-a-i.qc.ca\/en\/#website","url":"https:\/\/www.m-a-i.qc.ca\/en\/","name":"MAI | Montr\u00e9al, arts interculturels","description":"La perle des arts interculturels au c\u0153ur de Montr\u00e9al. Arts visuels, th\u00e9\u00e2tre, danse, musique et arts interdisciplinaires. + de 40 \u00e9v\u00e8nements par an","publisher":{"@id":"https:\/\/www.m-a-i.qc.ca\/en\/#organization"},"potentialAction":[{"@type":"SearchAction","target":{"@type":"EntryPoint","urlTemplate":"https:\/\/www.m-a-i.qc.ca\/en\/?s={search_term_string}"},"query-input":"required name=search_term_string"}],"inLanguage":"en-US"},{"@type":"Organization","@id":"https:\/\/www.m-a-i.qc.ca\/en\/#organization","name":"MAI (Montr\u00e9al, arts interculturels)","url":"https:\/\/www.m-a-i.qc.ca\/en\/","logo":{"@type":"ImageObject","inLanguage":"en-US","@id":"https:\/\/www.m-a-i.qc.ca\/en\/#\/schema\/logo\/image\/","url":"https:\/\/m-a-i.qc.ca\/wp-content\/uploads\/2024\/02\/logo_mai_noir-1.png","contentUrl":"https:\/\/m-a-i.qc.ca\/wp-content\/uploads\/2024\/02\/logo_mai_noir-1.png","width":1152,"height":1152,"caption":"MAI (Montr\u00e9al, arts interculturels)"},"image":{"@id":"https:\/\/www.m-a-i.qc.ca\/en\/#\/schema\/logo\/image\/"},"sameAs":["http:\/\/instagram.com\/mtlartsinter","http:\/\/linkedin.com\/company\/mtlartsinter","https:\/\/fr.wikipedia.org\/wiki\/Montral_arts_interculturels","http:\/\/facebook.com\/mtlartsinter","https:\/\/twitter.com\/mtlartsinter"]}]}},"_links":{"self":[{"href":"https:\/\/m-a-i.qc.ca\/en\/wp-json\/wp\/v2\/pages\/13033","targetHints":{"allow":["GET"]}}],"collection":[{"href":"https:\/\/m-a-i.qc.ca\/en\/wp-json\/wp\/v2\/pages"}],"about":[{"href":"https:\/\/m-a-i.qc.ca\/en\/wp-json\/wp\/v2\/types\/page"}],"author":[{"embeddable":true,"href":"https:\/\/m-a-i.qc.ca\/en\/wp-json\/wp\/v2\/users\/17"}],"replies":[{"embeddable":true,"href":"https:\/\/m-a-i.qc.ca\/en\/wp-json\/wp\/v2\/comments?post=13033"}],"version-history":[{"count":7,"href":"https:\/\/m-a-i.qc.ca\/en\/wp-json\/wp\/v2\/pages\/13033\/revisions"}],"predecessor-version":[{"id":13997,"href":"https:\/\/m-a-i.qc.ca\/en\/wp-json\/wp\/v2\/pages\/13033\/revisions\/13997"}],"wp:attachment":[{"href":"https:\/\/m-a-i.qc.ca\/en\/wp-json\/wp\/v2\/media?parent=13033"}],"curies":[{"name":"wp","href":"https:\/\/api.w.org\/{rel}","templated":true}]}}