{"id":12992,"date":"2022-07-22T11:37:24","date_gmt":"2022-07-22T15:37:24","guid":{"rendered":"https:\/\/m-a-i.qc.ca\/?page_id=12992"},"modified":"2022-11-23T15:50:34","modified_gmt":"2022-11-23T20:50:34","slug":"babylift","status":"publish","type":"page","link":"https:\/\/m-a-i.qc.ca\/en\/babylift\/","title":{"rendered":"anh vo"},"content":{"rendered":"[vc_row css_animation=&#8221;fadeIn&#8221;][vc_column][vc_column_text]\n<h2 style=\"text-align: center;\">November 24 to 26, 2022<\/h2>\n[\/vc_column_text][\/vc_column][\/vc_row][vc_row css_animation=&#8221;fadeIn&#8221;][vc_column][vc_column_text]\n<h1 style=\"text-align: center;\"><span style=\"color: #71588d;\">BABYLIFT<\/span><\/h1>\n[\/vc_column_text][\/vc_column][\/vc_row][vc_row css_animation=&#8221;fadeIn&#8221;][vc_column][vc_single_image image=&#8221;13000&#8243; img_size=&#8221;full&#8221; add_caption=&#8221;yes&#8221; alignment=&#8221;center&#8221; style=&#8221;vc_box_rounded&#8221; css_animation=&#8221;fadeInUp&#8221;][\/vc_column][\/vc_row][vc_row full_width=&#8221;stretch_row&#8221; css_animation=&#8221;fadeIn&#8221; css=&#8221;.vc_custom_1657826602548{background-color: #ffffff !important;}&#8221;][vc_column width=&#8221;1\/4&#8243;][vc_column_text]\n<h2 style=\"text-align: right;\"><span style=\"font-size: 14pt;\">Brooklyn \/ Hanoi\u00a0<\/span><\/h2>\n<h2 style=\"text-align: right;\"><span style=\"font-size: 14pt;\">Dance<\/span><\/h2>\n<h2 style=\"text-align: right;\"><span style=\"font-size: 14pt;\">Presented in English, with French subtitles<\/span><\/h2>\n[\/vc_column_text][vc_column_text]\n<p style=\"text-align: right;\">November 24, 2022: 7.30 pm<\/p>\n<p style=\"text-align: right;\">November 25, 2022: 7.30 pm<\/p>\n<p style=\"text-align: right;\">November 26, 2022: 7.30 pm<\/p>\n[\/vc_column_text][\/vc_column][vc_column width=&#8221;3\/4&#8243;][vc_column_text]<span style=\"color: #71588d;\"><strong>Anh Vo<\/strong><\/span>\u2019s evening-length solo, <span style=\"color: #71588d;\"><em><strong>BABYLIFT<\/strong><\/em><\/span>, attempts to conjure the ghosts of the Vietnam War (a.k.a. the Resistance War Against Imperialist America). Named after a 1975 mass evacuation of children from South Vietnam to Western countries\u2014which resulted in a plane crash that killed 78 of those children\u2014 <span style=\"color: #71588d;\"><em><strong>BABYLIFT<\/strong><\/em><\/span>\u00a0is first a memorial to the unmourned and unremembered. Striving to queer linear masculinist history, Vo weaves together cultural memories of the US Civil Rights Movement, freedom fantasies of the 1960s, contemporary pop culture, and current leftist activism. Set to a disorienting soundscape, <span style=\"color: #71588d;\"><em><strong>BABYLIFT<\/strong><\/em><\/span> juxtaposes repetitive ritualistic movements with sexually provocative gestures, speculating on the erotic of haunting that can be both terrifying and pleasurable.<\/p>\n<p><span style=\"color: #71588d;\"><strong>Anh Vo<\/strong><\/span> is a Vietnamese dancer, writer, teacher, and activist. They create dances and produce texts about pornography and queer relations, about being and form, about identity and abstraction, about history and its colonial reality.<\/p>\n<p><strong>Talkback with the artist following the November 25th performance \u2014 Hosted by Kim-Sanh Ch\u00e2u.<\/strong><\/p>\n<hr \/>\n<p>All ticket holders (November 24th, 25th, and 26th) are invited to <strong><em>Weak Body<\/em><\/strong>, a ceremony that will take place on <strong>November 24th<\/strong> from 2:00 pm to 6:00 pm. In this four-hour ceremony, Anh Vo will occupy the liminal space between the physical realm and the spectral realm. <strong>The public is invited to witness the last hour of this ceremony, from 5:00 pm to 6:00 pm. <\/strong><\/p>\n<p><em><strong>Weak Body<\/strong><\/em>\u00a0is\u00a0loosely inspired by the Vietnamese phrase \u201cy\u1ebfu b\u00f3ng\u00a0v\u00eda\u201d (clunkily translated as \u201cweak aura\u201d), which refers to people who\u00a0are sensitive to spectral presence and susceptible to\u00a0haunting. Insisting on modes of embodiment that can weaken the connection to physical reality and heighten the sensitivity to other entangled worlds,\u00a0<em><strong>Weak Body<\/strong><\/em>\u00a0juxtaposes\u00a0Anh Vo&#8217;s ongoing practice of dancing with ghosts and the northern Vietnamese folk practice of feasting around death. The ritual evokes the wandering ghosts emerging in the wake of the Vietnam War, calling on the public to tend to the dead and bear the weight of what it means to live on.[\/vc_column_text][vc_column_text]\n<p style=\"text-align: center;\"><a class=\"theme_button\" href=\"https:\/\/m-a-i.tuxedobillet.com\/main\/babylift\" target=\"_blank\" rel=\"noopener noreferrer\">box office<b><\/b><\/a><\/p>\n[\/vc_column_text][vc_separator][vc_toggle title=&#8221;credits&#8221;]Creative producer: Benedict Nguyen | Set Designer: Kyle b. co. | Sound Designer: Isaac Silber | Video: Yiyang Cao | Photos: Maria Baranova &amp; Yekaterina Gyadu | Dramaturg: Blanca Ulloa[\/vc_toggle][vc_toggle title=&#8221;about the box office&#8221;]\n<h2 style=\"text-align: center;\">rates 22.23<\/h2>\n<p style=\"text-align: center;\"><strong>regular | $28<\/strong><\/p>\n<p style=\"text-align: center;\"><strong>reduced | $22<\/strong> \u2013 seniors (65 and more) &amp; students: upon presentation of a valid justification document. the discount applies to one (1) person and is not cumulative.<\/p>\n<p style=\"text-align: center;\"><strong>junior &amp; groups | $16<\/strong> \u2013 14 years old and under, or group of ten (10) and more.<\/p>\n<p style=\"text-align: center;\"><strong>music | $22<\/strong><\/p>\n<p style=\"text-align: center;\"><strong>accompanying person | $0<\/strong> \u2013 accompanying persons for spectators with a disability. contact the box office for more information.<\/p>\n[\/vc_toggle][\/vc_column][\/vc_row]\n","protected":false},"excerpt":{"rendered":"<p>[vc_row css_animation=&#8221;fadeIn&#8221;][vc_column][vc_column_text] November 24 to 26, 2022 [\/vc_column_text][\/vc_column][\/vc_row][vc_row css_animation=&#8221;fadeIn&#8221;][vc_column][vc_column_text] BABYLIFT [\/vc_column_text][\/vc_column][\/vc_row][vc_row css_animation=&#8221;fadeIn&#8221;][vc_column][vc_single_image image=&#8221;13000&#8243; img_size=&#8221;full&#8221; add_caption=&#8221;yes&#8221; alignment=&#8221;center&#8221; style=&#8221;vc_box_rounded&#8221; css_animation=&#8221;fadeInUp&#8221;][\/vc_column][\/vc_row][vc_row full_width=&#8221;stretch_row&#8221; css_animation=&#8221;fadeIn&#8221; css=&#8221;.vc_custom_1657826602548{background-color: #ffffff !important;}&#8221;][vc_column width=&#8221;1\/4&#8243;][vc_column_text] [&hellip;]<\/p>\n","protected":false},"author":17,"featured_media":0,"parent":0,"menu_order":0,"comment_status":"closed","ping_status":"closed","template":"","meta":{"footnotes":""},"class_list":["post-12992","page","type-page","status-publish","hentry"],"acf":[],"yoast_head":"<!-- This site is optimized with the Yoast SEO plugin v19.13 - https:\/\/yoast.com\/wordpress\/plugins\/seo\/ -->\n<title>Anh Vo &mdash; MAI | Montr\u00e9al, arts interculturels<\/title>\n<meta name=\"robots\" content=\"index, follow, max-snippet:-1, max-image-preview:large, max-video-preview:-1\" \/>\n<link rel=\"canonical\" href=\"https:\/\/m-a-i.qc.ca\/en\/babylift\/\" \/>\n<meta property=\"og:locale\" content=\"en_US\" \/>\n<meta property=\"og:type\" content=\"article\" \/>\n<meta property=\"og:title\" content=\"Anh Vo &mdash; MAI | Montr\u00e9al, arts interculturels\" \/>\n<meta property=\"og:description\" content=\"[vc_row css_animation=&#8221;fadeIn&#8221;][vc_column][vc_column_text] November 24 to 26, 2022 [\/vc_column_text][\/vc_column][\/vc_row][vc_row css_animation=&#8221;fadeIn&#8221;][vc_column][vc_column_text] BABYLIFT [\/vc_column_text][\/vc_column][\/vc_row][vc_row css_animation=&#8221;fadeIn&#8221;][vc_column][vc_single_image image=&#8221;13000&#8243; img_size=&#8221;full&#8221; add_caption=&#8221;yes&#8221; alignment=&#8221;center&#8221; style=&#8221;vc_box_rounded&#8221; css_animation=&#8221;fadeInUp&#8221;][\/vc_column][\/vc_row][vc_row full_width=&#8221;stretch_row&#8221; css_animation=&#8221;fadeIn&#8221; css=&#8221;.vc_custom_1657826602548{background-color: #ffffff !important;}&#8221;][vc_column width=&#8221;1\/4&#8243;][vc_column_text] [&hellip;]\" \/>\n<meta property=\"og:url\" content=\"https:\/\/m-a-i.qc.ca\/en\/babylift\/\" \/>\n<meta property=\"og:site_name\" content=\"MAI | Montr\u00e9al, arts interculturels\" \/>\n<meta property=\"article:publisher\" content=\"http:\/\/facebook.com\/mtlartsinter\" \/>\n<meta property=\"article:modified_time\" content=\"2022-11-23T20:50:34+00:00\" \/>\n<meta name=\"twitter:card\" content=\"summary_large_image\" \/>\n<meta name=\"twitter:site\" content=\"@mtlartsinter\" \/>\n<meta name=\"twitter:label1\" content=\"Est. reading time\" \/>\n\t<meta name=\"twitter:data1\" content=\"3 minutes\" \/>\n<script type=\"application\/ld+json\" class=\"yoast-schema-graph\">{\"@context\":\"https:\/\/schema.org\",\"@graph\":[{\"@type\":\"WebPage\",\"@id\":\"https:\/\/m-a-i.qc.ca\/en\/babylift\/\",\"url\":\"https:\/\/m-a-i.qc.ca\/en\/babylift\/\",\"name\":\"Anh Vo &mdash; MAI | Montr\u00e9al, arts interculturels\",\"isPartOf\":{\"@id\":\"https:\/\/www.m-a-i.qc.ca\/en\/#website\"},\"datePublished\":\"2022-07-22T15:37:24+00:00\",\"dateModified\":\"2022-11-23T20:50:34+00:00\",\"breadcrumb\":{\"@id\":\"https:\/\/m-a-i.qc.ca\/en\/babylift\/#breadcrumb\"},\"inLanguage\":\"en-US\",\"potentialAction\":[{\"@type\":\"ReadAction\",\"target\":[\"https:\/\/m-a-i.qc.ca\/en\/babylift\/\"]}]},{\"@type\":\"BreadcrumbList\",\"@id\":\"https:\/\/m-a-i.qc.ca\/en\/babylift\/#breadcrumb\",\"itemListElement\":[{\"@type\":\"ListItem\",\"position\":1,\"name\":\"Accueil\",\"item\":\"https:\/\/m-a-i.qc.ca\/en\/\"},{\"@type\":\"ListItem\",\"position\":2,\"name\":\"anh vo\"}]},{\"@type\":\"WebSite\",\"@id\":\"https:\/\/www.m-a-i.qc.ca\/en\/#website\",\"url\":\"https:\/\/www.m-a-i.qc.ca\/en\/\",\"name\":\"MAI | Montr\u00e9al, arts interculturels\",\"description\":\"La perle des arts interculturels au c\u0153ur de Montr\u00e9al. Arts visuels, th\u00e9\u00e2tre, danse, musique et arts interdisciplinaires. + de 40 \u00e9v\u00e8nements par an\",\"publisher\":{\"@id\":\"https:\/\/www.m-a-i.qc.ca\/en\/#organization\"},\"potentialAction\":[{\"@type\":\"SearchAction\",\"target\":{\"@type\":\"EntryPoint\",\"urlTemplate\":\"https:\/\/www.m-a-i.qc.ca\/en\/?s={search_term_string}\"},\"query-input\":\"required name=search_term_string\"}],\"inLanguage\":\"en-US\"},{\"@type\":\"Organization\",\"@id\":\"https:\/\/www.m-a-i.qc.ca\/en\/#organization\",\"name\":\"MAI (Montr\u00e9al, arts interculturels)\",\"url\":\"https:\/\/www.m-a-i.qc.ca\/en\/\",\"logo\":{\"@type\":\"ImageObject\",\"inLanguage\":\"en-US\",\"@id\":\"https:\/\/www.m-a-i.qc.ca\/en\/#\/schema\/logo\/image\/\",\"url\":\"https:\/\/m-a-i.qc.ca\/wp-content\/uploads\/2024\/02\/logo_mai_noir-1.png\",\"contentUrl\":\"https:\/\/m-a-i.qc.ca\/wp-content\/uploads\/2024\/02\/logo_mai_noir-1.png\",\"width\":1152,\"height\":1152,\"caption\":\"MAI (Montr\u00e9al, arts interculturels)\"},\"image\":{\"@id\":\"https:\/\/www.m-a-i.qc.ca\/en\/#\/schema\/logo\/image\/\"},\"sameAs\":[\"http:\/\/instagram.com\/mtlartsinter\",\"http:\/\/linkedin.com\/company\/mtlartsinter\",\"https:\/\/fr.wikipedia.org\/wiki\/Montral_arts_interculturels\",\"http:\/\/facebook.com\/mtlartsinter\",\"https:\/\/twitter.com\/mtlartsinter\"]}]}<\/script>\n<!-- \/ Yoast SEO plugin. -->","yoast_head_json":{"title":"Anh Vo &mdash; MAI | Montr\u00e9al, arts interculturels","robots":{"index":"index","follow":"follow","max-snippet":"max-snippet:-1","max-image-preview":"max-image-preview:large","max-video-preview":"max-video-preview:-1"},"canonical":"https:\/\/m-a-i.qc.ca\/en\/babylift\/","og_locale":"en_US","og_type":"article","og_title":"Anh Vo &mdash; MAI | Montr\u00e9al, arts interculturels","og_description":"[vc_row css_animation=&#8221;fadeIn&#8221;][vc_column][vc_column_text] November 24 to 26, 2022 [\/vc_column_text][\/vc_column][\/vc_row][vc_row css_animation=&#8221;fadeIn&#8221;][vc_column][vc_column_text] BABYLIFT [\/vc_column_text][\/vc_column][\/vc_row][vc_row css_animation=&#8221;fadeIn&#8221;][vc_column][vc_single_image image=&#8221;13000&#8243; img_size=&#8221;full&#8221; add_caption=&#8221;yes&#8221; alignment=&#8221;center&#8221; style=&#8221;vc_box_rounded&#8221; css_animation=&#8221;fadeInUp&#8221;][\/vc_column][\/vc_row][vc_row full_width=&#8221;stretch_row&#8221; css_animation=&#8221;fadeIn&#8221; css=&#8221;.vc_custom_1657826602548{background-color: #ffffff !important;}&#8221;][vc_column width=&#8221;1\/4&#8243;][vc_column_text] [&hellip;]","og_url":"https:\/\/m-a-i.qc.ca\/en\/babylift\/","og_site_name":"MAI | Montr\u00e9al, arts interculturels","article_publisher":"http:\/\/facebook.com\/mtlartsinter","article_modified_time":"2022-11-23T20:50:34+00:00","twitter_card":"summary_large_image","twitter_site":"@mtlartsinter","twitter_misc":{"Est. reading time":"3 minutes"},"schema":{"@context":"https:\/\/schema.org","@graph":[{"@type":"WebPage","@id":"https:\/\/m-a-i.qc.ca\/en\/babylift\/","url":"https:\/\/m-a-i.qc.ca\/en\/babylift\/","name":"Anh Vo &mdash; MAI | Montr\u00e9al, arts interculturels","isPartOf":{"@id":"https:\/\/www.m-a-i.qc.ca\/en\/#website"},"datePublished":"2022-07-22T15:37:24+00:00","dateModified":"2022-11-23T20:50:34+00:00","breadcrumb":{"@id":"https:\/\/m-a-i.qc.ca\/en\/babylift\/#breadcrumb"},"inLanguage":"en-US","potentialAction":[{"@type":"ReadAction","target":["https:\/\/m-a-i.qc.ca\/en\/babylift\/"]}]},{"@type":"BreadcrumbList","@id":"https:\/\/m-a-i.qc.ca\/en\/babylift\/#breadcrumb","itemListElement":[{"@type":"ListItem","position":1,"name":"Accueil","item":"https:\/\/m-a-i.qc.ca\/en\/"},{"@type":"ListItem","position":2,"name":"anh vo"}]},{"@type":"WebSite","@id":"https:\/\/www.m-a-i.qc.ca\/en\/#website","url":"https:\/\/www.m-a-i.qc.ca\/en\/","name":"MAI | Montr\u00e9al, arts interculturels","description":"La perle des arts interculturels au c\u0153ur de Montr\u00e9al. Arts visuels, th\u00e9\u00e2tre, danse, musique et arts interdisciplinaires. + de 40 \u00e9v\u00e8nements par an","publisher":{"@id":"https:\/\/www.m-a-i.qc.ca\/en\/#organization"},"potentialAction":[{"@type":"SearchAction","target":{"@type":"EntryPoint","urlTemplate":"https:\/\/www.m-a-i.qc.ca\/en\/?s={search_term_string}"},"query-input":"required name=search_term_string"}],"inLanguage":"en-US"},{"@type":"Organization","@id":"https:\/\/www.m-a-i.qc.ca\/en\/#organization","name":"MAI (Montr\u00e9al, arts interculturels)","url":"https:\/\/www.m-a-i.qc.ca\/en\/","logo":{"@type":"ImageObject","inLanguage":"en-US","@id":"https:\/\/www.m-a-i.qc.ca\/en\/#\/schema\/logo\/image\/","url":"https:\/\/m-a-i.qc.ca\/wp-content\/uploads\/2024\/02\/logo_mai_noir-1.png","contentUrl":"https:\/\/m-a-i.qc.ca\/wp-content\/uploads\/2024\/02\/logo_mai_noir-1.png","width":1152,"height":1152,"caption":"MAI (Montr\u00e9al, arts interculturels)"},"image":{"@id":"https:\/\/www.m-a-i.qc.ca\/en\/#\/schema\/logo\/image\/"},"sameAs":["http:\/\/instagram.com\/mtlartsinter","http:\/\/linkedin.com\/company\/mtlartsinter","https:\/\/fr.wikipedia.org\/wiki\/Montral_arts_interculturels","http:\/\/facebook.com\/mtlartsinter","https:\/\/twitter.com\/mtlartsinter"]}]}},"_links":{"self":[{"href":"https:\/\/m-a-i.qc.ca\/en\/wp-json\/wp\/v2\/pages\/12992","targetHints":{"allow":["GET"]}}],"collection":[{"href":"https:\/\/m-a-i.qc.ca\/en\/wp-json\/wp\/v2\/pages"}],"about":[{"href":"https:\/\/m-a-i.qc.ca\/en\/wp-json\/wp\/v2\/types\/page"}],"author":[{"embeddable":true,"href":"https:\/\/m-a-i.qc.ca\/en\/wp-json\/wp\/v2\/users\/17"}],"replies":[{"embeddable":true,"href":"https:\/\/m-a-i.qc.ca\/en\/wp-json\/wp\/v2\/comments?post=12992"}],"version-history":[{"count":16,"href":"https:\/\/m-a-i.qc.ca\/en\/wp-json\/wp\/v2\/pages\/12992\/revisions"}],"predecessor-version":[{"id":13734,"href":"https:\/\/m-a-i.qc.ca\/en\/wp-json\/wp\/v2\/pages\/12992\/revisions\/13734"}],"wp:attachment":[{"href":"https:\/\/m-a-i.qc.ca\/en\/wp-json\/wp\/v2\/media?parent=12992"}],"curies":[{"name":"wp","href":"https:\/\/api.w.org\/{rel}","templated":true}]}}