{"id":12111,"date":"2022-04-14T17:21:07","date_gmt":"2022-04-14T21:21:07","guid":{"rendered":"https:\/\/m-a-i.qc.ca\/?page_id=12111"},"modified":"2022-04-25T15:00:39","modified_gmt":"2022-04-25T19:00:39","slug":"utilisation-de-dispositifs-vibrotactiles","status":"publish","type":"page","link":"https:\/\/m-a-i.qc.ca\/en\/public-plus\/utilisation-de-dispositifs-vibrotactiles\/","title":{"rendered":"use of vibrotactile devices for deaf audiences"},"content":{"rendered":"[vc_row][vc_column][vc_column_text]\n<h1 style=\"text-align: center;\"><span style=\"font-size: 24pt;\"><a href=\"https:\/\/m-a-i.qc.ca\/en\/anandam-dancetheatre\/\"><span style=\"color: #003300;\"><b>\u00a0<\/b><b><i>Ephemeral Artifacts: Travis Knights<\/i><\/b><\/span><\/a><\/span><\/h1>\n[\/vc_column_text][\/vc_column][\/vc_row][vc_row][vc_column][vc_separator][\/vc_column][\/vc_row][vc_row][vc_column][vc_column_text]The use of vibrotactile vests adds a new way of experiencing the rhythms of tap dance that is not restricted to the auditory aspect. Indeed, this language takes into account that one&#8217;s body feels rhythm and it is this feeling, both individual and communal, that is integral to the transmission of tap and jazz over the decades.<\/p>\n<p>Moving and unique; <span style=\"color: #003300;\"><strong><em>Ephemeral Artifacts: Travis Knights<\/em><\/strong><\/span> is a piece about tap dance, about rhythm, and about the body which could now be expressed through tactile devices held by the audience.<\/p>\n<p>The elaboration of this process was born from a Dramaturgy and Accessibility lab through the development process of <span style=\"color: #003300;\"><strong><em>Ephemeral Artifacts:Travis Knights<\/em><\/strong><\/span>. This process was supported by Theatre Passe Muraille through the Toronto Arts Council Open Door Program.<\/p>\n<p>The focus of this lab was to develop the work with accessibility as part of the artistic aesthetic while it evolved and not as an afterthought or as a translation. It was this process that allowed the work to change in relation to new knowledge, relationships and audiences the team was encountering. One of the key treasures of this process is the discovery of an innovation that benefits and expands the experience of live tap dance for deaf audiences. The ultimate lesson is that this system enhances the experience of all audiences.<\/p>\n<p><strong>Only deaf and hard of hearing spectators<\/strong> can reserve a vibrotactile device for the performance.<\/p>\n<p><strong>You are a hearing person <\/strong>and would like to learn more about the vibrotactile device system? See you in MAI\u2019s Caf\u00e9 on May 12th and 13th at 6pm, before the show.<\/p>\n<p><em>Technician responsible for the vibrotactiles devices: David Bobier<\/em><\/p>\n[\/vc_column_text][\/vc_column][\/vc_row][vc_row][vc_column][vc_separator][\/vc_column][\/vc_row][vc_row][vc_column][vc_column_text]\n<h2>Schedule<\/h2>\n<h3>Schedule for Thursday, May 12, 2022<\/h3>\n<ul>\n<li>6pm: Casual presentation of the tactiles devices to hearing audiences<\/li>\n<li>6:30 pm to 7:30 pm.: Reception of the public<\/li>\n<li>7:30 pm: show<\/li>\n<li>8:45 pm: End of the show and exit of the public<\/li>\n<\/ul>\n<h3>Schedule for Friday, May 13, 2022<\/h3>\n<ul>\n<li>6pm: Casual presentation of the tactiles devices to hearing audiences<\/li>\n<li>6:30 pm to 7:30 pm.: Reception of the public<\/li>\n<li>7:30 pm: show<\/li>\n<li>8:45 pm: End of the show<\/li>\n<li>8:50 pm to 9:15 pm.: Discussion with the artists<\/li>\n<li>End of the discussion and exit of the public: 9:15 pm<\/li>\n<\/ul>\n<p>*Two interpreters (LSQ and ASL) will be present during the talkback.<\/p>\n<h3>Schedule for Saturday May 14, 2022<\/h3>\n<p><em>Traditional presentation. Tactile devices are not available.<\/em><\/p>\n<p>&nbsp;<\/p>\n","protected":false},"excerpt":{"rendered":"<p>[vc_row][vc_column][vc_column_text] \u00a0Ephemeral Artifacts: Travis Knights [\/vc_column_text][\/vc_column][\/vc_row][vc_row][vc_column][vc_separator][\/vc_column][\/vc_row][vc_row][vc_column][vc_column_text]The use of vibrotactile vests adds a new way of experiencing the rhythms of tap dance that is not [&hellip;]<\/p>\n","protected":false},"author":17,"featured_media":10386,"parent":69,"menu_order":0,"comment_status":"closed","ping_status":"closed","template":"","meta":{"footnotes":""},"class_list":["post-12111","page","type-page","status-publish","has-post-thumbnail","hentry"],"acf":[],"yoast_head":"<!-- This site is optimized with the Yoast SEO plugin v19.13 - https:\/\/yoast.com\/wordpress\/plugins\/seo\/ -->\n<title>Use of vibrotactile devices for deaf audiences &mdash; MAI | Montr\u00e9al, arts interculturels<\/title>\n<meta name=\"robots\" content=\"index, follow, max-snippet:-1, max-image-preview:large, max-video-preview:-1\" \/>\n<link rel=\"canonical\" href=\"https:\/\/m-a-i.qc.ca\/en\/public-plus\/utilisation-de-dispositifs-vibrotactiles\/\" \/>\n<meta property=\"og:locale\" content=\"en_US\" \/>\n<meta property=\"og:type\" content=\"article\" \/>\n<meta property=\"og:title\" content=\"Use of vibrotactile devices for deaf audiences &mdash; MAI | Montr\u00e9al, arts interculturels\" \/>\n<meta property=\"og:description\" content=\"[vc_row][vc_column][vc_column_text] \u00a0Ephemeral Artifacts: Travis Knights [\/vc_column_text][\/vc_column][\/vc_row][vc_row][vc_column][vc_separator][\/vc_column][\/vc_row][vc_row][vc_column][vc_column_text]The use of vibrotactile vests adds a new way of experiencing the rhythms of tap dance that is not [&hellip;]\" \/>\n<meta property=\"og:url\" content=\"https:\/\/m-a-i.qc.ca\/en\/public-plus\/utilisation-de-dispositifs-vibrotactiles\/\" \/>\n<meta property=\"og:site_name\" content=\"MAI | Montr\u00e9al, arts interculturels\" \/>\n<meta property=\"article:publisher\" content=\"http:\/\/facebook.com\/mtlartsinter\" \/>\n<meta property=\"article:modified_time\" content=\"2022-04-25T19:00:39+00:00\" \/>\n<meta property=\"og:image\" content=\"https:\/\/m-a-i.qc.ca\/wp-content\/uploads\/2021\/08\/AS15TravisKnights_EphemeralArtefacts_credit_EamonMacMahon_2-scaled.jpg\" \/>\n\t<meta property=\"og:image:width\" content=\"2560\" \/>\n\t<meta property=\"og:image:height\" content=\"1709\" \/>\n\t<meta property=\"og:image:type\" content=\"image\/jpeg\" \/>\n<meta name=\"twitter:card\" content=\"summary_large_image\" \/>\n<meta name=\"twitter:site\" content=\"@mtlartsinter\" \/>\n<meta name=\"twitter:label1\" content=\"Est. reading time\" \/>\n\t<meta name=\"twitter:data1\" content=\"3 minutes\" \/>\n<script type=\"application\/ld+json\" class=\"yoast-schema-graph\">{\"@context\":\"https:\/\/schema.org\",\"@graph\":[{\"@type\":\"WebPage\",\"@id\":\"https:\/\/m-a-i.qc.ca\/en\/public-plus\/utilisation-de-dispositifs-vibrotactiles\/\",\"url\":\"https:\/\/m-a-i.qc.ca\/en\/public-plus\/utilisation-de-dispositifs-vibrotactiles\/\",\"name\":\"Use of vibrotactile devices for deaf audiences &mdash; MAI | Montr\u00e9al, arts interculturels\",\"isPartOf\":{\"@id\":\"https:\/\/www.m-a-i.qc.ca\/en\/#website\"},\"datePublished\":\"2022-04-14T21:21:07+00:00\",\"dateModified\":\"2022-04-25T19:00:39+00:00\",\"breadcrumb\":{\"@id\":\"https:\/\/m-a-i.qc.ca\/en\/public-plus\/utilisation-de-dispositifs-vibrotactiles\/#breadcrumb\"},\"inLanguage\":\"en-US\",\"potentialAction\":[{\"@type\":\"ReadAction\",\"target\":[\"https:\/\/m-a-i.qc.ca\/en\/public-plus\/utilisation-de-dispositifs-vibrotactiles\/\"]}]},{\"@type\":\"BreadcrumbList\",\"@id\":\"https:\/\/m-a-i.qc.ca\/en\/public-plus\/utilisation-de-dispositifs-vibrotactiles\/#breadcrumb\",\"itemListElement\":[{\"@type\":\"ListItem\",\"position\":1,\"name\":\"Accueil\",\"item\":\"https:\/\/m-a-i.qc.ca\/en\/\"},{\"@type\":\"ListItem\",\"position\":2,\"name\":\"public +\",\"item\":\"https:\/\/m-a-i.qc.ca\/en\/public-plus\/\"},{\"@type\":\"ListItem\",\"position\":3,\"name\":\"use of vibrotactile devices for deaf audiences\"}]},{\"@type\":\"WebSite\",\"@id\":\"https:\/\/www.m-a-i.qc.ca\/en\/#website\",\"url\":\"https:\/\/www.m-a-i.qc.ca\/en\/\",\"name\":\"MAI | Montr\u00e9al, arts interculturels\",\"description\":\"La perle des arts interculturels au c\u0153ur de Montr\u00e9al. Arts visuels, th\u00e9\u00e2tre, danse, musique et arts interdisciplinaires. + de 40 \u00e9v\u00e8nements par an\",\"publisher\":{\"@id\":\"https:\/\/www.m-a-i.qc.ca\/en\/#organization\"},\"potentialAction\":[{\"@type\":\"SearchAction\",\"target\":{\"@type\":\"EntryPoint\",\"urlTemplate\":\"https:\/\/www.m-a-i.qc.ca\/en\/?s={search_term_string}\"},\"query-input\":\"required name=search_term_string\"}],\"inLanguage\":\"en-US\"},{\"@type\":\"Organization\",\"@id\":\"https:\/\/www.m-a-i.qc.ca\/en\/#organization\",\"name\":\"MAI (Montr\u00e9al, arts interculturels)\",\"url\":\"https:\/\/www.m-a-i.qc.ca\/en\/\",\"logo\":{\"@type\":\"ImageObject\",\"inLanguage\":\"en-US\",\"@id\":\"https:\/\/www.m-a-i.qc.ca\/en\/#\/schema\/logo\/image\/\",\"url\":\"https:\/\/m-a-i.qc.ca\/wp-content\/uploads\/2024\/02\/logo_mai_noir-1.png\",\"contentUrl\":\"https:\/\/m-a-i.qc.ca\/wp-content\/uploads\/2024\/02\/logo_mai_noir-1.png\",\"width\":1152,\"height\":1152,\"caption\":\"MAI (Montr\u00e9al, arts interculturels)\"},\"image\":{\"@id\":\"https:\/\/www.m-a-i.qc.ca\/en\/#\/schema\/logo\/image\/\"},\"sameAs\":[\"http:\/\/instagram.com\/mtlartsinter\",\"http:\/\/linkedin.com\/company\/mtlartsinter\",\"https:\/\/fr.wikipedia.org\/wiki\/Montral_arts_interculturels\",\"http:\/\/facebook.com\/mtlartsinter\",\"https:\/\/twitter.com\/mtlartsinter\"]}]}<\/script>\n<!-- \/ Yoast SEO plugin. -->","yoast_head_json":{"title":"Use of vibrotactile devices for deaf audiences &mdash; MAI | Montr\u00e9al, arts interculturels","robots":{"index":"index","follow":"follow","max-snippet":"max-snippet:-1","max-image-preview":"max-image-preview:large","max-video-preview":"max-video-preview:-1"},"canonical":"https:\/\/m-a-i.qc.ca\/en\/public-plus\/utilisation-de-dispositifs-vibrotactiles\/","og_locale":"en_US","og_type":"article","og_title":"Use of vibrotactile devices for deaf audiences &mdash; MAI | Montr\u00e9al, arts interculturels","og_description":"[vc_row][vc_column][vc_column_text] \u00a0Ephemeral Artifacts: Travis Knights [\/vc_column_text][\/vc_column][\/vc_row][vc_row][vc_column][vc_separator][\/vc_column][\/vc_row][vc_row][vc_column][vc_column_text]The use of vibrotactile vests adds a new way of experiencing the rhythms of tap dance that is not [&hellip;]","og_url":"https:\/\/m-a-i.qc.ca\/en\/public-plus\/utilisation-de-dispositifs-vibrotactiles\/","og_site_name":"MAI | Montr\u00e9al, arts interculturels","article_publisher":"http:\/\/facebook.com\/mtlartsinter","article_modified_time":"2022-04-25T19:00:39+00:00","og_image":[{"width":2560,"height":1709,"url":"https:\/\/m-a-i.qc.ca\/wp-content\/uploads\/2021\/08\/AS15TravisKnights_EphemeralArtefacts_credit_EamonMacMahon_2-scaled.jpg","type":"image\/jpeg"}],"twitter_card":"summary_large_image","twitter_site":"@mtlartsinter","twitter_misc":{"Est. reading time":"3 minutes"},"schema":{"@context":"https:\/\/schema.org","@graph":[{"@type":"WebPage","@id":"https:\/\/m-a-i.qc.ca\/en\/public-plus\/utilisation-de-dispositifs-vibrotactiles\/","url":"https:\/\/m-a-i.qc.ca\/en\/public-plus\/utilisation-de-dispositifs-vibrotactiles\/","name":"Use of vibrotactile devices for deaf audiences &mdash; MAI | Montr\u00e9al, arts interculturels","isPartOf":{"@id":"https:\/\/www.m-a-i.qc.ca\/en\/#website"},"datePublished":"2022-04-14T21:21:07+00:00","dateModified":"2022-04-25T19:00:39+00:00","breadcrumb":{"@id":"https:\/\/m-a-i.qc.ca\/en\/public-plus\/utilisation-de-dispositifs-vibrotactiles\/#breadcrumb"},"inLanguage":"en-US","potentialAction":[{"@type":"ReadAction","target":["https:\/\/m-a-i.qc.ca\/en\/public-plus\/utilisation-de-dispositifs-vibrotactiles\/"]}]},{"@type":"BreadcrumbList","@id":"https:\/\/m-a-i.qc.ca\/en\/public-plus\/utilisation-de-dispositifs-vibrotactiles\/#breadcrumb","itemListElement":[{"@type":"ListItem","position":1,"name":"Accueil","item":"https:\/\/m-a-i.qc.ca\/en\/"},{"@type":"ListItem","position":2,"name":"public +","item":"https:\/\/m-a-i.qc.ca\/en\/public-plus\/"},{"@type":"ListItem","position":3,"name":"use of vibrotactile devices for deaf audiences"}]},{"@type":"WebSite","@id":"https:\/\/www.m-a-i.qc.ca\/en\/#website","url":"https:\/\/www.m-a-i.qc.ca\/en\/","name":"MAI | Montr\u00e9al, arts interculturels","description":"La perle des arts interculturels au c\u0153ur de Montr\u00e9al. Arts visuels, th\u00e9\u00e2tre, danse, musique et arts interdisciplinaires. + de 40 \u00e9v\u00e8nements par an","publisher":{"@id":"https:\/\/www.m-a-i.qc.ca\/en\/#organization"},"potentialAction":[{"@type":"SearchAction","target":{"@type":"EntryPoint","urlTemplate":"https:\/\/www.m-a-i.qc.ca\/en\/?s={search_term_string}"},"query-input":"required name=search_term_string"}],"inLanguage":"en-US"},{"@type":"Organization","@id":"https:\/\/www.m-a-i.qc.ca\/en\/#organization","name":"MAI (Montr\u00e9al, arts interculturels)","url":"https:\/\/www.m-a-i.qc.ca\/en\/","logo":{"@type":"ImageObject","inLanguage":"en-US","@id":"https:\/\/www.m-a-i.qc.ca\/en\/#\/schema\/logo\/image\/","url":"https:\/\/m-a-i.qc.ca\/wp-content\/uploads\/2024\/02\/logo_mai_noir-1.png","contentUrl":"https:\/\/m-a-i.qc.ca\/wp-content\/uploads\/2024\/02\/logo_mai_noir-1.png","width":1152,"height":1152,"caption":"MAI (Montr\u00e9al, arts interculturels)"},"image":{"@id":"https:\/\/www.m-a-i.qc.ca\/en\/#\/schema\/logo\/image\/"},"sameAs":["http:\/\/instagram.com\/mtlartsinter","http:\/\/linkedin.com\/company\/mtlartsinter","https:\/\/fr.wikipedia.org\/wiki\/Montral_arts_interculturels","http:\/\/facebook.com\/mtlartsinter","https:\/\/twitter.com\/mtlartsinter"]}]}},"_links":{"self":[{"href":"https:\/\/m-a-i.qc.ca\/en\/wp-json\/wp\/v2\/pages\/12111","targetHints":{"allow":["GET"]}}],"collection":[{"href":"https:\/\/m-a-i.qc.ca\/en\/wp-json\/wp\/v2\/pages"}],"about":[{"href":"https:\/\/m-a-i.qc.ca\/en\/wp-json\/wp\/v2\/types\/page"}],"author":[{"embeddable":true,"href":"https:\/\/m-a-i.qc.ca\/en\/wp-json\/wp\/v2\/users\/17"}],"replies":[{"embeddable":true,"href":"https:\/\/m-a-i.qc.ca\/en\/wp-json\/wp\/v2\/comments?post=12111"}],"version-history":[{"count":14,"href":"https:\/\/m-a-i.qc.ca\/en\/wp-json\/wp\/v2\/pages\/12111\/revisions"}],"predecessor-version":[{"id":12268,"href":"https:\/\/m-a-i.qc.ca\/en\/wp-json\/wp\/v2\/pages\/12111\/revisions\/12268"}],"up":[{"embeddable":true,"href":"https:\/\/m-a-i.qc.ca\/en\/wp-json\/wp\/v2\/pages\/69"}],"wp:featuredmedia":[{"embeddable":true,"href":"https:\/\/m-a-i.qc.ca\/en\/wp-json\/wp\/v2\/media\/10386"}],"wp:attachment":[{"href":"https:\/\/m-a-i.qc.ca\/en\/wp-json\/wp\/v2\/media?parent=12111"}],"curies":[{"name":"wp","href":"https:\/\/api.w.org\/{rel}","templated":true}]}}