{"id":10931,"date":"2021-11-04T13:28:08","date_gmt":"2021-11-04T17:28:08","guid":{"rendered":"https:\/\/m-a-i.qc.ca\/?page_id=10931"},"modified":"2021-11-10T17:07:40","modified_gmt":"2021-11-10T22:07:40","slug":"prayer-of-fear","status":"publish","type":"page","link":"https:\/\/m-a-i.qc.ca\/en\/prayer-of-fear\/","title":{"rendered":"prayer of fear"},"content":{"rendered":"<p><strong><i>Prayer of Fear<br \/>\n<\/i><\/strong><strong>Mosireen<br \/>\n<\/strong><strong>2013-2014<br \/>\n<\/strong><strong>Digital video<br \/>\n<\/strong><strong>04:25 minutes<\/strong><\/p>\n<p><span style=\"font-weight: 400;\">After Rabaa nobody knew what to do. The brutality of the attack was astonishing, but it was the reaction of some parts of the public that was truly paralyzing. The worst massacre in modern history had been committed in broad daylight, in Cairo, live on television and there were people celebrating.<\/span><\/p>\n<p><span style=\"font-weight: 400;\">As a collective of filmmakers we had no response. We were not there, we had not risked our lives to film it. We had fallen out of the equation of power in the stand-off between the Army and the Brotherhood. We were powerless and yet we felt complicit. We were racked by confusion, guilt and impotence. We sat stunned in our office day after day, smoking, silenced.<\/span><\/p>\n<p><span style=\"font-weight: 400;\">Then Mahmoud Ezzat published his poem, <\/span><i><span style=\"font-weight: 400;\">Prayer of Fear. <\/span><\/i><span style=\"font-weight: 400;\">Within days we had this video. It was the last great collaborative video of the group and it remains one of our most important, most sincere works. We are still living in the shadow of that moment.<\/span><\/p>\n<p><b><i>A Daily Tribute to the Martyrs<\/i><\/b><b> (part of the series <\/b><b><i>Martyrs of the Revolution<\/i><\/b><b>)<br \/>\n<\/b><b>Mosireen<br \/>\n<\/b><b>2012<br \/>\n<\/b><b>Digital video<br \/>\n<\/b><span style=\"font-weight: 400;\">01:18 minutes<\/span><\/p>\n<p><b><i>The Martyrs: Sameh Ezz<\/i><\/b><b> (part of the series <\/b><b><i>Martyrs of the Revolution<\/i><\/b><b>)<br \/>\n<\/b><b>Mosireen<br \/>\n<\/b><b>2012<br \/>\n<\/b><b>Digital video<br \/>\n<\/b><span style=\"font-weight: 400;\">06:32 minutes<\/span><\/p>\n<p><span style=\"font-weight: 400;\"><strong>Mosireen<\/strong> is a volunteer media activist collective that came together to document and transmit images of the Egyptian Revolution of 2011.Between 2011 and 2014 we produced and published over <\/span><a href=\"https:\/\/www.youtube.com\/mosireen\"><span style=\"font-weight: 400;\">250 videos<\/span><\/a><span style=\"font-weight: 400;\"> online, with a focus on street politics, state violence and labour rights. They have been watched over six million times on YouTube; re-broadcast and re-mixed countless more. As well as video production, we organised street screenings, educational workshops, production facilities and campaign support. After the military coup of 2013 our work as a collective has been narrowed to the organisation and publication of a large\u00a0 collection of video material from the revolution, fully under <\/span><i><span style=\"font-weight: 400;\">Creative Commons<\/span><\/i><span style=\"font-weight: 400;\">. <\/span><i><span style=\"font-weight: 400;\">858: An Archive of Resistance<\/span><\/i><span style=\"font-weight: 400;\"> was published in January 2018.<\/span><\/p>\n","protected":false},"excerpt":{"rendered":"<p>Prayer of Fear Mosireen 2013-2014 Digital video 04:25 minutes After Rabaa nobody knew what to do. The brutality of the attack was astonishing, but [&hellip;]<\/p>\n","protected":false},"author":4,"featured_media":0,"parent":0,"menu_order":0,"comment_status":"closed","ping_status":"closed","template":"","meta":{"footnotes":""},"class_list":["post-10931","page","type-page","status-publish","hentry"],"acf":[],"yoast_head":"<!-- This site is optimized with the Yoast SEO plugin v19.13 - https:\/\/yoast.com\/wordpress\/plugins\/seo\/ -->\n<title>Prayer of Fear &mdash; MAI | Montr\u00e9al, arts interculturels<\/title>\n<meta name=\"robots\" content=\"index, follow, max-snippet:-1, max-image-preview:large, max-video-preview:-1\" \/>\n<link rel=\"canonical\" href=\"https:\/\/m-a-i.qc.ca\/en\/prayer-of-fear\/\" \/>\n<meta property=\"og:locale\" content=\"en_US\" \/>\n<meta property=\"og:type\" content=\"article\" \/>\n<meta property=\"og:title\" content=\"Prayer of Fear &mdash; MAI | Montr\u00e9al, arts interculturels\" \/>\n<meta property=\"og:description\" content=\"Prayer of Fear Mosireen 2013-2014 Digital video 04:25 minutes After Rabaa nobody knew what to do. The brutality of the attack was astonishing, but [&hellip;]\" \/>\n<meta property=\"og:url\" content=\"https:\/\/m-a-i.qc.ca\/en\/prayer-of-fear\/\" \/>\n<meta property=\"og:site_name\" content=\"MAI | Montr\u00e9al, arts interculturels\" \/>\n<meta property=\"article:publisher\" content=\"http:\/\/facebook.com\/mtlartsinter\" \/>\n<meta property=\"article:modified_time\" content=\"2021-11-10T22:07:40+00:00\" \/>\n<meta name=\"twitter:card\" content=\"summary_large_image\" \/>\n<meta name=\"twitter:site\" content=\"@mtlartsinter\" \/>\n<meta name=\"twitter:label1\" content=\"Est. reading time\" \/>\n\t<meta name=\"twitter:data1\" content=\"2 minutes\" \/>\n<script type=\"application\/ld+json\" class=\"yoast-schema-graph\">{\"@context\":\"https:\/\/schema.org\",\"@graph\":[{\"@type\":\"WebPage\",\"@id\":\"https:\/\/m-a-i.qc.ca\/en\/prayer-of-fear\/\",\"url\":\"https:\/\/m-a-i.qc.ca\/en\/prayer-of-fear\/\",\"name\":\"Prayer of Fear &mdash; MAI | Montr\u00e9al, arts interculturels\",\"isPartOf\":{\"@id\":\"https:\/\/www.m-a-i.qc.ca\/en\/#website\"},\"datePublished\":\"2021-11-04T17:28:08+00:00\",\"dateModified\":\"2021-11-10T22:07:40+00:00\",\"breadcrumb\":{\"@id\":\"https:\/\/m-a-i.qc.ca\/en\/prayer-of-fear\/#breadcrumb\"},\"inLanguage\":\"en-US\",\"potentialAction\":[{\"@type\":\"ReadAction\",\"target\":[\"https:\/\/m-a-i.qc.ca\/en\/prayer-of-fear\/\"]}]},{\"@type\":\"BreadcrumbList\",\"@id\":\"https:\/\/m-a-i.qc.ca\/en\/prayer-of-fear\/#breadcrumb\",\"itemListElement\":[{\"@type\":\"ListItem\",\"position\":1,\"name\":\"Accueil\",\"item\":\"https:\/\/m-a-i.qc.ca\/en\/\"},{\"@type\":\"ListItem\",\"position\":2,\"name\":\"prayer of fear\"}]},{\"@type\":\"WebSite\",\"@id\":\"https:\/\/www.m-a-i.qc.ca\/en\/#website\",\"url\":\"https:\/\/www.m-a-i.qc.ca\/en\/\",\"name\":\"MAI | Montr\u00e9al, arts interculturels\",\"description\":\"La perle des arts interculturels au c\u0153ur de Montr\u00e9al. Arts visuels, th\u00e9\u00e2tre, danse, musique et arts interdisciplinaires. + de 40 \u00e9v\u00e8nements par an\",\"publisher\":{\"@id\":\"https:\/\/www.m-a-i.qc.ca\/en\/#organization\"},\"potentialAction\":[{\"@type\":\"SearchAction\",\"target\":{\"@type\":\"EntryPoint\",\"urlTemplate\":\"https:\/\/www.m-a-i.qc.ca\/en\/?s={search_term_string}\"},\"query-input\":\"required name=search_term_string\"}],\"inLanguage\":\"en-US\"},{\"@type\":\"Organization\",\"@id\":\"https:\/\/www.m-a-i.qc.ca\/en\/#organization\",\"name\":\"MAI (Montr\u00e9al, arts interculturels)\",\"url\":\"https:\/\/www.m-a-i.qc.ca\/en\/\",\"logo\":{\"@type\":\"ImageObject\",\"inLanguage\":\"en-US\",\"@id\":\"https:\/\/www.m-a-i.qc.ca\/en\/#\/schema\/logo\/image\/\",\"url\":\"https:\/\/m-a-i.qc.ca\/wp-content\/uploads\/2024\/02\/logo_mai_noir-1.png\",\"contentUrl\":\"https:\/\/m-a-i.qc.ca\/wp-content\/uploads\/2024\/02\/logo_mai_noir-1.png\",\"width\":1152,\"height\":1152,\"caption\":\"MAI (Montr\u00e9al, arts interculturels)\"},\"image\":{\"@id\":\"https:\/\/www.m-a-i.qc.ca\/en\/#\/schema\/logo\/image\/\"},\"sameAs\":[\"http:\/\/instagram.com\/mtlartsinter\",\"http:\/\/linkedin.com\/company\/mtlartsinter\",\"https:\/\/fr.wikipedia.org\/wiki\/Montral_arts_interculturels\",\"http:\/\/facebook.com\/mtlartsinter\",\"https:\/\/twitter.com\/mtlartsinter\"]}]}<\/script>\n<!-- \/ Yoast SEO plugin. -->","yoast_head_json":{"title":"Prayer of Fear &mdash; MAI | Montr\u00e9al, arts interculturels","robots":{"index":"index","follow":"follow","max-snippet":"max-snippet:-1","max-image-preview":"max-image-preview:large","max-video-preview":"max-video-preview:-1"},"canonical":"https:\/\/m-a-i.qc.ca\/en\/prayer-of-fear\/","og_locale":"en_US","og_type":"article","og_title":"Prayer of Fear &mdash; MAI | Montr\u00e9al, arts interculturels","og_description":"Prayer of Fear Mosireen 2013-2014 Digital video 04:25 minutes After Rabaa nobody knew what to do. The brutality of the attack was astonishing, but [&hellip;]","og_url":"https:\/\/m-a-i.qc.ca\/en\/prayer-of-fear\/","og_site_name":"MAI | Montr\u00e9al, arts interculturels","article_publisher":"http:\/\/facebook.com\/mtlartsinter","article_modified_time":"2021-11-10T22:07:40+00:00","twitter_card":"summary_large_image","twitter_site":"@mtlartsinter","twitter_misc":{"Est. reading time":"2 minutes"},"schema":{"@context":"https:\/\/schema.org","@graph":[{"@type":"WebPage","@id":"https:\/\/m-a-i.qc.ca\/en\/prayer-of-fear\/","url":"https:\/\/m-a-i.qc.ca\/en\/prayer-of-fear\/","name":"Prayer of Fear &mdash; MAI | Montr\u00e9al, arts interculturels","isPartOf":{"@id":"https:\/\/www.m-a-i.qc.ca\/en\/#website"},"datePublished":"2021-11-04T17:28:08+00:00","dateModified":"2021-11-10T22:07:40+00:00","breadcrumb":{"@id":"https:\/\/m-a-i.qc.ca\/en\/prayer-of-fear\/#breadcrumb"},"inLanguage":"en-US","potentialAction":[{"@type":"ReadAction","target":["https:\/\/m-a-i.qc.ca\/en\/prayer-of-fear\/"]}]},{"@type":"BreadcrumbList","@id":"https:\/\/m-a-i.qc.ca\/en\/prayer-of-fear\/#breadcrumb","itemListElement":[{"@type":"ListItem","position":1,"name":"Accueil","item":"https:\/\/m-a-i.qc.ca\/en\/"},{"@type":"ListItem","position":2,"name":"prayer of fear"}]},{"@type":"WebSite","@id":"https:\/\/www.m-a-i.qc.ca\/en\/#website","url":"https:\/\/www.m-a-i.qc.ca\/en\/","name":"MAI | Montr\u00e9al, arts interculturels","description":"La perle des arts interculturels au c\u0153ur de Montr\u00e9al. Arts visuels, th\u00e9\u00e2tre, danse, musique et arts interdisciplinaires. + de 40 \u00e9v\u00e8nements par an","publisher":{"@id":"https:\/\/www.m-a-i.qc.ca\/en\/#organization"},"potentialAction":[{"@type":"SearchAction","target":{"@type":"EntryPoint","urlTemplate":"https:\/\/www.m-a-i.qc.ca\/en\/?s={search_term_string}"},"query-input":"required name=search_term_string"}],"inLanguage":"en-US"},{"@type":"Organization","@id":"https:\/\/www.m-a-i.qc.ca\/en\/#organization","name":"MAI (Montr\u00e9al, arts interculturels)","url":"https:\/\/www.m-a-i.qc.ca\/en\/","logo":{"@type":"ImageObject","inLanguage":"en-US","@id":"https:\/\/www.m-a-i.qc.ca\/en\/#\/schema\/logo\/image\/","url":"https:\/\/m-a-i.qc.ca\/wp-content\/uploads\/2024\/02\/logo_mai_noir-1.png","contentUrl":"https:\/\/m-a-i.qc.ca\/wp-content\/uploads\/2024\/02\/logo_mai_noir-1.png","width":1152,"height":1152,"caption":"MAI (Montr\u00e9al, arts interculturels)"},"image":{"@id":"https:\/\/www.m-a-i.qc.ca\/en\/#\/schema\/logo\/image\/"},"sameAs":["http:\/\/instagram.com\/mtlartsinter","http:\/\/linkedin.com\/company\/mtlartsinter","https:\/\/fr.wikipedia.org\/wiki\/Montral_arts_interculturels","http:\/\/facebook.com\/mtlartsinter","https:\/\/twitter.com\/mtlartsinter"]}]}},"_links":{"self":[{"href":"https:\/\/m-a-i.qc.ca\/en\/wp-json\/wp\/v2\/pages\/10931","targetHints":{"allow":["GET"]}}],"collection":[{"href":"https:\/\/m-a-i.qc.ca\/en\/wp-json\/wp\/v2\/pages"}],"about":[{"href":"https:\/\/m-a-i.qc.ca\/en\/wp-json\/wp\/v2\/types\/page"}],"author":[{"embeddable":true,"href":"https:\/\/m-a-i.qc.ca\/en\/wp-json\/wp\/v2\/users\/4"}],"replies":[{"embeddable":true,"href":"https:\/\/m-a-i.qc.ca\/en\/wp-json\/wp\/v2\/comments?post=10931"}],"version-history":[{"count":3,"href":"https:\/\/m-a-i.qc.ca\/en\/wp-json\/wp\/v2\/pages\/10931\/revisions"}],"predecessor-version":[{"id":11093,"href":"https:\/\/m-a-i.qc.ca\/en\/wp-json\/wp\/v2\/pages\/10931\/revisions\/11093"}],"wp:attachment":[{"href":"https:\/\/m-a-i.qc.ca\/en\/wp-json\/wp\/v2\/media?parent=10931"}],"curies":[{"name":"wp","href":"https:\/\/api.w.org\/{rel}","templated":true}]}}