{"id":10927,"date":"2021-11-04T13:27:16","date_gmt":"2021-11-04T17:27:16","guid":{"rendered":"https:\/\/m-a-i.qc.ca\/?page_id=10927"},"modified":"2021-11-10T17:01:45","modified_gmt":"2021-11-10T22:01:45","slug":"have-you-ever-killed-a-bear-or-becoming-jamila","status":"publish","type":"page","link":"https:\/\/m-a-i.qc.ca\/en\/have-you-ever-killed-a-bear-or-becoming-jamila\/","title":{"rendered":"have you ever killed a bear or becoming jamila"},"content":{"rendered":"<p><strong><i>Have You Ever Killed a Bear or Becoming Jamila<br \/>\n<\/i><\/strong><strong>Marwa Arsanios<br \/>\n<\/strong><strong>2013-2014<br \/>\n<\/strong><strong>HD video, color, sound<br \/>\n<\/strong><strong>26:19 min<\/strong><\/p>\n<p><i><span style=\"font-weight: 400;\">Have You Ever Killed a Bear or Becoming Jamila<\/span><\/i><span style=\"font-weight: 400;\"> is a video made after a performance whose starting point is an inquiry into Jamila Bouhired, the Algerian freedom fighter. The research focuses on the different representations of Jamila in the cinema, and on her assimilation and promotion during the 1960\u2019s and 1970\u2019s in the Egyptian magazine Al-Hilal [the crescent] which used to be a major Arab cultural magazine. The performance attempts to look at the history of the Egyptian socialist projects, the Algerian anti-colonial wars, and the way they have promoted and marginalized feminist projects.<\/span><\/p>\n<p><span style=\"font-weight: 400;\">Indeed, the clear gender division used to marginalize women from the public sphere was overcome for a short moment during the Algerian war of independence-with Jamila becoming its icon. The project raises the issue of what it means to play the role of the freedom fighter. What does it mean to become an icon? Between role playing and political projects, how does the constitution of the subject serve certain political purposes?<\/span><\/p>\n<p><span style=\"font-weight: 400;\"><strong>Marwa Arsanios<\/strong> was born in Washington DC, USA in 1978. She currently lives and works in Beirut, Lebanon. Marwa Arsanios is an artist, filmmaker and researcher who reconsiders politics of the mid-twentieth century from a contemporary perspective, with a particular focus on gender relations, urbanism and industrialisation. She approaches research collaboratively and seeks to work across disciplines.<\/span><\/p>\n<p><span style=\"font-weight: 400;\">Arsanios has been the subject of solo exhibitions at the Beirut Art Center (2017); Hammer Museum, Los Angeles (2016); Witte de With, Rotterdam (2016); Kunsthalle Lissabon, Lisbon (2015) and Art in General, New York (2015). Her work has also been shown in a number of group exhibitions, at SF Moma (2019), Sharjah Biennial 14 (2019), Nottingham Contemporary, UK (2017), Maxxi Museum, Rome (2017), Sursock Museum, Beirut (2016), Ludwig Museum, Cologne (2016), Thessaloniki Biennial (2015); <\/span><i><span style=\"font-weight: 400;\">Home Works Forum<\/span><\/i><span style=\"font-weight: 400;\">, Ashkal Alwan, Beirut (2010, 2013, 2015), New Museum, New York (2014), 55th Venice Biennale (2013), M HKA, Antwerp (2013), In Other Words,nGbK, Berlin (2012) and 12th Istanbul Biennial (2011), among others. Screenings of her videos have taken place at FID Marseille (2019), tiff Toronto (2019), Centre Georges Pompidou, Paris (2011, 2017), Berlin International Film Festival (2010, 2015) and e-flux storefront, New York (2009). She was awarded &#8216;Prix Georges de Beauregard International&#8217;, FID Marseille (2019), Special Prize of the Pinchuk Future Generation Art Prize (2012) and nominated for the Paulo Cunha e Silva Art Prize (2017) and for the Han Nefkens Foundation award (2014). She was also a fellow at Akademie Schloss Solitude, Stuttgart, Germany (2014) and Tokyo Wonder Site, Tokyo Arts and Space (2010). She is the co-founder of <\/span><i><span style=\"font-weight: 400;\">98weeks Research Project<\/span><\/i><span style=\"font-weight: 400;\">.<\/span><\/p>\n<p><span style=\"font-weight: 400;\">Arsanios received a Master of Fine Art, University of the Arts London (2007) and was a researcher in the Fine Art Department, Jan Van Eyck Academie, Maastricht, The Netherlands (2011\u20132012). She is currently a Ph.D candidate at the Akademie der bildenden Kunst in Vienna.<\/span><\/p>\n<p><span style=\"font-weight: 400;\">In 2019, Marwa Arsanios participated in the 1st edition of Sharjah Architecture Triennial.<\/span><\/p>\n","protected":false},"excerpt":{"rendered":"<p>Have You Ever Killed a Bear or Becoming Jamila Marwa Arsanios 2013-2014 HD video, color, sound 26:19 min Have You Ever Killed a Bear [&hellip;]<\/p>\n","protected":false},"author":4,"featured_media":0,"parent":0,"menu_order":0,"comment_status":"closed","ping_status":"closed","template":"","meta":{"footnotes":""},"class_list":["post-10927","page","type-page","status-publish","hentry"],"acf":[],"yoast_head":"<!-- This site is optimized with the Yoast SEO plugin v19.13 - https:\/\/yoast.com\/wordpress\/plugins\/seo\/ -->\n<title>Have You Ever Killed a Bear or Becoming Jamila &mdash; MAI | Montr\u00e9al, arts interculturels<\/title>\n<meta name=\"robots\" content=\"index, follow, max-snippet:-1, max-image-preview:large, max-video-preview:-1\" \/>\n<link rel=\"canonical\" href=\"https:\/\/m-a-i.qc.ca\/en\/have-you-ever-killed-a-bear-or-becoming-jamila\/\" \/>\n<meta property=\"og:locale\" content=\"en_US\" \/>\n<meta property=\"og:type\" content=\"article\" \/>\n<meta property=\"og:title\" content=\"Have You Ever Killed a Bear or Becoming Jamila &mdash; MAI | Montr\u00e9al, arts interculturels\" \/>\n<meta property=\"og:description\" content=\"Have You Ever Killed a Bear or Becoming Jamila Marwa Arsanios 2013-2014 HD video, color, sound 26:19 min Have You Ever Killed a Bear [&hellip;]\" \/>\n<meta property=\"og:url\" content=\"https:\/\/m-a-i.qc.ca\/en\/have-you-ever-killed-a-bear-or-becoming-jamila\/\" \/>\n<meta property=\"og:site_name\" content=\"MAI | Montr\u00e9al, arts interculturels\" \/>\n<meta property=\"article:publisher\" content=\"http:\/\/facebook.com\/mtlartsinter\" \/>\n<meta property=\"article:modified_time\" content=\"2021-11-10T22:01:45+00:00\" \/>\n<meta name=\"twitter:card\" content=\"summary_large_image\" \/>\n<meta name=\"twitter:site\" content=\"@mtlartsinter\" \/>\n<meta name=\"twitter:label1\" content=\"Est. reading time\" \/>\n\t<meta name=\"twitter:data1\" content=\"2 minutes\" \/>\n<script type=\"application\/ld+json\" class=\"yoast-schema-graph\">{\"@context\":\"https:\/\/schema.org\",\"@graph\":[{\"@type\":\"WebPage\",\"@id\":\"https:\/\/m-a-i.qc.ca\/en\/have-you-ever-killed-a-bear-or-becoming-jamila\/\",\"url\":\"https:\/\/m-a-i.qc.ca\/en\/have-you-ever-killed-a-bear-or-becoming-jamila\/\",\"name\":\"Have You Ever Killed a Bear or Becoming Jamila &mdash; MAI | Montr\u00e9al, arts interculturels\",\"isPartOf\":{\"@id\":\"https:\/\/www.m-a-i.qc.ca\/en\/#website\"},\"datePublished\":\"2021-11-04T17:27:16+00:00\",\"dateModified\":\"2021-11-10T22:01:45+00:00\",\"breadcrumb\":{\"@id\":\"https:\/\/m-a-i.qc.ca\/en\/have-you-ever-killed-a-bear-or-becoming-jamila\/#breadcrumb\"},\"inLanguage\":\"en-US\",\"potentialAction\":[{\"@type\":\"ReadAction\",\"target\":[\"https:\/\/m-a-i.qc.ca\/en\/have-you-ever-killed-a-bear-or-becoming-jamila\/\"]}]},{\"@type\":\"BreadcrumbList\",\"@id\":\"https:\/\/m-a-i.qc.ca\/en\/have-you-ever-killed-a-bear-or-becoming-jamila\/#breadcrumb\",\"itemListElement\":[{\"@type\":\"ListItem\",\"position\":1,\"name\":\"Accueil\",\"item\":\"https:\/\/m-a-i.qc.ca\/en\/\"},{\"@type\":\"ListItem\",\"position\":2,\"name\":\"have you ever killed a bear or becoming jamila\"}]},{\"@type\":\"WebSite\",\"@id\":\"https:\/\/www.m-a-i.qc.ca\/en\/#website\",\"url\":\"https:\/\/www.m-a-i.qc.ca\/en\/\",\"name\":\"MAI | Montr\u00e9al, arts interculturels\",\"description\":\"La perle des arts interculturels au c\u0153ur de Montr\u00e9al. Arts visuels, th\u00e9\u00e2tre, danse, musique et arts interdisciplinaires. + de 40 \u00e9v\u00e8nements par an\",\"publisher\":{\"@id\":\"https:\/\/www.m-a-i.qc.ca\/en\/#organization\"},\"potentialAction\":[{\"@type\":\"SearchAction\",\"target\":{\"@type\":\"EntryPoint\",\"urlTemplate\":\"https:\/\/www.m-a-i.qc.ca\/en\/?s={search_term_string}\"},\"query-input\":\"required name=search_term_string\"}],\"inLanguage\":\"en-US\"},{\"@type\":\"Organization\",\"@id\":\"https:\/\/www.m-a-i.qc.ca\/en\/#organization\",\"name\":\"MAI (Montr\u00e9al, arts interculturels)\",\"url\":\"https:\/\/www.m-a-i.qc.ca\/en\/\",\"logo\":{\"@type\":\"ImageObject\",\"inLanguage\":\"en-US\",\"@id\":\"https:\/\/www.m-a-i.qc.ca\/en\/#\/schema\/logo\/image\/\",\"url\":\"https:\/\/m-a-i.qc.ca\/wp-content\/uploads\/2024\/02\/logo_mai_noir-1.png\",\"contentUrl\":\"https:\/\/m-a-i.qc.ca\/wp-content\/uploads\/2024\/02\/logo_mai_noir-1.png\",\"width\":1152,\"height\":1152,\"caption\":\"MAI (Montr\u00e9al, arts interculturels)\"},\"image\":{\"@id\":\"https:\/\/www.m-a-i.qc.ca\/en\/#\/schema\/logo\/image\/\"},\"sameAs\":[\"http:\/\/instagram.com\/mtlartsinter\",\"http:\/\/linkedin.com\/company\/mtlartsinter\",\"https:\/\/fr.wikipedia.org\/wiki\/Montral_arts_interculturels\",\"http:\/\/facebook.com\/mtlartsinter\",\"https:\/\/twitter.com\/mtlartsinter\"]}]}<\/script>\n<!-- \/ Yoast SEO plugin. -->","yoast_head_json":{"title":"Have You Ever Killed a Bear or Becoming Jamila &mdash; MAI | Montr\u00e9al, arts interculturels","robots":{"index":"index","follow":"follow","max-snippet":"max-snippet:-1","max-image-preview":"max-image-preview:large","max-video-preview":"max-video-preview:-1"},"canonical":"https:\/\/m-a-i.qc.ca\/en\/have-you-ever-killed-a-bear-or-becoming-jamila\/","og_locale":"en_US","og_type":"article","og_title":"Have You Ever Killed a Bear or Becoming Jamila &mdash; MAI | Montr\u00e9al, arts interculturels","og_description":"Have You Ever Killed a Bear or Becoming Jamila Marwa Arsanios 2013-2014 HD video, color, sound 26:19 min Have You Ever Killed a Bear [&hellip;]","og_url":"https:\/\/m-a-i.qc.ca\/en\/have-you-ever-killed-a-bear-or-becoming-jamila\/","og_site_name":"MAI | Montr\u00e9al, arts interculturels","article_publisher":"http:\/\/facebook.com\/mtlartsinter","article_modified_time":"2021-11-10T22:01:45+00:00","twitter_card":"summary_large_image","twitter_site":"@mtlartsinter","twitter_misc":{"Est. reading time":"2 minutes"},"schema":{"@context":"https:\/\/schema.org","@graph":[{"@type":"WebPage","@id":"https:\/\/m-a-i.qc.ca\/en\/have-you-ever-killed-a-bear-or-becoming-jamila\/","url":"https:\/\/m-a-i.qc.ca\/en\/have-you-ever-killed-a-bear-or-becoming-jamila\/","name":"Have You Ever Killed a Bear or Becoming Jamila &mdash; MAI | Montr\u00e9al, arts interculturels","isPartOf":{"@id":"https:\/\/www.m-a-i.qc.ca\/en\/#website"},"datePublished":"2021-11-04T17:27:16+00:00","dateModified":"2021-11-10T22:01:45+00:00","breadcrumb":{"@id":"https:\/\/m-a-i.qc.ca\/en\/have-you-ever-killed-a-bear-or-becoming-jamila\/#breadcrumb"},"inLanguage":"en-US","potentialAction":[{"@type":"ReadAction","target":["https:\/\/m-a-i.qc.ca\/en\/have-you-ever-killed-a-bear-or-becoming-jamila\/"]}]},{"@type":"BreadcrumbList","@id":"https:\/\/m-a-i.qc.ca\/en\/have-you-ever-killed-a-bear-or-becoming-jamila\/#breadcrumb","itemListElement":[{"@type":"ListItem","position":1,"name":"Accueil","item":"https:\/\/m-a-i.qc.ca\/en\/"},{"@type":"ListItem","position":2,"name":"have you ever killed a bear or becoming jamila"}]},{"@type":"WebSite","@id":"https:\/\/www.m-a-i.qc.ca\/en\/#website","url":"https:\/\/www.m-a-i.qc.ca\/en\/","name":"MAI | Montr\u00e9al, arts interculturels","description":"La perle des arts interculturels au c\u0153ur de Montr\u00e9al. Arts visuels, th\u00e9\u00e2tre, danse, musique et arts interdisciplinaires. + de 40 \u00e9v\u00e8nements par an","publisher":{"@id":"https:\/\/www.m-a-i.qc.ca\/en\/#organization"},"potentialAction":[{"@type":"SearchAction","target":{"@type":"EntryPoint","urlTemplate":"https:\/\/www.m-a-i.qc.ca\/en\/?s={search_term_string}"},"query-input":"required name=search_term_string"}],"inLanguage":"en-US"},{"@type":"Organization","@id":"https:\/\/www.m-a-i.qc.ca\/en\/#organization","name":"MAI (Montr\u00e9al, arts interculturels)","url":"https:\/\/www.m-a-i.qc.ca\/en\/","logo":{"@type":"ImageObject","inLanguage":"en-US","@id":"https:\/\/www.m-a-i.qc.ca\/en\/#\/schema\/logo\/image\/","url":"https:\/\/m-a-i.qc.ca\/wp-content\/uploads\/2024\/02\/logo_mai_noir-1.png","contentUrl":"https:\/\/m-a-i.qc.ca\/wp-content\/uploads\/2024\/02\/logo_mai_noir-1.png","width":1152,"height":1152,"caption":"MAI (Montr\u00e9al, arts interculturels)"},"image":{"@id":"https:\/\/www.m-a-i.qc.ca\/en\/#\/schema\/logo\/image\/"},"sameAs":["http:\/\/instagram.com\/mtlartsinter","http:\/\/linkedin.com\/company\/mtlartsinter","https:\/\/fr.wikipedia.org\/wiki\/Montral_arts_interculturels","http:\/\/facebook.com\/mtlartsinter","https:\/\/twitter.com\/mtlartsinter"]}]}},"_links":{"self":[{"href":"https:\/\/m-a-i.qc.ca\/en\/wp-json\/wp\/v2\/pages\/10927","targetHints":{"allow":["GET"]}}],"collection":[{"href":"https:\/\/m-a-i.qc.ca\/en\/wp-json\/wp\/v2\/pages"}],"about":[{"href":"https:\/\/m-a-i.qc.ca\/en\/wp-json\/wp\/v2\/types\/page"}],"author":[{"embeddable":true,"href":"https:\/\/m-a-i.qc.ca\/en\/wp-json\/wp\/v2\/users\/4"}],"replies":[{"embeddable":true,"href":"https:\/\/m-a-i.qc.ca\/en\/wp-json\/wp\/v2\/comments?post=10927"}],"version-history":[{"count":3,"href":"https:\/\/m-a-i.qc.ca\/en\/wp-json\/wp\/v2\/pages\/10927\/revisions"}],"predecessor-version":[{"id":11086,"href":"https:\/\/m-a-i.qc.ca\/en\/wp-json\/wp\/v2\/pages\/10927\/revisions\/11086"}],"wp:attachment":[{"href":"https:\/\/m-a-i.qc.ca\/en\/wp-json\/wp\/v2\/media?parent=10927"}],"curies":[{"name":"wp","href":"https:\/\/api.w.org\/{rel}","templated":true}]}}