{"id":10923,"date":"2021-11-04T13:27:02","date_gmt":"2021-11-04T17:27:02","guid":{"rendered":"https:\/\/m-a-i.qc.ca\/?page_id=10923"},"modified":"2021-11-10T17:00:13","modified_gmt":"2021-11-10T22:00:13","slug":"10923-2","status":"publish","type":"page","link":"https:\/\/m-a-i.qc.ca\/en\/10923-2\/","title":{"rendered":""},"content":{"rendered":"<p><strong><i>Notes on Seeing Double<br \/>\n<\/i><\/strong><strong>Sanaz Sohrabi<br \/>\n<\/strong><strong>2018<br \/>\n<\/strong><strong>Vid\u00e9o with sound<\/strong><\/p>\n<p><span style=\"font-weight: 400;\">What is the anatomy of a revolution? Masses of bodies with a collective desire? \u201cNotes on Seeing Double\u201d takes the figure of speech of \u201ctemsaal\u201d in Farsi as its point of departure to unpack this question. By juxtaposing a documentary photograph taken in the February of 1979 in Tehran and a painting drawn by Rembrandt depicting the famous anatomy theatre of Amsterdam in 1632, <\/span><i><span style=\"font-weight: 400;\">Notes on Seeing Double<\/span><\/i><span style=\"font-weight: 400;\"> analyzes the conditions of visuality within different systems of power\/knowledge production. The film looks at the threshold of seeing and remembering; a gateway into unpacking the relationship between pre-existing images, language, and memory, and unravels the marginal histories and affective registers with which all images are charged.<\/span><\/p>\n<p><span style=\"font-weight: 400;\"><strong>Sanaz Sohrabi<\/strong> (b. 1988, Tehran) is a research-based artist, filmmaker, and a Fonds de Recherche du Qu\u00e9bec Soci\u00e9t\u00e9 et Culture (FRQSC) doctoral fellow at the Center for Interdisciplinary Studies in Society and Culture in Montr\u00e9al. Her doctoral artistic research is conceived as a series of essay film and documentary-based installation mapping an unlikely geopolitical calendar of political affinities, competing and contradictory national projects wherein oil was both the agent of imperial power and the catalyst for anticolonial political projects, examining the ways in which oil was tasked to navigate the political task of nation-building on the one hand and transnational solidarity during the global decolonization on the other. Her work has been screened and exhibited internationally at 50th International Film Festival Rotterdam (IFFR), Montr\u00e9al International Documentary Film Festival (RIDM), Sheffield Doc\/Fest, IndieLisboa, FICValdivia Chile, Videonale 16 Bonn, Kasseler Dokfest (nominated for Golden Key Award), Images Festival, Centre Clark Montr\u00e9al, and Beirut Art Center, among others. Sohrabi has been supported by fellowships and artist residency awards such as Forum Transregionale Studien Berlin, Skowhegan School of Painting and Sculpture, RAW Acad\u00e9mie, SOMA Summer School Ciudad de M\u00e9xico, Est-Nord-Est r\u00e9sidence d\u2019artistes, and Vermont Studio Center.<\/span><\/p>\n","protected":false},"excerpt":{"rendered":"<p>Notes on Seeing Double Sanaz Sohrabi 2018 Vid\u00e9o with sound What is the anatomy of a revolution? Masses of bodies with a collective desire? [&hellip;]<\/p>\n","protected":false},"author":4,"featured_media":0,"parent":0,"menu_order":0,"comment_status":"closed","ping_status":"closed","template":"","meta":{"footnotes":""},"class_list":["post-10923","page","type-page","status-publish","hentry"],"acf":[],"yoast_head":"<!-- This site is optimized with the Yoast SEO plugin v19.13 - https:\/\/yoast.com\/wordpress\/plugins\/seo\/ -->\n<title>&mdash; MAI | Montr\u00e9al, arts interculturels<\/title>\n<meta name=\"robots\" content=\"index, follow, max-snippet:-1, max-image-preview:large, max-video-preview:-1\" \/>\n<link rel=\"canonical\" href=\"https:\/\/m-a-i.qc.ca\/en\/10923-2\/\" \/>\n<meta property=\"og:locale\" content=\"en_US\" \/>\n<meta property=\"og:type\" content=\"article\" \/>\n<meta property=\"og:title\" content=\"&mdash; MAI | Montr\u00e9al, arts interculturels\" \/>\n<meta property=\"og:description\" content=\"Notes on Seeing Double Sanaz Sohrabi 2018 Vid\u00e9o with sound What is the anatomy of a revolution? Masses of bodies with a collective desire? [&hellip;]\" \/>\n<meta property=\"og:url\" content=\"https:\/\/m-a-i.qc.ca\/en\/10923-2\/\" \/>\n<meta property=\"og:site_name\" content=\"MAI | Montr\u00e9al, arts interculturels\" \/>\n<meta property=\"article:publisher\" content=\"http:\/\/facebook.com\/mtlartsinter\" \/>\n<meta property=\"article:modified_time\" content=\"2021-11-10T22:00:13+00:00\" \/>\n<meta name=\"twitter:card\" content=\"summary_large_image\" \/>\n<meta name=\"twitter:site\" content=\"@mtlartsinter\" \/>\n<meta name=\"twitter:label1\" content=\"Est. reading time\" \/>\n\t<meta name=\"twitter:data1\" content=\"2 minutes\" \/>\n<script type=\"application\/ld+json\" class=\"yoast-schema-graph\">{\"@context\":\"https:\/\/schema.org\",\"@graph\":[{\"@type\":\"WebPage\",\"@id\":\"https:\/\/m-a-i.qc.ca\/en\/10923-2\/\",\"url\":\"https:\/\/m-a-i.qc.ca\/en\/10923-2\/\",\"name\":\"&mdash; MAI | Montr\u00e9al, arts interculturels\",\"isPartOf\":{\"@id\":\"https:\/\/www.m-a-i.qc.ca\/en\/#website\"},\"datePublished\":\"2021-11-04T17:27:02+00:00\",\"dateModified\":\"2021-11-10T22:00:13+00:00\",\"inLanguage\":\"en-US\",\"potentialAction\":[{\"@type\":\"ReadAction\",\"target\":[\"https:\/\/m-a-i.qc.ca\/en\/10923-2\/\"]}]},{\"@type\":\"WebSite\",\"@id\":\"https:\/\/www.m-a-i.qc.ca\/en\/#website\",\"url\":\"https:\/\/www.m-a-i.qc.ca\/en\/\",\"name\":\"MAI | Montr\u00e9al, arts interculturels\",\"description\":\"La perle des arts interculturels au c\u0153ur de Montr\u00e9al. Arts visuels, th\u00e9\u00e2tre, danse, musique et arts interdisciplinaires. + de 40 \u00e9v\u00e8nements par an\",\"publisher\":{\"@id\":\"https:\/\/www.m-a-i.qc.ca\/en\/#organization\"},\"potentialAction\":[{\"@type\":\"SearchAction\",\"target\":{\"@type\":\"EntryPoint\",\"urlTemplate\":\"https:\/\/www.m-a-i.qc.ca\/en\/?s={search_term_string}\"},\"query-input\":\"required name=search_term_string\"}],\"inLanguage\":\"en-US\"},{\"@type\":\"Organization\",\"@id\":\"https:\/\/www.m-a-i.qc.ca\/en\/#organization\",\"name\":\"MAI (Montr\u00e9al, arts interculturels)\",\"url\":\"https:\/\/www.m-a-i.qc.ca\/en\/\",\"logo\":{\"@type\":\"ImageObject\",\"inLanguage\":\"en-US\",\"@id\":\"https:\/\/www.m-a-i.qc.ca\/en\/#\/schema\/logo\/image\/\",\"url\":\"https:\/\/m-a-i.qc.ca\/wp-content\/uploads\/2024\/02\/logo_mai_noir-1.png\",\"contentUrl\":\"https:\/\/m-a-i.qc.ca\/wp-content\/uploads\/2024\/02\/logo_mai_noir-1.png\",\"width\":1152,\"height\":1152,\"caption\":\"MAI (Montr\u00e9al, arts interculturels)\"},\"image\":{\"@id\":\"https:\/\/www.m-a-i.qc.ca\/en\/#\/schema\/logo\/image\/\"},\"sameAs\":[\"http:\/\/instagram.com\/mtlartsinter\",\"http:\/\/linkedin.com\/company\/mtlartsinter\",\"https:\/\/fr.wikipedia.org\/wiki\/Montral_arts_interculturels\",\"http:\/\/facebook.com\/mtlartsinter\",\"https:\/\/twitter.com\/mtlartsinter\"]}]}<\/script>\n<!-- \/ Yoast SEO plugin. -->","yoast_head_json":{"title":"&mdash; MAI | Montr\u00e9al, arts interculturels","robots":{"index":"index","follow":"follow","max-snippet":"max-snippet:-1","max-image-preview":"max-image-preview:large","max-video-preview":"max-video-preview:-1"},"canonical":"https:\/\/m-a-i.qc.ca\/en\/10923-2\/","og_locale":"en_US","og_type":"article","og_title":"&mdash; MAI | Montr\u00e9al, arts interculturels","og_description":"Notes on Seeing Double Sanaz Sohrabi 2018 Vid\u00e9o with sound What is the anatomy of a revolution? Masses of bodies with a collective desire? [&hellip;]","og_url":"https:\/\/m-a-i.qc.ca\/en\/10923-2\/","og_site_name":"MAI | Montr\u00e9al, arts interculturels","article_publisher":"http:\/\/facebook.com\/mtlartsinter","article_modified_time":"2021-11-10T22:00:13+00:00","twitter_card":"summary_large_image","twitter_site":"@mtlartsinter","twitter_misc":{"Est. reading time":"2 minutes"},"schema":{"@context":"https:\/\/schema.org","@graph":[{"@type":"WebPage","@id":"https:\/\/m-a-i.qc.ca\/en\/10923-2\/","url":"https:\/\/m-a-i.qc.ca\/en\/10923-2\/","name":"&mdash; MAI | Montr\u00e9al, arts interculturels","isPartOf":{"@id":"https:\/\/www.m-a-i.qc.ca\/en\/#website"},"datePublished":"2021-11-04T17:27:02+00:00","dateModified":"2021-11-10T22:00:13+00:00","inLanguage":"en-US","potentialAction":[{"@type":"ReadAction","target":["https:\/\/m-a-i.qc.ca\/en\/10923-2\/"]}]},{"@type":"WebSite","@id":"https:\/\/www.m-a-i.qc.ca\/en\/#website","url":"https:\/\/www.m-a-i.qc.ca\/en\/","name":"MAI | Montr\u00e9al, arts interculturels","description":"La perle des arts interculturels au c\u0153ur de Montr\u00e9al. Arts visuels, th\u00e9\u00e2tre, danse, musique et arts interdisciplinaires. + de 40 \u00e9v\u00e8nements par an","publisher":{"@id":"https:\/\/www.m-a-i.qc.ca\/en\/#organization"},"potentialAction":[{"@type":"SearchAction","target":{"@type":"EntryPoint","urlTemplate":"https:\/\/www.m-a-i.qc.ca\/en\/?s={search_term_string}"},"query-input":"required name=search_term_string"}],"inLanguage":"en-US"},{"@type":"Organization","@id":"https:\/\/www.m-a-i.qc.ca\/en\/#organization","name":"MAI (Montr\u00e9al, arts interculturels)","url":"https:\/\/www.m-a-i.qc.ca\/en\/","logo":{"@type":"ImageObject","inLanguage":"en-US","@id":"https:\/\/www.m-a-i.qc.ca\/en\/#\/schema\/logo\/image\/","url":"https:\/\/m-a-i.qc.ca\/wp-content\/uploads\/2024\/02\/logo_mai_noir-1.png","contentUrl":"https:\/\/m-a-i.qc.ca\/wp-content\/uploads\/2024\/02\/logo_mai_noir-1.png","width":1152,"height":1152,"caption":"MAI (Montr\u00e9al, arts interculturels)"},"image":{"@id":"https:\/\/www.m-a-i.qc.ca\/en\/#\/schema\/logo\/image\/"},"sameAs":["http:\/\/instagram.com\/mtlartsinter","http:\/\/linkedin.com\/company\/mtlartsinter","https:\/\/fr.wikipedia.org\/wiki\/Montral_arts_interculturels","http:\/\/facebook.com\/mtlartsinter","https:\/\/twitter.com\/mtlartsinter"]}]}},"_links":{"self":[{"href":"https:\/\/m-a-i.qc.ca\/en\/wp-json\/wp\/v2\/pages\/10923","targetHints":{"allow":["GET"]}}],"collection":[{"href":"https:\/\/m-a-i.qc.ca\/en\/wp-json\/wp\/v2\/pages"}],"about":[{"href":"https:\/\/m-a-i.qc.ca\/en\/wp-json\/wp\/v2\/types\/page"}],"author":[{"embeddable":true,"href":"https:\/\/m-a-i.qc.ca\/en\/wp-json\/wp\/v2\/users\/4"}],"replies":[{"embeddable":true,"href":"https:\/\/m-a-i.qc.ca\/en\/wp-json\/wp\/v2\/comments?post=10923"}],"version-history":[{"count":2,"href":"https:\/\/m-a-i.qc.ca\/en\/wp-json\/wp\/v2\/pages\/10923\/revisions"}],"predecessor-version":[{"id":11084,"href":"https:\/\/m-a-i.qc.ca\/en\/wp-json\/wp\/v2\/pages\/10923\/revisions\/11084"}],"wp:attachment":[{"href":"https:\/\/m-a-i.qc.ca\/en\/wp-json\/wp\/v2\/media?parent=10923"}],"curies":[{"name":"wp","href":"https:\/\/api.w.org\/{rel}","templated":true}]}}