{"id":10090,"date":"2021-08-18T21:50:09","date_gmt":"2021-08-19T01:50:09","guid":{"rendered":"https:\/\/m-a-i.qc.ca\/?page_id=10090"},"modified":"2021-11-10T17:50:25","modified_gmt":"2021-11-10T22:50:25","slug":"heather-mah","status":"publish","type":"page","link":"https:\/\/m-a-i.qc.ca\/en\/heather-mah\/","title":{"rendered":"heather mah"},"content":{"rendered":"[vc_row css_animation=&#8221;fadeIn&#8221;][vc_column][vc_column_text]\n<h2 style=\"text-align: center;\">December 2 to 4, 2021<\/h2>\n[\/vc_column_text][\/vc_column][\/vc_row][vc_row css_animation=&#8221;fadeIn&#8221;][vc_column][vc_column_text]\n<h1 style=\"text-align: center;\"><span style=\"color: #294b3b;\">pomegranate<\/span><\/h1>\n[\/vc_column_text][\/vc_column][\/vc_row][vc_row css_animation=&#8221;fadeIn&#8221;][vc_column][vc_single_image image=&#8221;10097&#8243; img_size=&#8221;full&#8221; add_caption=&#8221;yes&#8221; alignment=&#8221;center&#8221; style=&#8221;vc_box_rounded&#8221; css_animation=&#8221;fadeInUp&#8221;][\/vc_column][\/vc_row][vc_row full_width=&#8221;stretch_row&#8221; css_animation=&#8221;fadeIn&#8221; css=&#8221;.vc_custom_1629240370838{background-color: #bcd2cd !important;}&#8221;][vc_column width=&#8221;1\/4&#8243;][vc_column_text]\n<h2 style=\"text-align: right;\">MONTREAL<\/h2>\n<h2 style=\"text-align: right;\">DANCE<\/h2>\n[\/vc_column_text][vc_column_text]\n<p style=\"text-align: right;\">December 2, 2021: 7:30 p.m.<\/p>\n<p style=\"text-align: right;\">December 3, 2021: 7:30 p.m.<\/p>\n<p style=\"text-align: right;\">December 4, 2021: 2:00 p.m.<\/p>\n<p style=\"text-align: right;\">December 4, 2021: 7:30 p.m.<\/p>\n[\/vc_column_text][\/vc_column][vc_column width=&#8221;3\/4&#8243;][vc_column_text]With degrees in both dance and psychology and trained in martial arts, yoga and coaching, performer and choreographer <span style=\"color: #294b3b;\"><strong>Heather Mah<\/strong> <\/span>has been active since the early 80\u2019s and has appeared in the works of Marie Chouinard, Gilles Maheu, Dani\u00e8le Desnoyers and Pierre-Paul Savoie. Her first major solo work, <span style=\"color: #294b3b;\"><em><strong>Pomegranate<\/strong><\/em><\/span>, is the fragmented portrait of a life scarred by migration \u2013 the imagined journey of her own grandmother, born in China in 1895. Inspired by her family history, the work depicts isolation, suffering and the search for new meaning, themes that reverberate within the greater migratory movement of the era. Created around the time of her 60th birthday, an age that corresponds both to that of her grandmother\u2019s death and to the stage of life when physical beauty finds itself usurped by experience, Pomegranate uses the fruit of its title as a prism through which to examine fertility and femininity, rejuvenation and resilience. Moving and poetic, this performance-homage takes the form of an intimate and introspective journey where past and present coexist.<\/p>\n<p>&nbsp;<\/p>\n<p><span style=\"color: #003300;\"><strong><span style=\"font-size: 14pt;\">*The performance on <em>December 4 at 2:00 p.m.<\/em> is offered in audio description for the visually impaired audience.<\/span><\/strong><\/span><\/p>\n<p>The 55 minutes of the choreographic work will be made accessible to all people who have complete or <em>partial<\/em>\u00a0vision loss. Blind and partially sighted audiences will receive live narration by two audio describers: Enora Rivi\u00e8re and Georges-Nicolas Tremblay.<\/p>\n<p><span style=\"font-size: 14pt;\">\u2192 <a href=\"https:\/\/m-a-i.qc.ca\/en\/public-plus\/audio-description-of-choreographic-works\/\"><strong>audio description of choreographic works<\/strong><\/a><\/span><\/p>\n<p>&nbsp;<\/p>\n<hr \/>\n<p><span style=\"color: #294b3b;\">Credits: Technical Director: Lee Anholt | Lighting design: Marc Parent | Sound design: Alexander MacSween | Video : Bernar H\u00e9bert | Costumes: Angelo Barsetti | Production Manager: Mario Brien.<\/span>[\/vc_column_text][vc_column_text]\u2192 <a href=\"https:\/\/www.facebook.com\/events\/527254138517891\/\">facebook event<\/a>[\/vc_column_text][\/vc_column][\/vc_row][vc_row][vc_column][vc_column_text]\n<div class=\"lmt__inner_textarea_container\" style=\"text-align: center;\" title=\"Cliquez sur un mot pour voir les autres traductions possibles\"><span style=\"font-size: 14pt;\">With the support of the Canada Council for the Arts, Conseil des arts de Montr\u00e9al, Alliance Program and MAI Residency Program.<\/span><\/div>\n[\/vc_column_text][\/vc_column][\/vc_row][vc_row full_width=&#8221;stretch_row&#8221; css_animation=&#8221;fadeIn&#8221; css=&#8221;.vc_custom_1629240961642{background-color: #294b3b !important;}&#8221;][vc_column][vc_column_text]\n<h1 style=\"text-align: center;\"><span style=\"color: #ffffff;\"><a style=\"color: #ffffff;\" href=\"https:\/\/m-a-i.tuxedobillet.com\/main\/pomegranate\">buy a ticket<\/a><\/span><\/h1>\n<p style=\"text-align: center;\"><span style=\"color: #ffffff;\"><a style=\"color: #ffffff;\" href=\"https:\/\/m-a-i.qc.ca\/en\/boxoffice\/\"><span style=\"color: #ffffff;\">about the box office<\/span><\/a><\/span><\/p>\n[\/vc_column_text][\/vc_column][\/vc_row]\n","protected":false},"excerpt":{"rendered":"<p>[vc_row css_animation=&#8221;fadeIn&#8221;][vc_column][vc_column_text] December 2 to 4, 2021 [\/vc_column_text][\/vc_column][\/vc_row][vc_row css_animation=&#8221;fadeIn&#8221;][vc_column][vc_column_text] pomegranate [\/vc_column_text][\/vc_column][\/vc_row][vc_row css_animation=&#8221;fadeIn&#8221;][vc_column][vc_single_image image=&#8221;10097&#8243; img_size=&#8221;full&#8221; add_caption=&#8221;yes&#8221; alignment=&#8221;center&#8221; style=&#8221;vc_box_rounded&#8221; css_animation=&#8221;fadeInUp&#8221;][\/vc_column][\/vc_row][vc_row full_width=&#8221;stretch_row&#8221; css_animation=&#8221;fadeIn&#8221; css=&#8221;.vc_custom_1629240370838{background-color: #bcd2cd !important;}&#8221;][vc_column width=&#8221;1\/4&#8243;][vc_column_text] [&hellip;]<\/p>\n","protected":false},"author":9,"featured_media":0,"parent":0,"menu_order":0,"comment_status":"closed","ping_status":"closed","template":"","meta":{"footnotes":""},"class_list":["post-10090","page","type-page","status-publish","hentry"],"acf":[],"yoast_head":"<!-- This site is optimized with the Yoast SEO plugin v19.13 - https:\/\/yoast.com\/wordpress\/plugins\/seo\/ -->\n<title>Heather Mah &mdash; MAI | Montr\u00e9al, arts interculturels<\/title>\n<meta name=\"robots\" content=\"index, follow, max-snippet:-1, max-image-preview:large, max-video-preview:-1\" \/>\n<link rel=\"canonical\" href=\"https:\/\/m-a-i.qc.ca\/en\/heather-mah\/\" \/>\n<meta property=\"og:locale\" content=\"en_US\" \/>\n<meta property=\"og:type\" content=\"article\" \/>\n<meta property=\"og:title\" content=\"Heather Mah &mdash; MAI | Montr\u00e9al, arts interculturels\" \/>\n<meta property=\"og:description\" content=\"[vc_row css_animation=&#8221;fadeIn&#8221;][vc_column][vc_column_text] December 2 to 4, 2021 [\/vc_column_text][\/vc_column][\/vc_row][vc_row css_animation=&#8221;fadeIn&#8221;][vc_column][vc_column_text] pomegranate [\/vc_column_text][\/vc_column][\/vc_row][vc_row css_animation=&#8221;fadeIn&#8221;][vc_column][vc_single_image image=&#8221;10097&#8243; img_size=&#8221;full&#8221; add_caption=&#8221;yes&#8221; alignment=&#8221;center&#8221; style=&#8221;vc_box_rounded&#8221; css_animation=&#8221;fadeInUp&#8221;][\/vc_column][\/vc_row][vc_row full_width=&#8221;stretch_row&#8221; css_animation=&#8221;fadeIn&#8221; css=&#8221;.vc_custom_1629240370838{background-color: #bcd2cd !important;}&#8221;][vc_column width=&#8221;1\/4&#8243;][vc_column_text] [&hellip;]\" \/>\n<meta property=\"og:url\" content=\"https:\/\/m-a-i.qc.ca\/en\/heather-mah\/\" \/>\n<meta property=\"og:site_name\" content=\"MAI | Montr\u00e9al, arts interculturels\" \/>\n<meta property=\"article:publisher\" content=\"http:\/\/facebook.com\/mtlartsinter\" \/>\n<meta property=\"article:modified_time\" content=\"2021-11-10T22:50:25+00:00\" \/>\n<meta name=\"twitter:card\" content=\"summary_large_image\" \/>\n<meta name=\"twitter:site\" content=\"@mtlartsinter\" \/>\n<meta name=\"twitter:label1\" content=\"Est. reading time\" \/>\n\t<meta name=\"twitter:data1\" content=\"2 minutes\" \/>\n<script type=\"application\/ld+json\" class=\"yoast-schema-graph\">{\"@context\":\"https:\/\/schema.org\",\"@graph\":[{\"@type\":\"WebPage\",\"@id\":\"https:\/\/m-a-i.qc.ca\/en\/heather-mah\/\",\"url\":\"https:\/\/m-a-i.qc.ca\/en\/heather-mah\/\",\"name\":\"Heather Mah &mdash; MAI | Montr\u00e9al, arts interculturels\",\"isPartOf\":{\"@id\":\"https:\/\/www.m-a-i.qc.ca\/en\/#website\"},\"datePublished\":\"2021-08-19T01:50:09+00:00\",\"dateModified\":\"2021-11-10T22:50:25+00:00\",\"breadcrumb\":{\"@id\":\"https:\/\/m-a-i.qc.ca\/en\/heather-mah\/#breadcrumb\"},\"inLanguage\":\"en-US\",\"potentialAction\":[{\"@type\":\"ReadAction\",\"target\":[\"https:\/\/m-a-i.qc.ca\/en\/heather-mah\/\"]}]},{\"@type\":\"BreadcrumbList\",\"@id\":\"https:\/\/m-a-i.qc.ca\/en\/heather-mah\/#breadcrumb\",\"itemListElement\":[{\"@type\":\"ListItem\",\"position\":1,\"name\":\"Accueil\",\"item\":\"https:\/\/m-a-i.qc.ca\/en\/\"},{\"@type\":\"ListItem\",\"position\":2,\"name\":\"heather mah\"}]},{\"@type\":\"WebSite\",\"@id\":\"https:\/\/www.m-a-i.qc.ca\/en\/#website\",\"url\":\"https:\/\/www.m-a-i.qc.ca\/en\/\",\"name\":\"MAI | Montr\u00e9al, arts interculturels\",\"description\":\"La perle des arts interculturels au c\u0153ur de Montr\u00e9al. Arts visuels, th\u00e9\u00e2tre, danse, musique et arts interdisciplinaires. + de 40 \u00e9v\u00e8nements par an\",\"publisher\":{\"@id\":\"https:\/\/www.m-a-i.qc.ca\/en\/#organization\"},\"potentialAction\":[{\"@type\":\"SearchAction\",\"target\":{\"@type\":\"EntryPoint\",\"urlTemplate\":\"https:\/\/www.m-a-i.qc.ca\/en\/?s={search_term_string}\"},\"query-input\":\"required name=search_term_string\"}],\"inLanguage\":\"en-US\"},{\"@type\":\"Organization\",\"@id\":\"https:\/\/www.m-a-i.qc.ca\/en\/#organization\",\"name\":\"MAI (Montr\u00e9al, arts interculturels)\",\"url\":\"https:\/\/www.m-a-i.qc.ca\/en\/\",\"logo\":{\"@type\":\"ImageObject\",\"inLanguage\":\"en-US\",\"@id\":\"https:\/\/www.m-a-i.qc.ca\/en\/#\/schema\/logo\/image\/\",\"url\":\"https:\/\/m-a-i.qc.ca\/wp-content\/uploads\/2024\/02\/logo_mai_noir-1.png\",\"contentUrl\":\"https:\/\/m-a-i.qc.ca\/wp-content\/uploads\/2024\/02\/logo_mai_noir-1.png\",\"width\":1152,\"height\":1152,\"caption\":\"MAI (Montr\u00e9al, arts interculturels)\"},\"image\":{\"@id\":\"https:\/\/www.m-a-i.qc.ca\/en\/#\/schema\/logo\/image\/\"},\"sameAs\":[\"http:\/\/instagram.com\/mtlartsinter\",\"http:\/\/linkedin.com\/company\/mtlartsinter\",\"https:\/\/fr.wikipedia.org\/wiki\/Montral_arts_interculturels\",\"http:\/\/facebook.com\/mtlartsinter\",\"https:\/\/twitter.com\/mtlartsinter\"]}]}<\/script>\n<!-- \/ Yoast SEO plugin. -->","yoast_head_json":{"title":"Heather Mah &mdash; MAI | Montr\u00e9al, arts interculturels","robots":{"index":"index","follow":"follow","max-snippet":"max-snippet:-1","max-image-preview":"max-image-preview:large","max-video-preview":"max-video-preview:-1"},"canonical":"https:\/\/m-a-i.qc.ca\/en\/heather-mah\/","og_locale":"en_US","og_type":"article","og_title":"Heather Mah &mdash; MAI | Montr\u00e9al, arts interculturels","og_description":"[vc_row css_animation=&#8221;fadeIn&#8221;][vc_column][vc_column_text] December 2 to 4, 2021 [\/vc_column_text][\/vc_column][\/vc_row][vc_row css_animation=&#8221;fadeIn&#8221;][vc_column][vc_column_text] pomegranate [\/vc_column_text][\/vc_column][\/vc_row][vc_row css_animation=&#8221;fadeIn&#8221;][vc_column][vc_single_image image=&#8221;10097&#8243; img_size=&#8221;full&#8221; add_caption=&#8221;yes&#8221; alignment=&#8221;center&#8221; style=&#8221;vc_box_rounded&#8221; css_animation=&#8221;fadeInUp&#8221;][\/vc_column][\/vc_row][vc_row full_width=&#8221;stretch_row&#8221; css_animation=&#8221;fadeIn&#8221; css=&#8221;.vc_custom_1629240370838{background-color: #bcd2cd !important;}&#8221;][vc_column width=&#8221;1\/4&#8243;][vc_column_text] [&hellip;]","og_url":"https:\/\/m-a-i.qc.ca\/en\/heather-mah\/","og_site_name":"MAI | Montr\u00e9al, arts interculturels","article_publisher":"http:\/\/facebook.com\/mtlartsinter","article_modified_time":"2021-11-10T22:50:25+00:00","twitter_card":"summary_large_image","twitter_site":"@mtlartsinter","twitter_misc":{"Est. reading time":"2 minutes"},"schema":{"@context":"https:\/\/schema.org","@graph":[{"@type":"WebPage","@id":"https:\/\/m-a-i.qc.ca\/en\/heather-mah\/","url":"https:\/\/m-a-i.qc.ca\/en\/heather-mah\/","name":"Heather Mah &mdash; MAI | Montr\u00e9al, arts interculturels","isPartOf":{"@id":"https:\/\/www.m-a-i.qc.ca\/en\/#website"},"datePublished":"2021-08-19T01:50:09+00:00","dateModified":"2021-11-10T22:50:25+00:00","breadcrumb":{"@id":"https:\/\/m-a-i.qc.ca\/en\/heather-mah\/#breadcrumb"},"inLanguage":"en-US","potentialAction":[{"@type":"ReadAction","target":["https:\/\/m-a-i.qc.ca\/en\/heather-mah\/"]}]},{"@type":"BreadcrumbList","@id":"https:\/\/m-a-i.qc.ca\/en\/heather-mah\/#breadcrumb","itemListElement":[{"@type":"ListItem","position":1,"name":"Accueil","item":"https:\/\/m-a-i.qc.ca\/en\/"},{"@type":"ListItem","position":2,"name":"heather mah"}]},{"@type":"WebSite","@id":"https:\/\/www.m-a-i.qc.ca\/en\/#website","url":"https:\/\/www.m-a-i.qc.ca\/en\/","name":"MAI | Montr\u00e9al, arts interculturels","description":"La perle des arts interculturels au c\u0153ur de Montr\u00e9al. Arts visuels, th\u00e9\u00e2tre, danse, musique et arts interdisciplinaires. + de 40 \u00e9v\u00e8nements par an","publisher":{"@id":"https:\/\/www.m-a-i.qc.ca\/en\/#organization"},"potentialAction":[{"@type":"SearchAction","target":{"@type":"EntryPoint","urlTemplate":"https:\/\/www.m-a-i.qc.ca\/en\/?s={search_term_string}"},"query-input":"required name=search_term_string"}],"inLanguage":"en-US"},{"@type":"Organization","@id":"https:\/\/www.m-a-i.qc.ca\/en\/#organization","name":"MAI (Montr\u00e9al, arts interculturels)","url":"https:\/\/www.m-a-i.qc.ca\/en\/","logo":{"@type":"ImageObject","inLanguage":"en-US","@id":"https:\/\/www.m-a-i.qc.ca\/en\/#\/schema\/logo\/image\/","url":"https:\/\/m-a-i.qc.ca\/wp-content\/uploads\/2024\/02\/logo_mai_noir-1.png","contentUrl":"https:\/\/m-a-i.qc.ca\/wp-content\/uploads\/2024\/02\/logo_mai_noir-1.png","width":1152,"height":1152,"caption":"MAI (Montr\u00e9al, arts interculturels)"},"image":{"@id":"https:\/\/www.m-a-i.qc.ca\/en\/#\/schema\/logo\/image\/"},"sameAs":["http:\/\/instagram.com\/mtlartsinter","http:\/\/linkedin.com\/company\/mtlartsinter","https:\/\/fr.wikipedia.org\/wiki\/Montral_arts_interculturels","http:\/\/facebook.com\/mtlartsinter","https:\/\/twitter.com\/mtlartsinter"]}]}},"_links":{"self":[{"href":"https:\/\/m-a-i.qc.ca\/en\/wp-json\/wp\/v2\/pages\/10090","targetHints":{"allow":["GET"]}}],"collection":[{"href":"https:\/\/m-a-i.qc.ca\/en\/wp-json\/wp\/v2\/pages"}],"about":[{"href":"https:\/\/m-a-i.qc.ca\/en\/wp-json\/wp\/v2\/types\/page"}],"author":[{"embeddable":true,"href":"https:\/\/m-a-i.qc.ca\/en\/wp-json\/wp\/v2\/users\/9"}],"replies":[{"embeddable":true,"href":"https:\/\/m-a-i.qc.ca\/en\/wp-json\/wp\/v2\/comments?post=10090"}],"version-history":[{"count":18,"href":"https:\/\/m-a-i.qc.ca\/en\/wp-json\/wp\/v2\/pages\/10090\/revisions"}],"predecessor-version":[{"id":11122,"href":"https:\/\/m-a-i.qc.ca\/en\/wp-json\/wp\/v2\/pages\/10090\/revisions\/11122"}],"wp:attachment":[{"href":"https:\/\/m-a-i.qc.ca\/en\/wp-json\/wp\/v2\/media?parent=10090"}],"curies":[{"name":"wp","href":"https:\/\/api.w.org\/{rel}","templated":true}]}}