{"id":10087,"date":"2021-08-18T21:47:10","date_gmt":"2021-08-19T01:47:10","guid":{"rendered":"https:\/\/m-a-i.qc.ca\/?page_id=10087"},"modified":"2022-05-05T09:35:31","modified_gmt":"2022-05-05T13:35:31","slug":"anandam-dancetheatre","status":"publish","type":"page","link":"https:\/\/m-a-i.qc.ca\/en\/anandam-dancetheatre\/","title":{"rendered":"\u0100nanda\u1e40 dancetheatre"},"content":{"rendered":"[vc_row css_animation=&#8221;fadeIn&#8221;][vc_column][vc_column_text]\n<h2 style=\"text-align: center;\">May 12 to 14, 2022<\/h2>\n[\/vc_column_text][\/vc_column][\/vc_row][vc_row css_animation=&#8221;fadeIn&#8221;][vc_column][vc_column_text]\n<h1 style=\"text-align: center;\"><span style=\"color: #294b3b;\">Ephemeral Artefacts: Travis Knights<\/span><\/h1>\n[\/vc_column_text][\/vc_column][\/vc_row][vc_row css_animation=&#8221;fadeIn&#8221;][vc_column][vc_single_image image=&#8221;10386&#8243; img_size=&#8221;full&#8221; add_caption=&#8221;yes&#8221; alignment=&#8221;center&#8221; style=&#8221;vc_box_rounded&#8221; css_animation=&#8221;fadeInUp&#8221;][\/vc_column][\/vc_row][vc_row full_width=&#8221;stretch_row&#8221; css_animation=&#8221;fadeIn&#8221; css=&#8221;.vc_custom_1629240370838{background-color: #bcd2cd !important;}&#8221;][vc_column width=&#8221;1\/4&#8243;][vc_column_text]\n<h2 style=\"text-align: right;\">TORONTO<\/h2>\n<h2 style=\"text-align: right;\">DANSE<\/h2>\n[\/vc_column_text][vc_column_text]\n<p style=\"text-align: right;\">May 12, 2022: 7:30 p.m.<\/p>\n<p style=\"text-align: right;\">May 13, 2022: 7:30 p.m.<\/p>\n<p style=\"text-align: right;\">May 14, 2022: 7:30 p.m.<\/p>\n[\/vc_column_text][\/vc_column][vc_column width=&#8221;3\/4&#8243;][vc_column_text]Confronting the idea that dance is inherently ephemeral, this work investigates the processes that give it tangibility: time, practice, and attention. At its heart, the piece examines the dancing body as a container of embodied knowledge, a site of transmission over time. <em><span style=\"color: #294b3b;\"><strong>Ephemeral Artifacts<\/strong><\/span><\/em> is a repertoire work of <span style=\"color: #294b3b;\"><strong>\u0100NANDA\u1e40<\/strong> <\/span>existing in multiple variations with diverse casts of artists. This edition features tap artist <span style=\"color: #294b3b;\"><strong>Travis Knights<\/strong><\/span> exploring the indelible connection of jazz and tap carried through divine Black bodies. Honouring lineages, bodies, and communities that have shaped the DaNcE over time through oral tradition, context, form, and relationship. A non-linear reflection on those we lost and a visceral act of re-membering them in a way that acknowledges the indelible marks they left behind. This work asks, as Knight\u2019s tap teacher Ethel Bruneau did, \u201cWhose shoulders are you standing on?\u201d<\/p>\n<p>\u0100NANDA\u1e40 Dancetheatre\u2019s work centres choreographic aesthetics constructed from a non-Eurocentric lens and is grounded in a rigorous approach to bodies, gaze, space and time.<\/p>\n<hr \/>\n<p><strong>For deaf and hard of hearing spectators<\/strong>, you can reserve a vibrotactile device for the performance. The use of a vibrotactile vest adds a new way of experiencing the rhythms of tap dance. Do you want to reserve a vest?<\/p>\n<h3>\u2192 <a href=\"https:\/\/m-a-i.qc.ca\/en\/public-plus\/utilisation-de-dispositifs-vibrotactiles\/\">Learn more<\/a><\/h3>\n<hr \/>\n<h2>Schedule<\/h2>\n<h3>Schedule for Thursday, May 12, 2022<\/h3>\n<ul>\n<li>6pm: Casual presentation of the tactiles devices to hearing audiences<\/li>\n<li>6:30 pm to 7:30 pm.: Reception of the public<\/li>\n<li>7:30 pm: show<\/li>\n<li>8:45 pm: End of the show and exit of the public<\/li>\n<\/ul>\n<h3>Schedule for Friday, May 13, 2022<\/h3>\n<ul>\n<li>6pm: Casual presentation of the tactiles devices to hearing audiences<\/li>\n<li>6:30 pm to 7:30 pm.: Reception of the public<\/li>\n<li>7:30 pm: show<\/li>\n<li>8:45 pm: End of the show<\/li>\n<li>8:50 pm to 9:15 pm.: Discussion with the artists<\/li>\n<li>End of the discussion and exit of the public: 9:15 pm<\/li>\n<\/ul>\n<p>*Two interpreters (LSQ and ASL) will be present during the talkback.<\/p>\n<h3>Schedule for Saturday May 14, 2022<\/h3>\n<p><em>Traditional presentation. Tactile devices are not available.<\/em><\/p>\n<hr \/>\n<p><span style=\"color: #294b3b;\">Credits: <\/span>Direction, Co Choreography, dramaturgy: Brandy Leary | Performance, composition co choreography: Travis Knights | Design LX: Siobh\u00e1n Sleath | Video editing: Robert Kingsbury | Sculptural design: Nithya Garg | Technician responsible for the vibrotactiles devices: David Bobier | Video editor: Eamon MacMahon | Stage Manager: Leah Gingerich.<\/p>\n<p>&nbsp;<\/p>\n[\/vc_column_text][vc_column_text]\n<p style=\"text-align: left;\">\u2192 <a href=\"https:\/\/www.facebook.com\/events\/995729854524490\">facebook event<\/a><\/p>\n<p style=\"text-align: left;\">\u2192 <a href=\"https:\/\/www.travisknights.com\/\">https:\/\/www.travisknights.com<\/a><\/p>\n<p style=\"text-align: left;\">\u2192 <a href=\"https:\/\/www.anandam.ca\">https:\/\/www.anandam.ca<\/a><\/p>\n[\/vc_column_text][\/vc_column][\/vc_row][vc_row content_placement=&#8221;middle&#8221;][vc_column][vc_column_text]<a href=\"https:\/\/www.anandam.ca\/\"><img loading=\"lazy\" decoding=\"async\" class=\"alignnone size-full wp-image-9551 aligncenter\" src=\"https:\/\/m-a-i.qc.ca\/wp-content\/uploads\/2021\/08\/ANANDAM-LOGO-BLK-03-1-1.png\" alt=\"\" width=\"198\" height=\"100\" \/><\/a>[\/vc_column_text][\/vc_column][\/vc_row][vc_row full_width=&#8221;stretch_row&#8221; content_placement=&#8221;middle&#8221; css_animation=&#8221;fadeIn&#8221; css=&#8221;.vc_custom_1629307720908{background-color: #294b3b !important;}&#8221;][vc_column][vc_column_text]\n<h1 style=\"text-align: center;\"><span style=\"color: #ffffff;\"><a style=\"color: #ffffff;\" href=\"https:\/\/m-a-i.tuxedobillet.com\/main\/ephemeral-artefacts-travis-knights\">buy a ticket<\/a><\/span><\/h1>\n<p style=\"text-align: center;\"><span style=\"color: #ffffff;\"><a style=\"color: #ffffff;\" href=\"https:\/\/m-a-i.qc.ca\/en\/boxoffice\/\">about the box office<\/a><\/span><\/p>\n[\/vc_column_text][\/vc_column][\/vc_row]\n","protected":false},"excerpt":{"rendered":"<p>[vc_row css_animation=&#8221;fadeIn&#8221;][vc_column][vc_column_text] May 12 to 14, 2022 [\/vc_column_text][\/vc_column][\/vc_row][vc_row css_animation=&#8221;fadeIn&#8221;][vc_column][vc_column_text] Ephemeral Artefacts: Travis Knights [\/vc_column_text][\/vc_column][\/vc_row][vc_row css_animation=&#8221;fadeIn&#8221;][vc_column][vc_single_image image=&#8221;10386&#8243; img_size=&#8221;full&#8221; add_caption=&#8221;yes&#8221; alignment=&#8221;center&#8221; style=&#8221;vc_box_rounded&#8221; css_animation=&#8221;fadeInUp&#8221;][\/vc_column][\/vc_row][vc_row full_width=&#8221;stretch_row&#8221; css_animation=&#8221;fadeIn&#8221; css=&#8221;.vc_custom_1629240370838{background-color: [&hellip;]<\/p>\n","protected":false},"author":4,"featured_media":0,"parent":0,"menu_order":0,"comment_status":"closed","ping_status":"closed","template":"","meta":{"footnotes":""},"class_list":["post-10087","page","type-page","status-publish","hentry"],"acf":[],"yoast_head":"<!-- This site is optimized with the Yoast SEO plugin v19.13 - https:\/\/yoast.com\/wordpress\/plugins\/seo\/ -->\n<title>\u0100NANDA\u1e40 Dancetheatre &mdash; MAI | Montr\u00e9al, arts interculturels<\/title>\n<meta name=\"robots\" content=\"index, follow, max-snippet:-1, max-image-preview:large, max-video-preview:-1\" \/>\n<link rel=\"canonical\" href=\"https:\/\/m-a-i.qc.ca\/en\/anandam-dancetheatre\/\" \/>\n<meta property=\"og:locale\" content=\"en_US\" \/>\n<meta property=\"og:type\" content=\"article\" \/>\n<meta property=\"og:title\" content=\"\u0100NANDA\u1e40 Dancetheatre &mdash; MAI | Montr\u00e9al, arts interculturels\" \/>\n<meta property=\"og:description\" content=\"[vc_row css_animation=&#8221;fadeIn&#8221;][vc_column][vc_column_text] May 12 to 14, 2022 [\/vc_column_text][\/vc_column][\/vc_row][vc_row css_animation=&#8221;fadeIn&#8221;][vc_column][vc_column_text] Ephemeral Artefacts: Travis Knights [\/vc_column_text][\/vc_column][\/vc_row][vc_row css_animation=&#8221;fadeIn&#8221;][vc_column][vc_single_image image=&#8221;10386&#8243; img_size=&#8221;full&#8221; add_caption=&#8221;yes&#8221; alignment=&#8221;center&#8221; style=&#8221;vc_box_rounded&#8221; css_animation=&#8221;fadeInUp&#8221;][\/vc_column][\/vc_row][vc_row full_width=&#8221;stretch_row&#8221; css_animation=&#8221;fadeIn&#8221; css=&#8221;.vc_custom_1629240370838{background-color: [&hellip;]\" \/>\n<meta property=\"og:url\" content=\"https:\/\/m-a-i.qc.ca\/en\/anandam-dancetheatre\/\" \/>\n<meta property=\"og:site_name\" content=\"MAI | Montr\u00e9al, arts interculturels\" \/>\n<meta property=\"article:publisher\" content=\"http:\/\/facebook.com\/mtlartsinter\" \/>\n<meta property=\"article:modified_time\" content=\"2022-05-05T13:35:31+00:00\" \/>\n<meta property=\"og:image\" content=\"https:\/\/m-a-i.qc.ca\/wp-content\/uploads\/2021\/08\/ANANDAM-LOGO-BLK-03-1-1.png\" \/>\n<meta name=\"twitter:card\" content=\"summary_large_image\" \/>\n<meta name=\"twitter:site\" content=\"@mtlartsinter\" \/>\n<meta name=\"twitter:label1\" content=\"Est. reading time\" \/>\n\t<meta name=\"twitter:data1\" content=\"3 minutes\" \/>\n<script type=\"application\/ld+json\" class=\"yoast-schema-graph\">{\"@context\":\"https:\/\/schema.org\",\"@graph\":[{\"@type\":\"WebPage\",\"@id\":\"https:\/\/m-a-i.qc.ca\/en\/anandam-dancetheatre\/\",\"url\":\"https:\/\/m-a-i.qc.ca\/en\/anandam-dancetheatre\/\",\"name\":\"\u0100NANDA\u1e40 Dancetheatre &mdash; MAI | Montr\u00e9al, arts interculturels\",\"isPartOf\":{\"@id\":\"https:\/\/www.m-a-i.qc.ca\/en\/#website\"},\"datePublished\":\"2021-08-19T01:47:10+00:00\",\"dateModified\":\"2022-05-05T13:35:31+00:00\",\"breadcrumb\":{\"@id\":\"https:\/\/m-a-i.qc.ca\/en\/anandam-dancetheatre\/#breadcrumb\"},\"inLanguage\":\"en-US\",\"potentialAction\":[{\"@type\":\"ReadAction\",\"target\":[\"https:\/\/m-a-i.qc.ca\/en\/anandam-dancetheatre\/\"]}]},{\"@type\":\"BreadcrumbList\",\"@id\":\"https:\/\/m-a-i.qc.ca\/en\/anandam-dancetheatre\/#breadcrumb\",\"itemListElement\":[{\"@type\":\"ListItem\",\"position\":1,\"name\":\"Accueil\",\"item\":\"https:\/\/m-a-i.qc.ca\/en\/\"},{\"@type\":\"ListItem\",\"position\":2,\"name\":\"\u0100nanda\u1e40 dancetheatre\"}]},{\"@type\":\"WebSite\",\"@id\":\"https:\/\/www.m-a-i.qc.ca\/en\/#website\",\"url\":\"https:\/\/www.m-a-i.qc.ca\/en\/\",\"name\":\"MAI | Montr\u00e9al, arts interculturels\",\"description\":\"La perle des arts interculturels au c\u0153ur de Montr\u00e9al. Arts visuels, th\u00e9\u00e2tre, danse, musique et arts interdisciplinaires. + de 40 \u00e9v\u00e8nements par an\",\"publisher\":{\"@id\":\"https:\/\/www.m-a-i.qc.ca\/en\/#organization\"},\"potentialAction\":[{\"@type\":\"SearchAction\",\"target\":{\"@type\":\"EntryPoint\",\"urlTemplate\":\"https:\/\/www.m-a-i.qc.ca\/en\/?s={search_term_string}\"},\"query-input\":\"required name=search_term_string\"}],\"inLanguage\":\"en-US\"},{\"@type\":\"Organization\",\"@id\":\"https:\/\/www.m-a-i.qc.ca\/en\/#organization\",\"name\":\"MAI (Montr\u00e9al, arts interculturels)\",\"url\":\"https:\/\/www.m-a-i.qc.ca\/en\/\",\"logo\":{\"@type\":\"ImageObject\",\"inLanguage\":\"en-US\",\"@id\":\"https:\/\/www.m-a-i.qc.ca\/en\/#\/schema\/logo\/image\/\",\"url\":\"https:\/\/m-a-i.qc.ca\/wp-content\/uploads\/2024\/02\/logo_mai_noir-1.png\",\"contentUrl\":\"https:\/\/m-a-i.qc.ca\/wp-content\/uploads\/2024\/02\/logo_mai_noir-1.png\",\"width\":1152,\"height\":1152,\"caption\":\"MAI (Montr\u00e9al, arts interculturels)\"},\"image\":{\"@id\":\"https:\/\/www.m-a-i.qc.ca\/en\/#\/schema\/logo\/image\/\"},\"sameAs\":[\"http:\/\/instagram.com\/mtlartsinter\",\"http:\/\/linkedin.com\/company\/mtlartsinter\",\"https:\/\/fr.wikipedia.org\/wiki\/Montral_arts_interculturels\",\"http:\/\/facebook.com\/mtlartsinter\",\"https:\/\/twitter.com\/mtlartsinter\"]}]}<\/script>\n<!-- \/ Yoast SEO plugin. -->","yoast_head_json":{"title":"\u0100NANDA\u1e40 Dancetheatre &mdash; MAI | Montr\u00e9al, arts interculturels","robots":{"index":"index","follow":"follow","max-snippet":"max-snippet:-1","max-image-preview":"max-image-preview:large","max-video-preview":"max-video-preview:-1"},"canonical":"https:\/\/m-a-i.qc.ca\/en\/anandam-dancetheatre\/","og_locale":"en_US","og_type":"article","og_title":"\u0100NANDA\u1e40 Dancetheatre &mdash; MAI | Montr\u00e9al, arts interculturels","og_description":"[vc_row css_animation=&#8221;fadeIn&#8221;][vc_column][vc_column_text] May 12 to 14, 2022 [\/vc_column_text][\/vc_column][\/vc_row][vc_row css_animation=&#8221;fadeIn&#8221;][vc_column][vc_column_text] Ephemeral Artefacts: Travis Knights [\/vc_column_text][\/vc_column][\/vc_row][vc_row css_animation=&#8221;fadeIn&#8221;][vc_column][vc_single_image image=&#8221;10386&#8243; img_size=&#8221;full&#8221; add_caption=&#8221;yes&#8221; alignment=&#8221;center&#8221; style=&#8221;vc_box_rounded&#8221; css_animation=&#8221;fadeInUp&#8221;][\/vc_column][\/vc_row][vc_row full_width=&#8221;stretch_row&#8221; css_animation=&#8221;fadeIn&#8221; css=&#8221;.vc_custom_1629240370838{background-color: [&hellip;]","og_url":"https:\/\/m-a-i.qc.ca\/en\/anandam-dancetheatre\/","og_site_name":"MAI | Montr\u00e9al, arts interculturels","article_publisher":"http:\/\/facebook.com\/mtlartsinter","article_modified_time":"2022-05-05T13:35:31+00:00","og_image":[{"url":"https:\/\/m-a-i.qc.ca\/wp-content\/uploads\/2021\/08\/ANANDAM-LOGO-BLK-03-1-1.png"}],"twitter_card":"summary_large_image","twitter_site":"@mtlartsinter","twitter_misc":{"Est. reading time":"3 minutes"},"schema":{"@context":"https:\/\/schema.org","@graph":[{"@type":"WebPage","@id":"https:\/\/m-a-i.qc.ca\/en\/anandam-dancetheatre\/","url":"https:\/\/m-a-i.qc.ca\/en\/anandam-dancetheatre\/","name":"\u0100NANDA\u1e40 Dancetheatre &mdash; MAI | Montr\u00e9al, arts interculturels","isPartOf":{"@id":"https:\/\/www.m-a-i.qc.ca\/en\/#website"},"datePublished":"2021-08-19T01:47:10+00:00","dateModified":"2022-05-05T13:35:31+00:00","breadcrumb":{"@id":"https:\/\/m-a-i.qc.ca\/en\/anandam-dancetheatre\/#breadcrumb"},"inLanguage":"en-US","potentialAction":[{"@type":"ReadAction","target":["https:\/\/m-a-i.qc.ca\/en\/anandam-dancetheatre\/"]}]},{"@type":"BreadcrumbList","@id":"https:\/\/m-a-i.qc.ca\/en\/anandam-dancetheatre\/#breadcrumb","itemListElement":[{"@type":"ListItem","position":1,"name":"Accueil","item":"https:\/\/m-a-i.qc.ca\/en\/"},{"@type":"ListItem","position":2,"name":"\u0100nanda\u1e40 dancetheatre"}]},{"@type":"WebSite","@id":"https:\/\/www.m-a-i.qc.ca\/en\/#website","url":"https:\/\/www.m-a-i.qc.ca\/en\/","name":"MAI | Montr\u00e9al, arts interculturels","description":"La perle des arts interculturels au c\u0153ur de Montr\u00e9al. Arts visuels, th\u00e9\u00e2tre, danse, musique et arts interdisciplinaires. + de 40 \u00e9v\u00e8nements par an","publisher":{"@id":"https:\/\/www.m-a-i.qc.ca\/en\/#organization"},"potentialAction":[{"@type":"SearchAction","target":{"@type":"EntryPoint","urlTemplate":"https:\/\/www.m-a-i.qc.ca\/en\/?s={search_term_string}"},"query-input":"required name=search_term_string"}],"inLanguage":"en-US"},{"@type":"Organization","@id":"https:\/\/www.m-a-i.qc.ca\/en\/#organization","name":"MAI (Montr\u00e9al, arts interculturels)","url":"https:\/\/www.m-a-i.qc.ca\/en\/","logo":{"@type":"ImageObject","inLanguage":"en-US","@id":"https:\/\/www.m-a-i.qc.ca\/en\/#\/schema\/logo\/image\/","url":"https:\/\/m-a-i.qc.ca\/wp-content\/uploads\/2024\/02\/logo_mai_noir-1.png","contentUrl":"https:\/\/m-a-i.qc.ca\/wp-content\/uploads\/2024\/02\/logo_mai_noir-1.png","width":1152,"height":1152,"caption":"MAI (Montr\u00e9al, arts interculturels)"},"image":{"@id":"https:\/\/www.m-a-i.qc.ca\/en\/#\/schema\/logo\/image\/"},"sameAs":["http:\/\/instagram.com\/mtlartsinter","http:\/\/linkedin.com\/company\/mtlartsinter","https:\/\/fr.wikipedia.org\/wiki\/Montral_arts_interculturels","http:\/\/facebook.com\/mtlartsinter","https:\/\/twitter.com\/mtlartsinter"]}]}},"_links":{"self":[{"href":"https:\/\/m-a-i.qc.ca\/en\/wp-json\/wp\/v2\/pages\/10087","targetHints":{"allow":["GET"]}}],"collection":[{"href":"https:\/\/m-a-i.qc.ca\/en\/wp-json\/wp\/v2\/pages"}],"about":[{"href":"https:\/\/m-a-i.qc.ca\/en\/wp-json\/wp\/v2\/types\/page"}],"author":[{"embeddable":true,"href":"https:\/\/m-a-i.qc.ca\/en\/wp-json\/wp\/v2\/users\/4"}],"replies":[{"embeddable":true,"href":"https:\/\/m-a-i.qc.ca\/en\/wp-json\/wp\/v2\/comments?post=10087"}],"version-history":[{"count":20,"href":"https:\/\/m-a-i.qc.ca\/en\/wp-json\/wp\/v2\/pages\/10087\/revisions"}],"predecessor-version":[{"id":12277,"href":"https:\/\/m-a-i.qc.ca\/en\/wp-json\/wp\/v2\/pages\/10087\/revisions\/12277"}],"wp:attachment":[{"href":"https:\/\/m-a-i.qc.ca\/en\/wp-json\/wp\/v2\/media?parent=10087"}],"curies":[{"name":"wp","href":"https:\/\/api.w.org\/{rel}","templated":true}]}}