{"id":10030,"date":"2021-08-18T19:39:13","date_gmt":"2021-08-18T23:39:13","guid":{"rendered":"https:\/\/m-a-i.qc.ca\/?page_id=10030"},"modified":"2021-11-17T16:32:32","modified_gmt":"2021-11-17T21:32:32","slug":"making-revolution","status":"publish","type":"page","link":"https:\/\/m-a-i.qc.ca\/en\/making-revolution\/","title":{"rendered":"making revolution: collective histories, desired futures"},"content":{"rendered":"[vc_row css_animation=&#8221;fadeIn&#8221;][vc_column][vc_column_text]\n<h2 style=\"text-align: center;\">November 11 to December 11, 2021<\/h2>\n[\/vc_column_text][\/vc_column][\/vc_row][vc_row css_animation=&#8221;fadeIn&#8221;][vc_column][vc_column_text]\n<h1 style=\"text-align: center;\"><span style=\"color: #003300;\">Basel Abbas &amp; Ruanne Abou-Rahme, Marwa Arsanios, Ali Cherri, Muhammad Shawky Hassan, Ali Kays, Mosireen, Raed Rafei &amp; Rania Rafei, Jayce Salloum, Sanaz Sohrabi<\/span><\/h1>\n[\/vc_column_text][\/vc_column][\/vc_row][vc_row css_animation=&#8221;fadeIn&#8221;][vc_column][vc_single_image image=&#8221;10035&#8243; img_size=&#8221;full&#8221; add_caption=&#8221;yes&#8221; alignment=&#8221;center&#8221; style=&#8221;vc_box_rounded&#8221; css_animation=&#8221;fadeInUp&#8221;][\/vc_column][\/vc_row][vc_row full_width=&#8221;stretch_row&#8221; css_animation=&#8221;fadeIn&#8221; css=&#8221;.vc_custom_1629240370838{background-color: #bcd2cd !important;}&#8221;][vc_column width=&#8221;1\/4&#8243;][vc_column_text]\n<h2 style=\"text-align: right;\">MONTREAL<\/h2>\n<h2 style=\"text-align: right;\">EXHIBITION<\/h2>\n<h2><\/h2>\n<p>&nbsp;<\/p>\n<h2 style=\"text-align: right;\"><span style=\"color: #003300;\"><strong><span style=\"font-size: 18pt;\">Vernissage<\/span><\/strong><\/span><\/h2>\n<p style=\"text-align: right;\"><span style=\"font-size: 14pt;\">November 11, from 5pm to 7pm<\/span><\/p>\n<p style=\"text-align: right;\"><span style=\"font-size: 12pt;\"><a href=\"https:\/\/www.facebook.com\/events\/640824734028248\/?ref=newsfeed\">More info<\/a><\/span><\/p>\n[\/vc_column_text][\/vc_column][vc_column width=&#8221;3\/4&#8243;][vc_column_text]<em><span style=\"color: #294b3b;\"><strong>Making Revolution<\/strong><\/span> <\/em>explores the forms of struggle and revolution in the Middle East and North Africa through video art and installation. This exhibition curated by<span style=\"color: #294b3b;\"><strong> Farah Atoui<\/strong><\/span> and <span style=\"color: #294b3b;\"><strong>Viviane Saglier<\/strong><\/span> revisits histories of uprisings through the production and circulation of images. While the 2011 upheavals are often considered a turning point in the region\u2019s political history, the six video works and three installations featured in Making Revolution engage with non-linear and\/or affective temporalities, earlier revolutions, and their political and poetic legacies. They foreground the corporeality of uprisings, thereby drawing attention to the embodiment of revolution through the medium of the moving image.<\/p>\n<p>This incisive and hopeful investigation seeks to convoke experiential imaginaries and understandings for the struggles and movements to come.<\/p>\n<hr \/>\n<p><span style=\"color: #003300;\">Selected works include:\u00a0 \u00ab At those terrifying frontiers where the existence and disappearance of people fade into each other \u00bb, Basel Abbas &amp; Ruanne Abou-Rahme, \u00ab Have You Ever Killed a Bear? Or Becoming Jamila \u00bb, Marwa Arsanios, \u00ab Pipe Dreams \u00bb, \u00a0Ali Cherri, \u00ab And on a Different Note \u00bb, Muhammad Shawky Hassan, \u00ab Nothing Matters \u00bb, Ali Kays, \u00ab Prayer of Fear \u00bb, Mosireen, \u00ab Prologue \u00bb, Raed Rafei &amp; Rania Rafei, \u00ab Untitled: everything and nothing \u00bb, Jayce Salloum, \u00ab Notes on Seeing Double \u00bb, Sanaz Sohrabi\u00a0<\/span>[\/vc_column_text]\n<p><a href=\"https:\/\/m-a-i.qc.ca\/wp-content\/uploads\/2021\/11\/Artwork-presented-in_-Making-Revolution_-Collective-Histories-Desired-Futures.pdf\">See the complete information of the presented works.<\/a><\/p>\n[vc_column_text]\u2192 <a href=\"https:\/\/www.facebook.com\/events\/4045095255599571\">facebook event<\/a>[\/vc_column_text][vc_separator][vc_column_text]\n<h1 class=\"title style-scope ytd-video-primary-info-renderer\"><a href=\"https:\/\/m-a-i.qc.ca\/en\/projection-de-films\/\"><span style=\"color: #003300;\"><strong><span style=\"font-size: 18pt;\">Film Screening<\/span><\/strong><\/span><\/a><\/h1>\n<p><span style=\"font-size: 14pt;\">November 13 at 7:30 pm<\/span><\/p>\n<ul>\n<li><span style=\"font-size: 14pt;\"><strong>The Dream\/Al-manam<br \/>\n<\/strong><em>Documentary, Mohamad Malas, Syria 1987, 45 min, Arabic with English Subtitles.<\/em><\/span><\/li>\n<li><span style=\"font-size: 14pt;\"><strong>On Akka\u2019s Shore<br \/>\n<\/strong><em>Umama Hamido, 2019, 60min, Arabic with English Subtitles.<\/em><\/span><\/li>\n<\/ul>\n[\/vc_column_text][vc_column_text]<span style=\"font-size: 12pt;\">\u2192 <a href=\"https:\/\/m-a-i.qc.ca\/en\/projection-de-films\/\"><strong>More details<\/strong><\/a><\/span><\/p>\n<p><span style=\"font-size: 12pt;\">\u2192 <\/span><a style=\"font-size: 12pt;\" href=\"https:\/\/m-a-i.tuxedobillet.com\/main\/projection\">Box office<\/a><span style=\"font-size: 12pt;\">: Free, reservation required.<\/span><\/p>\n<p><span style=\"font-size: 12pt;\">\u2192 <a href=\"https:\/\/fb.me\/e\/3KTtnRdtH\">facebook event<\/a><\/span>[\/vc_column_text][vc_separator][vc_column_text]\n<div>\n<h1><span style=\"font-size: 18pt; color: #003300;\"><b>Guided visits<\/b><\/span><\/h1>\n<p>&nbsp;<\/p>\n<\/div>\n<ul>\n<li><span style=\"font-size: 12pt;\"><strong>Visite guid\u00e9e en fran\u00e7ais, avec Lynn Kodeih<\/strong>:<em> Nov. 16, 4pm<\/em><\/span><\/li>\n<li><span style=\"font-size: 12pt;\"><strong>Guided tour in English, with Farah Atoui and Viviane Saglier<\/strong>: <em>Nov. 19, 3pm (SOLD OUT)<\/em><\/span><\/li>\n<li><span style=\"font-size: 12pt;\"><strong>Guided tour in English, with Farah Atoui and Viviane Saglier<\/strong>: <em>Nov. 25, 1:30pm (SOLD OUT)<\/em><\/span><\/li>\n<li><span style=\"font-size: 12pt;\"><strong>Guided tour in Arabic, with Razan AlSalah<\/strong>: <em>Dec. 3, 4pm<\/em><\/span><\/li>\n<\/ul>\n[\/vc_column_text][vc_column_text]<span style=\"font-size: 12pt;\">\u2192 <a href=\"https:\/\/m-a-i.tuxedobillet.com\/main\/visite-guidee\">Box office<\/a>: Free, reservation required.<\/span><\/p>\n<p><span style=\"font-size: 12pt;\">\u2192 <a href=\"https:\/\/fb.me\/e\/16LHpflmG\">facebook event<\/a><\/span>[\/vc_column_text][vc_separator][vc_column_text]\n<h1><a href=\"https:\/\/m-a-i.qc.ca\/en\/table-ronde\/\"><span style=\"color: #003300;\"><strong><span style=\"font-size: 18pt;\">Roundtable &#8211; Debating Images of Revolution\u00a0<\/span><\/strong><\/span><\/a><\/h1>\n<p><span style=\"font-size: 14pt;\">November 19th at 5pm<\/span><\/p>\n<p><span style=\"font-size: 12pt;\"><span style=\"font-weight: 400;\">Drawing from the works presented in<em> MAKING REVOLUTION<\/em> and the guest speakers&#8217; own research, writing, and artistic practices, this roundtable invites audience members to partake in a debate on the various modes of engaging revolutions through images.<\/span><\/span>[\/vc_column_text][vc_column_text]<span style=\"font-size: 12pt;\">\u2192 <strong><a href=\"https:\/\/m-a-i.qc.ca\/en\/table-ronde\/\">More details<\/a><\/strong><\/span><\/p>\n<p><span style=\"font-size: 12pt;\">\u2192 <a href=\"https:\/\/m-a-i.tuxedobillet.com\/main\/table-ronde\">Box office<\/a> : Free, reservation required.<\/span><\/p>\n<p><span style=\"font-size: 12pt;\">\u2192 <a href=\"https:\/\/fb.me\/e\/Rm86T3AO\">facebook event<\/a><\/span>[\/vc_column_text][\/vc_column][\/vc_row][vc_row full_width=&#8221;stretch_row&#8221; css_animation=&#8221;fadeIn&#8221;][vc_column][vc_column_text]\n<p style=\"text-align: center;\"><span style=\"font-size: 14pt;\">A co-presentation by <a href=\"https:\/\/www.videographe.org\/\">Vid\u00e9ographe<\/a>.<\/span><\/p>\n[\/vc_column_text][vc_column_text]<a href=\"https:\/\/www.videographe.org\/\"><img loading=\"lazy\" decoding=\"async\" class=\"size-full wp-image-1369 aligncenter\" src=\"https:\/\/m-a-i.qc.ca\/wp-content\/uploads\/2018\/08\/SIGN_NB100_RGB-e1534300501989.png\" alt=\"\" width=\"212\" height=\"35\" \/><\/a>[\/vc_column_text][\/vc_column][\/vc_row][vc_row full_width=&#8221;stretch_row&#8221; css_animation=&#8221;fadeIn&#8221; css=&#8221;.vc_custom_1629240961642{background-color: #294b3b !important;}&#8221;][vc_column][vc_column_text]\n<h2 style=\"text-align: center;\"><span style=\"color: #ffffff;\">Tuesday to Saturday from 12:00 p.m. to 6:00 p.m.<\/span><\/h2>\n<h1 style=\"text-align: center;\"><span style=\"color: #ffffff;\">FREE ADMISSION<\/span><\/h1>\n[\/vc_column_text][\/vc_column][\/vc_row]\n","protected":false},"excerpt":{"rendered":"<p>[vc_row css_animation=&#8221;fadeIn&#8221;][vc_column][vc_column_text] November 11 to December 11, 2021 [\/vc_column_text][\/vc_column][\/vc_row][vc_row css_animation=&#8221;fadeIn&#8221;][vc_column][vc_column_text] Basel Abbas &amp; Ruanne Abou-Rahme, Marwa Arsanios, Ali Cherri, Muhammad Shawky Hassan, Ali Kays, [&hellip;]<\/p>\n","protected":false},"author":9,"featured_media":0,"parent":0,"menu_order":0,"comment_status":"closed","ping_status":"closed","template":"","meta":{"footnotes":""},"class_list":["post-10030","page","type-page","status-publish","hentry"],"acf":[],"yoast_head":"<!-- This site is optimized with the Yoast SEO plugin v19.13 - https:\/\/yoast.com\/wordpress\/plugins\/seo\/ -->\n<title>Making Revolution: Collective Histories, Desired Futures &mdash; MAI | Montr\u00e9al, arts interculturels<\/title>\n<meta name=\"robots\" content=\"index, follow, max-snippet:-1, max-image-preview:large, max-video-preview:-1\" \/>\n<link rel=\"canonical\" href=\"https:\/\/m-a-i.qc.ca\/en\/making-revolution\/\" \/>\n<meta property=\"og:locale\" content=\"en_US\" \/>\n<meta property=\"og:type\" content=\"article\" \/>\n<meta property=\"og:title\" content=\"Making Revolution: Collective Histories, Desired Futures &mdash; MAI | Montr\u00e9al, arts interculturels\" \/>\n<meta property=\"og:description\" content=\"[vc_row css_animation=&#8221;fadeIn&#8221;][vc_column][vc_column_text] November 11 to December 11, 2021 [\/vc_column_text][\/vc_column][\/vc_row][vc_row css_animation=&#8221;fadeIn&#8221;][vc_column][vc_column_text] Basel Abbas &amp; Ruanne Abou-Rahme, Marwa Arsanios, Ali Cherri, Muhammad Shawky Hassan, Ali Kays, [&hellip;]\" \/>\n<meta property=\"og:url\" content=\"https:\/\/m-a-i.qc.ca\/en\/making-revolution\/\" \/>\n<meta property=\"og:site_name\" content=\"MAI | Montr\u00e9al, arts interculturels\" \/>\n<meta property=\"article:publisher\" content=\"http:\/\/facebook.com\/mtlartsinter\" \/>\n<meta property=\"article:modified_time\" content=\"2021-11-17T21:32:32+00:00\" \/>\n<meta property=\"og:image\" content=\"https:\/\/m-a-i.qc.ca\/wp-content\/uploads\/2018\/08\/SIGN_NB100_RGB-e1534300501989.png\" \/>\n<meta name=\"twitter:card\" content=\"summary_large_image\" \/>\n<meta name=\"twitter:site\" content=\"@mtlartsinter\" \/>\n<meta name=\"twitter:label1\" content=\"Est. reading time\" \/>\n\t<meta name=\"twitter:data1\" content=\"3 minutes\" \/>\n<script type=\"application\/ld+json\" class=\"yoast-schema-graph\">{\"@context\":\"https:\/\/schema.org\",\"@graph\":[{\"@type\":\"WebPage\",\"@id\":\"https:\/\/m-a-i.qc.ca\/en\/making-revolution\/\",\"url\":\"https:\/\/m-a-i.qc.ca\/en\/making-revolution\/\",\"name\":\"Making Revolution: Collective Histories, Desired Futures &mdash; MAI | Montr\u00e9al, arts interculturels\",\"isPartOf\":{\"@id\":\"https:\/\/www.m-a-i.qc.ca\/en\/#website\"},\"datePublished\":\"2021-08-18T23:39:13+00:00\",\"dateModified\":\"2021-11-17T21:32:32+00:00\",\"breadcrumb\":{\"@id\":\"https:\/\/m-a-i.qc.ca\/en\/making-revolution\/#breadcrumb\"},\"inLanguage\":\"en-US\",\"potentialAction\":[{\"@type\":\"ReadAction\",\"target\":[\"https:\/\/m-a-i.qc.ca\/en\/making-revolution\/\"]}]},{\"@type\":\"BreadcrumbList\",\"@id\":\"https:\/\/m-a-i.qc.ca\/en\/making-revolution\/#breadcrumb\",\"itemListElement\":[{\"@type\":\"ListItem\",\"position\":1,\"name\":\"Accueil\",\"item\":\"https:\/\/m-a-i.qc.ca\/en\/\"},{\"@type\":\"ListItem\",\"position\":2,\"name\":\"making revolution: collective histories, desired futures\"}]},{\"@type\":\"WebSite\",\"@id\":\"https:\/\/www.m-a-i.qc.ca\/en\/#website\",\"url\":\"https:\/\/www.m-a-i.qc.ca\/en\/\",\"name\":\"MAI | Montr\u00e9al, arts interculturels\",\"description\":\"La perle des arts interculturels au c\u0153ur de Montr\u00e9al. Arts visuels, th\u00e9\u00e2tre, danse, musique et arts interdisciplinaires. + de 40 \u00e9v\u00e8nements par an\",\"publisher\":{\"@id\":\"https:\/\/www.m-a-i.qc.ca\/en\/#organization\"},\"potentialAction\":[{\"@type\":\"SearchAction\",\"target\":{\"@type\":\"EntryPoint\",\"urlTemplate\":\"https:\/\/www.m-a-i.qc.ca\/en\/?s={search_term_string}\"},\"query-input\":\"required name=search_term_string\"}],\"inLanguage\":\"en-US\"},{\"@type\":\"Organization\",\"@id\":\"https:\/\/www.m-a-i.qc.ca\/en\/#organization\",\"name\":\"MAI (Montr\u00e9al, arts interculturels)\",\"url\":\"https:\/\/www.m-a-i.qc.ca\/en\/\",\"logo\":{\"@type\":\"ImageObject\",\"inLanguage\":\"en-US\",\"@id\":\"https:\/\/www.m-a-i.qc.ca\/en\/#\/schema\/logo\/image\/\",\"url\":\"https:\/\/m-a-i.qc.ca\/wp-content\/uploads\/2024\/02\/logo_mai_noir-1.png\",\"contentUrl\":\"https:\/\/m-a-i.qc.ca\/wp-content\/uploads\/2024\/02\/logo_mai_noir-1.png\",\"width\":1152,\"height\":1152,\"caption\":\"MAI (Montr\u00e9al, arts interculturels)\"},\"image\":{\"@id\":\"https:\/\/www.m-a-i.qc.ca\/en\/#\/schema\/logo\/image\/\"},\"sameAs\":[\"http:\/\/instagram.com\/mtlartsinter\",\"http:\/\/linkedin.com\/company\/mtlartsinter\",\"https:\/\/fr.wikipedia.org\/wiki\/Montral_arts_interculturels\",\"http:\/\/facebook.com\/mtlartsinter\",\"https:\/\/twitter.com\/mtlartsinter\"]}]}<\/script>\n<!-- \/ Yoast SEO plugin. -->","yoast_head_json":{"title":"Making Revolution: Collective Histories, Desired Futures &mdash; MAI | Montr\u00e9al, arts interculturels","robots":{"index":"index","follow":"follow","max-snippet":"max-snippet:-1","max-image-preview":"max-image-preview:large","max-video-preview":"max-video-preview:-1"},"canonical":"https:\/\/m-a-i.qc.ca\/en\/making-revolution\/","og_locale":"en_US","og_type":"article","og_title":"Making Revolution: Collective Histories, Desired Futures &mdash; MAI | Montr\u00e9al, arts interculturels","og_description":"[vc_row css_animation=&#8221;fadeIn&#8221;][vc_column][vc_column_text] November 11 to December 11, 2021 [\/vc_column_text][\/vc_column][\/vc_row][vc_row css_animation=&#8221;fadeIn&#8221;][vc_column][vc_column_text] Basel Abbas &amp; Ruanne Abou-Rahme, Marwa Arsanios, Ali Cherri, Muhammad Shawky Hassan, Ali Kays, [&hellip;]","og_url":"https:\/\/m-a-i.qc.ca\/en\/making-revolution\/","og_site_name":"MAI | Montr\u00e9al, arts interculturels","article_publisher":"http:\/\/facebook.com\/mtlartsinter","article_modified_time":"2021-11-17T21:32:32+00:00","og_image":[{"url":"https:\/\/m-a-i.qc.ca\/wp-content\/uploads\/2018\/08\/SIGN_NB100_RGB-e1534300501989.png"}],"twitter_card":"summary_large_image","twitter_site":"@mtlartsinter","twitter_misc":{"Est. reading time":"3 minutes"},"schema":{"@context":"https:\/\/schema.org","@graph":[{"@type":"WebPage","@id":"https:\/\/m-a-i.qc.ca\/en\/making-revolution\/","url":"https:\/\/m-a-i.qc.ca\/en\/making-revolution\/","name":"Making Revolution: Collective Histories, Desired Futures &mdash; MAI | Montr\u00e9al, arts interculturels","isPartOf":{"@id":"https:\/\/www.m-a-i.qc.ca\/en\/#website"},"datePublished":"2021-08-18T23:39:13+00:00","dateModified":"2021-11-17T21:32:32+00:00","breadcrumb":{"@id":"https:\/\/m-a-i.qc.ca\/en\/making-revolution\/#breadcrumb"},"inLanguage":"en-US","potentialAction":[{"@type":"ReadAction","target":["https:\/\/m-a-i.qc.ca\/en\/making-revolution\/"]}]},{"@type":"BreadcrumbList","@id":"https:\/\/m-a-i.qc.ca\/en\/making-revolution\/#breadcrumb","itemListElement":[{"@type":"ListItem","position":1,"name":"Accueil","item":"https:\/\/m-a-i.qc.ca\/en\/"},{"@type":"ListItem","position":2,"name":"making revolution: collective histories, desired futures"}]},{"@type":"WebSite","@id":"https:\/\/www.m-a-i.qc.ca\/en\/#website","url":"https:\/\/www.m-a-i.qc.ca\/en\/","name":"MAI | Montr\u00e9al, arts interculturels","description":"La perle des arts interculturels au c\u0153ur de Montr\u00e9al. Arts visuels, th\u00e9\u00e2tre, danse, musique et arts interdisciplinaires. + de 40 \u00e9v\u00e8nements par an","publisher":{"@id":"https:\/\/www.m-a-i.qc.ca\/en\/#organization"},"potentialAction":[{"@type":"SearchAction","target":{"@type":"EntryPoint","urlTemplate":"https:\/\/www.m-a-i.qc.ca\/en\/?s={search_term_string}"},"query-input":"required name=search_term_string"}],"inLanguage":"en-US"},{"@type":"Organization","@id":"https:\/\/www.m-a-i.qc.ca\/en\/#organization","name":"MAI (Montr\u00e9al, arts interculturels)","url":"https:\/\/www.m-a-i.qc.ca\/en\/","logo":{"@type":"ImageObject","inLanguage":"en-US","@id":"https:\/\/www.m-a-i.qc.ca\/en\/#\/schema\/logo\/image\/","url":"https:\/\/m-a-i.qc.ca\/wp-content\/uploads\/2024\/02\/logo_mai_noir-1.png","contentUrl":"https:\/\/m-a-i.qc.ca\/wp-content\/uploads\/2024\/02\/logo_mai_noir-1.png","width":1152,"height":1152,"caption":"MAI (Montr\u00e9al, arts interculturels)"},"image":{"@id":"https:\/\/www.m-a-i.qc.ca\/en\/#\/schema\/logo\/image\/"},"sameAs":["http:\/\/instagram.com\/mtlartsinter","http:\/\/linkedin.com\/company\/mtlartsinter","https:\/\/fr.wikipedia.org\/wiki\/Montral_arts_interculturels","http:\/\/facebook.com\/mtlartsinter","https:\/\/twitter.com\/mtlartsinter"]}]}},"_links":{"self":[{"href":"https:\/\/m-a-i.qc.ca\/en\/wp-json\/wp\/v2\/pages\/10030","targetHints":{"allow":["GET"]}}],"collection":[{"href":"https:\/\/m-a-i.qc.ca\/en\/wp-json\/wp\/v2\/pages"}],"about":[{"href":"https:\/\/m-a-i.qc.ca\/en\/wp-json\/wp\/v2\/types\/page"}],"author":[{"embeddable":true,"href":"https:\/\/m-a-i.qc.ca\/en\/wp-json\/wp\/v2\/users\/9"}],"replies":[{"embeddable":true,"href":"https:\/\/m-a-i.qc.ca\/en\/wp-json\/wp\/v2\/comments?post=10030"}],"version-history":[{"count":48,"href":"https:\/\/m-a-i.qc.ca\/en\/wp-json\/wp\/v2\/pages\/10030\/revisions"}],"predecessor-version":[{"id":11249,"href":"https:\/\/m-a-i.qc.ca\/en\/wp-json\/wp\/v2\/pages\/10030\/revisions\/11249"}],"wp:attachment":[{"href":"https:\/\/m-a-i.qc.ca\/en\/wp-json\/wp\/v2\/media?parent=10030"}],"curies":[{"name":"wp","href":"https:\/\/api.w.org\/{rel}","templated":true}]}}